{"id":8765,"date":"2021-12-10T12:20:10","date_gmt":"2021-12-10T11:20:10","guid":{"rendered":"https:\/\/www.dein-stellplatz.de\/zahlung-erfolgreich-2\/"},"modified":"2025-03-31T22:57:14","modified_gmt":"2025-03-31T20:57:14","slug":"aenderung-erfolgreich","status":"publish","type":"page","link":"https:\/\/www.dein-stellplatz.de\/pl\/aenderung-erfolgreich\/","title":{"rendered":"Zmiana zako\u0144czona sukcesem"},"content":{"rendered":"<p><\/p>\n<div style=\"text-align: center; font-family: 'Droid Sans', sans-serif;color: #3c3c3c;font-size: 20px;\">\n<span>Otrzymali\u015bmy Twoj\u0105 zmian\u0119 rezerwacji!<\/span><br \/><span>P\u0142atno\u015b\u0107 zosta\u0142a dokonana pomy\u015blnie.<\/span><br \/><span>Otrzymasz potwierdzenie zmiany rezerwacji e-mailem.<\/span><\/p>\n<p style=\"color:#126297;font-weight:bold;\"><strong>Prosz\u0119 sprawdzi\u0107 skrzynk\u0119 mailow\u0105.<\/strong><\/p>\n<p><a href=\"https:\/\/www.dein-stellplatz.de\/pl\/freunde-werben-bei-dein-stellplatz\/\"><img decoding=\"async\" class=\"size-full wp-image-15813\" src=\"https:\/\/www.dein-stellplatz.de\/wp-content\/uploads\/2024\/02\/Dein-Stellplatz-Parkowanie-Flughafen-Berlin-Polec-znajomemu-i-otrzymaj-kredyt.webp\" alt=\"\" width=\"420\" height=\"250\" srcset=\"https:\/\/www.dein-stellplatz.de\/wp-content\/uploads\/2024\/02\/Dein-Stellplatz-Parkowanie-Flughafen-Berlin-Polec-znajomemu-i-otrzymaj-kredyt.webp 420w, https:\/\/www.dein-stellplatz.de\/wp-content\/uploads\/2024\/02\/Dein-Stellplatz-Parkowanie-Flughafen-Berlin-Polec-znajomemu-i-otrzymaj-kredyt-300x179.webp 300w\" sizes=\"(max-width: 420px) 100vw, 420px\" \/><\/a><\/div>\n<style>\nh1 \n{\n  font-family: 'Droid Sans', sans-serif !important;\n  font-size: 45px !important;\n  margin: 0 !important;\n}\n<\/style>\n<p><\/p>","protected":false},"excerpt":{"rendered":"<p>Otrzymali\u015bmy Twoj\u0105 zmian\u0119 rezerwacji!P\u0142atno\u015b\u0107 zosta\u0142a dokonana pomy\u015blnie.Otrzymasz potwierdzenie zmiany rezerwacji e-mailem. Prosz\u0119 sprawdzi\u0107 skrzynk\u0119 mailow\u0105.<\/p>\n","protected":false},"author":1,"featured_media":0,"parent":0,"menu_order":117,"comment_status":"closed","ping_status":"closed","template":"","meta":{"footnotes":""},"_links":{"self":[{"href":"https:\/\/www.dein-stellplatz.de\/pl\/wp-json\/wp\/v2\/pages\/8765"}],"collection":[{"href":"https:\/\/www.dein-stellplatz.de\/pl\/wp-json\/wp\/v2\/pages"}],"about":[{"href":"https:\/\/www.dein-stellplatz.de\/pl\/wp-json\/wp\/v2\/types\/page"}],"author":[{"embeddable":true,"href":"https:\/\/www.dein-stellplatz.de\/pl\/wp-json\/wp\/v2\/users\/1"}],"replies":[{"embeddable":true,"href":"https:\/\/www.dein-stellplatz.de\/pl\/wp-json\/wp\/v2\/comments?post=8765"}],"version-history":[{"count":35,"href":"https:\/\/www.dein-stellplatz.de\/pl\/wp-json\/wp\/v2\/pages\/8765\/revisions"}],"predecessor-version":[{"id":18065,"href":"https:\/\/www.dein-stellplatz.de\/pl\/wp-json\/wp\/v2\/pages\/8765\/revisions\/18065"}],"wp:attachment":[{"href":"https:\/\/www.dein-stellplatz.de\/pl\/wp-json\/wp\/v2\/media?parent=8765"}],"curies":[{"name":"wp","href":"https:\/\/api.w.org\/{rel}","templated":true}]}}