{"id":8217,"date":"2021-10-22T14:39:12","date_gmt":"2021-10-22T12:39:12","guid":{"rendered":"https:\/\/www.dein-stellplatz.de\/?page_id=8217"},"modified":"2025-03-31T22:57:15","modified_gmt":"2025-03-31T20:57:15","slug":"abreiseinformationen-ber-valet-terminal1","status":"publish","type":"page","link":"https:\/\/www.dein-stellplatz.de\/pl\/abreiseinformationen-ber-valet-terminal1\/","title":{"rendered":"INFORMACJE DOTYCZ\u0104CE PRZYJAZDU  &#8211; Wyjazd &#8211; Valet Parking Terminal 1+2"},"content":{"rendered":"<!-- wp:paragraph --><!-- \/wp:paragraph -->\r\n\r\n<!-- wp:paragraph --><!-- \/wp:paragraph --><!-- \/wp:column --><!-- \/wp:columns -->\r\n\r\n<!-- wp:paragraph --><!-- \/wp:paragraph -->\r\n\r\n<!-- wp:paragraph --><!-- \/wp:paragraph -->\r\n\r\n<!-- wp:heading -->\r\n<h3 id=\"BER2\"><strong><span class=\"has-inline-color has-black-color\">VALET PARKING LOTNISKO BERLIN &#8211; L\u0104DOWANIE TERMINAL 1<\/span><\/strong>+2<\/h3>\r\n<!-- \/wp:heading -->\r\n\r\n<!-- wp:paragraph -->\r\n<p><strong><strong>Poinformujemy Ci\u0119 o wszystkim, co musisz wiedzie\u0107 o wyje\u017adzie, procedurze na miejscu, miejscu zbi\u00f3rki i na co powiniene\u015b zwr\u00f3ci\u0107 uwag\u0119!<\/strong><\/strong><\/p>\r\n<!-- \/wp:paragraph -->\r\n\r\n<!-- wp:paragraph -->\r\n<p><strong>Odbi\u00f3r samochodu bezpo\u015brednio na lotnisku BER Terminal 1+2:<\/strong><\/p>\r\n<!-- \/wp:paragraph -->\r\n\r\n<!-- wp:paragraph --><!-- \/wp:paragraph -->\r\n\r\n<!-- wp:paragraph -->\r\n<p>Kontakt z kierowc\u0105 wahad\u0142owca: +49 157 \u2013 713 21 861<br \/>Infolinia: +49 30 \u2013 66 40 40 99<br \/>Kontakt mailowy: <a href=\"mailto:info@dein-stellplatz.de\">info@dein-stellplatz.de<\/a><\/p>\r\n<!-- \/wp:paragraph -->\r\n\r\n<!-- wp:paragraph --><!-- \/wp:paragraph -->\r\n\r\n<!-- wp:paragraph --><!-- \/wp:paragraph -->\r\n\r\n<!-- wp:heading {\"level\":3} -->\r\n<p>&nbsp;<\/p>\r\n<!-- wp:heading {\"level\":3} -->\r\n<h3><strong>PUNKT ODBIORU Z LOTNISKA TERMINAL 1:<\/strong><\/h3>\r\n<!-- \/wp:heading -->\r\n\r\n<!-- wp:paragraph -->\r\n<p>Przywieziemy Tw\u00f3j samoch\u00f3d w to samo miejsce na lotnisku, z kt\u00f3rego odebrali\u015bmy go po w dniu przyjazdu.<\/p>\r\n<!-- \/wp:paragraph -->\r\n\r\n<!-- wp:paragraph -->\r\n<p><strong><strong>Miejsce spotkania Terminal 1:<\/strong><\/strong> <strong><strong>Parking kr\u00f3tkoterminowy Kiss &amp; Fly bezpo\u015brednio przed Terminalem 1 &#8211; poziom przylot\u00f3w.<\/strong><\/strong><\/p>\r\n<ul>\r\n<li><strong>Zg\u0142o\u015b gotowo\u015b\u0107 do odbioru za pomoc\u0105 aplikacji lub zadzwo\u0144 do kierowcy wahad\u0142owego<\/strong>, gdy b\u0119dziesz sta\u0142 przy <strong>karuzeli baga\u017cowej<\/strong><\/li>\r\n<li>Skontaktuj si\u0119 z kierowc\u0105 shuttle: +49 157 713 21 861<\/li>\r\n<li>Po wyl\u0105dowaniu przejd\u017a z baga\u017cem na <strong>parking kr\u00f3tkoterminowy Kiss &amp; Fly<\/strong> bezpo\u015brednio przed Terminalem 1 &#8211; poziom przylot\u00f3w.<\/li>\r\n<\/ul>\r\n<!-- \/wp:paragraph -->\r\n\r\n<!-- wp:paragraph -->\r\n<p>Tutaj mo\u017cesz zobaczy\u0107, jak wygl\u0105da nasz punkt spotka\u0144 na lotnisku BER Terminal 1:<\/p>\r\n<!-- \/wp:paragraph -->\r\n\r\n<!-- wp:image {\"width\":768,\"height\":576} -->\r\n<figure class=\"wp-block-image is-resized\"><img decoding=\"async\" src=\"https:\/\/www.dein-stellplatz.de\/wp-content\/uploads\/2021\/03\/IMG_9470-1024x768.jpg\" alt=\"Dein Stellplatz - Treffpunkt am Flughafen Berlin BER Terminal 1 - Ankunftsebene -\" width=\"768\" height=\"576\" \/>\r\n<figcaption>Dein Stellplatz &#8211; punkt spotkania na lotnisku Berlin BER Terminal 1 &#8211; poziom przylot\u00f3w \u2013<\/figcaption>\r\n<\/figure>\r\n<!-- \/wp:image -->\r\n\r\n<!-- wp:paragraph -->\r\n<p>&nbsp;<\/p>\r\n<p>Skorzystaj z wyszukiwarki GoogleMaps, kt\u00f3ra zaprowadzi Ci\u0119 bezpo\u015brednio do naszego punktu spotka\u0144 na Lotnisko BER <strong>Terminal 1<\/strong>:<\/p>\r\n<!-- \/wp:paragraph -->\r\n\r\n<!-- wp:html -->\r\n<p><iframe style=\"border: 0;\" src=\"https:\/\/www.google.com\/maps\/embed?pb=!1m18!1m12!1m3!1d609.0851221627564!2d13.509924557748024!3d52.36424582913531!2m3!1f0!2f0!3f0!3m2!1i1024!2i768!4f13.1!3m3!1m2!1s0x47a847b04e09043b%3A0x96c2481dd78d234c!2sKurzzeitparkplatz!5e0!3m2!1sde!2sde!4v1616162842775!5m2!1sde!2sde\" width=\"500\" height=\"400\" allowfullscreen=\"allowfullscreen\"><\/iframe><\/p>\r\n<!-- \/wp:html -->\r\n<p>&nbsp;<\/p>\r\n<h3><strong>OG\u00d3LNE INFORMACJE<\/strong><\/h3>\r\n<p><strong><!-- \/wp:heading -->\r\n\r\n<!-- wp:paragraph --><\/strong><\/p>\r\n<p>Aby\u015b m\u00f3g\u0142 wr\u00f3ci\u0107 wypocz\u0119ty, przygotowali\u015bmy dla Ciebie zestawienie najwa\u017cniejszych informacji.<\/p>\r\n<p><strong><!-- \/wp:paragraph -->\r\n\r\n<!-- wp:paragraph --><\/strong><\/p>\r\n<p>Prosimy o sprawdzenie, czy czas i numer lotu w podr\u00f3\u017cy powrotnej jest nadal aktualny. Je\u015bli nie, mo\u017cesz wygodnie odpowiedzie\u0107 nam poprzez e-mail, a my dostosujemy Tw\u00f3j odbi\u00f3r.<\/p>\r\n<p><strong><!-- \/wp:paragraph -->\r\n\r\n<!-- wp:paragraph --><\/strong><\/p>\r\n<p>Zmiany w czasie l\u0105dowania s\u0105 sygnalizowane numerem lotu na wy\u015bwietlaczu statusu lotniska.<\/p>\r\n<p><strong><!-- \/wp:paragraph -->\r\n\r\n<!-- wp:paragraph --><\/strong><\/p>\r\n<p><strong>W przypadku zmian z kr\u00f3tkim wyprzedzeniem, w przypadku odwo\u0142ania lotu lub zmiany rezerwacji lotu, prosimy o kontakt z kierowc\u0105 z odpowiednim wyprzedzeniem na numer telefonu kom\u00f3rkowego podany w e-mailu wyjazdowym.<\/strong><\/p>\r\n<p><strong><!-- \/wp:paragraph --><\/strong><\/p>\r\n<p>&nbsp;<\/p>\r\n<div class=\"wp-block-columns\">\r\n<div class=\"wp-block-column\" style=\"flex-basis: 100%;\">\r\n<h3><strong>PO L\u0104DOWANIU<\/strong><\/h3>\r\n<!-- \/wp:heading -->\r\n\r\n<!-- wp:list {\"ordered\":true,\"type\":\"1\"} -->\r\n<ol type=\"1\">\r\n<li>Prosimy o w\u0142\u0105czenie telefonu kom\u00f3rkowego zaraz po wyl\u0105dowaniu, aby\u015bmy mogli si\u0119 z Pa\u0144stwem skontaktowa\u0107 w razie jakichkolwiek pyta\u0144.<\/li>\r\n<li>Aby proces przebiega\u0142 sprawnie, nale\u017cy zadzwoni\u0107 pod numer telefonu kom\u00f3rkowego autobusu wahad\u0142owego, gdy tylko stan\u0105 Pa\u0144stwo przy karuzeli baga\u017cowej. Je\u015bli podr\u00f3\u017cujesz bez baga\u017cu, zadzwo\u0144 natychmiast po wyl\u0105dowaniu.<\/li>\r\n<li>Po <strong>przybyciu na miejsce spotkania<\/strong>, poszukaj swojego samochodu. Je\u015bli nie zauwa\u017cysz go od razu, <strong>zadzwo\u0144 do swojego kierowcy na znany Ci numer telefonu kom\u00f3rkowego<\/strong>, aby\u015bcie mogli si\u0119 szybko odnale\u017a\u0107.<\/li>\r\n<\/ol>\r\n<!-- \/wp:list --><\/div>\r\n<!-- \/wp:column --><\/div>\r\n<p><strong><!-- \/wp:columns --><\/strong><\/p>\r\n<!-- wp:heading {\"level\":3} --><!-- \/wp:paragraph -->\r\n\r\n<!-- wp:paragraph -->\r\n<p>&nbsp;<\/p>\r\n<!-- \/wp:paragraph -->","protected":false},"excerpt":{"rendered":"<p>VALET PARKING LOTNISKO BERLIN &#8211; L\u0104DOWANIE TERMINAL 1+2 Poinformujemy Ci\u0119 o wszystkim, co musisz wiedzie\u0107 o wyje\u017adzie, procedurze na miejscu, miejscu zbi\u00f3rki i na co powiniene\u015b zwr\u00f3ci\u0107 uwag\u0119! Odbi\u00f3r samochodu bezpo\u015brednio na lotnisku BER Terminal 1+2: Kontakt z kierowc\u0105 wahad\u0142owca: +49 157 \u2013 713 21 861Infolinia: +49 30 \u2013 66 40 40 99Kontakt mailowy: info@dein-stellplatz.de [&hellip;]<\/p>\n","protected":false},"author":1,"featured_media":6155,"parent":0,"menu_order":183,"comment_status":"closed","ping_status":"closed","template":"","meta":{"footnotes":""},"_links":{"self":[{"href":"https:\/\/www.dein-stellplatz.de\/pl\/wp-json\/wp\/v2\/pages\/8217"}],"collection":[{"href":"https:\/\/www.dein-stellplatz.de\/pl\/wp-json\/wp\/v2\/pages"}],"about":[{"href":"https:\/\/www.dein-stellplatz.de\/pl\/wp-json\/wp\/v2\/types\/page"}],"author":[{"embeddable":true,"href":"https:\/\/www.dein-stellplatz.de\/pl\/wp-json\/wp\/v2\/users\/1"}],"replies":[{"embeddable":true,"href":"https:\/\/www.dein-stellplatz.de\/pl\/wp-json\/wp\/v2\/comments?post=8217"}],"version-history":[{"count":17,"href":"https:\/\/www.dein-stellplatz.de\/pl\/wp-json\/wp\/v2\/pages\/8217\/revisions"}],"predecessor-version":[{"id":12924,"href":"https:\/\/www.dein-stellplatz.de\/pl\/wp-json\/wp\/v2\/pages\/8217\/revisions\/12924"}],"wp:featuredmedia":[{"embeddable":true,"href":"https:\/\/www.dein-stellplatz.de\/pl\/wp-json\/wp\/v2\/media\/6155"}],"wp:attachment":[{"href":"https:\/\/www.dein-stellplatz.de\/pl\/wp-json\/wp\/v2\/media?parent=8217"}],"curies":[{"name":"wp","href":"https:\/\/api.w.org\/{rel}","templated":true}]}}