{"id":8215,"date":"2021-10-22T14:39:10","date_gmt":"2021-10-22T12:39:10","guid":{"rendered":"https:\/\/www.dein-stellplatz.de\/?page_id=8215"},"modified":"2025-03-31T22:57:15","modified_gmt":"2025-03-31T20:57:15","slug":"abreiseinformationen-ber-p1-terminal5","status":"publish","type":"page","link":"https:\/\/www.dein-stellplatz.de\/pl\/abreiseinformationen-ber-p1-terminal5\/","title":{"rendered":"INFORMACJE DOTYCZ\u0104CE PRZYJAZDU  &#8211; Wyjazd &#8211; Terminal 5"},"content":{"rendered":"<!-- wp:paragraph --><!-- \/wp:paragraph -->\r\n\r\n<!-- wp:paragraph --><!-- \/wp:paragraph --><!-- \/wp:column --><!-- \/wp:columns -->\r\n\r\n<!-- wp:paragraph --><!-- \/wp:paragraph -->\r\n\r\n<!-- wp:paragraph --><!-- \/wp:paragraph --><!-- \/wp:group --><!-- \/wp:column --><!-- \/wp:columns -->\r\n\r\n<!-- wp:paragraph --><!-- \/wp:paragraph -->\r\n\r\n<!-- wp:paragraph --><!-- \/wp:paragraph -->\r\n<p><strong><strong>Poinformujemy Ci\u0119 o wszystkim, co musisz wiedzie\u0107 o wyje\u017adzie, procedurze na miejscu, miejscu zbi\u00f3rki i na co powiniene\u015b zwr\u00f3ci\u0107 uwag\u0119!<\/strong><\/strong><\/p>\r\n<div class=\"wp-block-columns\">\r\n<div class=\"wp-block-column\" style=\"flex-basis: 100%;\"><!-- \/wp:paragraph -->\r\n\r\n<!-- wp:paragraph -->\r\n<p>Kontakt z kierowc\u0105 wahad\u0142owca: +49 157 \u2013 713 21 861<br \/>Infolinia: +49 30 \u2013 66 40 40 99<br \/>Kontakt mailowy: <a href=\"mailto:info@dein-stellplatz.de\">info@dein-stellplatz.de<\/a><\/p>\r\n<!-- \/wp:paragraph --><\/div>\r\n<!-- \/wp:column --><\/div>\r\n<!-- \/wp:columns -->\r\n\r\n<!-- wp:heading {\"level\":3} -->\r\n<p>&nbsp;<\/p>\r\n<h3><strong>OG\u00d3LNE INFORMACJE<\/strong><\/h3>\r\n<!-- \/wp:heading -->\r\n\r\n<!-- wp:paragraph -->\r\n<p>Aby\u015b m\u00f3g\u0142 wr\u00f3ci\u0107 wypocz\u0119ty, przygotowali\u015bmy dla Ciebie zestawienie najwa\u017cniejszych informacji.<\/p>\r\n<!-- \/wp:paragraph -->\r\n\r\n<!-- wp:paragraph -->\r\n<p>Prosimy o sprawdzenie, czy czas i numer lotu w podr\u00f3\u017cy powrotnej jest nadal aktualny. Je\u015bli nie, mo\u017cesz wygodnie odpowiedzie\u0107 nam poprzez e-mail, a my dostosujemy Tw\u00f3j odbi\u00f3r.<\/p>\r\n<!-- \/wp:paragraph -->\r\n\r\n<!-- wp:paragraph -->\r\n<p>Zmiany w czasie l\u0105dowania s\u0105 sygnalizowane numerem lotu na wy\u015bwietlaczu statusu lotniska.<\/p>\r\n<!-- \/wp:paragraph -->\r\n\r\n<!-- wp:paragraph -->\r\n<p><strong>W przypadku zmian z kr\u00f3tkim wyprzedzeniem, w przypadku odwo\u0142ania lotu lub zmiany rezerwacji lotu, prosimy o kontakt z kierowc\u0105 z odpowiednim wyprzedzeniem na numer telefonu kom\u00f3rkowego podany w e-mailu wyjazdowym.<\/strong><\/p>\r\n<!-- \/wp:paragraph -->\r\n<p>&nbsp;<\/p>\r\n<h3><strong><strong>PO L\u0104DOWANIU<\/strong><\/strong><\/h3>\r\n<div class=\"wp-block-columns\">\r\n<div class=\"wp-block-column\" style=\"flex-basis: 100%;\"><!-- \/wp:heading -->\r\n\r\n<!-- wp:list {\"ordered\":true,\"type\":\"1\"} -->\r\n<ol type=\"1\">\r\n<li>Prosimy o w\u0142\u0105czenie telefonu kom\u00f3rkowego zaraz po wyl\u0105dowaniu, aby\u015bmy mogli si\u0119 z Pa\u0144stwem skontaktowa\u0107 w razie jakichkolwiek pyta\u0144.<\/li>\r\n<\/ol>\r\n<!-- \/wp:list -->\r\n\r\n<!-- wp:list {\"ordered\":true,\"type\":\"1\",\"start\":2} -->\r\n<ol start=\"2\" type=\"1\">\r\n<li>Po odebraniu baga\u017cy z karuzeli baga\u017cowej, prosimy uda\u0107 si\u0119 do miejsca spotkania, sk\u0105d odbierze Pa\u0144stwa nasz autobus wahad\u0142owy.<\/li>\r\n<\/ol>\r\n<!-- \/wp:list -->\r\n\r\n<!-- wp:list {\"ordered\":true,\"type\":\"1\",\"start\":3} -->\r\n<ol start=\"3\" type=\"1\">\r\n<li><strong>Po przybyciu na miejsce spotkania<\/strong>, poszukaj naszego autobusu. Je\u015bli nie widzisz busa, <strong>zadzwo\u0144 do kierowcy pod podany numer telefonu kom\u00f3rkowego<\/strong>. Odbi\u00f3r zostanie zorganizowany natychmiast.<\/li>\r\n<\/ol>\r\n<!-- \/wp:list -->\r\n\r\n<!-- wp:list {\"ordered\":true,\"type\":\"1\",\"start\":4} -->\r\n<ol start=\"4\" type=\"1\">\r\n<li>Po przybyciu do autobusu, powiedz kierowcy swoje imi\u0119, on znajdzie Ci\u0119 na swojej li\u015bcie i zostaniesz zawieziony na parking.<\/li>\r\n<\/ol>\r\n<!-- \/wp:list --><\/div>\r\n<!-- \/wp:column --><\/div>\r\n<!-- \/wp:columns -->\r\n<p>&nbsp;<\/p>\r\n<!-- wp:heading {\"level\":3} -->\r\n<h3><strong>PUNKT ODBIORU Z LOTNISKA TERMINAL 5<\/strong><\/h3>\r\n<!-- \/wp:heading -->\r\n\r\n<!-- wp:paragraph -->\r\n<p>Odbierzemy Ci\u0119 z lotniska w tym samym miejscu, w kt\u00f3rym zosta\u0142e\u015b wysadzony w dniu przyjazdu.<\/p>\r\n<!-- \/wp:paragraph -->\r\n\r\n<!-- wp:paragraph -->\r\n<p><strong><strong>Miejsce spotkania Terminal 5:<\/strong><\/strong> <strong><strong><strong>Parking kr\u00f3tkoterminowy P52 bezpo\u015brednio przed Terminal 5<\/strong><\/strong><\/strong><\/p>\r\n<!-- \/wp:paragraph -->\r\n\r\n<!-- wp:paragraph -->\r\n<p>Tutaj mo\u017cesz zobaczy\u0107, jak wygl\u0105da nasz punkt spotka\u0144 na lotnisku BER Terminal 5:<\/p>\r\n<!-- \/wp:paragraph -->\r\n<p>&nbsp;<\/p>\r\n<!-- wp:image {\"width\":768,\"height\":545} -->\r\n<figure class=\"wp-block-image is-resized\"><img decoding=\"async\" src=\"https:\/\/www.dein-stellplatz.de\/wp-content\/uploads\/2021\/03\/Dein-Stellplatz-Parken-am-Flughafen-Berlin-BER-Terminal-5-Treffpunkt-Kurzzeitparkplatz-P52-1024x727.jpg\" alt=\"Dein Stellplatz - Parken am Flughafen Berlin BER Terminal 5 - Treffpunkt Kurzzeitparkplatz P52\" width=\"768\" height=\"545\" \/>\r\n<figcaption>Dein Stellplatz &#8211; Parking przy lotnisku Berlin BER Terminal 5 &#8211; Punkt spotka\u0144 parking kr\u00f3tkoterminowy P52<\/figcaption>\r\n<\/figure>\r\n<!-- \/wp:image -->\r\n\r\n<!-- wp:paragraph -->\r\n<p>Skorzystaj z wyszukiwarki GoogleMaps, kt\u00f3ra zaprowadzi Ci\u0119 bezpo\u015brednio do naszego punktu spotka\u0144 na <strong>Terminal 5<\/strong> lotniska w Berlinie:<\/p>\r\n<!-- \/wp:paragraph -->\r\n\r\n<!-- wp:html -->\r\n<p><iframe style=\"border: 0;\" src=\"https:\/\/www.google.com\/maps\/embed?pb=!1m18!1m12!1m3!1d2434.9463958772812!2d13.516066366331188!3d52.38952205364228!2m3!1f0!2f0!3f0!3m2!1i1024!2i768!4f13.1!3m3!1m2!1s0x47a846fb45c1aacb%3A0x6a29dbefdb52dc93!2sKurzzeit%20Parkplatz%20P52%2C%2012529%20Sch%C3%B6nefeld!5e0!3m2!1sde!2sde!4v1615996236496!5m2!1sde!2sde\" width=\"500\" height=\"400\" allowfullscreen=\"allowfullscreen\"><\/iframe><\/p>\r\n<!-- \/wp:html -->\r\n<p>&nbsp;<\/p>\r\n<div class=\"wp-block-columns\">\r\n<div class=\"wp-block-column\" style=\"flex-basis: 100%;\">\r\n<h3><strong>DALSZE INFORMACJE<\/strong><\/h3>\r\n<!-- \/wp:heading -->\r\n\r\n<!-- wp:paragraph -->\r\n<p><strong><strong>P\u0142atno\u015b\u0107 na miejscu:<\/strong><\/strong><br \/>Prosimy pami\u0119ta\u0107, \u017ce w dniu wyjazdu mo\u017cliwa jest tylko p\u0142atno\u015b\u0107 got\u00f3wk\u0105!<\/p>\r\n<!-- \/wp:paragraph -->\r\n\r\n<!-- wp:paragraph -->\r\n<p><strong><strong>Obowi\u0105zek maski:<\/strong><\/strong><\/p>\r\n<p>Zgodnie\u00a0z obowi\u0105zuj\u0105cymi przepisami na terenie obiektu oraz w autobusie obowi\u0105zuje maska.<\/p>\r\n<!-- \/wp:paragraph --><\/div>\r\n<!-- \/wp:column --><\/div>\r\n<!-- \/wp:columns -->\r\n<p>&nbsp;<\/p>\r\n<!-- wp:paragraph -->\r\n<p>&nbsp;<\/p>\r\n<!-- \/wp:paragraph -->","protected":false},"excerpt":{"rendered":"<p>Poinformujemy Ci\u0119 o wszystkim, co musisz wiedzie\u0107 o wyje\u017adzie, procedurze na miejscu, miejscu zbi\u00f3rki i na co powiniene\u015b zwr\u00f3ci\u0107 uwag\u0119! Kontakt z kierowc\u0105 wahad\u0142owca: +49 157 \u2013 713 21 861Infolinia: +49 30 \u2013 66 40 40 99Kontakt mailowy: info@dein-stellplatz.de &nbsp; OG\u00d3LNE INFORMACJE Aby\u015b m\u00f3g\u0142 wr\u00f3ci\u0107 wypocz\u0119ty, przygotowali\u015bmy dla Ciebie zestawienie najwa\u017cniejszych informacji. Prosimy o sprawdzenie, [&hellip;]<\/p>\n","protected":false},"author":1,"featured_media":6155,"parent":0,"menu_order":181,"comment_status":"closed","ping_status":"closed","template":"","meta":{"footnotes":""},"_links":{"self":[{"href":"https:\/\/www.dein-stellplatz.de\/pl\/wp-json\/wp\/v2\/pages\/8215"}],"collection":[{"href":"https:\/\/www.dein-stellplatz.de\/pl\/wp-json\/wp\/v2\/pages"}],"about":[{"href":"https:\/\/www.dein-stellplatz.de\/pl\/wp-json\/wp\/v2\/types\/page"}],"author":[{"embeddable":true,"href":"https:\/\/www.dein-stellplatz.de\/pl\/wp-json\/wp\/v2\/users\/1"}],"replies":[{"embeddable":true,"href":"https:\/\/www.dein-stellplatz.de\/pl\/wp-json\/wp\/v2\/comments?post=8215"}],"version-history":[{"count":13,"href":"https:\/\/www.dein-stellplatz.de\/pl\/wp-json\/wp\/v2\/pages\/8215\/revisions"}],"predecessor-version":[{"id":14114,"href":"https:\/\/www.dein-stellplatz.de\/pl\/wp-json\/wp\/v2\/pages\/8215\/revisions\/14114"}],"wp:featuredmedia":[{"embeddable":true,"href":"https:\/\/www.dein-stellplatz.de\/pl\/wp-json\/wp\/v2\/media\/6155"}],"wp:attachment":[{"href":"https:\/\/www.dein-stellplatz.de\/pl\/wp-json\/wp\/v2\/media?parent=8215"}],"curies":[{"name":"wp","href":"https:\/\/api.w.org\/{rel}","templated":true}]}}