{"id":7740,"date":"2021-10-22T14:39:43","date_gmt":"2021-10-22T12:39:43","guid":{"rendered":"https:\/\/www.dein-stellplatz.de\/?page_id=7740"},"modified":"2025-03-31T22:57:16","modified_gmt":"2025-03-31T20:57:16","slug":"anreiseinformationen-ber-valet-terminal5","status":"publish","type":"page","link":"https:\/\/www.dein-stellplatz.de\/pl\/anreiseinformationen-ber-valet-terminal5\/","title":{"rendered":"INFORMACJE DOTYCZ\u0104CE PRZYJAZDU &#8211; Valet Parking Terminal 5"},"content":{"rendered":"<!-- wp:paragraph --><!-- \/wp:paragraph -->\r\n\r\n<!-- wp:paragraph --><!-- \/wp:paragraph -->\r\n\r\n<!-- wp:paragraph --><!-- \/wp:paragraph --><!-- \/wp:column --><!-- \/wp:columns --><!-- \/wp:column --><!-- \/wp:columns --><!-- \/wp:column --><!-- \/wp:columns -->\r\n\r\n<!-- wp:paragraph --><!-- \/wp:paragraph -->\r\n\r\n<!-- wp:paragraph --><!-- \/wp:paragraph --><!-- \/wp:column --><!-- \/wp:columns -->\r\n\r\n<!-- wp:paragraph --><!-- \/wp:paragraph -->\r\n\r\n<!-- wp:paragraph -->\r\n<p><strong>Poinformujemy Ci\u0119 o wszystkim, co musisz wiedzie\u0107 o swojej podr\u00f3\u017cy, procedurach na miejscu i na co powiniene\u015b zwr\u00f3ci\u0107 uwag\u0119!<\/strong><\/p>\r\n<h3>Valet Parking Lotnisko Berlin &#8211; Terminal odlot\u00f3w 5<\/h3>\r\n<!-- \/wp:paragraph -->\r\n\r\n<!-- wp:paragraph --><!-- \/wp:paragraph -->\r\n\r\n<!-- wp:heading {\"level\":3,\"className\":\"anchor\"} --><!-- \/wp:heading -->\r\n\r\n<!-- wp:paragraph -->\r\n<p><strong><strong>Dojazd bezpo\u015brednio do lotniska w Berlinie Terminal 5!<\/strong><\/strong><\/p>\r\n<!-- \/wp:paragraph -->\r\n\r\n<!-- wp:paragraph --><!-- \/wp:paragraph -->\r\n\r\n<!-- wp:paragraph -->\r\n<p>Adres: <a href=\"https:\/\/www.google.com\/maps\/place\/Kurzzeit+Parkplatz+P52,+12529+Sch%C3%B6nefeld\/@52.3895221,13.5160664,17z\/data=!3m1!4b1!4m5!3m4!1s0x47a846fb45c1aacb:0x6a29dbefdb52dc93!8m2!3d52.3895676!4d13.5182317\" target=\"_blank\" rel=\"noreferrer noopener\">Kurzzeit Parkplatz P52, Flughafen, Sch\u00f6nefeld<\/a><br \/>Kontakt z kierowc\u0105 wahad\u0142owym: +49 157 \u2013 713 21 861<br \/>Obs\u0142uga: +49 30 \u2013 66 40 40 99<br \/>Kontakt mailowy: info@dein-stellplatz.de<\/p>\r\n<!-- \/wp:paragraph -->\r\n\r\n<!-- wp:paragraph --><!-- \/wp:paragraph -->\r\n\r\n<!-- wp:paragraph --><!-- \/wp:paragraph -->\r\n\r\n<!-- wp:paragraph --><!-- \/wp:paragraph -->\r\n\r\n<!-- wp:paragraph --><!-- \/wp:paragraph -->\r\n\r\n<!-- wp:heading {\"level\":3} -->\r\n<p>&nbsp;<\/p>\r\n<h3><strong>Informacje dotycz\u0105ce przyjazdu<\/strong><\/h3>\r\n<!-- \/wp:heading -->\r\n\r\n<!-- wp:paragraph -->\r\n<p>Przekazanie samochodu odbywa si\u0119 na <strong>parkingu kr\u00f3tkoterminowym P52 bezpo\u015brednio przed Terminalem 5.<\/strong><\/p>\r\n<!-- \/wp:paragraph -->\r\n\r\n<!-- wp:paragraph -->\r\n<p>Z autostrady A113 zjed\u017a zjazdem 7-Sch\u00f6nefeld S\u00fcd, jed\u017a drog\u0105 L751, Am Seegraben\/B96a i Waltersdorfer Chaussee do lotniska Sch\u00f6nefeld. Aby wszystko przebieg\u0142o bez problem\u00f3w, nale\u017cy <strong>zadzwoni\u0107 na numer telefonu kom\u00f3rkowego od kierowcy ok. 20 minut przed przyjazdem<\/strong> na lotnisko.<\/p>\r\n<!-- \/wp:paragraph -->\r\n\r\n<!-- wp:paragraph --><!-- \/wp:paragraph -->\r\n\r\n<!-- wp:paragraph -->\r\n<p>Skorzystaj z wyszukiwarki GoogleMaps, kt\u00f3ra zaprowadzi Ci\u0119 bezpo\u015brednio do naszego punktu spotka\u0144 na <strong>Terminal 5<\/strong> lotniska w Berlinie:<\/p>\r\n<p><iframe style=\"border: 0;\" src=\"https:\/\/www.google.com\/maps\/embed?pb=!1m18!1m12!1m3!1d2434.9463958772812!2d13.516066366331188!3d52.38952205364228!2m3!1f0!2f0!3f0!3m2!1i1024!2i768!4f13.1!3m3!1m2!1s0x47a846fb45c1aacb%3A0x6a29dbefdb52dc93!2sKurzzeit%20Parkplatz%20P52%2C%2012529%20Sch%C3%B6nefeld!5e0!3m2!1sde!2sde!4v1615996236496!5m2!1sde!2sde\" width=\"500\" height=\"400\" allowfullscreen=\"allowfullscreen\"><\/iframe><\/p>\r\n<!-- \/wp:html -->\r\n\r\n<!-- wp:paragraph --><!-- \/wp:paragraph -->\r\n\r\n<!-- wp:heading {\"level\":3} -->\r\n<p>&nbsp;<\/p>\r\n<h3>Po przybyciu na lotnisko<\/h3>\r\n<!-- \/wp:heading -->\r\n\r\n<!-- wp:paragraph -->\r\n<p>Nasz pracownik spotka si\u0119 z tob\u0105 na lotnisku Berlin BER na parkingu kr\u00f3tkoterminowym. Zadzwo\u0144 do niego ponownie, je\u015bli nie mo\u017cesz go znale\u017a\u0107 od razu. On z przyjemno\u015bci\u0105 Ci pomo\u017ce.<\/p>\r\n<!-- \/wp:paragraph -->\r\n\r\n<!-- wp:paragraph -->\r\n<p>Dla wzajemnego bezpiecze\u0144stwa zostanie wsp\u00f3lnie opracowany protok\u00f3\u0142 przekazania. Nast\u0119pnie nasz pracownik zaparkuje samoch\u00f3d w zarezerwowanym miejscu.<\/p>\r\n<!-- \/wp:paragraph -->\r\n\r\n<!-- wp:paragraph --><!-- \/wp:paragraph --><!-- \/wp:columns -->\r\n\r\n<!-- wp:paragraph -->\r\n<p>Tutaj mo\u017cesz zobaczy\u0107, jak wygl\u0105da nasz punkt spotka\u0144 na Terminalu 5 lotniska w Berlinie:<\/p>\r\n<!-- \/wp:paragraph -->\r\n\r\n<!-- wp:image {\"align\":\"center\",\"id\":6868,\"width\":768,\"height\":545,\"sizeSlug\":\"large\",\"linkDestination\":\"none\"} -->\r\n<div class=\"wp-block-image\">\r\n<figure class=\"aligncenter size-large is-resized\"><img decoding=\"async\" class=\"wp-image-6868\" src=\"https:\/\/www.dein-stellplatz.de\/wp-content\/uploads\/2021\/03\/Dein-Stellplatz-Parken-am-Flughafen-Berlin-BER-Terminal-5-Treffpunkt-Kurzzeitparkplatz-P52-1024x727.jpg\" alt=\"Dein Stellplatz - Parken am Flughafen Berlin BER Terminal 5 - Treffpunkt Kurzzeitparkplatz P52\" width=\"768\" height=\"545\" srcset=\"https:\/\/www.dein-stellplatz.de\/wp-content\/uploads\/2021\/03\/Dein-Stellplatz-Parken-am-Flughafen-Berlin-BER-Terminal-5-Treffpunkt-Kurzzeitparkplatz-P52-1024x727.jpg 1024w, https:\/\/www.dein-stellplatz.de\/wp-content\/uploads\/2021\/03\/Dein-Stellplatz-Parken-am-Flughafen-Berlin-BER-Terminal-5-Treffpunkt-Kurzzeitparkplatz-P52-300x213.jpg 300w, https:\/\/www.dein-stellplatz.de\/wp-content\/uploads\/2021\/03\/Dein-Stellplatz-Parken-am-Flughafen-Berlin-BER-Terminal-5-Treffpunkt-Kurzzeitparkplatz-P52-768x545.jpg 768w, https:\/\/www.dein-stellplatz.de\/wp-content\/uploads\/2021\/03\/Dein-Stellplatz-Parken-am-Flughafen-Berlin-BER-Terminal-5-Treffpunkt-Kurzzeitparkplatz-P52-1536x1090.jpg 1536w, https:\/\/www.dein-stellplatz.de\/wp-content\/uploads\/2021\/03\/Dein-Stellplatz-Parken-am-Flughafen-Berlin-BER-Terminal-5-Treffpunkt-Kurzzeitparkplatz-P52.jpg 1747w\" sizes=\"(max-width: 768px) 100vw, 768px\" \/>\r\n<figcaption>Dein-Stellplatz &#8211; Parking przy lotnisku Berlin BER Terminal 5 &#8211; Miejsce spotka\u0144 Parking kr\u00f3tkoterminowy P52<\/figcaption>\r\n<\/figure>\r\n<\/div>\r\n<!-- \/wp:image -->\r\n\r\n<!-- wp:paragraph {\"align\":\"left\"} --><!-- \/wp:paragraph -->\r\n<p>&nbsp;<\/p>\r\n<div class=\"wp-block-columns\">\r\n<div class=\"wp-block-column\" style=\"flex-basis: 100%;\">\r\n<h3>Dalsze informacje<\/h3>\r\n<!-- \/wp:heading -->\r\n\r\n<!-- wp:paragraph -->\r\n<p><strong><strong>Przybycie na czas<\/strong>:<br \/><\/strong>Podana przez Klienta godzina przyjazdu na lotnisko jest wi\u0105\u017c\u0105ca! W tym czasie planujemy przekazanie samochodu. W ka\u017cdym przypadku prosimy o kontakt telefoniczny na numer telefonu kom\u00f3rkowego i poinformowanie o swoim przybyciu, aby nasz pracownik m\u00f3g\u0142 by\u0107 gotowy na przybycie. Prosimy o odpowiednio wcze\u015bniejsze zg\u0142aszanie sp\u00f3\u017anie\u0144, w przeciwnym razie nie mo\u017cemy zagwarantowa\u0107 sprawnego przekazania samochodu. W przypadku op\u00f3\u017anienia zwracamy uwag\u0119 na nasze Og\u00f3lne Warunki Handlowe!<\/p>\r\n<!-- \/wp:paragraph -->\r\n\r\n<!-- wp:paragraph -->\r\n<p><strong><strong>Zatory i ruch uliczny:<\/strong><\/strong><\/p>\r\n<p>UWAGA: W zwi\u0105zku z wieloma pracami budowlanymi na ulicach w Berlinie nale\u017cy spodziewa\u0107 si\u0119 zak\u0142\u00f3ce\u0144 w ruchu drogowym. <br \/>Tutaj mo\u017cna znale\u017a\u0107 najnowsze informacje o ruchu drogowym: <a href=\"https:\/\/viz.berlin.de\/\" target=\"_blank\" rel=\"noreferrer noopener\">https:\/\/viz.berlin.de\/<\/a><\/p>\r\n<p><strong>Payment on<strong>P\u0142atno\u015b\u0107 na miejscu: <br \/><\/strong><\/strong>Prosimy pami\u0119ta\u0107, \u017ce w dniu przyjazdu mo\u017cliwa jest tylko p\u0142atno\u015b\u0107 got\u00f3wk\u0105 w \u20ac!<\/p>\r\n<!-- \/wp:paragraph -->\r\n\r\n<!-- wp:paragraph -->\r\n<p>&nbsp;<\/p>\r\n<\/div>\r\n<\/div>\r\n<p><!-- \/wp:paragraph --><\/p>","protected":false},"excerpt":{"rendered":"<p>Poinformujemy Ci\u0119 o wszystkim, co musisz wiedzie\u0107 o swojej podr\u00f3\u017cy, procedurach na miejscu i na co powiniene\u015b zwr\u00f3ci\u0107 uwag\u0119! Valet Parking Lotnisko Berlin &#8211; Terminal odlot\u00f3w 5 Dojazd bezpo\u015brednio do lotniska w Berlinie Terminal 5! Adres: Kurzzeit Parkplatz P52, Flughafen, Sch\u00f6nefeldKontakt z kierowc\u0105 wahad\u0142owym: +49 157 \u2013 713 21 861Obs\u0142uga: +49 30 \u2013 66 40 [&hellip;]<\/p>\n","protected":false},"author":1,"featured_media":6155,"parent":0,"menu_order":202,"comment_status":"closed","ping_status":"closed","template":"","meta":{"footnotes":""},"_links":{"self":[{"href":"https:\/\/www.dein-stellplatz.de\/pl\/wp-json\/wp\/v2\/pages\/7740"}],"collection":[{"href":"https:\/\/www.dein-stellplatz.de\/pl\/wp-json\/wp\/v2\/pages"}],"about":[{"href":"https:\/\/www.dein-stellplatz.de\/pl\/wp-json\/wp\/v2\/types\/page"}],"author":[{"embeddable":true,"href":"https:\/\/www.dein-stellplatz.de\/pl\/wp-json\/wp\/v2\/users\/1"}],"replies":[{"embeddable":true,"href":"https:\/\/www.dein-stellplatz.de\/pl\/wp-json\/wp\/v2\/comments?post=7740"}],"version-history":[{"count":18,"href":"https:\/\/www.dein-stellplatz.de\/pl\/wp-json\/wp\/v2\/pages\/7740\/revisions"}],"predecessor-version":[{"id":10220,"href":"https:\/\/www.dein-stellplatz.de\/pl\/wp-json\/wp\/v2\/pages\/7740\/revisions\/10220"}],"wp:featuredmedia":[{"embeddable":true,"href":"https:\/\/www.dein-stellplatz.de\/pl\/wp-json\/wp\/v2\/media\/6155"}],"wp:attachment":[{"href":"https:\/\/www.dein-stellplatz.de\/pl\/wp-json\/wp\/v2\/media?parent=7740"}],"curies":[{"name":"wp","href":"https:\/\/api.w.org\/{rel}","templated":true}]}}