{"id":7738,"date":"2021-10-22T14:39:41","date_gmt":"2021-10-22T12:39:41","guid":{"rendered":"https:\/\/www.dein-stellplatz.de\/?page_id=7738"},"modified":"2025-12-10T15:57:21","modified_gmt":"2025-12-10T14:57:21","slug":"anreiseinformationen-ber-valet-terminal1","status":"publish","type":"page","link":"https:\/\/www.dein-stellplatz.de\/pl\/anreiseinformationen-ber-valet-terminal1\/","title":{"rendered":"INFORMACJE DOTYCZ\u0104CE PRZYJAZDU &#8211; Valet Parking Terminal 1+2"},"content":{"rendered":"<!-- wp:paragraph --><!-- \/wp:paragraph -->\r\n\r\n<!-- wp:paragraph --><!-- \/wp:paragraph --><!-- \/wp:columns --><!-- \/wp:column --><!-- \/wp:columns --><!-- \/wp:column --><!-- \/wp:columns -->\r\n\r\n<!-- wp:paragraph --><!-- \/wp:paragraph -->\r\n\r\n<!-- wp:paragraph --><!-- \/wp:paragraph --><!-- \/wp:column --><!-- \/wp:columns -->\r\n\r\n<!-- wp:paragraph -->\r\n<p><strong>Poinformujemy Ci\u0119 o wszystkim, co musisz wiedzie\u0107 o swojej podr\u00f3\u017cy, procedurach na miejscu i na co powiniene\u015b zwr\u00f3ci\u0107 uwag\u0119!<\/strong><\/p>\r\n<h3>Valet Parking Lotnisko Berlin &#8211; Terminal odlot\u00f3w 1+2<\/h3>\r\n<!-- \/wp:paragraph -->\r\n\r\n<!-- wp:paragraph --><!-- \/wp:paragraph -->\r\n\r\n<!-- wp:heading {\"level\":3,\"className\":\"anchor\"} --><!-- \/wp:heading -->\r\n\r\n<!-- wp:paragraph -->\r\n<p><strong><strong>Dojazd bezpo\u015brednio do lotniska w Berlinie Terminal 1+2!<\/strong><\/strong><\/p>\r\n<!-- \/wp:paragraph -->\r\n\r\n<!-- wp:paragraph --><!-- \/wp:paragraph -->\r\n\r\n<!-- wp:paragraph -->\r\n<p>Adres: <a href=\"https:\/\/www.google.com\/maps\/place\/52%C2%B021'52.8%22N+13%C2%B030'37.2%22E\/@52.3646566,13.5092397,18z\/data=!3m1!4b1!4m6!3m5!1s0x0:0x0!7e2!8m2!3d52.364655!4d13.5103337\" target=\"_blank\" rel=\"noreferrer noopener\">Melli-Beese-Ring, 12529 Sch\u00f6nefeld<\/a><br \/>Kontakt z kierowc\u0105 wahad\u0142owym:: +49 157 &#8211; 713 21 861<br \/>Obs\u0142uga: +49 30 &#8211; 66 40 40 99<br \/>Kontakt mailowy: info@dein-stellplatz.de<\/p>\r\n<!-- \/wp:paragraph -->\r\n\r\n<!-- wp:paragraph --><!-- \/wp:paragraph -->\r\n\r\n<!-- wp:paragraph --><!-- \/wp:paragraph -->\r\n\r\n<!-- wp:paragraph --><!-- \/wp:paragraph -->\r\n\r\n<!-- wp:paragraph --><!-- \/wp:paragraph -->\r\n\r\n<!-- wp:heading {\"level\":3} -->\r\n<p>&nbsp;<\/p>\r\n<h3><strong>Informacje dotycz\u0105ce przyjazdu<\/strong><\/h3>\r\n<!-- \/wp:heading -->\r\n\r\n<!-- wp:paragraph -->\r\n<p>Przekazanie samochodu odbywa si\u0119 na<strong> parkingu kr\u00f3tkoterminowym Kiss &amp; Fly bezpo\u015brednio przed Terminalem 1 &#8211; poziom przylot\u00f3w.<\/strong><\/p>\r\n<!-- \/wp:paragraph -->\r\n\r\n<!-- wp:paragraph -->\r\n<p>Dojazd z autostrady A113, zjazd 8-Flughafen Berlin Brandenburg, nast\u0119pnie Sch\u00f6nfelder Allee do Melli-Beese-Ring. Na miejscu kieruj si\u0119 znakami do Terminal 1-2, a nast\u0119pnie do Terminala 1+2 Ankunft\/Arrivals. <br \/>Aby wszystko przebieg\u0142o bez problem\u00f3w, nale\u017cy <strong>zadzwoni\u0107 na numer telefonu kom\u00f3rkowego od kierowcy ok. 30 minut przed przyjazdem<\/strong> na lotnisko.<\/p>\r\n<!-- \/wp:paragraph -->\r\n\r\n<!-- wp:paragraph --><!-- \/wp:paragraph -->\r\n\r\n<!-- wp:paragraph -->\r\n<p>Skorzystaj z wyszukiwarki GoogleMaps, kt\u00f3ra zaprowadzi Ci\u0119 bezpo\u015brednio do naszego punktu spotka\u0144 na <strong>Terminal 1<\/strong>+2 lotniska w Berlinie:<\/p>\r\n<p><iframe style=\"border: 0;\" src=\"https:\/\/www.google.com\/maps\/embed?pb=!1m18!1m12!1m3!1d609.0851221627564!2d13.509924557748024!3d52.36424582913531!2m3!1f0!2f0!3f0!3m2!1i1024!2i768!4f13.1!3m3!1m2!1s0x47a847b04e09043b%3A0x96c2481dd78d234c!2sKurzzeitparkplatz!5e0!3m2!1sde!2sde!4v1616162842775!5m2!1sde!2sde\" width=\"500\" height=\"400\" allowfullscreen=\"allowfullscreen\"><\/iframe><\/p>\r\n<!-- \/wp:html -->\r\n\r\n<!-- wp:heading {\"level\":3} -->\r\n<p>&nbsp;<\/p>\r\n<h3>Po przybyciu na lotnisko<\/h3>\r\n<!-- \/wp:heading -->\r\n\r\n<!-- wp:paragraph -->\r\n<p>Nasz pracownik spotka si\u0119 z tob\u0105 na lotnisku Berlin BER na parkingu kr\u00f3tkoterminowym. Zadzwo\u0144 do niego ponownie, je\u015bli nie mo\u017cesz go znale\u017a\u0107 od razu. On z przyjemno\u015bci\u0105 Ci pomo\u017ce.<\/p>\r\n<!-- \/wp:paragraph -->\r\n\r\n<!-- wp:paragraph -->\r\n<p>Dla wzajemnego bezpiecze\u0144stwa zostanie wsp\u00f3lnie opracowany protok\u00f3\u0142 przekazania. Nast\u0119pnie nasz pracownik zaparkuje samoch\u00f3d w zarezerwowanym miejscu.<\/p>\r\n<!-- \/wp:paragraph -->\r\n\r\n<!-- wp:paragraph --><!-- \/wp:paragraph --><!-- \/wp:columns -->\r\n\r\n<!-- wp:paragraph -->\r\n<p>Tutaj mo\u017cesz zobaczy\u0107, jak wygl\u0105da nasz punkt spotka\u0144 na Terminalu 1 lotniska w Berlinie:<\/p>\r\n<!-- \/wp:paragraph -->\r\n\r\n<!-- wp:paragraph --><!-- \/wp:paragraph -->\r\n<p><img decoding=\"async\" class=\"wp-image-6867\" src=\"https:\/\/www.dein-stellplatz.de\/wp-content\/uploads\/2021\/03\/IMG_9470-1024x768.jpg\" alt=\"Dein Stellplatz - Treffpunkt am Flughafen Berlin BER Terminal 1 - Ankunftsebene -\" width=\"768\" height=\"576\" \/><\/p>\r\n<div class=\"wp-block-image\">\r\n<figure class=\"aligncenter size-large is-resized\">\r\n<figcaption>Dein Stellplatz &#8211; Miejsce spotkania na lotnisku Berlin BER Terminal 1 &#8211; strefa przylot\u00f3w.<\/figcaption>\r\n<\/figure>\r\n<\/div>\r\n<!-- \/wp:image -->\r\n<p>&nbsp;<\/p>\r\n<h3>Dalsze informacje<\/h3>\r\n<div class=\"wp-block-columns\">\r\n<div class=\"wp-block-column\" style=\"flex-basis: 100%;\"><!-- \/wp:heading -->\r\n\r\n<!-- wp:paragraph -->\r\n<p><strong><strong>Przybycie na czas<\/strong>:<br \/><\/strong>Podana przez Klienta godzina przyjazdu na lotnisko jest wi\u0105\u017c\u0105ca! W tym czasie planujemy przekazanie samochodu. W ka\u017cdym przypadku prosimy o kontakt telefoniczny na numer telefonu kom\u00f3rkowego i poinformowanie o swoim przybyciu, aby nasz pracownik m\u00f3g\u0142 by\u0107 gotowy na przybycie. Prosimy o odpowiednio wcze\u015bniejsze zg\u0142aszanie sp\u00f3\u017anie\u0144, w przeciwnym razie nie mo\u017cemy zagwarantowa\u0107 sprawnego przekazania samochodu. W przypadku op\u00f3\u017anienia zwracamy uwag\u0119 na nasze Og\u00f3lne Warunki Handlowe!<\/p>\r\n<!-- \/wp:paragraph -->\r\n\r\n<!-- wp:paragraph -->\r\n<p><strong><strong>Zatory i ruch uliczny:<br \/><\/strong><\/strong>UWAGA: W zwi\u0105zku z wieloma pracami budowlanymi na ulicach w Berlinie nale\u017cy spodziewa\u0107 si\u0119 zak\u0142\u00f3ce\u0144 w ruchu drogowym. Tutaj mo\u017cna znale\u017a\u0107 najnowsze informacje o ruchu drogowym: <a href=\"https:\/\/viz.berlin.de\/\" target=\"_blank\" rel=\"noreferrer noopener\">https:\/\/viz.berlin.de\/<\/a><\/p>\r\n<!-- \/wp:paragraph -->\r\n\r\n<!-- wp:paragraph -->\r\n<p><strong>Payment on<strong>P\u0142atno\u015b\u0107 na miejscu:<br \/><\/strong><\/strong>Prosimy pami\u0119ta\u0107, \u017ce w dniu przyjazdu mo\u017cliwa jest tylko p\u0142atno\u015b\u0107 got\u00f3wk\u0105 w \u20ac!<\/p>\r\n<!-- \/wp:paragraph --><\/div>\r\n<!-- \/wp:column --><\/div>\r\n<!-- \/wp:columns -->\r\n<p><!-- \/wp:columns --><\/p>\r\n<p><!-- wp:paragraph --><\/p>\r\n<p>&nbsp;<\/p>\r\n<p><!-- \/wp:paragraph --><\/p>","protected":false},"excerpt":{"rendered":"<p>Poinformujemy Ci\u0119 o wszystkim, co musisz wiedzie\u0107 o swojej podr\u00f3\u017cy, procedurach na miejscu i na co powiniene\u015b zwr\u00f3ci\u0107 uwag\u0119! Valet Parking Lotnisko Berlin &#8211; Terminal odlot\u00f3w 1+2 Dojazd bezpo\u015brednio do lotniska w Berlinie Terminal 1+2! Adres: Melli-Beese-Ring, 12529 Sch\u00f6nefeldKontakt z kierowc\u0105 wahad\u0142owym:: +49 157 &#8211; 713 21 861Obs\u0142uga: +49 30 &#8211; 66 40 40 99Kontakt [&hellip;]<\/p>\n","protected":false},"author":1,"featured_media":6155,"parent":0,"menu_order":200,"comment_status":"closed","ping_status":"closed","template":"","meta":{"footnotes":""},"_links":{"self":[{"href":"https:\/\/www.dein-stellplatz.de\/pl\/wp-json\/wp\/v2\/pages\/7738"}],"collection":[{"href":"https:\/\/www.dein-stellplatz.de\/pl\/wp-json\/wp\/v2\/pages"}],"about":[{"href":"https:\/\/www.dein-stellplatz.de\/pl\/wp-json\/wp\/v2\/types\/page"}],"author":[{"embeddable":true,"href":"https:\/\/www.dein-stellplatz.de\/pl\/wp-json\/wp\/v2\/users\/1"}],"replies":[{"embeddable":true,"href":"https:\/\/www.dein-stellplatz.de\/pl\/wp-json\/wp\/v2\/comments?post=7738"}],"version-history":[{"count":22,"href":"https:\/\/www.dein-stellplatz.de\/pl\/wp-json\/wp\/v2\/pages\/7738\/revisions"}],"predecessor-version":[{"id":22299,"href":"https:\/\/www.dein-stellplatz.de\/pl\/wp-json\/wp\/v2\/pages\/7738\/revisions\/22299"}],"wp:featuredmedia":[{"embeddable":true,"href":"https:\/\/www.dein-stellplatz.de\/pl\/wp-json\/wp\/v2\/media\/6155"}],"wp:attachment":[{"href":"https:\/\/www.dein-stellplatz.de\/pl\/wp-json\/wp\/v2\/media?parent=7738"}],"curies":[{"name":"wp","href":"https:\/\/api.w.org\/{rel}","templated":true}]}}