{"id":7737,"date":"2021-10-22T14:39:45","date_gmt":"2021-10-22T12:39:45","guid":{"rendered":"https:\/\/www.dein-stellplatz.de\/?page_id=7737"},"modified":"2025-03-31T22:57:15","modified_gmt":"2025-03-31T20:57:15","slug":"anreiseinformationen-ber-p2","status":"publish","type":"page","link":"https:\/\/www.dein-stellplatz.de\/pl\/anreiseinformationen-ber-p2\/","title":{"rendered":"INFORMACJE DOTYCZ\u0104CE PRZYJAZDU &#8211; Parking P2"},"content":{"rendered":"<p><span style=\"color: #ff0000;\"><strong>Poinformujemy Ci\u0119 o wszystkim, co musisz wiedzie\u0107 o swojej podr\u00f3\u017cy, procedurach na miejscu i na co powiniene\u015b zwr\u00f3ci\u0107 uwag\u0119!<\/strong><\/span><\/p>\r\n<!-- \/wp:paragraph -->\r\n\r\n<!-- wp:heading {\"level\":3} -->\r\n<h3>PARKING DLA LOTNSIKA BERLIN BRANDENBURG BER<\/h3>\r\n<!-- \/wp:heading -->\r\n\r\n<!-- wp:paragraph -->\r\n<p>Adres: <a href=\"https:\/\/www.google.com\/maps\/place\/Dein+Stellplatz+-+Parkplatz+2+Flughafen+Berlin+Brandenburg+BER\/@52.3752275,13.5625858,17z\/data=!3m1!4b1!4m5!3m4!1s0x47a84768fbd05235:0x19ede2bea4eb98d!8m2!3d52.3752275!4d13.5647745\" target=\"_blank\" rel=\"noreferrer noopener\">Gr\u00fcnauer Stra\u00dfe 5, 12529 Sch\u00f6nefeld (OT Waltersdorf)<\/a><br \/>Kontakt z kierowc\u0105 wahad\u0142owym: +49 151 271 08 633<br \/>Obs\u0142uga: +49 30 &#8211; 66 40 40 99<br \/>Kontakt mailowy: <a href=\"mailto:info@dein-stellplatz.de\">info@dein-stellplatz.de<\/a><\/p>\r\n<!-- \/wp:paragraph -->\r\n\r\n<!-- wp:paragraph {\"align\":\"left\"} --><!-- \/wp:paragraph -->\r\n\r\n<!-- wp:paragraph -->\r\n<p>Skorzystaj z wyszukiwarki GoogleMaps, kt\u00f3ra doprowadzi Ci\u0119 bezpo\u015brednio do naszego parkingu przy lotnisku w Berlinie:<\/p>\r\n<!-- \/wp:paragraph -->\r\n\r\n<!-- wp:paragraph --><!-- \/wp:paragraph -->\r\n\r\n<!-- wp:html -->\r\n<p><iframe style=\"border: 0;\" src=\"https:\/\/www.google.com\/maps\/embed?pb=!1m18!1m12!1m3!1d2435.7348614990447!2d13.562585815802054!3d52.375227479787014!2m3!1f0!2f0!3f0!3m2!1i1024!2i768!4f13.1!3m3!1m2!1s0x47a84768fbd05235%3A0x19ede2bea4eb98d!2sDein%20Stellplatz%20-%20Parkplatz%202%20Flughafen%20Berlin%20Brandenburg%20BER!5e0!3m2!1sde!2sde!4v1615911794625!5m2!1sde!2sde\" width=\"350\" height=\"300\" allowfullscreen=\"allowfullscreen\"><\/iframe><\/p>\r\n<!-- \/wp:html -->\r\n<p>&nbsp;<\/p>\r\n<h3>INSTRUKCJE PRZYJAZDU<\/h3>\r\n<!-- \/wp:heading -->\r\n\r\n<!-- wp:paragraph -->\r\n<p><strong>Z po\u0142udnia:<\/strong><\/p>\r\n<p>Zjed\u017a z autostrady A113 na A117 w kierunku Berlin-Gr\u00fcnau\/Waltersdorf. Trzymaj si\u0119 prawego pasa! Zjed\u017a zjazdem Waltersdorf\/Berlin Gr\u00fcnau. Na \u015bwiat\u0142ach jed\u017a prosto na Gr\u00fcnauer Str. w kierunku Berlin-Gr\u00fcnau (po lewej stronie znajduje si\u0119 IKEA). Po ok. 1,4km (ko\u0142o sklepu z nazw\u0105 M\u00f6bel H\u00f6ffner) parking znajduje si\u0119 po lewej stronie (wjazd do sklepu Metro).<\/p>\r\n<!-- \/wp:paragraph -->\r\n\r\n<!-- wp:paragraph --><!-- \/wp:paragraph -->\r\n\r\n<!-- wp:paragraph -->\r\n<p><strong>Z p\u00f3\u0142nocy:<\/strong><\/p>\r\n<p>Zjed\u017a z autostrady A113 zjazdem numer 8 w kierunku Waltersdorf. Jed\u017a 1,5km ulic\u0105 K6162. Na rondzie zjed\u017a drugim zjazdem w kierunku Waltersdorf (IKEA). Na drugich \u015bwiat\u0142ach skr\u0119\u0107 w lewo w Gr\u00fcnauer Str. w kierunku Berlin-Gr\u00fcnau (przy IKEI). Po ok. 1,4km (omijaj\u0105c sklep M\u00f6bel Hoeffner) parking znajduje si\u0119 po lewej stronie ( wjazd do sklepu Metro).<\/p>\r\n<!-- \/wp:paragraph -->\r\n\r\n<!-- wp:paragraph --><!-- \/wp:paragraph -->\r\n\r\n<!-- wp:paragraph --><!-- \/wp:paragraph -->\r\n\r\n<!-- wp:paragraph -->\r\n<p><strong>OSTRZE\u017bENIE:<\/strong>\u00a0<\/p>\r\n<p>Niekt\u00f3re nawigacje nawigacyjne nie znaj\u0105 naszego adresu i numeru 5! Parking znajduje si\u0119 bezpo\u015brednio na Gr\u00fcnauer Str. (po lewej stronie), na terenie METRO (za sklepem M\u00f6bel-H\u00f6ffner!). Prosz\u0119 u\u017cywa\u0107 wjazd do METRO!<\/p>\r\n<!-- \/wp:paragraph -->\r\n\r\n<!-- wp:paragraph --><!-- \/wp:paragraph -->\r\n\r\n<!-- wp:heading {\"level\":3} -->\r\n<p>&nbsp;<\/p>\r\n<h3><strong>DOJECHALI\u015aCIE NA PARKING<\/strong> &#8211; <strong>ODPRAWA I TRANSFER NA LOTNISKO<\/strong><\/h3>\r\n<!-- \/wp:heading -->\r\n\r\n<!-- wp:paragraph -->\r\n<p>Prosimy o wjazd na parking i zatrzymanie si\u0119 obok kontenera biurowego na miejscach parkingowych przeznaczonych do odprawy.<br \/>Rozpakuj sw\u00f3j baga\u017c na parkingach odpraw.<\/p>\r\n<!-- \/wp:paragraph -->\r\n\r\n<!-- wp:paragraph --><!-- \/wp:paragraph -->\r\n\r\n<!-- wp:paragraph -->\r\n<p>Wybierz miejsce parkingowe i zaparkuj sw\u00f3j samoch\u00f3d. Zadzwo\u0144 do kierowcy shuttle pod numer telefonu kom\u00f3rkowego +49 151 271 08 633 i sta\u0144 z baga\u017cem obok kontenera biurowego. Autobus odbierze Ciebie i Twoich wsp\u00f3\u0142towarzyszy podr\u00f3\u017cy i zawiezie na lotnisko.<\/p>\r\n<p>Oto widok, jak wygl\u0105da strefa odpraw w naszym obiekcie:<\/p>\r\n<p><img decoding=\"async\" class=\"wp-image-10742\" src=\"https:\/\/www.dein-stellplatz.de\/wp-content\/uploads\/2022\/06\/01-Dein-Stellplatz-Parken-am-BER-P2-1-300x200.jpg\" alt=\"Dein Stellplatz. Parken am BER P2. Parking at BER Airport P2. Parking na lotnisku BER P2\" width=\"767\" height=\"511\" srcset=\"https:\/\/www.dein-stellplatz.de\/wp-content\/uploads\/2022\/06\/01-Dein-Stellplatz-Parken-am-BER-P2-1-300x200.jpg 300w, https:\/\/www.dein-stellplatz.de\/wp-content\/uploads\/2022\/06\/01-Dein-Stellplatz-Parken-am-BER-P2-1-1024x682.jpg 1024w, https:\/\/www.dein-stellplatz.de\/wp-content\/uploads\/2022\/06\/01-Dein-Stellplatz-Parken-am-BER-P2-1-768x512.jpg 768w, https:\/\/www.dein-stellplatz.de\/wp-content\/uploads\/2022\/06\/01-Dein-Stellplatz-Parken-am-BER-P2-1.jpg 1280w\" sizes=\"(max-width: 767px) 100vw, 767px\" \/><\/p>\r\n<p>Parking przy BER &#8211; Dein Stellplatz P2<\/p>\r\n<p><img decoding=\"async\" class=\"wp-image-10741\" src=\"https:\/\/www.dein-stellplatz.de\/wp-content\/uploads\/2022\/06\/02-Dein-Stellplatz-Parken-Flughafen-Berlin-Ankunft-am-Parkplatz-P2-Gepaeck-ausladen-im-Checkin-Bereich-1-300x200.jpg\" alt=\"Dein Stellplatz. Parken Flughafen Berlin. Ankunft am Parkplatz P2. Gep\u00e4ck ausladen im Checkin-Bereich. Parking Berlin Airport. Arrival at Car Park P2. Unloading Luggage in the Check-in Area. Parking Berlin Airport. Przyjazd na Parking P2. Wy\u0142adunek baga\u017cu w strefie odpraw\" width=\"767\" height=\"511\" srcset=\"https:\/\/www.dein-stellplatz.de\/wp-content\/uploads\/2022\/06\/02-Dein-Stellplatz-Parken-Flughafen-Berlin-Ankunft-am-Parkplatz-P2-Gepaeck-ausladen-im-Checkin-Bereich-1-300x200.jpg 300w, https:\/\/www.dein-stellplatz.de\/wp-content\/uploads\/2022\/06\/02-Dein-Stellplatz-Parken-Flughafen-Berlin-Ankunft-am-Parkplatz-P2-Gepaeck-ausladen-im-Checkin-Bereich-1-1024x682.jpg 1024w, https:\/\/www.dein-stellplatz.de\/wp-content\/uploads\/2022\/06\/02-Dein-Stellplatz-Parken-Flughafen-Berlin-Ankunft-am-Parkplatz-P2-Gepaeck-ausladen-im-Checkin-Bereich-1-768x512.jpg 768w, https:\/\/www.dein-stellplatz.de\/wp-content\/uploads\/2022\/06\/02-Dein-Stellplatz-Parken-Flughafen-Berlin-Ankunft-am-Parkplatz-P2-Gepaeck-ausladen-im-Checkin-Bereich-1.jpg 1280w\" sizes=\"(max-width: 767px) 100vw, 767px\" \/><\/p>\r\n<p>Przyjazd na parking Dein Stellplatz P2 &#8211; Roz\u0142adunek baga\u017cu w strefie Check-In<\/p>\r\n<p><img decoding=\"async\" class=\"wp-image-9007\" src=\"https:\/\/www.dein-stellplatz.de\/wp-content\/uploads\/2022\/01\/Dein-Stellplatz-Parken-am-Flughafen-BER-Berlin-300x200.jpg\" alt=\"Dein Stellplatz \u2013 Parken am Flughafen BER Berlin\" width=\"767\" height=\"511\" srcset=\"https:\/\/www.dein-stellplatz.de\/wp-content\/uploads\/2022\/01\/Dein-Stellplatz-Parken-am-Flughafen-BER-Berlin-300x200.jpg 300w, https:\/\/www.dein-stellplatz.de\/wp-content\/uploads\/2022\/01\/Dein-Stellplatz-Parken-am-Flughafen-BER-Berlin-1024x683.jpg 1024w, https:\/\/www.dein-stellplatz.de\/wp-content\/uploads\/2022\/01\/Dein-Stellplatz-Parken-am-Flughafen-BER-Berlin-768x512.jpg 768w, https:\/\/www.dein-stellplatz.de\/wp-content\/uploads\/2022\/01\/Dein-Stellplatz-Parken-am-Flughafen-BER-Berlin-1536x1024.jpg 1536w, https:\/\/www.dein-stellplatz.de\/wp-content\/uploads\/2022\/01\/Dein-Stellplatz-Parken-am-Flughafen-BER-Berlin-2048x1365.jpg 2048w, https:\/\/www.dein-stellplatz.de\/wp-content\/uploads\/2022\/01\/Dein-Stellplatz-Parken-am-Flughafen-BER-Berlin-scaled.jpg 1920w\" sizes=\"(max-width: 767px) 100vw, 767px\" \/><\/p>\r\n<div>\r\n<p>Dein Stellplatz \u2013 Parking na lotnisku BER<\/p>\r\n<p>&nbsp;<\/p>\r\n<\/div>\r\n<h3>Autobus kursuje w nast\u0119puj\u0105cych godzinach:<\/h3>\r\n<h3><a href=\"https:\/\/www.dein-stellplatz.de\/wp-content\/uploads\/2022\/05\/Shuttlezeiten-P2.jpg\"><img decoding=\"async\" class=\"alignnone size-full wp-image-10066\" src=\"https:\/\/www.dein-stellplatz.de\/wp-content\/uploads\/2022\/05\/Shuttlezeiten-P2.jpg\" alt=\"\" width=\"1084\" height=\"382\" srcset=\"https:\/\/www.dein-stellplatz.de\/wp-content\/uploads\/2022\/05\/Shuttlezeiten-P2.jpg 1084w, https:\/\/www.dein-stellplatz.de\/wp-content\/uploads\/2022\/05\/Shuttlezeiten-P2-300x106.jpg 300w, https:\/\/www.dein-stellplatz.de\/wp-content\/uploads\/2022\/05\/Shuttlezeiten-P2-1024x361.jpg 1024w, https:\/\/www.dein-stellplatz.de\/wp-content\/uploads\/2022\/05\/Shuttlezeiten-P2-768x271.jpg 768w\" sizes=\"(max-width: 1084px) 100vw, 1084px\" \/><\/a><\/h3>\r\n<h3><strong>DALSZE INFORMACJE<\/strong><\/h3>\r\n<!-- \/wp:heading -->\r\n\r\n<!-- wp:paragraph -->\r\n<p><strong>Punktualne przybycie:<br \/><\/strong>Podana przez Ciebie godzina przyjazdu na parking jest wi\u0105\u017c\u0105ca! Uprzejmie prosimy o informowanie o op\u00f3\u017anieniach w odpowiednim czasie, w przeciwnym razie nie mo\u017cemy zagwarantowa\u0107 sprawnego transferu.\u00a0W przypadku op\u00f3\u017anie\u0144 prosimy o zapoznanie si\u0119 z naszymi <strong><a href=\"https:\/\/www.dein-stellplatz.de\/pl\/agb\/\" target=\"_blank\" rel=\"noreferrer noopener\">Og\u00f3lnymi Warunkami Handlowymi! <\/a><\/strong><\/p>\r\n<p><strong>Przepisy Parkowaniu:<\/strong><br \/>Zwr\u00f3\u0107 uwag\u0119 na nasze przepisy dotycz\u0105ce parkowania. Prosz\u0119 parkowa\u0107 prosto &#8211; \u015arodkiem &#8211; ty\u0142em. Je\u015bli zaparkujesz nieprawid\u0142owo, zostaniesz obci\u0105\u017cony op\u0142at\u0105 za drugie miejsce!<\/p>\r\n<p><a href=\"https:\/\/www.dein-stellplatz.de\/wp-content\/uploads\/2023\/03\/Download-1.jpg\"><img decoding=\"async\" class=\" wp-image-12979\" src=\"https:\/\/www.dein-stellplatz.de\/wp-content\/uploads\/2023\/03\/Download-1.jpg\" alt=\"Parkplatzordnung\" width=\"594\" height=\"329\" srcset=\"https:\/\/www.dein-stellplatz.de\/wp-content\/uploads\/2023\/03\/Download-1.jpg 482w, https:\/\/www.dein-stellplatz.de\/wp-content\/uploads\/2023\/03\/Download-1-300x166.jpg 300w\" sizes=\"(max-width: 594px) 100vw, 594px\" \/><\/a><\/p>\r\n<p><strong>Plan Parkingowy:<\/strong><\/p>\r\n<p><a href=\"https:\/\/www.dein-stellplatz.de\/wp-content\/uploads\/2024\/05\/Parkplan-P2.png\"><img decoding=\"async\" class=\"wp-image-17637 \" src=\"https:\/\/www.dein-stellplatz.de\/wp-content\/uploads\/2024\/05\/Parkplan-P2.png\" alt=\"Parkplatzplan mit Reihennummern Parkplatz P2\" width=\"601\" height=\"420\" srcset=\"https:\/\/www.dein-stellplatz.de\/wp-content\/uploads\/2024\/05\/Parkplan-P2.png 786w, https:\/\/www.dein-stellplatz.de\/wp-content\/uploads\/2024\/05\/Parkplan-P2-300x210.png 300w, https:\/\/www.dein-stellplatz.de\/wp-content\/uploads\/2024\/05\/Parkplan-P2-768x536.png 768w\" sizes=\"(max-width: 601px) 100vw, 601px\" \/><\/a><\/p>\r\n<p>&nbsp;<\/p>\r\n<!-- \/wp:paragraph -->\r\n\r\n<!-- wp:paragraph --><!-- \/wp:paragraph -->\r\n\r\n<!-- wp:paragraph --><!-- \/wp:paragraph -->\r\n\r\n<!-- wp:paragraph -->\r\n<p><strong>Korki i zatory drogowe:<br \/><\/strong>UWAGA: Ze wzgl\u0119du na liczne prace budowlane na ulicach w\u00a0 Berlinie nale\u017cy spodziewa\u0107 si\u0119 utrudnie\u0144 w ruchu. Tutaj mo\u017cna znale\u017a\u0107 najnowsze informacje o ruchu drogowym: <a href=\"https:\/\/viz.berlin.de\/\" target=\"_blank\" rel=\"noreferrer noopener\">https:\/\/viz.berlin.de\/<\/a><\/p>\r\n<!-- \/wp:paragraph -->\r\n\r\n<!-- wp:paragraph --><!-- \/wp:paragraph -->\r\n\r\n<!-- wp:paragraph --><!-- \/wp:paragraph -->\r\n\r\n<!-- wp:paragraph -->\r\n<p><strong>P\u0142atno\u015b\u0107 na miejscu:<\/strong><br \/>Je\u015bli wybra\u0142e\u015b p\u0142atno\u015b\u0107 w dniu przyjazdu, mo\u017cesz zap\u0142aci\u0107 got\u00f3wk\u0105 lub kart\u0105 kredytow\u0105\/EC. P\u0142acenie na miejscu oznacza dla nas wi\u0119cej pracy, dlatego pobieramy op\u0142at\u0119 w wysoko\u015bci 3,50 \u20ac za t\u0119 metod\u0119 p\u0142atno\u015bci. Dlatego lepiej jest p\u0142aci\u0107 w aplikacji przez Paypal\/kart\u0119 kredytow\u0105 i jednocze\u015bnie oszcz\u0119dza\u0107.<\/p>\r\n<!-- \/wp:paragraph -->\r\n\r\n<!-- wp:paragraph --><!-- \/wp:paragraph -->\r\n\r\n<!-- wp:paragraph --><!-- \/wp:paragraph -->\r\n<p>&nbsp;<\/p>\r\n<!-- wp:paragraph --><!-- \/wp:paragraph -->\r\n<p><!-- \/wp:columns --><\/p>\r\n<p><!-- wp:paragraph --><\/p>\r\n<h3>INFORMACJE DOTYCZ\u0104CE ODBIORU Z LOTNISKA W DNIU POWROTU Z TERMINALU 1+2<br \/>DLA GO\u015aCI NASZEGO PARKINGU P2 GR\u00dcNAUER STR. 5, 12529 BERLIN<\/h3>\r\n<p><strong><span style=\"color: #ff0000;\">Odbierzemy Ci\u0119 z lotniska w tym samym miejscu, w kt\u00f3rym zostawili\u015bmy Ci\u0119 po przylocie.<\/span><\/strong><\/p>\r\n<p><strong>Miejsce spotkania Terminal 1+2: Parking autobusowy B<\/strong><\/p>\r\n<ul>\r\n<li>Na lotnisku nale\u017cy kierowa\u0107 si\u0119 znakami\u00a0<strong>Parking autobusowy B Fernbus<\/strong>\u00a0i\u00a0<strong>wyj\u015b\u0107 z budynku na poziomie U1<\/strong>.<\/li>\r\n<li>Przejd\u017a przez\u00a0<strong>Willy-Brandt-Platz<\/strong>, przejd\u017a ulic\u0119\u00a0<strong>Hugo-Junkers-Ring<\/strong>, pomi\u0119dzy parkingami P6 i P4 znajdziesz\u00a0<strong>parking autobusowy B<\/strong>\u00a0(dost\u0119pne w\u00f3zki baga\u017cowe).<\/li>\r\n<li><strong>Zadzwo\u0144 do kierowcy, aby powiedzie\u0107 mu<\/strong>, \u017ce jeste\u015b\u00a0<strong>gotowy do odbioru w miejscu spotkania<\/strong>.<\/li>\r\n<li><strong>Kontakt z kierowc\u0105:<\/strong>\u00a0+49 151 271 08 633<\/li>\r\n<\/ul>\r\n<p>Tak znajdziesz miejsce spotkania na odbi\u00f3r z lotniska:<\/p>\r\n<figure class=\"wp-block-image size-large\">\r\n<div id=\"attachment_11184\" class=\"wp-caption alignleft\"><a href=\"https:\/\/www.dein-stellplatz.de\/wp-content\/uploads\/2022\/08\/Plan-Abholpunkt-BER.jpg\"><img decoding=\"async\" class=\"wp-image-11184 size-full\" src=\"https:\/\/www.dein-stellplatz.de\/wp-content\/uploads\/2022\/08\/Plan-Abholpunkt-BER.jpg\" sizes=\"(max-width: 524px) 100vw, 524px\" srcset=\"https:\/\/www.dein-stellplatz.de\/wp-content\/uploads\/2022\/08\/Plan-Abholpunkt-BER.jpg 524w, https:\/\/www.dein-stellplatz.de\/wp-content\/uploads\/2022\/08\/Plan-Abholpunkt-BER-264x300.jpg 264w\" alt=\"\" width=\"524\" height=\"595\" aria-describedby=\"caption-attachment-11184\" \/><\/a>\r\n<p id=\"caption-attachment-11184\" class=\"wp-caption-text\">Dein Stellplatz \u2013 punkt spotkania na lotnisku Berlin BER Terminal 1+2<\/p>\r\n<\/div>\r\n<\/figure>\r\n<p><!-- \/wp:paragraph --><\/p>\r\n<p>&nbsp;<\/p>\r\n<figure class=\"wp-block-image size-large\">\r\n<div id=\"attachment_11184\" class=\"wp-caption alignleft\">\r\n<p id=\"caption-attachment-11184\" class=\"wp-caption-text\">\u00a0<\/p>\r\n<\/div>\r\n<\/figure>\r\n<p><!-- \/wp:paragraph --><\/p>","protected":false},"excerpt":{"rendered":"<p>Poinformujemy Ci\u0119 o wszystkim, co musisz wiedzie\u0107 o swojej podr\u00f3\u017cy, procedurach na miejscu i na co powiniene\u015b zwr\u00f3ci\u0107 uwag\u0119! PARKING DLA LOTNSIKA BERLIN BRANDENBURG BER Adres: Gr\u00fcnauer Stra\u00dfe 5, 12529 Sch\u00f6nefeld (OT Waltersdorf)Kontakt z kierowc\u0105 wahad\u0142owym: +49 151 271 08 633Obs\u0142uga: +49 30 &#8211; 66 40 40 99Kontakt mailowy: info@dein-stellplatz.de Skorzystaj z wyszukiwarki GoogleMaps, kt\u00f3ra [&hellip;]<\/p>\n","protected":false},"author":1,"featured_media":6155,"parent":0,"menu_order":198,"comment_status":"closed","ping_status":"closed","template":"","meta":{"footnotes":""},"_links":{"self":[{"href":"https:\/\/www.dein-stellplatz.de\/pl\/wp-json\/wp\/v2\/pages\/7737"}],"collection":[{"href":"https:\/\/www.dein-stellplatz.de\/pl\/wp-json\/wp\/v2\/pages"}],"about":[{"href":"https:\/\/www.dein-stellplatz.de\/pl\/wp-json\/wp\/v2\/types\/page"}],"author":[{"embeddable":true,"href":"https:\/\/www.dein-stellplatz.de\/pl\/wp-json\/wp\/v2\/users\/1"}],"replies":[{"embeddable":true,"href":"https:\/\/www.dein-stellplatz.de\/pl\/wp-json\/wp\/v2\/comments?post=7737"}],"version-history":[{"count":118,"href":"https:\/\/www.dein-stellplatz.de\/pl\/wp-json\/wp\/v2\/pages\/7737\/revisions"}],"predecessor-version":[{"id":17676,"href":"https:\/\/www.dein-stellplatz.de\/pl\/wp-json\/wp\/v2\/pages\/7737\/revisions\/17676"}],"wp:featuredmedia":[{"embeddable":true,"href":"https:\/\/www.dein-stellplatz.de\/pl\/wp-json\/wp\/v2\/media\/6155"}],"wp:attachment":[{"href":"https:\/\/www.dein-stellplatz.de\/pl\/wp-json\/wp\/v2\/media?parent=7737"}],"curies":[{"name":"wp","href":"https:\/\/api.w.org\/{rel}","templated":true}]}}