{"id":7733,"date":"2021-10-22T14:39:46","date_gmt":"2021-10-22T12:39:46","guid":{"rendered":"https:\/\/www.dein-stellplatz.de\/?page_id=7733"},"modified":"2025-03-31T22:57:15","modified_gmt":"2025-03-31T20:57:15","slug":"anreiseinformationen-ber-p1","status":"publish","type":"page","link":"https:\/\/www.dein-stellplatz.de\/pl\/anreiseinformationen-ber-p1\/","title":{"rendered":"INFORMACJE DOTYCZ\u0104CE PRZYJAZDU &#8211; Parking P1"},"content":{"rendered":"<!-- wp:paragraph --><!-- \/wp:paragraph -->\r\n\r\n<!-- wp:paragraph --><!-- \/wp:paragraph -->\r\n\r\n<!-- wp:paragraph --><!-- \/wp:paragraph --><!-- \/wp:column --><!-- \/wp:columns -->\r\n\r\n<!-- wp:paragraph --><!-- \/wp:paragraph -->\r\n\r\n<!-- wp:paragraph --><!-- \/wp:paragraph -->\r\n\r\n<!-- wp:paragraph -->\r\n<p><span style=\"color: #ff0000;\"><strong>Poinformujemy Ci\u0119 o wszystkim, co musisz wiedzie\u0107 o swojej podr\u00f3\u017cy, procedurach na miejscu i na co powiniene\u015b zwr\u00f3ci\u0107 uwag\u0119!<\/strong><\/span><\/p>\r\n<h3>Parking dla lotniska berlin brandenburg BER<\/h3>\r\n<p>Addres: <a href=\"https:\/\/goo.gl\/maps\/n67SvjXKmtETBY8p6\">Hufenweg 16, 12526 Berlin<\/a><br \/>Kontakt Shuttle: +49 157 &#8211; 713 21 861<br \/>ServiceCall: +49 30 &#8211; 66 40 40 99<br \/>Kontakt E-Mail: info@dein-stellplatz.de<\/p>\r\n<p><!-- \/wp:paragraph -->\r\n\r\n<!-- wp:paragraph --><!-- \/wp:paragraph -->\r\n\r\n<!-- wp:paragraph --><!-- \/wp:paragraph -->\r\n\r\n<!-- wp:paragraph --><!-- \/wp:paragraph -->\r\n\r\n<!-- wp:paragraph --><!-- \/wp:paragraph -->\r\n\r\n<!-- wp:paragraph --><!-- \/wp:paragraph -->\r\n\r\n<!-- wp:paragraph --><\/p>\r\n<p>Skorzystaj z wyszukiwarki GoogleMaps, kt\u00f3ra zaprowadzi Ci\u0119 bezpo\u015brednio do naszego parkingu przy lotnisku w Berlinie:<\/p>\r\n<p><!-- \/wp:paragraph -->\r\n\r\n<!-- wp:html --><\/p>\r\n<p><!-- \/wp:html -->\r\n\r\n<!-- wp:paragraph --><!-- \/wp:paragraph -->\r\n\r\n<!-- wp:heading {\"level\":3} --><\/p>\r\n<div class=\"wp-block-group\">\r\n<div class=\"wp-block-group__inner-container\">\r\n<p><br \/><iframe style=\"border: 0;\" src=\"https:\/\/www.google.com\/maps\/embed?pb=!1m18!1m12!1m3!1d2434.482138156311!2d13.551095315802899!3d52.39793757979121!2m3!1f0!2f0!3f0!3m2!1i1024!2i768!4f13.1!3m3!1m2!1s0x47a847c53a1a0d09%3A0xe63085f71cf6aea9!2sDein%20Stellplatz%20-%20Parkplatz%20Flughafen%20Berlin%20-%20G%C3%BCnstig%20Parken%20am%20BER!5e0!3m2!1sde!2sde!4v1668615295688!5m2!1sde!2sde\" width=\"350\" height=\"300\" allowfullscreen=\"allowfullscreen\"><\/iframe><\/p>\r\n<!-- \/wp:html -->\r\n\r\n<!-- wp:paragraph -->\r\n<p>&nbsp;<\/p>\r\n<h3>INSTRUKCJE PRZYJAZDU<\/h3>\r\n<!-- \/wp:heading -->\r\n\r\n<!-- wp:paragraph -->\r\n<p><strong>Z po\u0142udnia:<\/strong><\/p>\r\n<p>Opu\u015b\u0107 autostrad\u0119 A113 na zje\u017adzie 7-Sch\u00f6nefeld-S\u00fcd. U\u017cyj dowolnego pasa jazdy, \u017ceby skr\u0119ci\u0107 w prawo w Am Seegraben\/B96a. <strong>UWAGA: Na ulicy Am Seegraben znajduje si\u0119 FOTORADAR!\u00a0<\/strong>Po ok. 1,5km (po prawej stronie widzisz Hornbach) jed\u017a w prawo w Gr\u00fcnbergallee. Po ok. 500m skr\u0119\u0107 w prawo w Hufenweg. Po ok. 100m parking znajduje si\u0119 po prawej stronie.<\/p>\r\n<!-- \/wp:paragraph -->\r\n\r\n<!-- wp:paragraph -->\r\n<p><strong>Z p\u00f3\u0142nocy:<\/strong><\/p>\r\n<p>Opu\u015b\u0107 autostrad\u0119 A113 zjazdem 7-Sch\u00f6nefeld-S\u00fcd. U\u017cyj dowolnego pasa ruchu, \u017ceby skr\u0119ci\u0107 w lewo w Am Seegraben\/B96a. <strong>UWAGA: Na ulicy Am Seegraben znajduje si\u0119 FOTORADAR!<\/strong>\u00a0Po ok. 1,5km (z prawej storny widzisz Hornbach) jed\u017a w prawo w Gr\u00fcnbergallee. Po ok. 500m skr\u0119\u0107 w prawo w Hufenweg ein. Po ok. 100m parking znajduje si\u0119 po prawej stronie.<\/p>\r\n<!-- \/wp:paragraph -->\r\n\r\n<!-- wp:paragraph -->\r\n<p>&nbsp;<\/p>\r\n<h3><strong>DOJECHALI\u015aCIE NA PARKING<\/strong><\/h3>\r\n<!-- \/wp:heading -->\r\n\r\n<!-- wp:paragraph -->\r\n<p>Na parkingu otwierasz szlaban swoim osobistym kodem QR. Wys\u0142ali\u015bmy Ci kod z potwierdzeniem rezerwacji. Kod znajdziesz r\u00f3wnie\u017c w swoim <a href=\"https:\/\/www.dein-stellplatz.de\/pl\/kundenlogin\/\" target=\"_blank\" rel=\"noreferrer noopener\">loginie klienta.<\/a><\/p>\r\n<!-- \/wp:paragraph -->\r\n\r\n<!-- wp:image {\"width\":450,\"height\":164} -->\r\n<figure class=\"wp-block-image is-resized\"><img decoding=\"async\" src=\"https:\/\/www.dein-stellplatz.de\/wp-content\/uploads\/2021\/11\/Dein-Stellplatz-Parken-am-Flughafen-BER-Darstellung-Kennzeichenerkennung-und-QR-Code.png\" \/><\/figure>\r\n<!-- \/wp:image -->\r\n\r\n<!-- wp:paragraph -->\r\n<p>1. Kod nale\u017cy przywie\u015b\u0107 ze sob\u0105 na parking w formie wydrukowanej lub w formie cyfrowej na telefonie kom\u00f3rkowym.<br \/>2. Po przybyciu na parking nale\u017cy spokojnie przytrzyma\u0107 kod QR w odleg\u0142o\u015bci ok. 15 cm przed kamer\u0105 przy szlabanie i kr\u00f3tko odczeka\u0107<br \/>3. Szlaban otworzy si\u0119 automatycznie<br \/>4. Jed\u017a na parking odpraw, kt\u00f3ry znajduje si\u0119 bezpo\u015brednio po prawej stronie za szlabanem i zg\u0142o\u015b si\u0119 do biura odpraw.<\/p>\r\n<!-- \/wp:paragraph -->\r\n\r\n<!-- wp:paragraph -->\r\n<p>Oto widok, jak wygl\u0105da strefa odpraw w naszym obiekcie:<\/p>\r\n<!-- \/wp:paragraph -->\r\n\r\n<!-- wp:image {\"id\":6155,\"width\":768,\"height\":576,\"sizeSlug\":\"large\",\"linkDestination\":\"none\"} -->\r\n<figure class=\"wp-block-image size-large is-resized\"><img decoding=\"async\" class=\"wp-image-6155\" src=\"https:\/\/www.dein-stellplatz.de\/wp-content\/uploads\/2021\/02\/Dein-Stellplatz-Parken-Flughafen-Berlin-Brandenburg-1-1024x768.jpg\" alt=\"\" width=\"768\" height=\"576\" \/>\r\n<figcaption>Dein Stellplatz &#8211; System szlaban\u00f3w i odprawa<\/figcaption>\r\n<\/figure>\r\n<!-- \/wp:image -->\r\n\r\n<!-- wp:image {\"id\":6235,\"width\":768,\"height\":576,\"sizeSlug\":\"large\",\"linkDestination\":\"none\"} -->\r\n<figure class=\"wp-block-image size-large is-resized\"><img decoding=\"async\" class=\"wp-image-6235\" src=\"https:\/\/www.dein-stellplatz.de\/wp-content\/uploads\/2021\/02\/Dein-Stellplatz-Parken-Flughafen-Berlin-Brandenburg-Checkin-1-edited-1024x768.jpg\" alt=\"\" width=\"768\" height=\"576\" srcset=\"https:\/\/www.dein-stellplatz.de\/wp-content\/uploads\/2021\/02\/Dein-Stellplatz-Parken-Flughafen-Berlin-Brandenburg-Checkin-1-edited-1024x768.jpg 1024w, https:\/\/www.dein-stellplatz.de\/wp-content\/uploads\/2021\/02\/Dein-Stellplatz-Parken-Flughafen-Berlin-Brandenburg-Checkin-1-edited-300x225.jpg 300w, https:\/\/www.dein-stellplatz.de\/wp-content\/uploads\/2021\/02\/Dein-Stellplatz-Parken-Flughafen-Berlin-Brandenburg-Checkin-1-edited-768x576.jpg 768w, https:\/\/www.dein-stellplatz.de\/wp-content\/uploads\/2021\/02\/Dein-Stellplatz-Parken-Flughafen-Berlin-Brandenburg-Checkin-1-edited-1536x1151.jpg 1536w, https:\/\/www.dein-stellplatz.de\/wp-content\/uploads\/2021\/02\/Dein-Stellplatz-Parken-Flughafen-Berlin-Brandenburg-Checkin-1-edited.jpg 1613w\" sizes=\"(max-width: 768px) 100vw, 768px\" \/>\r\n<figcaption>Dein Stellplatz &#8211; Parkingi odbrawy\u00a0 i biuro odpraw<\/figcaption>\r\n<\/figure>\r\n<!-- \/wp:image -->\r\n\r\n<!-- wp:paragraph -->\r\n<p>&nbsp;<\/p>\r\n<h3><strong>ODPRAWA I TRANSFER NA LOTNISKO<\/strong><\/h3>\r\n<!-- \/wp:heading -->\r\n\r\n<!-- wp:paragraph -->\r\n<p>Zarejestruj si\u0119 w biurze odpraw, potrzebujemy tylko Twojego nazwiska, wszystkie dane mamy do dyspozycji. Nie musisz mie\u0107 przy sobie wydrukowanego potwierdzenia rezerwacji.<\/p>\r\n<!-- \/wp:paragraph -->\r\n\r\n<!-- wp:paragraph -->\r\n<p>Podczas odprawy zostan\u0105 uzupe\u0142nione Twoje dane, je\u015bli to potrzebne, zostanie Ci <strong>przydzielone miejsce parkingowe<\/strong>!\u00a0<\/p>\r\n<!-- \/wp:paragraph -->\r\n\r\n<!-- wp:paragraph -->\r\n<p>Teraz wy\u0142aduj baga\u017ce, zaparkuj samoch\u00f3d i wr\u00f3\u0107 do autobusu wahad\u0142owego, kt\u00f3ry zawiezie Ci\u0119 na lotnisko. Nasze nowe, klimatyzowane i przyjazne dzieciom Shuttlebusy zawioz\u0105 Ciebie i Twoich wsp\u00f3\u0142towarzyszy podr\u00f3\u017cy do BER i z powrotem co 20 minut od 02:20 do ostatniego lotu dnia. Us\u0142uga Shuttle Service jest \u015bwiadczona dla os\u00f3b zarejestrowanych w rezerwacji. Dodatkowe osoby przewozimy za dop\u0142at\u0105 5\u20ac za osob\u0119 i tras\u0119.<\/p>\r\n<!-- \/wp:paragraph -->\r\n\r\n<!-- wp:paragraph -->\r\n<p>&nbsp;<\/p>\r\n<h3><strong>DALSZE INFORMACJE<\/strong><\/h3>\r\n<!-- \/wp:heading -->\r\n\r\n<!-- wp:paragraph -->\r\n<p><strong>Punktualne przybycie:<br \/><\/strong>Podana przez Ciebie godzina przyjazdu na parking jest wi\u0105\u017c\u0105ca! Uprzejmie prosimy o informowanie o op\u00f3\u017anieniach w odpowiednim czasie, w przeciwnym razie nie mo\u017cemy zagwarantowa\u0107 sprawnego transferu. W przypadku op\u00f3\u017anie\u0144 prosimy o zapoznanie si\u0119 z naszymi <strong><a href=\"https:\/\/www.dein-stellplatz.de\/pl\/agb\/\" target=\"_blank\" rel=\"noreferrer noopener\">Og\u00f3lnymi Warunkami Handlowymi!<\/a><\/strong><\/p>\r\n<!-- \/wp:paragraph -->\r\n\r\n<!-- wp:paragraph -->\r\n<p><strong>Przepisy Parkowaniu:<\/strong><br \/>Zwr\u00f3\u0107 uwag\u0119 na nasze przepisy dotycz\u0105ce parkowania. Prosz\u0119 parkowa\u0107 prosto &#8211; \u015arodkiem &#8211; ty\u0142em. Je\u015bli zaparkujesz nieprawid\u0142owo, zostaniesz obci\u0105\u017cony op\u0142at\u0105 za drugie miejsce!<\/p>\r\n<p><a href=\"https:\/\/www.dein-stellplatz.de\/wp-content\/uploads\/2023\/03\/Download-1.jpg\"><img decoding=\"async\" class=\" wp-image-12979\" src=\"https:\/\/www.dein-stellplatz.de\/wp-content\/uploads\/2023\/03\/Download-1.jpg\" alt=\"Parkplatzordnung\" width=\"594\" height=\"329\" srcset=\"https:\/\/www.dein-stellplatz.de\/wp-content\/uploads\/2023\/03\/Download-1.jpg 482w, https:\/\/www.dein-stellplatz.de\/wp-content\/uploads\/2023\/03\/Download-1-300x166.jpg 300w\" sizes=\"(max-width: 594px) 100vw, 594px\" \/><\/a><\/p>\r\n<p><strong>Plan Parkingowy:<\/strong><\/p>\r\n<p><a href=\"https:\/\/www.dein-stellplatz.de\/wp-content\/uploads\/2024\/05\/Parkplan-P1-Reihen.png\"><img decoding=\"async\" class=\" wp-image-17647\" src=\"https:\/\/www.dein-stellplatz.de\/wp-content\/uploads\/2024\/05\/Parkplan-P1-Reihen.png\" alt=\"Parkplatzplan mit Reihennummern Parkplatz P1\" width=\"567\" height=\"388\" srcset=\"https:\/\/www.dein-stellplatz.de\/wp-content\/uploads\/2024\/05\/Parkplan-P1-Reihen.png 1012w, https:\/\/www.dein-stellplatz.de\/wp-content\/uploads\/2024\/05\/Parkplan-P1-Reihen-300x205.png 300w, https:\/\/www.dein-stellplatz.de\/wp-content\/uploads\/2024\/05\/Parkplan-P1-Reihen-768x525.png 768w\" sizes=\"(max-width: 567px) 100vw, 567px\" \/><\/a><\/p>\r\n<p><strong>Korki i zatory drogowe:<br \/><\/strong>UWAGA: Ze wzgl\u0119du na liczne prace budowlane na ulicach w\u00a0 Berlinie nale\u017cy spodziewa\u0107 si\u0119 utrudnie\u0144 w ruchu. Tutaj mo\u017cna znale\u017a\u0107 najnowsze informacje o ruchu drogowym: <a href=\"https:\/\/viz.berlin.de\/\" target=\"_blank\" rel=\"noreferrer noopener\">https:\/\/viz.berlin.de\/<\/a><\/p>\r\n<!-- \/wp:paragraph -->\r\n\r\n<!-- wp:paragraph -->\r\n<p><strong><strong>P\u0142atno\u015b\u0107 na miejscu:<\/strong><\/strong><br \/>Je\u015bli wybra\u0142e\u015b p\u0142atno\u015b\u0107 w dniu przyjazdu, mo\u017cesz zap\u0142aci\u0107 got\u00f3wk\u0105 lub kart\u0105 kredytow\u0105\/EC. P\u0142acenie na miejscu oznacza dla nas wi\u0119cej pracy, dlatego pobieramy op\u0142at\u0119 w wysoko\u015bci 3,50 \u20ac za t\u0119 metod\u0119 p\u0142atno\u015bci. Dlatego lepiej jest p\u0142aci\u0107 w aplikacji przez Paypal\/kart\u0119 kredytow\u0105 i jednocze\u015bnie oszcz\u0119dza\u0107.<\/p>\r\n<!-- \/wp:paragraph -->\r\n\r\n<!-- wp:paragraph -->\r\n<p>&nbsp;<\/p>\r\n<\/div>\r\n<\/div>\r\n<h3>INFORMACJE DOTYCZ\u0104CE ODBIORU Z LOTNISKA W DNIU POWROTU Z TERMINALU 1+2 &#8211;\u00a0<br \/>DLA GO\u015aCI NASZEGO PARKINGU P1 Hufenweg 16, 12526 Berlin<\/h3>\r\n<p><span style=\"color: #ff0000;\"><strong>Odbierzemy Ci\u0119 z lotniska w tym samym miejscu, w kt\u00f3rym zostawili\u015bmy Ci\u0119 po przylocie.<\/strong><\/span><\/p>\r\n<p><strong>Miejsce spotkania Terminal 1+2: Parking autobusowy B<\/strong><\/p>\r\n<ul>\r\n<li>Na lotnisku nale\u017cy kierowa\u0107 si\u0119 znakami\u00a0<strong>Parking autobusowy B Fernbus<\/strong>\u00a0i\u00a0<strong>wyj\u015b\u0107 z budynku na poziomie U1<\/strong>.<\/li>\r\n<li>Przejd\u017a przez\u00a0<strong>Willy-Brandt-Platz<\/strong>, przejd\u017a ulic\u0119\u00a0<strong>Hugo-Junkers-Ring<\/strong>, pomi\u0119dzy parkingami P6 i P4 znajdziesz\u00a0<strong>parking autobusowy B<\/strong>\u00a0(dost\u0119pne w\u00f3zki baga\u017cowe).<\/li>\r\n<li><strong>U\u017cyj naszej aplikacji, aby powiadomi\u0107 nas, \u017ce jeste\u015b gotowy do odbioru. W ten spos\u00f3b mo\u017cesz mie\u0107 pewno\u015b\u0107, \u017ce zostaniesz odebrany bezpo\u015brednio z nast\u0119pnej wycieczki. <\/strong>Alternatywnie zadzwo\u0144 do kierowcy Shuttle i powiedz mu, \u017ce jeste\u015b gotowy do odbioru w miejscu spotkania.<\/li>\r\n<li><strong>Kontakt z kierowc\u0105:<\/strong> +49 157 713 218 61<\/li>\r\n<\/ul>\r\n<p>Takznajdziesz miejsce spotkania na odbi\u00f3r z lotniska:<\/p>\r\n<figure class=\"wp-block-image size-large\">\r\n<div id=\"attachment_11184\" class=\"wp-caption alignleft\"><a href=\"https:\/\/www.dein-stellplatz.de\/wp-content\/uploads\/2022\/08\/Plan-Abholpunkt-BER.jpg\"><img decoding=\"async\" class=\"wp-image-11184 size-full\" src=\"https:\/\/www.dein-stellplatz.de\/wp-content\/uploads\/2022\/08\/Plan-Abholpunkt-BER.jpg\" sizes=\"(max-width: 524px) 100vw, 524px\" srcset=\"https:\/\/www.dein-stellplatz.de\/wp-content\/uploads\/2022\/08\/Plan-Abholpunkt-BER.jpg 524w, https:\/\/www.dein-stellplatz.de\/wp-content\/uploads\/2022\/08\/Plan-Abholpunkt-BER-264x300.jpg 264w\" alt=\"\" width=\"524\" height=\"595\" aria-describedby=\"caption-attachment-11184\" \/><\/a>\r\n<p id=\"caption-attachment-11184\" class=\"wp-caption-text\">Dein Stellplatz \u2013 punkt spotkania na lotnisku Berlin BER Terminal 1+2<\/p>\r\n<\/div>\r\n<\/figure>\r\n<p><!-- \/wp:paragraph --><\/p>","protected":false},"excerpt":{"rendered":"<p>Poinformujemy Ci\u0119 o wszystkim, co musisz wiedzie\u0107 o swojej podr\u00f3\u017cy, procedurach na miejscu i na co powiniene\u015b zwr\u00f3ci\u0107 uwag\u0119! Parking dla lotniska berlin brandenburg BER Addres: Hufenweg 16, 12526 BerlinKontakt Shuttle: +49 157 &#8211; 713 21 861ServiceCall: +49 30 &#8211; 66 40 40 99Kontakt E-Mail: info@dein-stellplatz.de Skorzystaj z wyszukiwarki GoogleMaps, kt\u00f3ra zaprowadzi Ci\u0119 bezpo\u015brednio do [&hellip;]<\/p>\n","protected":false},"author":1,"featured_media":6155,"parent":0,"menu_order":196,"comment_status":"closed","ping_status":"closed","template":"","meta":{"footnotes":""},"_links":{"self":[{"href":"https:\/\/www.dein-stellplatz.de\/pl\/wp-json\/wp\/v2\/pages\/7733"}],"collection":[{"href":"https:\/\/www.dein-stellplatz.de\/pl\/wp-json\/wp\/v2\/pages"}],"about":[{"href":"https:\/\/www.dein-stellplatz.de\/pl\/wp-json\/wp\/v2\/types\/page"}],"author":[{"embeddable":true,"href":"https:\/\/www.dein-stellplatz.de\/pl\/wp-json\/wp\/v2\/users\/1"}],"replies":[{"embeddable":true,"href":"https:\/\/www.dein-stellplatz.de\/pl\/wp-json\/wp\/v2\/comments?post=7733"}],"version-history":[{"count":84,"href":"https:\/\/www.dein-stellplatz.de\/pl\/wp-json\/wp\/v2\/pages\/7733\/revisions"}],"predecessor-version":[{"id":17673,"href":"https:\/\/www.dein-stellplatz.de\/pl\/wp-json\/wp\/v2\/pages\/7733\/revisions\/17673"}],"wp:featuredmedia":[{"embeddable":true,"href":"https:\/\/www.dein-stellplatz.de\/pl\/wp-json\/wp\/v2\/media\/6155"}],"wp:attachment":[{"href":"https:\/\/www.dein-stellplatz.de\/pl\/wp-json\/wp\/v2\/media?parent=7733"}],"curies":[{"name":"wp","href":"https:\/\/api.w.org\/{rel}","templated":true}]}}