{"id":7514,"date":"2021-07-07T15:10:46","date_gmt":"2021-07-07T13:10:46","guid":{"rendered":"https:\/\/www.dein-stellplatz.de\/?page_id=7514"},"modified":"2025-03-31T22:57:14","modified_gmt":"2025-03-31T20:57:14","slug":"adac-mitglieder-vorteil","status":"publish","type":"page","link":"https:\/\/www.dein-stellplatz.de\/pl\/adac-mitglieder-vorteil\/","title":{"rendered":"Korzy\u015bci dla cz\u0142onk\u00f3w ADAC"},"content":{"rendered":"<h2 class=\"wp-block-heading\">\r\n\r\n<\/h2>\r\n<h2>Zaparkuj tanio na lotnisku BER dzi\u0119ki Dein Stellplatz<\/h2>\r\n<h2>\r\n\r\n<\/h2>\r\n<p>Dein Stellplatz jest specjalist\u0105 w zakresie parkowania na lotnisku Berlin Brandenburg i obecnie oferuje miejsca parkingowe w dw\u00f3ch lokalizacjach w bezpo\u015brednim s\u0105siedztwie lotniska BER.<\/p>\r\n<h2>\r\n\r\n<\/h2>\r\n<p>Dzi\u0119ki niskim cenom z Dein Stellplatz oszcz\u0119dzasz pieni\u0105dze. Niezawodny transfer na terminal lotniska we wszystkich godzinach odlot\u00f3w i l\u0105dowa\u0144 jest ju\u017c wliczony w cen\u0119. Wysokie standardy bezpiecze\u0144stwa i uprzejma obs\u0142uga s\u0105 dla nas oczywisto\u015bci\u0105. Nasz serwis uzupe\u0142niaj\u0105 us\u0142ugi dodatkowe, takie jak mycie pojazdu, parking strze\u017cony lub komfortowy, a tak\u017ce inne promocje!<\/p>\r\n<h2>\r\n\r\n<\/h2>\r\n<p>Opr\u00f3cz zni\u017cki cz\u0142onkowskiej mo\u017cesz skorzysta\u0107 z programu Dein Stellplatz early booking rate i zaoszcz\u0119dzi\u0107 dodatkowe 3 euro na ka\u017cdej rezerwacji jako cz\u0142onek ADAC!<\/p>\r\n<h2>\r\n\r\n<\/h2>\r\n<p><strong>Jak to dzia\u0142a:<\/strong><\/p>\r\n<h2>\r\n\r\n<\/h2>\r\n<p>Wystarczy, \u017ce wpiszesz sw\u00f3j numer cz\u0142onkowski ADAC w polu przeznaczonym na formularzu rezerwacji. Nale\u017cy pami\u0119ta\u0107, \u017ce karta cz\u0142onkowska ADAC musi by\u0107 okazana w dniu przyjazdu oraz \u017ce osoba dokonuj\u0105ca rezerwacji musi by\u0107 jej cz\u0142onkiem.<\/p>\r\n<h2>\r\n\r\n<\/h2>\r\n<p>Korzy\u015bci ADAC nie mo\u017cna \u0142\u0105czy\u0107 z innymi zni\u017ckami.<\/p>\r\n<h2>\r\n\r\n<\/h2>\r\n<p>Zarezerwuj teraz i zaoszcz\u0119d\u017a ? <a href=\"https:\/\/www.dein-stellplatz.de\/pl\/parken\/berlin-brandenburg-ber\/\">Kliknij tutaj, aby dokona\u0107 rezerwacji<\/a><\/p>\r\n<h2>\r\n\r\n<\/h2>\r\n<p>Nale\u017cy pami\u0119ta\u0107, \u017ce zni\u017cka ADAC nie mo\u017ce zosta\u0107 przyznana poza sezonem od listopada do lutego ze wzgl\u0119du na bezkonkurencyjne niskie ceny.<\/p>\r\n<h2><\/h2>","protected":false},"excerpt":{"rendered":"<p>Zaparkuj tanio na lotnisku BER dzi\u0119ki Dein Stellplatz Dein Stellplatz jest specjalist\u0105 w zakresie parkowania na lotnisku Berlin Brandenburg i obecnie oferuje miejsca parkingowe w dw\u00f3ch lokalizacjach w bezpo\u015brednim s\u0105siedztwie lotniska BER. Dzi\u0119ki niskim cenom z Dein Stellplatz oszcz\u0119dzasz pieni\u0105dze. Niezawodny transfer na terminal lotniska we wszystkich godzinach odlot\u00f3w i l\u0105dowa\u0144 jest ju\u017c wliczony w [&hellip;]<\/p>\n","protected":false},"author":1,"featured_media":10658,"parent":0,"menu_order":111,"comment_status":"closed","ping_status":"closed","template":"","meta":{"footnotes":""},"_links":{"self":[{"href":"https:\/\/www.dein-stellplatz.de\/pl\/wp-json\/wp\/v2\/pages\/7514"}],"collection":[{"href":"https:\/\/www.dein-stellplatz.de\/pl\/wp-json\/wp\/v2\/pages"}],"about":[{"href":"https:\/\/www.dein-stellplatz.de\/pl\/wp-json\/wp\/v2\/types\/page"}],"author":[{"embeddable":true,"href":"https:\/\/www.dein-stellplatz.de\/pl\/wp-json\/wp\/v2\/users\/1"}],"replies":[{"embeddable":true,"href":"https:\/\/www.dein-stellplatz.de\/pl\/wp-json\/wp\/v2\/comments?post=7514"}],"version-history":[{"count":36,"href":"https:\/\/www.dein-stellplatz.de\/pl\/wp-json\/wp\/v2\/pages\/7514\/revisions"}],"predecessor-version":[{"id":15470,"href":"https:\/\/www.dein-stellplatz.de\/pl\/wp-json\/wp\/v2\/pages\/7514\/revisions\/15470"}],"wp:featuredmedia":[{"embeddable":true,"href":"https:\/\/www.dein-stellplatz.de\/pl\/wp-json\/wp\/v2\/media\/10658"}],"wp:attachment":[{"href":"https:\/\/www.dein-stellplatz.de\/pl\/wp-json\/wp\/v2\/media?parent=7514"}],"curies":[{"name":"wp","href":"https:\/\/api.w.org\/{rel}","templated":true}]}}