{"id":7153,"date":"2021-05-07T12:28:34","date_gmt":"2021-05-07T10:28:34","guid":{"rendered":"https:\/\/www.dein-stellplatz.de\/deine-vorteile-fuer-komfortables-parken-am-flughafen-2\/"},"modified":"2026-04-10T17:14:17","modified_gmt":"2026-04-10T15:14:17","slug":"kostenlos-parken-flughafen-ber","status":"publish","type":"page","link":"https:\/\/www.dein-stellplatz.de\/pl\/kostenlos-parken-flughafen-ber\/","title":{"rendered":"Bezp\u0142atny parking na lotnisku BER w Berlinie!"},"content":{"rendered":"<p>Bior\u0105c pod uwag\u0119 wysokie op\u0142aty za parkowanie na lotnisku, wielu podr\u00f3\u017cnych szuka darmowej alternatywy dla drogiego parkowania na <strong>parkingu lotniskowym<\/strong>.\u00a0To sk\u0142ania wielu podr\u00f3\u017cnych do zaoszcz\u0119dzenia na op\u0142atach parkingowych i skorzystania z parking\u00f3w P+R lub zaparkowania samochodu w pobliskiej dzielnicy mieszkalnej.<\/p>\n<p>&nbsp;<\/p>\n<h3>Czy tak nale\u017cy post\u0105pi\u0107?<\/h3>\n<p>Jednak wa\u017cnym aspektem przy parkowaniu na lotnisku powinna by\u0107 nie tylko cena, ale r\u00f3wnie\u017c oferta obs\u0142ugi, personel, a przede wszystkim bezpiecze\u0144stwo! W ko\u0144cu chcesz znale\u017a\u0107 sw\u00f3j samoch\u00f3d po powrocie z wakacji w takim stanie, w jakim go zostawi\u0142e\u015b. <strong>W\u0142a\u015bnie to robimy!\u00a0<\/strong><\/p>\n<p>Towarzyszymy Ci od pocz\u0105tku Twojej podr\u00f3\u017cy z wyj\u0105tkowym uczuciem: Pewne przekonanie, \u017ce Pa\u0144stwa samoch\u00f3d jest w dobrych r\u0119kach, zaparkowany z dok\u0142adnie takim indywidualnym komfortem, kt\u00f3ry liczy si\u0119, gdy s\u0105 Pa\u0144stwo z dala od domu, i kt\u00f3ry uwalnia Pa\u0144stwa umys\u0142 na dobre rzeczy podczas podr\u00f3\u017cy. Twoje osobiste do\u015bwiadczenie z parkowania jest dla nas najwa\u017cniejsze.<\/p>\n<p>Niezale\u017cnie od tego, czy chcesz skorzysta\u0107 z bezp\u0142atnego autobusu wahad\u0142owego, czy z naszego ekskluzywnego serwisu valet na lotnisku Berlin Brandenburg BER. Zaufaj do\u015bwiadczeniu Dein Stellplatz &#8211; Parken am Flughafen Berlin Brandenburg i spraw, by Tw\u00f3j osobisty parking sta\u0142 si\u0119 najlepszym pocz\u0105tkiem i ko\u0144cem Twojego zas\u0142u\u017conego urlopu. Przyjed\u017a i dowiedz si\u0119 wi\u0119cej. Poruszaj si\u0119 i odkrywaj wi\u0119cej.<\/p>\n<p>&nbsp;<\/p>\n<h3>Dlaczego warto zaparkowa\u0107 na Dein Stellplatz?<\/h3>\n<p>Dein Stellplatz jest Pa\u0144stwa specjalist\u0105 w zakresie parkowania na lotnisku BER. \u0141\u0105czymy podstawowe warto\u015bci takie jak bezpiecze\u0144stwo, serwis i osobiste wsparcie z interesuj\u0105cymi produktami w zakresie parkowania na lotnisku. Ju\u017c ponad 1,2 miliona zadowolonych klient\u00f3w zaufa\u0142o Dein Stellplatz. Parking i podr\u00f3\u017ce to domena najwi\u0119kszego w Berlinie oferenta miejsc parkingowych przy lotnisku Berlin Brandenburg. Za\u0142o\u017cone w 2008 roku Dein Stellplatz jest od 2010 roku stale rozwijaj\u0105cym si\u0119 innowacyjnym przedsi\u0119biorstwem, wiernym swojemu mottu: Praktyczne. Niedrogo. Parking.<\/p>\n<p>Jako dostawca parking\u00f3w lotniskowych chcemy, aby mogli Pa\u0144stwo cieszy\u0107 si\u0119 podr\u00f3\u017c\u0105 bez obaw o sw\u00f3j bezpiecznie przechowywany samoch\u00f3d. Dotyczy to zar\u00f3wno rezerwacji, jak i okresu przed, w trakcie i po podr\u00f3\u017cy. Rezerwuj wygodnie online z domu i korzystaj z do\u015bwiadczenia naszych ekspert\u00f3w. Oferujemy Ci odpowiednie oferty parkingowe, aby\u015b m\u00f3g\u0142 spokojnie rozpocz\u0105\u0107 swoj\u0105 podr\u00f3\u017c.<\/p>\n<p id=\"eparking\" style=\"scroll-margin-top: 135px; text-align: left;\"><strong>Twoje korzy\u015bci z Dein Stellplatz:<\/strong><\/p>\n<p>&nbsp;<\/p>\n<table class=\"responsivetable\">\n<tbody>\n<tr>\n<td style=\"text-align: left;\">\u221a Bezpieczna rezerwacja online, dzi\u0119ki najwy\u017cszym standardom ochrony danych<br \/>\n\u221a Ubezpieczenie odpowiedzialno\u015bci cywilnej dla bezpiecze\u0144stwa Twojego samochodu<br \/>\n\u221a Ponad 1,2 miliona zadowolonych klient\u00f3w<br \/>\n\u221a Wyb\u00f3r nale\u017cy do Ciebie &#8211; zaparkuj i skorzystaj z bezp\u0142atnego autobusu lub ekskluzywnego parkingu valet.<br \/>\n\u221a Nowe busy co 2 lata dla Pa\u0144stwa komfortu podczas bezp\u0142atnego transferu<br \/>\n\u221a Infolinia serwisowa od poniedzia\u0142ku do pi\u0105tku w godzinach od 9.00 do 17.30.<br \/>\n\u221a Czat online zapewniaj\u0105cy najszybsze odpowiedzi<br \/>\n\u221a Codziennie aktualizowane oferty<br \/>\n\u221a Specjalne warunki dla cz\u0119sto podr\u00f3\u017cuj\u0105cych pasa\u017cer\u00f3w i klient\u00f3w biznesowych<br \/>\n\u221a Obszerne informacje na naszym blogu<br \/>\n\u221a <a href=\"https:\/\/www.dein-stellplatz.de\/pl\/rundum-schutz-paket\/\">Nasz kompleksowy pakiet ochronny zapewnia pe\u0142n\u0105 ochron\u0119 przed, w trakcie i po podr\u00f3\u017cy.<\/a><\/td>\n<td class=\"mobilenopadding\" style=\"padding-left: 40px;\"><img decoding=\"async\" class=\"size-full wp-image-22771 alignnone\" src=\"https:\/\/www.dein-stellplatz.de\/wp-content\/uploads\/2026\/04\/Dein_Stellplatz_RSP-Upgrade-Banner_RSP-Vorteile-Banner_PL.png\" alt=\"\" width=\"421\" height=\"251\" srcset=\"https:\/\/www.dein-stellplatz.de\/wp-content\/uploads\/2026\/04\/Dein_Stellplatz_RSP-Upgrade-Banner_RSP-Vorteile-Banner_PL.png 421w, https:\/\/www.dein-stellplatz.de\/wp-content\/uploads\/2026\/04\/Dein_Stellplatz_RSP-Upgrade-Banner_RSP-Vorteile-Banner_PL-300x179.png 300w\" sizes=\"(max-width: 421px) 100vw, 421px\" \/><\/td>\n<\/tr>\n<\/tbody>\n<\/table>\n<p>&nbsp;<\/p>\n<h3>Twoje korzy\u015bci z wybranego parkingu przy lotnisku<\/h3>\n<p>Wi\u0119cej us\u0142ug, wi\u0119cej z Twojego urlopu: Podr\u00f3\u017cuj\u0105c z Dein Stellplatz &#8211; Parken am Flughafen BER, mo\u017cesz liczy\u0107 na wiele atrakcyjnych \u015bwiadcze\u0144 inclusive. W ten spos\u00f3b zapewniasz sobie konkretne oszcz\u0119dno\u015bci i korzystasz z dodatkowych us\u0142ug, kt\u00f3re w swojej r\u00f3\u017cnorodno\u015bci s\u0105 po prostu &#8222;bezcenne&#8221;.<\/p>\n<p>Planuj\u0105c podr\u00f3\u017c, trzeba pomy\u015ble\u0107 o wielu rzeczach. Dobrze, \u017ce pomy\u015bleli\u015bmy troch\u0119 wcze\u015bniej. Dzi\u0119ki naszym produktom parkingowym od samego pocz\u0105tku masz przewag\u0119 w zakresie ceny i wydajno\u015bci. Wyb\u00f3r sprawia, \u017ce parkowanie na lotnisku jest wi\u0119cej ni\u017c atrakcyjne.<\/p>\n<p>Dein Stellplatz jest wy\u0142\u0105cznym partnerem ICH-PARKE-BILLIGER, portalu por\u00f3wnawczego dla parking\u00f3w lotniskowych. Tutaj znajd\u0105 Pa\u0144stwo tanich i niezawodnych oferent\u00f3w parking\u00f3w dla lotnisk Bremen, Dortmund, Drezno, D\u00fcsseldorf, Erfurt, Frankfurt Main, Frankfurt Hahn, Friedrichshafen, Hamburg, Hannover, Karlsruhe, Kolonia\/Bonn, Lipsk, Magdeburg, Memmingen, Monachium, M\u00fcnster, Norymberga, Saarbr\u00fccken, Stuttgart, Weeze.<\/p>\n<p>&nbsp;<\/p>\n<h3>Dein Stellplatz &#8211; Nasze do\u015bwiadczenie. Pa\u0144stwa do\u015bwiadczenie w parkowaniu.<\/h3>\n<p>Jako klient Dein Stellplatz maj\u0105 Pa\u0144stwo mo\u017cliwo\u015b\u0107 uczestniczenia w ekskluzywnym parkingu. Do\u015bwiadcz z nami r\u00f3\u017cnorodno\u015bci parkowania na lotnisku. W towarzystwie naszych do\u015bwiadczonych pracownik\u00f3w obs\u0142ugi, dzi\u0119ki perfekcyjnej organizacji, parking przy lotnisku w Berlinie staje si\u0119 szczeg\u00f3lnym prze\u017cyciem parkingowym.<\/p>\n<p><a href=\"https:\/\/www.dein-stellplatz.de\/pl\/parken\/berlin-brandenburg-ber\/\">Ju\u017c teraz zarezerwuj swoje miejsce parkingowe na lotnisku BER.<\/a><\/p>\n<p><strong>Skorzystaj z naszego do\u015bwiadczenia!<\/strong><\/p>\n<p>&nbsp;<\/p>\n<h3>Dlaczego Dein Stellplatz, a nie zaparkowa\u0107 gdzie indziej?<\/h3>\n<p>My jako Dein Stellplatz reprezentujemy pasj\u0119 i entuzjazm. Nie chcemy po prostu sprzeda\u0107 klientowi miejsca parkingowego na lotnisku, ale raczej stworzy\u0107 &#8222;do\u015bwiadczenie parkingowe&#8221;.<\/p>\n<p>Jeste\u015bmy bardzo dobrzy w tym co robimy! Nasze wieloletnie do\u015bwiadczenie procentuje. Nasi pracownicy s\u0105 w zespole od wielu lat i ka\u017cdy z nas zna sw\u00f3j zakres obowi\u0105zk\u00f3w jak w\u0142asn\u0105 kiesze\u0144. Jeste\u015bmy zespo\u0142em, kt\u00f3ry nigdy nie odpoczywa, zawsze pracuje nad ulepszeniem produktu &#8222;parking&#8221;, aby zaoferowa\u0107 Pa\u0144stwu, naszym klientom, wyj\u0105tkowe do\u015bwiadczenia zwi\u0105zane z parkowaniem.<\/p>\n<p>Naszym celem jest, aby zdj\u0105\u0107 jedno zmartwienie z umys\u0142u podr\u00f3\u017cnika! Wiele os\u00f3b nie wie, gdzie zostawi\u0107 samoch\u00f3d podczas podr\u00f3\u017cy i jak dotrze\u0107 na lotnisko i z powrotem bez stresu. My zabieramy te my\u015bli z dala od naszych klient\u00f3w. Przechowujemy samoch\u00f3d bezpiecznie i strze\u017cony na naszym parkingu lotniskowym, zawozimy naszych klient\u00f3w na lotnisko bezp\u0142atnym busem i odbieramy ich stamt\u0105d, aby mogli rozpocz\u0105\u0107 podr\u00f3\u017c do domu. Jeszcze wi\u0119cej ekskluzywno\u015bci oferuje us\u0142uga Valet Service, w ramach kt\u00f3rej przekazanie pojazdu odbywa si\u0119 bezpo\u015brednio na lotnisku. Rezerwacji parkingu mo\u017cna dokona\u0107 online, dzwoni\u0105c pod numer serwisowy 0049 30 66 40 40 99 lub wysy\u0142aj\u0105c e-mail na adres buchung@dein-stellplatz.de.<\/p>\n<p>A we wszystkim, co robimy dla naszych klient\u00f3w, jeste\u015bmy przede wszystkim UNIKALNI!<\/p>\n<p>&nbsp;<\/p>\n<h3>Program pomocy Dein Stellplatz dla odbiorc\u00f3w biuletynu<\/h3>\n<p>Jako klient Dein Stellplatz otrzymujesz jeszcze wi\u0119cej atrakcyjnych korzy\u015bci. Na przyk\u0142ad mog\u0105 Pa\u0144stwo skorzysta\u0107 z kod\u00f3w voucherowych na rezerwacj\u0119 miejsca parkingowego lub z przydatnych wskaz\u00f3wek dotycz\u0105cych parkowania na lotnisku.<\/p>\n<p>Zapisz si\u0119 do naszego newslettera ju\u017c teraz!<\/p>\n<p>Masz pytania? <a href=\"https:\/\/www.dein-stellplatz.de\/pl\/haeufige-fragen\/\">Napisz do nas: Info@dein-stellplatz.de<\/a><\/p>","protected":false},"excerpt":{"rendered":"<p>Bior\u0105c pod uwag\u0119 wysokie op\u0142aty za parkowanie na lotnisku, wielu podr\u00f3\u017cnych szuka darmowej alternatywy dla drogiego parkowania na parkingu lotniskowym.\u00a0To sk\u0142ania wielu podr\u00f3\u017cnych do zaoszcz\u0119dzenia na op\u0142atach parkingowych i skorzystania z parking\u00f3w P+R lub zaparkowania samochodu w pobliskiej dzielnicy mieszkalnej. &nbsp; Czy tak nale\u017cy post\u0105pi\u0107? Jednak wa\u017cnym aspektem przy parkowaniu na lotnisku powinna by\u0107 nie [&hellip;]<\/p>\n","protected":false},"author":1,"featured_media":22754,"parent":0,"menu_order":208,"comment_status":"closed","ping_status":"closed","template":"","meta":{"footnotes":""},"_links":{"self":[{"href":"https:\/\/www.dein-stellplatz.de\/pl\/wp-json\/wp\/v2\/pages\/7153"}],"collection":[{"href":"https:\/\/www.dein-stellplatz.de\/pl\/wp-json\/wp\/v2\/pages"}],"about":[{"href":"https:\/\/www.dein-stellplatz.de\/pl\/wp-json\/wp\/v2\/types\/page"}],"author":[{"embeddable":true,"href":"https:\/\/www.dein-stellplatz.de\/pl\/wp-json\/wp\/v2\/users\/1"}],"replies":[{"embeddable":true,"href":"https:\/\/www.dein-stellplatz.de\/pl\/wp-json\/wp\/v2\/comments?post=7153"}],"version-history":[{"count":70,"href":"https:\/\/www.dein-stellplatz.de\/pl\/wp-json\/wp\/v2\/pages\/7153\/revisions"}],"predecessor-version":[{"id":22776,"href":"https:\/\/www.dein-stellplatz.de\/pl\/wp-json\/wp\/v2\/pages\/7153\/revisions\/22776"}],"wp:featuredmedia":[{"embeddable":true,"href":"https:\/\/www.dein-stellplatz.de\/pl\/wp-json\/wp\/v2\/media\/22754"}],"wp:attachment":[{"href":"https:\/\/www.dein-stellplatz.de\/pl\/wp-json\/wp\/v2\/media?parent=7153"}],"curies":[{"name":"wp","href":"https:\/\/api.w.org\/{rel}","templated":true}]}}