{"id":5503,"date":"2020-08-10T14:50:33","date_gmt":"2020-08-10T12:50:33","guid":{"rendered":"https:\/\/www.dein-stellplatz.de\/impressum-2\/"},"modified":"2025-03-31T22:57:16","modified_gmt":"2025-03-31T20:57:16","slug":"corona","status":"publish","type":"page","link":"https:\/\/www.dein-stellplatz.de\/pl\/corona\/","title":{"rendered":"Nasza odpowied\u017a na Corona &#8211; COVID-19"},"content":{"rendered":"<!-- wp:paragraph --><!-- \/wp:paragraph -->\r\n<p>Zdajemy sobie spraw\u0119, \u017ce dla wszystkich naszych go\u015bci parking na lotnisku jest punktem pocz\u0105tkowym i ko\u0144cowym podr\u00f3\u017cy, i jeste\u015bmy \u015bwiadomi znaczenia naszej roli, zw\u0142aszcza w obliczu sytuacji zwi\u0105zanej z koronawirusem (COVID-19). Chcieliby\u015bmy skorzysta\u0107 z okazji i poinformowa\u0107 Pa\u0144stwa o krokach, jakie podejmujemy w celu ochrony naszej parkingowej rodziny &#8211; zar\u00f3wno go\u015bci, jak i personelu &#8211; aby zapewni\u0107, \u017ce Pa\u0144stwa podr\u00f3\u017c przebiegnie jak najsprawniej.<\/p>\r\n<div class=\"wp-block-group\">\r\n<div class=\"wp-block-group__inner-container\">\r\n<p>Chcemy, aby\u015bcie wiedzieli, \u017ce zdrowie i bezpiecze\u0144stwo naszych go\u015bci i pracownik\u00f3w jest najwa\u017cniejsze we wszystkich naszych decyzjach. Ta strona b\u0119dzie w razie potrzeby aktualizowana w miar\u0119 pojawiania si\u0119 nowych informacji. O przepisach dotycz\u0105cych korony na lotniskach Tegel i Schoenefeld informowali\u015bmy we wpisie na naszym blogu.<\/p>\r\n<p>Z g\u00f3ry dzi\u0119kujemy za cierpliwo\u015b\u0107 i wyrozumia\u0142o\u015b\u0107 w tym wyj\u0105tkowym okresie podr\u00f3\u017cy!<\/p>\r\n<p>&nbsp;<\/p>\r\n<h3>Zalecenia w\u0142adz<\/h3>\r\n<p>Uwa\u017cnie monitorujemy sytuacj\u0119 i post\u0119pujemy zgodnie z propozycjami i wytycznymi Instytutu Roberta Kocha (RKI) oraz \u015awiatowej Organizacji Zdrowia (WHO). Czysto\u015b\u0107 naszych obiekt\u00f3w i pojazd\u00f3w zawsze by\u0142a dla nas priorytetem. Wiemy, \u017ce jest to wa\u017cniejsze ni\u017c kiedykolwiek wcze\u015bniej, dlatego nasze lokalne zespo\u0142y zaostrzy\u0142y procedury sanitarne i procedury czyszczenia wszystkich naszych pojazd\u00f3w, sprz\u0119tu i miejsc o du\u017cym nat\u0119\u017ceniu ruchu klient\u00f3w. Ponadto nasz zesp\u00f3\u0142 dok\u0142ada wszelkich stara\u0144, aby zapewni\u0107 wszystkim pasa\u017cerom bus\u00f3w i pracownikom obiekt\u00f3w produkty antybakteryjne.<\/p>\r\n<p>Powo\u0142ali\u015bmy wielofunkcyjny zesp\u00f3\u0142 reagowania, kt\u00f3rego zadaniem jest koordynacja szybkich reakcji w ca\u0142ej naszej organizacji, zar\u00f3wno w celu zaspokojenia potrzeb go\u015bci, jak i szybkiego reagowania na t\u0119 szybko zmieniaj\u0105c\u0105 si\u0119 sytuacj\u0119.<\/p>\r\n<p>Nasi pracownicy s\u0105 w centrum naszej dzia\u0142alno\u015bci, a ich dobre samopoczucie zawsze b\u0119dzie dla nas najwy\u017cszym priorytetem. Przypominamy naszym zespo\u0142om, aby przestrzega\u0142y najlepszych praktyk w\u0142adz sanitarnych i zach\u0119camy wszystkich do dbania o siebie, a tak\u017ce do pozostania w domu, gdy czuj\u0105 si\u0119 \u017ale.<\/p>\r\n<p>&nbsp;<\/p>\r\n<h3>Ca\u0142y nasz zesp\u00f3\u0142 parkingowych jest tu po to, by wspiera\u0107 Was w tym czasie!<\/h3>\r\n<p>Zesp\u00f3\u0142. Ludzie. S\u0142u\u017cba. To jest to, co nas wyr\u00f3\u017cnia i na tym b\u0119dziemy si\u0119 nadal koncentrowa\u0107.<\/p>\r\n<p>&nbsp;<\/p>\r\n<h3>Czyszczenie i dezynfekcja naszych obiekt\u00f3w<\/h3>\r\n<p>Chcieliby\u015bmy poinformowa\u0107 Ci\u0119 o dzia\u0142aniach, kt\u00f3re podejmujemy w celu ochrony naszej parkingowej rodziny &#8211; zar\u00f3wno go\u015bci, jak i pracownik\u00f3w &#8211; aby Twoja podr\u00f3\u017c przebiega\u0142a jak najlepiej.<\/p>\r\n<p><strong>Godziny otwarcia:<\/strong><\/p>\r\n<p>W zwi\u0105zku ze zmniejszaj\u0105cym si\u0119 popytem na podr\u00f3\u017ce, w niekt\u00f3rych naszych lokalizacjach tymczasowo skonsolidujemy dzia\u0142alno\u015b\u0107. Prosimy o odwiedzanie stron naszych plac\u00f3wek w celu sprawdzenia stanu dost\u0119pno\u015bci. Wszystkie plac\u00f3wki, kt\u00f3re pozostan\u0105 otwarte, b\u0119d\u0105 nadal dzia\u0142a\u0107 przez ca\u0142\u0105 dob\u0119.<\/p>\r\n<p>Mamy nadziej\u0119, \u017ce wkr\u00f3tce ponownie otworzymy wszystkie lokalizacje!<\/p>\r\n<p><strong>Elastyczno\u015b\u0107 rezerwacji:<\/strong><\/p>\r\nDein Stellplatz z dum\u0105 oferuje podr\u00f3\u017cnym r\u00f3\u017cne opcje rezerwacji. Im d\u0142u\u017cszy pobyt i im wcze\u015bniejsza rezerwacja, tym lepsza oferta. Aby skorzysta\u0107 z elastyczno\u015bci polegaj\u0105cej na braku op\u0142at za anulowanie lub zmian\u0119 rezerwacji, go\u015bcie mog\u0105 r\u00f3wnie\u017c zarezerwowa\u0107 Pakiet Ochronny All Inclusive. W przypadku rezerwacji op\u0142aconej p\u00f3\u017aniej, nadal oszcz\u0119dzasz na naszych i tak niskich stawkach, a tak\u017ce masz mo\u017cliwo\u015b\u0107 bezp\u0142atnego anulowania rezerwacji do 24 godzin przed przyjazdem.<br \/>\r\n<p><strong>Transfery:<\/strong><\/p>\r\n<p>Transfery kursuj\u0105 co godzin\u0119 lub co p\u00f3\u0142 godziny (np. o 5:00 i 5:30) z naszych boisk na lotnisko. Po powrocie do domu z podr\u00f3\u017cy nale\u017cy zadzwoni\u0107 do miejsca, w kt\u00f3rym zaparkowa\u0142e\u015b, aby zosta\u0107 odebranym z lotniska.<\/p>\r\n<p>Ju\u017c od 10 lat Twoje boisko jest dla Ciebie obietnic\u0105. W naszych lokalizacjach pracujemy nad zapewnieniem bezpiecznego, wydajnego i ekonomicznego sposobu parkowania w pobli\u017cu lotnisk. Zobowi\u0105zanie to pozostaje silne w obliczu kryzysu zwi\u0105zanego z programem COVID 19. Dlatego te\u017c wprowadzili\u015bmy szereg \u015brodk\u00f3w bezpiecze\u0144stwa w naszych obiektach. Obejmuj\u0105 one:<\/p>\r\n<!-- \/wp:paragraph --><\/div>\r\n<\/div>\r\n<!-- \/wp:group -->\r\n<p>&nbsp;<\/p>\r\n<!-- wp:list -->\r\n<ul>\r\n<li>Bezpiecze\u0144stwo pracownik\u00f3w i go\u015bci<\/li>\r\n<li>Wszyscy pracownicy w naszych obiektach musz\u0105 nosi\u0107 maski.<\/li>\r\n<li>Go\u015bci zach\u0119camy do przestrzegania wszystkich zalece\u0144 RKI dotycz\u0105cych podr\u00f3\u017cowania i noszenia maski ochronnej podczas parkowania u nas<\/li>\r\n<li>Na terenie naszych zak\u0142ad\u00f3w i w naszych transporterach pracownicy i go\u015bcie maj\u0105 do dyspozycji \u015brodki do dezynfekcji r\u0105k.<\/li>\r\n<li>Procedury czyszczenia i dezynfekcji w transporterach<\/li>\r\n<li>Wprowadzili\u015bmy procedury codziennego sprz\u0105tania wszystkich bus\u00f3w i miejsc o du\u017cym nat\u0119\u017ceniu ruchu.<\/li>\r\n<li>Dystans spo\u0142eczny<\/li>\r\n<li>W naszych busach promujemy dystans spo\u0142eczny<\/li>\r\n<li>Nasi kierowcy nadal s\u0105 do Twojej dyspozycji i ch\u0119tnie pomog\u0105 Ci bezpiecznie zabra\u0107 baga\u017c, je\u015bli sobie tego \u017cyczysz<\/li>\r\n<\/ul>\r\n<!-- \/wp:list -->\r\n<p>&nbsp;<\/p>\r\n<!-- wp:paragraph -->\r\n<p>Aby zapewni\u0107 pe\u0142n\u0105 zgodno\u015b\u0107 z tymi inicjatywami, wprowadzili\u015bmy nowe programy szkoleniowe dla wszystkich naszych pracownik\u00f3w.<\/p>\r\n<!-- \/wp:paragraph -->\r\n<p>&nbsp;<\/p>\r\n<!-- wp:paragraph -->\r\n<p>W sezonie letnim Dein Stellplatz pragnie z g\u00f3ry podzi\u0119kowa\u0107 wszystkim naszym go\u015bciom za cierpliwo\u015b\u0107 i wyrozumia\u0142o\u015b\u0107, poniewa\u017c w naszych obiektach i na naszych wahad\u0142owcach stosujemy zasad\u0119 odpowiedzialnego fizycznego dystansu, ograniczaj\u0105c przepustowo\u015b\u0107 wahad\u0142owc\u00f3w. Poniewa\u017c na terenie lotnisk Tegel i Sch\u00f6nefeld obowi\u0105zuje r\u00f3wnie\u017c ochrona twarzy, prosimy wszystkich go\u015bci o noszenie masek podczas jazdy naszymi busami. Mo\u017cemy by\u0107 zmuszeni do odmowy przyj\u0119cia go\u015bci, kt\u00f3rzy nie przestrzegaj\u0105 nakaz\u00f3w lub przepis\u00f3w pa\u0144stwowych. Dzi\u0119kujemy za ochron\u0119 siebie i innych i cieszymy si\u0119, \u017ce wkr\u00f3tce zn\u00f3w si\u0119 spotkamy!<\/p>\r\n<!-- \/wp:paragraph -->\r\n<p>&nbsp;<\/p>\r\n<!-- wp:heading -->\r\n<h3>Ochrona masek<\/h3>\r\n<!-- \/wp:heading -->\r\n<p>&nbsp;<\/p>\r\n<!-- wp:paragraph -->\r\n<p>Zgodnie z najnowszymi zaleceniami Instytutu Roberta Kocha (RKI), Pa\u0144stwa boisko musi teraz wymaga\u0107 od wszystkich go\u015bci noszenia masek lub ochrony twarzy podczas podr\u00f3\u017cy naszymi promami.<\/p>\r\n<!-- \/wp:paragraph -->\r\n<p>&nbsp;<\/p>\r\n<!-- wp:paragraph -->\r\n<p>Je\u015bli zapomnia\u0142e\u015b swojej maski, nie martw si\u0119: zadbali\u015bmy o Ciebie! W naszych autobusach b\u0119dzie dost\u0119pna ograniczona liczba bezp\u0142atnych masek. W ten spos\u00f3b mo\u017cesz chroni\u0107 siebie i innych, a wszyscy nasi go\u015bcie mog\u0105 czu\u0107 si\u0119 bezpiecznie i komfortowo w naszych \u015brodkach transportu.<\/p>\r\n<!-- \/wp:paragraph -->\r\n<p>&nbsp;<\/p>\r\n<!-- wp:paragraph -->\r\n<p>Dzi\u0119kujemy za pomoc i wsp\u00f3\u0142prac\u0119 i czekamy na Ciebie wkr\u00f3tce!<\/p>\r\n<!-- \/wp:paragraph -->\r\n<p>&nbsp;<\/p>\r\n<!-- wp:paragraph --><!-- \/wp:paragraph -->\r\n<p>&nbsp;<\/p>\r\n<!-- wp:paragraph --><!-- \/wp:paragraph -->\r\n<p>&nbsp;<\/p>\r\n<!-- wp:paragraph --><!-- \/wp:paragraph -->\r\n<p>&nbsp;<\/p>","protected":false},"excerpt":{"rendered":"<p>Zdajemy sobie spraw\u0119, \u017ce dla wszystkich naszych go\u015bci parking na lotnisku jest punktem pocz\u0105tkowym i ko\u0144cowym podr\u00f3\u017cy, i jeste\u015bmy \u015bwiadomi znaczenia naszej roli, zw\u0142aszcza w obliczu sytuacji zwi\u0105zanej z koronawirusem (COVID-19). Chcieliby\u015bmy skorzysta\u0107 z okazji i poinformowa\u0107 Pa\u0144stwa o krokach, jakie podejmujemy w celu ochrony naszej parkingowej rodziny &#8211; zar\u00f3wno go\u015bci, jak i personelu &#8211; [&hellip;]<\/p>\n","protected":false},"author":1,"featured_media":0,"parent":0,"menu_order":228,"comment_status":"closed","ping_status":"closed","template":"","meta":{"footnotes":""},"_links":{"self":[{"href":"https:\/\/www.dein-stellplatz.de\/pl\/wp-json\/wp\/v2\/pages\/5503"}],"collection":[{"href":"https:\/\/www.dein-stellplatz.de\/pl\/wp-json\/wp\/v2\/pages"}],"about":[{"href":"https:\/\/www.dein-stellplatz.de\/pl\/wp-json\/wp\/v2\/types\/page"}],"author":[{"embeddable":true,"href":"https:\/\/www.dein-stellplatz.de\/pl\/wp-json\/wp\/v2\/users\/1"}],"replies":[{"embeddable":true,"href":"https:\/\/www.dein-stellplatz.de\/pl\/wp-json\/wp\/v2\/comments?post=5503"}],"version-history":[{"count":42,"href":"https:\/\/www.dein-stellplatz.de\/pl\/wp-json\/wp\/v2\/pages\/5503\/revisions"}],"predecessor-version":[{"id":10807,"href":"https:\/\/www.dein-stellplatz.de\/pl\/wp-json\/wp\/v2\/pages\/5503\/revisions\/10807"}],"wp:attachment":[{"href":"https:\/\/www.dein-stellplatz.de\/pl\/wp-json\/wp\/v2\/media?parent=5503"}],"curies":[{"name":"wp","href":"https:\/\/api.w.org\/{rel}","templated":true}]}}