{"id":48,"date":"2016-10-25T13:36:03","date_gmt":"2016-10-25T11:36:03","guid":{"rendered":"https:\/\/www.dein-stellplatz.de\/?page_id=48"},"modified":"2025-03-31T22:57:13","modified_gmt":"2025-03-31T20:57:13","slug":"unternehmen","status":"publish","type":"page","link":"https:\/\/www.dein-stellplatz.de\/pl\/unternehmen\/","title":{"rendered":"Firma"},"content":{"rendered":"<p><\/span><\/span><\/p>\n<h2><span style=\"color: #003366;\">WITAMY W DEIN STELLPLATZ<\/span><\/h2>\n<p><span style=\"color: #003366;\">Dla nas parkowanie oznacza wi\u0119cej ni\u017c tylko odstawienie samochodu. Od 2009 roku reprezentujemy fascinuj\u0105ce prze\u017cycie parkowania oraz rozwi\u0105zanie problem\u00f3w na miar\u0119. Intelligentne produkty, premium autobusy bezp\u0142atne i bezkonkurencijny serwis dla klienta umo\u017cliwiaj\u0105 najlepsze parkowanie w pobli\u017cu lotniska. Oferujemy atrakcyjne oferty z kt\u0107rymi szukanie parkingu ko\u0142o lotniska <\/span><span style=\"color: #003366;\">Berlin Brandenburg, rezerwacja miejsca postojowego i zap\u0142acenie s\u0105 \u0142atwiejsze i komfortowe jak nigdy.<\/span><\/p>\n<p><span style=\"color: #003366;\">Czy to parking wielopoziomowy albo miejsce parkingowy &#8211; 4 lokalizacji, ca\u0142odobowo, ka\u017cdego dnia w roku &#8211; pierwszorz\u0119dna obs\u0142uga z serwisem dostosowanym do potrzeb klienta.<\/span><\/p>\n<p><strong>Niezale\u017cnie od wielu zalet, jakie oferujemy naszym klientom, w Dein Stellplatz nadal stawiamy na indywidualn\u0105 obs\u0142ug\u0119! Wiele rzeczy jest zautomatyzowanych, oszcz\u0119dza si\u0119 personel. <\/strong><\/p>\n<p><strong>ALE NIE U NAS!\u00a0<\/strong><strong>Chcemy nadal oferowa\u0107 naszym klientom bardzo osobiste do\u015bwiadczenia zwi\u0105zane z parkowaniem i pozosta\u0107 blisko ludzi! <\/strong><\/p>\n<p><span style=\"color: #003366;\">Twoje miejsce parkingowe: Ze stylem do celu!<\/span><\/p>","protected":false},"excerpt":{"rendered":"<p>WITAMY W DEIN STELLPLATZ Dla nas parkowanie oznacza wi\u0119cej ni\u017c tylko odstawienie samochodu. Od 2009 roku reprezentujemy fascinuj\u0105ce prze\u017cycie parkowania oraz rozwi\u0105zanie problem\u00f3w na miar\u0119. Intelligentne produkty, premium autobusy bezp\u0142atne i bezkonkurencijny serwis dla klienta umo\u017cliwiaj\u0105 najlepsze parkowanie w pobli\u017cu lotniska. Oferujemy atrakcyjne oferty z kt\u0107rymi szukanie parkingu ko\u0142o lotniska Berlin Brandenburg, rezerwacja miejsca postojowego [&hellip;]<\/p>\n","protected":false},"author":1,"featured_media":0,"parent":0,"menu_order":86,"comment_status":"closed","ping_status":"closed","template":"unternehmen.php","meta":{"footnotes":""},"_links":{"self":[{"href":"https:\/\/www.dein-stellplatz.de\/pl\/wp-json\/wp\/v2\/pages\/48"}],"collection":[{"href":"https:\/\/www.dein-stellplatz.de\/pl\/wp-json\/wp\/v2\/pages"}],"about":[{"href":"https:\/\/www.dein-stellplatz.de\/pl\/wp-json\/wp\/v2\/types\/page"}],"author":[{"embeddable":true,"href":"https:\/\/www.dein-stellplatz.de\/pl\/wp-json\/wp\/v2\/users\/1"}],"replies":[{"embeddable":true,"href":"https:\/\/www.dein-stellplatz.de\/pl\/wp-json\/wp\/v2\/comments?post=48"}],"version-history":[{"count":25,"href":"https:\/\/www.dein-stellplatz.de\/pl\/wp-json\/wp\/v2\/pages\/48\/revisions"}],"predecessor-version":[{"id":15390,"href":"https:\/\/www.dein-stellplatz.de\/pl\/wp-json\/wp\/v2\/pages\/48\/revisions\/15390"}],"wp:attachment":[{"href":"https:\/\/www.dein-stellplatz.de\/pl\/wp-json\/wp\/v2\/media?parent=48"}],"curies":[{"name":"wp","href":"https:\/\/api.w.org\/{rel}","templated":true}]}}