{"id":476,"date":"2017-05-11T09:51:28","date_gmt":"2017-05-11T07:51:28","guid":{"rendered":"https:\/\/www.dein-stellplatz.de\/?page_id=476"},"modified":"2025-03-31T22:57:13","modified_gmt":"2025-03-31T20:57:13","slug":"vielen-dank-fuer-deine-newsletteranmeldung","status":"publish","type":"page","link":"https:\/\/www.dein-stellplatz.de\/pl\/vielen-dank-fuer-deine-newsletteranmeldung\/","title":{"rendered":"Dzi\u0119kujemy bardzo za subskrypcj\u0119 newslettera!"},"content":{"rendered":"<p><strong>Witamy w rodzinie Dein Stellplatz!<\/strong><\/p>\n<p>Dzi\u0119kujemy za zapisanie si\u0119 do newslettera Dein-Stellplatz i za zaufanie! Cieszymy si\u0119, \u017ce wyrazili\u015bcie Pa\u0144stwo zgod\u0119 na reklam\u0119 drog\u0105 elektroniczn\u0105.<\/p>\n<p>W ka\u017cdej chwili mog\u0105 Pa\u0144stwo odwo\u0142a\u0107 swoj\u0105 zgod\u0119 poprzez e-mail lub link w newsletterze.<\/p>","protected":false},"excerpt":{"rendered":"<p>Witamy w rodzinie Dein Stellplatz! Dzi\u0119kujemy za zapisanie si\u0119 do newslettera Dein-Stellplatz i za zaufanie! Cieszymy si\u0119, \u017ce wyrazili\u015bcie Pa\u0144stwo zgod\u0119 na reklam\u0119 drog\u0105 elektroniczn\u0105. W ka\u017cdej chwili mog\u0105 Pa\u0144stwo odwo\u0142a\u0107 swoj\u0105 zgod\u0119 poprzez e-mail lub link w newsletterze.<\/p>\n","protected":false},"author":1,"featured_media":0,"parent":0,"menu_order":89,"comment_status":"closed","ping_status":"closed","template":"","meta":{"footnotes":""},"_links":{"self":[{"href":"https:\/\/www.dein-stellplatz.de\/pl\/wp-json\/wp\/v2\/pages\/476"}],"collection":[{"href":"https:\/\/www.dein-stellplatz.de\/pl\/wp-json\/wp\/v2\/pages"}],"about":[{"href":"https:\/\/www.dein-stellplatz.de\/pl\/wp-json\/wp\/v2\/types\/page"}],"author":[{"embeddable":true,"href":"https:\/\/www.dein-stellplatz.de\/pl\/wp-json\/wp\/v2\/users\/1"}],"replies":[{"embeddable":true,"href":"https:\/\/www.dein-stellplatz.de\/pl\/wp-json\/wp\/v2\/comments?post=476"}],"version-history":[{"count":9,"href":"https:\/\/www.dein-stellplatz.de\/pl\/wp-json\/wp\/v2\/pages\/476\/revisions"}],"predecessor-version":[{"id":12789,"href":"https:\/\/www.dein-stellplatz.de\/pl\/wp-json\/wp\/v2\/pages\/476\/revisions\/12789"}],"wp:attachment":[{"href":"https:\/\/www.dein-stellplatz.de\/pl\/wp-json\/wp\/v2\/media?parent=476"}],"curies":[{"name":"wp","href":"https:\/\/api.w.org\/{rel}","templated":true}]}}