{"id":37,"date":"2016-10-25T13:14:41","date_gmt":"2016-10-25T11:14:41","guid":{"rendered":"https:\/\/www.dein-stellplatz.de\/?page_id=37"},"modified":"2025-03-31T22:57:13","modified_gmt":"2025-03-31T20:57:13","slug":"widerrufsbelehrung","status":"publish","type":"page","link":"https:\/\/www.dein-stellplatz.de\/pl\/widerrufsbelehrung\/","title":{"rendered":"Pouczenie o prawie odst\u0105pienia od umowy"},"content":{"rendered":"<p><span style=\"color: #003366;\">Ustawowe prawo konsument\u00f3w do odst\u0105pienia od umowy jest wy\u0142\u0105czone, poniewa\u017c rezerwacja miejsca parkingowego dotyczy okre\u015blonego okresu (\u00a7 312g ust. 2 nr 9 BGB).<\/span><\/p>","protected":false},"excerpt":{"rendered":"<p>Ustawowe prawo konsument\u00f3w do odst\u0105pienia od umowy jest wy\u0142\u0105czone, poniewa\u017c rezerwacja miejsca parkingowego dotyczy okre\u015blonego okresu (\u00a7 312g ust. 2 nr 9 BGB).<\/p>\n","protected":false},"author":1,"featured_media":0,"parent":0,"menu_order":92,"comment_status":"closed","ping_status":"closed","template":"","meta":{"footnotes":""},"_links":{"self":[{"href":"https:\/\/www.dein-stellplatz.de\/pl\/wp-json\/wp\/v2\/pages\/37"}],"collection":[{"href":"https:\/\/www.dein-stellplatz.de\/pl\/wp-json\/wp\/v2\/pages"}],"about":[{"href":"https:\/\/www.dein-stellplatz.de\/pl\/wp-json\/wp\/v2\/types\/page"}],"author":[{"embeddable":true,"href":"https:\/\/www.dein-stellplatz.de\/pl\/wp-json\/wp\/v2\/users\/1"}],"replies":[{"embeddable":true,"href":"https:\/\/www.dein-stellplatz.de\/pl\/wp-json\/wp\/v2\/comments?post=37"}],"version-history":[{"count":28,"href":"https:\/\/www.dein-stellplatz.de\/pl\/wp-json\/wp\/v2\/pages\/37\/revisions"}],"predecessor-version":[{"id":16030,"href":"https:\/\/www.dein-stellplatz.de\/pl\/wp-json\/wp\/v2\/pages\/37\/revisions\/16030"}],"wp:attachment":[{"href":"https:\/\/www.dein-stellplatz.de\/pl\/wp-json\/wp\/v2\/media?parent=37"}],"curies":[{"name":"wp","href":"https:\/\/api.w.org\/{rel}","templated":true}]}}