{"id":33,"date":"2016-10-25T13:14:19","date_gmt":"2016-10-25T11:14:19","guid":{"rendered":"https:\/\/www.dein-stellplatz.de\/?page_id=33"},"modified":"2025-03-31T22:57:15","modified_gmt":"2025-03-31T20:57:15","slug":"haeufige-fragen","status":"publish","type":"page","link":"https:\/\/www.dein-stellplatz.de\/pl\/haeufige-fragen\/","title":{"rendered":"Cz\u0119sto zadawane pytania"},"content":{"rendered":"<p><\/p>\n<h2><span style=\"color: #003366;\">TWOJE PYTANIE NIE ZOSTA\u0141O ROZWI\u0104ZANE?<\/span><\/h2>\n<p><span style=\"color: #003366;\"><span id=\"E1150\" class=\"qowt-font1-Calibri\">Wy\u015blij<\/span><span id=\"E1152\" class=\"qowt-font1-Calibri\"> <\/span><span id=\"E1154\" class=\"qowt-font1-Calibri\">nam<\/span><span id=\"E1156\" class=\"qowt-font1-Calibri\"> <\/span><span id=\"E1158\" class=\"qowt-font1-Calibri\">e-mail<\/span><span id=\"E1160\" class=\"qowt-font1-Calibri\"> na <\/span><span id=\"E1162\" class=\"qowt-font1-Calibri\">adres<\/span><span id=\"E1164\" class=\"qowt-font1-Calibri\"> info@dein-stellplatz.de <\/span><span id=\"E1166\" class=\"qowt-font1-Calibri\">lub<\/span><span id=\"E1168\" class=\"qowt-font1-Calibri\"> <\/span><span id=\"E1170\" class=\"qowt-font1-Calibri\">skorzystaj<\/span><span id=\"E1172\" class=\"qowt-font1-Calibri\"> z <\/span><span id=\"E1174\" class=\"qowt-font1-Calibri\">formularza<\/span><span id=\"E1176\" class=\"qowt-font1-Calibri\"> <\/span><span id=\"E1178\" class=\"qowt-font1-Calibri\">kontaktowego<\/span><span id=\"E1180\" class=\"qowt-font1-Calibri\">. <\/span><span id=\"E1182\" class=\"qowt-font1-Calibri\">Je\u015bli<\/span><span id=\"E1184\" class=\"qowt-font1-Calibri\"> <\/span><span id=\"E1186\" class=\"qowt-font1-Calibri\">Twoje<\/span><span id=\"E1188\" class=\"qowt-font1-Calibri\"> <\/span><span id=\"E1190\" class=\"qowt-font1-Calibri\">pytanie<\/span><span id=\"E1192\" class=\"qowt-font1-Calibri\"> <\/span><span id=\"E1194\" class=\"qowt-font1-Calibri\">dotyczy<\/span><span id=\"E1196\" class=\"qowt-font1-Calibri\"> <\/span><span id=\"E1198\" class=\"qowt-font1-Calibri\">istniej\u0105cej<\/span><span id=\"E1200\" class=\"qowt-font1-Calibri\"> <\/span><span id=\"E1202\" class=\"qowt-font1-Calibri\">rezerwacji<\/span><span id=\"E1204\" class=\"qowt-font1-Calibri\">, <\/span><span id=\"E1206\" class=\"qowt-font1-Calibri\">podaj<\/span><span id=\"E1208\" class=\"qowt-font1-Calibri\"> <\/span><span id=\"E1210\" class=\"qowt-font1-Calibri\">nam<\/span><span id=\"E1212\" class=\"qowt-font1-Calibri\"> <\/span><span id=\"E1214\" class=\"qowt-font1-Calibri\">sw\u00f3j<\/span><span id=\"E1216\" class=\"qowt-font1-Calibri\"> <\/span><span id=\"E1218\" class=\"qowt-font1-Calibri\">numer<\/span><span id=\"E1220\" class=\"qowt-font1-Calibri\"> <\/span><span id=\"E1222\" class=\"qowt-font1-Calibri\">rezerwacji<\/span><span id=\"E1224\" class=\"qowt-font1-Calibri\">. <\/span><span id=\"E1226\" class=\"qowt-font1-Calibri\">Przetworzymy<\/span><span id=\"E1228\" class=\"qowt-font1-Calibri\"> <\/span><span id=\"E1230\" class=\"qowt-font1-Calibri\">Twoje<\/span><span id=\"E1232\" class=\"qowt-font1-Calibri\"> <\/span><span id=\"E1234\" class=\"qowt-font1-Calibri\">zapytanie<\/span><span id=\"E1236\" class=\"qowt-font1-Calibri\"> <\/span><span id=\"E1238\" class=\"qowt-font1-Calibri\">tak<\/span><span id=\"E1240\" class=\"qowt-font1-Calibri\"> <\/span><span id=\"E1242\" class=\"qowt-font1-Calibri\">szybko<\/span><span id=\"E1244\" class=\"qowt-font1-Calibri\">, <\/span><span id=\"E1246\" class=\"qowt-font1-Calibri\">jak<\/span><span id=\"E1248\" class=\"qowt-font1-Calibri\"> <\/span><span id=\"E1250\" class=\"qowt-font1-Calibri\">mo\u017cliwe<\/span><\/span><span id=\"E1252\" class=\"qowt-font1-Calibri\"><\/span><\/p>","protected":false},"excerpt":{"rendered":"<p>TWOJE PYTANIE NIE ZOSTA\u0141O ROZWI\u0104ZANE? Wy\u015blij nam e-mail na adres info@dein-stellplatz.de lub skorzystaj z formularza kontaktowego. Je\u015bli Twoje pytanie dotyczy istniej\u0105cej rezerwacji, podaj nam sw\u00f3j numer rezerwacji. Przetworzymy Twoje zapytanie tak szybko, jak mo\u017cliwe<\/p>\n","protected":false},"author":1,"featured_media":0,"parent":0,"menu_order":177,"comment_status":"closed","ping_status":"closed","template":"faq.php","meta":{"footnotes":""},"_links":{"self":[{"href":"https:\/\/www.dein-stellplatz.de\/pl\/wp-json\/wp\/v2\/pages\/33"}],"collection":[{"href":"https:\/\/www.dein-stellplatz.de\/pl\/wp-json\/wp\/v2\/pages"}],"about":[{"href":"https:\/\/www.dein-stellplatz.de\/pl\/wp-json\/wp\/v2\/types\/page"}],"author":[{"embeddable":true,"href":"https:\/\/www.dein-stellplatz.de\/pl\/wp-json\/wp\/v2\/users\/1"}],"replies":[{"embeddable":true,"href":"https:\/\/www.dein-stellplatz.de\/pl\/wp-json\/wp\/v2\/comments?post=33"}],"version-history":[{"count":25,"href":"https:\/\/www.dein-stellplatz.de\/pl\/wp-json\/wp\/v2\/pages\/33\/revisions"}],"predecessor-version":[{"id":14130,"href":"https:\/\/www.dein-stellplatz.de\/pl\/wp-json\/wp\/v2\/pages\/33\/revisions\/14130"}],"wp:attachment":[{"href":"https:\/\/www.dein-stellplatz.de\/pl\/wp-json\/wp\/v2\/media?parent=33"}],"curies":[{"name":"wp","href":"https:\/\/api.w.org\/{rel}","templated":true}]}}