{"id":3135,"date":"2018-11-08T16:47:50","date_gmt":"2018-11-08T15:47:50","guid":{"rendered":"https:\/\/www.dein-stellplatz.de\/rundum-schutz-paket-2\/"},"modified":"2026-04-10T16:55:07","modified_gmt":"2026-04-10T14:55:07","slug":"deine-vorteile-fuer-komfortables-parken-am-flughafen","status":"publish","type":"page","link":"https:\/\/www.dein-stellplatz.de\/pl\/deine-vorteile-fuer-komfortables-parken-am-flughafen\/","title":{"rendered":"Dein Stellplatz \u2013 Twoje korzy\u015bci z wygodnego parkowania przy lotniskach!"},"content":{"rendered":"<p><\/p>\n<h3><span style=\"color: #003366;\"><strong>DEIN STELLPLATZ JEST SPECJALIST\u0104 OD PARKOWANIA NA LOTNISKU BERLIN BRANDENBURG BER.<\/strong><\/span><\/h3>\n<p><span style=\"color: #003366;\"><a style=\"color: #003366;\" href=\"https:\/\/www.dein-stellplatz.de\/wp-content\/uploads\/2020\/11\/Flughafen-Berlin-Brandenburg-BER-1-scaled.jpg\"><img decoding=\"async\" class=\"alignnone wp-image-5648 size-full\" src=\"https:\/\/www.dein-stellplatz.de\/wp-content\/uploads\/2020\/11\/Flughafen-Berlin-Brandenburg-BER-1-scaled.jpg\" alt=\"\" width=\"2560\" height=\"1920\" srcset=\"https:\/\/www.dein-stellplatz.de\/wp-content\/uploads\/2020\/11\/Flughafen-Berlin-Brandenburg-BER-1-scaled.jpg 1920w, https:\/\/www.dein-stellplatz.de\/wp-content\/uploads\/2020\/11\/Flughafen-Berlin-Brandenburg-BER-1-300x225.jpg 300w, https:\/\/www.dein-stellplatz.de\/wp-content\/uploads\/2020\/11\/Flughafen-Berlin-Brandenburg-BER-1-1024x768.jpg 1024w, https:\/\/www.dein-stellplatz.de\/wp-content\/uploads\/2020\/11\/Flughafen-Berlin-Brandenburg-BER-1-768x576.jpg 768w, https:\/\/www.dein-stellplatz.de\/wp-content\/uploads\/2020\/11\/Flughafen-Berlin-Brandenburg-BER-1-1536x1152.jpg 1536w, https:\/\/www.dein-stellplatz.de\/wp-content\/uploads\/2020\/11\/Flughafen-Berlin-Brandenburg-BER-1-2048x1536.jpg 2048w\" sizes=\"(max-width: 2560px) 100vw, 2560px\" \/><\/a><\/span><\/p>\n<p><span style=\"color: #003366;\">Ca\u0142y czas towarzyszymy Ci, daj\u0105c wyj\u0105tkowe poczucie, \u017ce b\u0119d\u0105c w podr\u00f3\u017cy masz dobrego partnera po swojej stronie, kt\u00f3ry zapewni komfort parkowania. Dzi\u0119ki nam b\u0119dziesz m\u00f3g\u0142 cieszy\u0107 si\u0119 swoj\u0105 podr\u00f3\u017c\u0105. Jeste\u015bmy w pewien spos\u00f3b w Twoim pobli\u017cu, \u017ceby\u015b Ty m\u00f3g\u0142 zapomnie\u0107 o codzienno\u015bci. Dlatego Twoje osobiste prze\u017cycia zwi\u0105zane z parkowaniem s\u0105 dla nas bardzo wa\u017cne. W zestawieniu z szerokim pakietem us\u0142ug mo\u017cesz na nas polega\u0107. Pomy\u015bleli\u015bmy o wszystkim, \u017ceby Tw\u00f3j <a style=\"color: #003366;\" href=\"https:\/\/www.dein-stellplatz.de\/\">parking przy lotniskach<\/a> by\u0142 w pobli\u017cu i \u017ceby jego cena pozosta\u0142a atrakcyjna.<\/span><\/p>\n<p><span style=\"color: #003366;\">Zakres naszej oferty jest inspiruj\u0105cy i bardzo szeroki. Czy chcia\u0142by\u015b parkowa\u0107 przy lotnisku Berlin Brandenburg BER bezpiecznie w zadaszonym parkingu wielopoziomowym lub przy lotnisku korzystaj\u0105c z naszego inspiruj\u0105cego serwisu, us\u0142ugi parkingowego tzw. Valet. Zaufaj do\u015bwiadczeniu Dein Stellplatz \u2013 parkowanie przy lotniskach Tegel i Sch\u00f6nefeld i spraw, \u017ceby Twoje osobiste prze\u017cycie zwi\u0105zane z parkowaniem by\u0142o przyjemnym pocz\u0105tkiem i zako\u0144czeniem Twojego zas\u0142u\u017conego urlopu. Przyjeched\u017a i doswiadcz wi\u0119cej. Korzystaj i odkrywaj wi\u0119cej.<\/span><\/p>\n<h3><span style=\"color: #003366;\"><strong>Dlaczego parkowa\u0107 u Dein Stellplatz?<\/strong><\/span><\/h3>\n<p><span style=\"color: #003366;\">Dein Stellplatz jest specjalist\u0105 od <a style=\"color: #003366;\" href=\"https:\/\/www.dein-stellplatz.de\/\">parkowania przy lotniskach<\/a>. \u0141\u0105czymy warto\u015bci takie jak pewno\u015b\u0107, niezawodno\u015b\u0107 i uprzejmo\u015b\u0107 wraz interesuj\u0105cymi produktami\u00a0 wok\u00f3\u0142 <a style=\"color: #003366;\" href=\"https:\/\/www.dein-stellplatz.de\/\">Airportparking<\/a>. Ju\u017c ponad 1,2 Mio. zadowolonych klient\u00f3w zaufa\u0142o Dein Stellplatz. Parkowanie i podr\u00f3\u017ce s\u0105 domen\u0105 du\u017cych berli\u0144skich firm, kt\u00f3re oferuj\u0105 miejsca parkingowe przy <a style=\"color: #003366;\" href=\"https:\/\/www.berlin-airport.de\/de\/index.php\">lotnisku Tegel<\/a> oraz <a style=\"color: #003366;\" href=\"https:\/\/www.berlin-airport.de\/de\/reisende-sxf\/index.php\">Sch\u00f6nefeld<\/a>. Sp\u00f3\u0142ka Dein Stellplatz powsta\u0142\u0105 w r oku 2008, a od roku 2010 jest stale rozwijaj\u0105cym si\u0119, innowacyjnym przedsi\u0119biorstwem, wiernym mottu: Praktyczne. Niedrogi. Parking.<\/span><\/p>\n<p><span style=\"color: #003366;\">Jako firma oferuj\u0105ca miejsca parkingowe chcieliby\u015bmy, \u017ceby\u015b zrelaksowany rozpocz\u0105\u0142 swoj\u0105 podr\u00f3\u017c, nie martwi\u0105c si\u0119 o bezpieczne przechowanie samochodu. Ju\u017c podczas rezerwacji, czasu przed, w trakcie i po podr\u00f3\u017cy. <a style=\"color: #003366;\" href=\"https:\/\/www.dein-stellplatz.de\/\">Zarezerwuj wygodnie online<\/a> z domu i korzystaj z do\u015bwiadczenia ekspert\u00f3w. Oferujemy parkowanie odpowiednio dopasowane do Twoich potrzeb, \u017ceby\u015b m\u00f3g\u0142 bez stresu rozpocz\u0105\u0107 podr\u00f3\u017c.<\/span><\/p>\n<p><span style=\"color: #003366;\">Twoje korzy\u015bci u Dein Stellplatz:<\/span><\/p>\n<p><span style=\"color: #003366;\">\u221a\u00a0 \u00a0Bezpieczna rezerwacja online dzi\u0119ki najwy\u017cszym wymaganiom dotycz\u0105cym <a style=\"color: #003366;\" href=\"https:\/\/www.dein-stellplatz.de\/datenschutz\/\">ochrony danych<\/a><\/span><\/p>\n<p><span style=\"color: #003366;\">\u221a\u00a0 \u00a0Ubezpieczenie zak\u0142adowe od odpowiedzialno\u015bci cywilnej dla bezpiecze\u0144stwa Twojego samochodu<\/span><\/p>\n<p><span style=\"color: #003366;\">\u221a\u00a0 \u00a0Ponad 1,2 Mio zadowolonych klient\u00f3w<\/span><\/p>\n<p><span style=\"color: #003366;\">\u221a\u00a0 \u00a0Masz wyb\u00f3r \u2013 parkuj na parkingach odkrytych i zadaszonych<\/span><\/p>\n<p><span style=\"color: #003366;\">\u221a\u00a0 \u00a0Co 2 lata nowe busy transferowe dla Twojego komfortu podczas bezp\u0142atnego transferu<\/span><\/p>\n<p><span style=\"color: #003366;\">\u221a\u00a0 \u00a0Obs\u0142uga klienta infolinia (Telefon) od poniedzia\u0142ku do pi\u0105tku 8-20 Uhr<\/span><\/p>\n<p><span style=\"color: #003366;\">\u221a\u00a0 \u00a0Online-Chat, \u017ceby najszybciej uzyska\u0107 odpowied\u017a<\/span><\/p>\n<p><span style=\"color: #003366;\">\u221a\u00a0 \u00a0Codziennie aktualna oferta<\/span><\/p>\n<p><span style=\"color: #003366;\">\u221a\u00a0 \u00a0Szczeg\u00f3lne warunki dla regularnie lataj\u0105cych i klient\u00f3w biznesowych<\/span><\/p>\n<p><span style=\"color: #003366;\">\u221a\u00a0 \u00a0Szczeg\u00f3\u0142owe informacje na naszym <a style=\"color: #003366;\" href=\"https:\/\/www.dein-stellplatz.de\/blog\/\">blogu<\/a><\/span><\/p>\n<p><span style=\"color: #003366;\">\u221a\u00a0 \u00a0Kompleksowo zabezpieczony podczas podr\u00f3\u017cy dzi\u0119ki <a style=\"color: #003366;\" href=\"https:\/\/www.dein-stellplatz.de\/rundum-schutz-paket\/\">Kompletnemu-Pakietowi-Ochronnemu<\/a><\/span><\/p>\n<h3><span style=\"color: #003366;\">Korzy\u015bci z poszczeg\u00f3lnych miejsc parkingowych<\/span><\/h3>\n<p><span style=\"color: #003366;\">Oto twoje korzy\u015bci: szersza oferta, wi\u0119cej z urlopu. Je\u015bli zaparkowa\u0142e\u015b samoch\u00f3d w Dein Stellplatz \u2013 parkowanie przy lotniskach, mo\u017cesz liczy\u0107 na wiele atrakcyjnych korzy\u015bci. Zapewnisz sobie konkretne zyski przez oszcz\u0119dzanie i korzystanie z atrakcyjnych ofert, kt\u00f3re w swoim zakresie s\u0105 \u201eniezliczone\u201c.<\/span><\/p>\n<p><span style=\"color: #003366;\">Planuj\u0105c podr\u00f3\u017c trzeba pomy\u015ble\u0107 o tak wielu rzeczach. Dobrze, \u017ce my ju\u017c wcze\u015bniej wiele rzeczy przemy\u015bleli\u015bmy.\u00a0 Je\u015bli chodzi o nasze produkty parkingowe od pocz\u0105tku ju\u017c por\u00f3wnuj\u0105c ceny i zakres us\u0142ug, jeste\u015bmy na prowadzeniu. Wyb\u00f3r czyni parkowanie przy lotniskach jeszcze atrakcyjniejszym.<\/span><\/p>\n<p><span style=\"color: #003366;\">Firma Dein Stellplatz jest dla lotnisk Berlin Brandenburg wy\u0142\u0105cznym partnerem<a style=\"color: #003366;\" href=\"https:\/\/www.ich-parke-billiger.de\/\">ICH-PARKE-BILLIGER<\/a>, portalu por\u00f3wnuj\u0105cego dla miejsc parkingowych przy lotniskach. Tutaj znajdziesz niedrogie i pewne firmy oferuj\u0105ce miejsca parkingowe dla lotnisk <a style=\"color: #003366;\" href=\"https:\/\/www.ich-parke-billiger.de\/parken-flughafen-bremen-bre?von=&amp;bis=\">Bremen<\/a>, <a style=\"color: #003366;\" href=\"https:\/\/www.ich-parke-billiger.de\/parken-flughafen-dortmund-dtm?von=&amp;bis=\">Dortmund<\/a>, <a style=\"color: #003366;\" href=\"https:\/\/www.ich-parke-billiger.de\/parken-flughafen-dresden-drs?von=09.11.2018&amp;bis=15.11.2018&amp;art=,Valet-Parking,Au%C3%9Fenparkplatz,Carport,Parkhaus,Tiefgarage,Hallenparkplatz,Parkdeck,Einzelgarage&amp;sterne=0&amp;sortierung=preis\">Dresden<\/a>, <a style=\"color: #003366;\" href=\"https:\/\/www.ich-parke-billiger.de\/parken-flughafen-duesseldorf-dus?von=09.11.2018&amp;bis=15.11.2018&amp;art=,Valet-Parking,Au%C3%9Fenparkplatz,Carport,Parkhaus,Tiefgarage,Hallenparkplatz,Parkdeck,Einzelgarage&amp;sterne=0&amp;sortierung=preis\">D\u00fcsseldorf<\/a>, <a style=\"color: #003366;\" href=\"https:\/\/www.ich-parke-billiger.de\/parken-flughafen-erfurt-erf?von=09.11.2018&amp;bis=15.11.2018&amp;art=,Valet-Parking,Au%C3%9Fenparkplatz,Carport,Parkhaus,Tiefgarage,Hallenparkplatz,Parkdeck,Einzelgarage&amp;sterne=0&amp;sortierung=preis\">Erfurt<\/a>, <a style=\"color: #003366;\" href=\"https:\/\/www.ich-parke-billiger.de\/parken-flughafen-frankfurt-main-fra?von=09.11.2018&amp;bis=15.11.2018&amp;art=,Valet-Parking,Au%C3%9Fenparkplatz,Carport,Parkhaus,Tiefgarage,Hallenparkplatz,Parkdeck,Einzelgarage&amp;sterne=0&amp;sortierung=preis\">Frankfurt Main<\/a>, <a style=\"color: #003366;\" href=\"https:\/\/www.ich-parke-billiger.de\/parken-flughafen-frankfurt-hahn-hhn?von=09.11.2018&amp;bis=15.11.2018&amp;art=,Valet-Parking,Au%C3%9Fenparkplatz,Carport,Parkhaus,Tiefgarage,Hallenparkplatz,Parkdeck,Einzelgarage&amp;sterne=0&amp;sortierung=preis\">Frankfurt Hahn<\/a>, <a style=\"color: #003366;\" href=\"https:\/\/www.ich-parke-billiger.de\/parken-flughafen-friedrichshafen-fdh?von=09.11.2018&amp;bis=15.11.2018&amp;art=,Valet-Parking,Au%C3%9Fenparkplatz,Carport,Parkhaus,Tiefgarage,Hallenparkplatz,Parkdeck,Einzelgarage&amp;sterne=0&amp;sortierung=preis\">Friedrichshafen<\/a>, <a style=\"color: #003366;\" href=\"https:\/\/www.ich-parke-billiger.de\/parken-flughafen-hamburg-ham?von=09.11.2018&amp;bis=15.11.2018&amp;art=,Valet-Parking,Au%C3%9Fenparkplatz,Carport,Parkhaus,Tiefgarage,Hallenparkplatz,Parkdeck,Einzelgarage&amp;sterne=0&amp;sortierung=preis\">Hamburg<\/a>, <a style=\"color: #003366;\" href=\"https:\/\/www.ich-parke-billiger.de\/parken-flughafen-hannover-haj?von=09.11.2018&amp;bis=15.11.2018&amp;art=,Valet-Parking,Au%C3%9Fenparkplatz,Carport,Parkhaus,Tiefgarage,Hallenparkplatz,Parkdeck,Einzelgarage&amp;sterne=0&amp;sortierung=preis\">Hannover<\/a>, <a style=\"color: #003366;\" href=\"https:\/\/www.ich-parke-billiger.de\/parken-flughafen-karlsruhe-fkb?von=09.11.2018&amp;bis=15.11.2018&amp;art=,Valet-Parking,Au%C3%9Fenparkplatz,Carport,Parkhaus,Tiefgarage,Hallenparkplatz,Parkdeck,Einzelgarage&amp;sterne=0&amp;sortierung=preis\">Karlsruhe<\/a>, <a style=\"color: #003366;\" href=\"https:\/\/www.ich-parke-billiger.de\/parken-flughafen-koeln-bonn-cgn?von=09.11.2018&amp;bis=15.11.2018&amp;art=,Valet-Parking,Au%C3%9Fenparkplatz,Carport,Parkhaus,Tiefgarage,Hallenparkplatz,Parkdeck,Einzelgarage&amp;sterne=0&amp;sortierung=preis\">K\u00f6ln\/Bonn<\/a>, <a style=\"color: #003366;\" href=\"https:\/\/www.ich-parke-billiger.de\/parken-flughafen-leipzig-lej?von=09.11.2018&amp;bis=15.11.2018&amp;art=,Valet-Parking,Au%C3%9Fenparkplatz,Carport,Parkhaus,Tiefgarage,Hallenparkplatz,Parkdeck,Einzelgarage&amp;sterne=0&amp;sortierung=preis\">Leipzig<\/a>, <a style=\"color: #003366;\" href=\"https:\/\/www.ich-parke-billiger.de\/parken-flughafen-magdeburg-cso?von=09.11.2018&amp;bis=15.11.2018&amp;art=,Valet-Parking,Au%C3%9Fenparkplatz,Carport,Parkhaus,Tiefgarage,Hallenparkplatz,Parkdeck,Einzelgarage&amp;sterne=0&amp;sortierung=preis\">Magdeburg<\/a>, <a style=\"color: #003366;\" href=\"https:\/\/www.ich-parke-billiger.de\/parken-flughafen-memmingen-fmm?von=09.11.2018&amp;bis=15.11.2018&amp;art=,Valet-Parking,Au%C3%9Fenparkplatz,Carport,Parkhaus,Tiefgarage,Hallenparkplatz,Parkdeck,Einzelgarage&amp;sterne=0&amp;sortierung=preis\">Memmingen<\/a>, <a style=\"color: #003366;\" href=\"https:\/\/www.ich-parke-billiger.de\/parken-flughafen-muenchen-muc?von=09.11.2018&amp;bis=15.11.2018&amp;art=,Valet-Parking,Au%C3%9Fenparkplatz,Carport,Parkhaus,Tiefgarage,Hallenparkplatz,Parkdeck,Einzelgarage&amp;sterne=0&amp;sortierung=preis\">M\u00fcnchen<\/a>, <a style=\"color: #003366;\" href=\"https:\/\/www.ich-parke-billiger.de\/parken-flughafen-muenster-fmo?von=09.11.2018&amp;bis=15.11.2018&amp;art=,Valet-Parking,Au%C3%9Fenparkplatz,Carport,Parkhaus,Tiefgarage,Hallenparkplatz,Parkdeck,Einzelgarage&amp;sterne=0&amp;sortierung=preis\">M\u00fcnster<\/a>, <a style=\"color: #003366;\" href=\"https:\/\/www.ich-parke-billiger.de\/parken-flughafen-nuernberg-nue?von=09.11.2018&amp;bis=15.11.2018&amp;art=,Valet-Parking,Au%C3%9Fenparkplatz,Carport,Parkhaus,Tiefgarage,Hallenparkplatz,Parkdeck,Einzelgarage&amp;sterne=0&amp;sortierung=preis\">N\u00fcrnberg<\/a>, <a style=\"color: #003366;\" href=\"https:\/\/www.ich-parke-billiger.de\/parken-flughafen-saarbruecken-scn?von=09.11.2018&amp;bis=15.11.2018&amp;art=,Valet-Parking,Au%C3%9Fenparkplatz,Carport,Parkhaus,Tiefgarage,Hallenparkplatz,Parkdeck,Einzelgarage&amp;sterne=0&amp;sortierung=preis\">Saarbr\u00fccken<\/a>, <a style=\"color: #003366;\" href=\"https:\/\/www.ich-parke-billiger.de\/parken-flughafen-stuttgart-str?von=09.11.2018&amp;bis=15.11.2018&amp;art=,Valet-Parking,Au%C3%9Fenparkplatz,Carport,Parkhaus,Tiefgarage,Hallenparkplatz,Parkdeck,Einzelgarage&amp;sterne=0&amp;sortierung=preis\">Stuttgart<\/a>, <a style=\"color: #003366;\" href=\"https:\/\/www.ich-parke-billiger.de\/parken-flughafen-weeze-nrn?von=09.11.2018&amp;bis=15.11.2018&amp;art=,Valet-Parking,Au%C3%9Fenparkplatz,Carport,Parkhaus,Tiefgarage,Hallenparkplatz,Parkdeck,Einzelgarage&amp;sterne=0&amp;sortierung=preis\">Weeze<\/a>.<\/span><\/p>\n<h3><span style=\"color: #003366;\">Dein Stellplatz \u2013 Nasze do\u015bwiadczenie. Twoje bezpieczne parkowanie.<\/span><\/h3>\n<p><span style=\"color: #003366;\">Jako klient Dein Stellplatz masz mo\u017cliwo\u015b\u0107 komfortowo zaparkowa\u0107 sw\u00f3j samoch\u00f3d. Do\u015bwiadcz z nami bogatej oferty parkowania przy lotniskach. Przy wsparciu naszych do\u015bwiadczonych pracownik\u00f3w <a style=\"color: #003366;\" href=\"https:\/\/www.dein-stellplatz.de\/\">Parkowanie przy lotniskach<\/a>, dzi\u0119ki perfekcyjnej organizacji, b\u0119dzie czysta przyjemno\u015bci\u0105.<\/span><\/p>\n<p><span style=\"color: #003366;\">Oczekuje Ci\u0119 szeroka oferta, niezale\u017cnie od tego, czy parkujesz na parkingu wielopozomowym przy lotnisku Berlin Branenburg i <a style=\"color: #003366;\" href=\"https:\/\/www.dein-stellplatz.de\/valet-parking-flughafen-berlin-brandenburg-ber\/\">ekskluzywn\u0105 us\u0142ug\u0119 parkingowego Valet Service<\/a> \u2013 planujemy dla Ciebie ten najpi\u0119kniejszy czas w roku. Wybierz si\u0119 do ciekawych miejsc, tymczasem tw\u00f3j samoch\u00f3d b\u0119dzie naszym go\u015bciem.<\/span><\/p>\n<p><span style=\"color: #003366;\">Zyskaj dzi\u0119ki naszemu do\u015bwiadczeniu!<\/span><\/p>\n<p><span style=\"color: #003366;\">Dlaczego Dein Stellplatz, a nie gdzie indziej?<\/span><\/p>\n<p><span style=\"color: #003366;\">My jako Dein Stellplatz realizujemy nasz\u0105 pasj\u0119. Nie chcemy naszym klientom sprzeda\u0107 jedynie miejsca parkingowego, lecz zrobi\u0107 znacznie wi\u0119cej, \u017ceby parkowanie przy lotniskach by\u0142o wyj\u0105tkowym \u201eprze\u017cyciem\u201c.<\/span><\/p>\n<p><span style=\"color: #003366;\">Jeste\u015bmy wi\u0119cej ni\u017c dobrzy w tym, co robimy! Nasze wieloletnie do\u015bwiadczenie op\u0142\u0105ca si\u0119. Nasi pracownicy tworz\u0105 wieloletni team i ka\u017cdy z nas zna sw\u00f3j zakres obowi\u0105zk\u00f3w, jak swoj\u0105 w\u0142asn\u0105 kiesze\u0144. Jeste\u015bmy zespo\u0142em, kt\u00f3ry nie spoczywa na laurach i kt\u00f3ry ca\u0142y czas ulepsza produkty zwi\u0105zane z parkowaniem, \u017ceby zapewni\u015b klientom jak najlepsz\u0105 us\u0142ug\u0119.<\/span><\/p>\n<p><span style=\"color: #003366;\">Naszym celem jest odci\u0105\u017cy\u0107 podr\u00f3\u017cuj\u0105cych! Wiele os\u00f3b nie wie, gdzie zaparkowa\u0107 samoch\u00f3d podczas podr\u00f3\u017cy i jak bezstresowo dotrze\u0107 na lotnisko i z powrotem. Przechowamy samoch\u00f3d bezpiecznie na naszym parkingu odkrytym lub na parkingu wielopoziomowym, zawieziemy klient\u00f3w bezp\u0142atnym busem transferowym na lotniskoi po podr\u00f3\u017cy z tamt\u0105d r\u00f3wnie\u017c odbierzemy, \u017ceby mogli Pa\u0144stwo wygodnie wr\u00f3ci\u0107 do domu. Wi\u0119cej wygody zapewnia jeszcze dodatkowa us\u0142uga parkingowego, tyw. Valet serwis, podczas kt\u00f3rej przekazanie samochodu nast\u0119puje bezpo\u015brednio na lotnisku. Rezerwacja miejsca parkingowego odbywa si\u0119 <a style=\"color: #003366;\" href=\"https:\/\/www.dein-stellplatz.de\/\">online<\/a>,\u00a0telefonicznie pod numerem\u00a0 +4930 66 40 40 99 lub mailowo.<\/span><\/p>\n<p><span style=\"color: #003366;\">I wraz ze wszystkimi rzeczami, kt\u00f3re robimy dla naszych klient\u00f3w, jeste\u015bmy poprostu WYJ\u0104TKOWI!<\/span><\/p>\n<h3><span style=\"color: #003366;\">Dein Stellplatz program korzy\u015bci dla otrzymuj\u0105cych newsletter<\/span><\/h3>\n<p><span style=\"color: #003366;\">Jako klient Dein Stellplatz otrzymujesz jeszcze inne atrakcyjne zni\u017cki. Korzystaj np. z kod\u00f3w rabatowych dla rezerwacji miejsca parkingowego lub przydatnych wskaz\u00f3wek, pomocnych rad, wok\u00f3\u0142 tematu parkowania przy lotniskach.<\/span><\/p>\n<p><span style=\"color: #003366;\">Zapisz si\u0119 najlepiej zaraz do naszego newslettera!<\/span><\/p>\n<p><span style=\"color: #003366;\">Jakie\u015b pytania? <a style=\"color: #003366;\" href=\"https:\/\/www.dein-stellplatz.de\/haeufige-fragen\/\">To napisz do nas: Info@dein-stellplatz.de<\/a><\/span><\/p>","protected":false},"excerpt":{"rendered":"<p>DEIN STELLPLATZ JEST SPECJALIST\u0104 OD PARKOWANIA NA LOTNISKU BERLIN BRANDENBURG BER. Ca\u0142y czas towarzyszymy Ci, daj\u0105c wyj\u0105tkowe poczucie, \u017ce b\u0119d\u0105c w podr\u00f3\u017cy masz dobrego partnera po swojej stronie, kt\u00f3ry zapewni komfort parkowania. Dzi\u0119ki nam b\u0119dziesz m\u00f3g\u0142 cieszy\u0107 si\u0119 swoj\u0105 podr\u00f3\u017c\u0105. Jeste\u015bmy w pewien spos\u00f3b w Twoim pobli\u017cu, \u017ceby\u015b Ty m\u00f3g\u0142 zapomnie\u0107 o codzienno\u015bci. Dlatego Twoje [&hellip;]<\/p>\n","protected":false},"author":1,"featured_media":22754,"parent":0,"menu_order":129,"comment_status":"closed","ping_status":"closed","template":"","meta":{"footnotes":""},"_links":{"self":[{"href":"https:\/\/www.dein-stellplatz.de\/pl\/wp-json\/wp\/v2\/pages\/3135"}],"collection":[{"href":"https:\/\/www.dein-stellplatz.de\/pl\/wp-json\/wp\/v2\/pages"}],"about":[{"href":"https:\/\/www.dein-stellplatz.de\/pl\/wp-json\/wp\/v2\/types\/page"}],"author":[{"embeddable":true,"href":"https:\/\/www.dein-stellplatz.de\/pl\/wp-json\/wp\/v2\/users\/1"}],"replies":[{"embeddable":true,"href":"https:\/\/www.dein-stellplatz.de\/pl\/wp-json\/wp\/v2\/comments?post=3135"}],"version-history":[{"count":80,"href":"https:\/\/www.dein-stellplatz.de\/pl\/wp-json\/wp\/v2\/pages\/3135\/revisions"}],"predecessor-version":[{"id":15481,"href":"https:\/\/www.dein-stellplatz.de\/pl\/wp-json\/wp\/v2\/pages\/3135\/revisions\/15481"}],"wp:featuredmedia":[{"embeddable":true,"href":"https:\/\/www.dein-stellplatz.de\/pl\/wp-json\/wp\/v2\/media\/22754"}],"wp:attachment":[{"href":"https:\/\/www.dein-stellplatz.de\/pl\/wp-json\/wp\/v2\/media?parent=3135"}],"curies":[{"name":"wp","href":"https:\/\/api.w.org\/{rel}","templated":true}]}}