{"id":2794,"date":"2018-09-25T22:18:45","date_gmt":"2018-09-25T20:18:45","guid":{"rendered":"https:\/\/www.dein-stellplatz.de\/blog-2\/"},"modified":"2026-04-10T17:20:48","modified_gmt":"2026-04-10T15:20:48","slug":"rundum-schutz-paket","status":"publish","type":"page","link":"https:\/\/www.dein-stellplatz.de\/pl\/rundum-schutz-paket\/","title":{"rendered":"Kompletny-Pakiet-Ochronny &#8211; Ma\u0142a cena &#8211; Wiele us\u0142ug!"},"content":{"rendered":"<p><a href=\"https:\/\/www.dein-stellplatz.de\/wp-content\/uploads\/2026\/04\/Dein_Stellplatz_RSP-Upgrade-Banner_Bannerbild_RSP_Unterseite-2-1024x304_PL.png\"><img decoding=\"async\" class=\" wp-image-22756 alignleft\" src=\"https:\/\/www.dein-stellplatz.de\/wp-content\/uploads\/2026\/04\/Dein_Stellplatz_RSP-Upgrade-Banner_Bannerbild_RSP_Unterseite-2-1024x304_PL.png\" alt=\"\" width=\"1589\" height=\"472\" srcset=\"https:\/\/www.dein-stellplatz.de\/wp-content\/uploads\/2026\/04\/Dein_Stellplatz_RSP-Upgrade-Banner_Bannerbild_RSP_Unterseite-2-1024x304_PL.png 1024w, https:\/\/www.dein-stellplatz.de\/wp-content\/uploads\/2026\/04\/Dein_Stellplatz_RSP-Upgrade-Banner_Bannerbild_RSP_Unterseite-2-1024x304_PL-300x89.png 300w, https:\/\/www.dein-stellplatz.de\/wp-content\/uploads\/2026\/04\/Dein_Stellplatz_RSP-Upgrade-Banner_Bannerbild_RSP_Unterseite-2-1024x304_PL-768x228.png 768w\" sizes=\"(max-width: 1589px) 100vw, 1589px\" \/><\/a><\/p>\n<p><span style=\"color: #003366;\"><strong>Podr\u00f3\u017c mo\u017ce by\u0107 tak \u0142atwa z pe\u0142nym bezpiecze\u0144stwem<\/strong><strong>\u00a0dzi\u0119ki naszemu &#8222;<\/strong><strong>Pakiet-Ochronny<\/strong><strong>&#8222;!<\/strong><\/span><\/p>\n<p><span style=\"color: #003366;\">B\u0119d\u0105c numerem 1 w zakresie parkowania przy lotnisku Berlin Brandenburg, stworzyli\u015bmy dzi\u0119ki naszemu do\u015bwiadczeniu dobrze przemy\u015blany Pakiet. Ochroni Ci\u0119 przed niepotrzebnymi kosztami przed lub po podr\u00f3\u017cy.<\/span><\/p>\n<p><span style=\"color: #003366;\">Za niewielk\u0105 cen\u0119 otrzymujesz dodatkowe \u015bwiadczenie, kt\u00f3re obejmuje szeroki wachlarz us\u0142ug. Za jedyne 4,90 <\/span><span style=\"color: #003366;\">Euro zapewniamy:<\/span><\/p>\n<p><span style=\"color: #003366;\"><strong>1. Do 24h bezp\u0142atne przed\u0142u\u017cenie miejca parkingowego przy problemach z lotem powrotnym.<\/strong><\/span><\/p>\n<p><span style=\"color: #003366;\">Tw\u00f3j lot powrotny nie przebiega zgodnie z planem? Warunki pogodowe lub strajk uniemo\u017cliwiaj\u0105 zaplanowan\u0105 podr\u00f3\u017c powrotn\u0105? Zabezpieczamy Twoje miejsce parkingowe przez 24 h po planowym l\u0105dowaniu, \u017ceby\u015b nie poni\u00f3s\u0142 dodatkowych op\u0142at!<\/span><\/p>\n<p><span style=\"color: #003366;\"><strong>2. Przy wcze\u015bniejszym wyje\u017adzie zwr\u00f3cimy op\u0142aty za niewykorzystany czas postoju.<\/strong><\/span><\/p>\n<p><span style=\"color: #003366;\">W przypadku konieczn\u015bci wcze\u015bniejszego powrotu z podr\u00f3\u017cy, obliczymy faktycznie wykorzystany czas parkowania i zwr\u00f3cimy Ci nadp\u0142acone nale\u017cno\u015bci.<\/span><\/p>\n<p><span style=\"color: #003366;\"><strong>3. Opony, pomoc przy rozruchu i w razie awarii. Powr\u00f3t bez zmartwie\u0144. <\/strong><\/span><\/p>\n<p><span style=\"color: #003366;\">Czy przebita opona, czy pusty akumulator, czy inne problemy przy powrocie do domu. S\u0142u\u017cymy rad\u0105 i pomoc\u0105!<\/span><\/p>\n<p><span style=\"color: #003366;\"><strong>4. W przypadku anulacji lotu, zwr\u00f3cimy op\u0142aty parkingowe. <\/strong><\/span><\/p>\n<p><span style=\"color: #003366;\">Tw\u00f3j lot zosta\u0142 anulowany, po tym jak u nas zaparkowa\u0142e\u015b i i pojecha\u0142e\u015b naszym busem transferowym na lotnisko. Odbierzemy Ci\u0119 z lotniska i zwr\u00f3cimy op\u0142aty za parking za niewykorzystany okres.<\/span><\/p>\n<p><span style=\"color: #003366;\"><strong>5. Bezp\u0142atna anulacja op\u0142at parkingowych do ostatniej minuty.<\/strong><\/span><\/p>\n<p><span style=\"color: #003366;\">Rezerwuj\u0105c kompleksowy pakiet ochronny dla naszego parkingu wahad\u0142owego, mo\u017cesz anulowa\u0107 rezerwacj\u0119 do ostatniej chwili i nie musisz przestrzega\u0107 24-godzinnego terminu anulowania rezerwacji. W przypadku anulowania rezerwacji nie ma \u017cadnych op\u0142at parkingowych, poniewa\u017c zwr\u00f3cimy Pa\u0144stwu kwot\u0119 pomniejszon\u0105 o op\u0142at\u0119 za pakiet ochronny All-Inclusive. Niezale\u017cnie od tego, czy anuluj\u0105 Pa\u0144stwo rezerwacj\u0119 do 24 godzin przed przyjazdem* lub p\u00f3\u017aniej, zawsze otrzymaj\u0105 Pa\u0144stwo zwrot uiszczonej op\u0142aty parkingowej. (*w przypadku anulowania rezerwacji przed up\u0142ywem 24h terminu anulowania rezerwacji, otrzymasz 100% kwoty p\u0142atno\u015bci jako kredyt na nast\u0119pn\u0105 rezerwacj\u0119). W przypadku parkingu valet parking planujemy dla Ciebie dodatkowego kierowc\u0119. W przypadku tego parkingu mo\u017cemy zaoferowa\u0107 24-godzinny okres anulowania rezerwacji do momentu przyjazdu.\u00a0<\/span><\/p>\n<p><span style=\"color: #003366;\"><strong>6. Zmiany w rezerwcji mo\u017cliwe w ka\u017cdym momencie.<\/strong><\/span><\/p>\n<p><span style=\"color: #003366;\">Otrzyma\u0142e\u015b nag\u0142\u0105 zmian\u0119 lotu, musisz zmieni\u0107 dzie\u0144 lub godziny rezerwacji? <\/span>Z naszym kompletnym pakietem ochronnym zostajesz elastyczny i mo\u017cesz dokona\u0107 zmiany a\u017c do ostatniej chwili.<\/p>\n<p><span style=\"color: #003366;\">Spokojnej podr\u00f3\u017cy bez zmartwie\u0144! Po prostu zaznacz w formularzu rezerwacji haczyk przy Kompletnym-Pakiecie-Ochronnym i zarezerwuj t\u0105 dodatkow\u0105 us\u0142ug\u0119.<\/span><\/p>\n<p><span style=\"color: #003366;\"><strong>Otrzymuj\u0105 zwrot pieni\u0119dzy:<\/strong> Aby otrzyma\u0107 zwrot pieni\u0119dzy, skontaktuj si\u0119 z nami przez e-mail na <a href=\"mailto:info@dein-stellplatz.de\">info@dein-stellplatz.de<\/a> i podaj nam odpowiedni numer rezerwacji. Nast\u0119pnie zorganizujemy zwrot pieni\u0119dzy tak szybko, jak to mo\u017cliwe.<\/span><\/p>\n<p><span style=\"color: #003366;\">Je\u015bli masz pytania, <a style=\"color: #003366;\" href=\"https:\/\/www.dein-stellplatz.de\/haeufige-fragen\/\">to napisz do nas!<\/a><\/span><\/p>","protected":false},"excerpt":{"rendered":"<p>Podr\u00f3\u017c mo\u017ce by\u0107 tak \u0142atwa z pe\u0142nym bezpiecze\u0144stwem\u00a0dzi\u0119ki naszemu &#8222;Pakiet-Ochronny&#8222;! B\u0119d\u0105c numerem 1 w zakresie parkowania przy lotnisku Berlin Brandenburg, stworzyli\u015bmy dzi\u0119ki naszemu do\u015bwiadczeniu dobrze przemy\u015blany Pakiet. Ochroni Ci\u0119 przed niepotrzebnymi kosztami przed lub po podr\u00f3\u017cy. Za niewielk\u0105 cen\u0119 otrzymujesz dodatkowe \u015bwiadczenie, kt\u00f3re obejmuje szeroki wachlarz us\u0142ug. Za jedyne 4,90 Euro zapewniamy: 1. Do 24h [&hellip;]<\/p>\n","protected":false},"author":1,"featured_media":22754,"parent":0,"menu_order":223,"comment_status":"closed","ping_status":"closed","template":"","meta":{"footnotes":""},"_links":{"self":[{"href":"https:\/\/www.dein-stellplatz.de\/pl\/wp-json\/wp\/v2\/pages\/2794"}],"collection":[{"href":"https:\/\/www.dein-stellplatz.de\/pl\/wp-json\/wp\/v2\/pages"}],"about":[{"href":"https:\/\/www.dein-stellplatz.de\/pl\/wp-json\/wp\/v2\/types\/page"}],"author":[{"embeddable":true,"href":"https:\/\/www.dein-stellplatz.de\/pl\/wp-json\/wp\/v2\/users\/1"}],"replies":[{"embeddable":true,"href":"https:\/\/www.dein-stellplatz.de\/pl\/wp-json\/wp\/v2\/comments?post=2794"}],"version-history":[{"count":87,"href":"https:\/\/www.dein-stellplatz.de\/pl\/wp-json\/wp\/v2\/pages\/2794\/revisions"}],"predecessor-version":[{"id":22782,"href":"https:\/\/www.dein-stellplatz.de\/pl\/wp-json\/wp\/v2\/pages\/2794\/revisions\/22782"}],"wp:featuredmedia":[{"embeddable":true,"href":"https:\/\/www.dein-stellplatz.de\/pl\/wp-json\/wp\/v2\/media\/22754"}],"wp:attachment":[{"href":"https:\/\/www.dein-stellplatz.de\/pl\/wp-json\/wp\/v2\/media?parent=2794"}],"curies":[{"name":"wp","href":"https:\/\/api.w.org\/{rel}","templated":true}]}}