{"id":18951,"date":"2024-10-15T17:48:39","date_gmt":"2024-10-15T15:48:39","guid":{"rendered":"https:\/\/www.dein-stellplatz.de\/?page_id=18951"},"modified":"2025-03-31T22:57:13","modified_gmt":"2025-03-31T20:57:13","slug":"zahlungsarten","status":"publish","type":"page","link":"https:\/\/www.dein-stellplatz.de\/pl\/zahlungsarten\/","title":{"rendered":"Metody p\u0142atno\u015bci"},"content":{"rendered":"<p>Aby u\u0142atwi\u0107 i uprzyjemni\u0107 proces rezerwacji, oferujemy r\u00f3\u017cne metody p\u0142atno\u015bci. Mo\u017cesz wybra\u0107 t\u0119, kt\u00f3ra najlepiej odpowiada Twoim preferencjom i potrzebom. Niezale\u017cnie od tego, czy chcesz dokona\u0107 p\u0142atno\u015bci od razu, czy w bardziej elastyczny spos\u00f3b \u2013 mamy dla Ciebie odpowiednie rozwi\u0105zanie. Oto metody p\u0142atno\u015bci, kt\u00f3re oferujemy:<\/p>\n<p>&nbsp;<\/p>\n<h2>Karta kredytowa<\/h2>\n<p>P\u0142atno\u015b\u0107 kart\u0105 kredytow\u0105 nale\u017cy do najszybszych i najbezpieczniejszych metod p\u0142atno\u015bci. Akceptujemy wszystkie popularne karty kredytowe, takie jak Visa, MasterCard i American Express. Podczas rezerwacji wystarczy poda\u0107 dane karty kredytowej, a kwota zostanie pobrana bezpo\u015brednio po potwierdzeniu rezerwacji. Dzi\u0119ki nowoczesnym standardom bezpiecze\u0144stwa Twoje dane s\u0105 szyfrowane i bezpiecznie przesy\u0142ane, wi\u0119c nie musisz martwi\u0107 si\u0119 o bezpiecze\u0144stwo transakcji.<\/p>\n<p>&nbsp;<\/p>\n<h3><strong>PayPal<\/strong><\/h3>\n<p>PayPal to wygodna i powszechnie stosowana metoda p\u0142atno\u015bci, kt\u00f3ra pozwala na szybkie i bezpieczne dokonanie p\u0142atno\u015bci online. Wybieraj\u0105c PayPal jako metod\u0119 p\u0142atno\u015bci, po dokonaniu rezerwacji zostaniesz przekierowany na swoje konto PayPal, gdzie mo\u017cesz potwierdzi\u0107 p\u0142atno\u015b\u0107 kilkoma klikni\u0119ciami. Dodatkowo PayPal gwarantuje, \u017ce Twoje dane p\u0142atnicze pozostan\u0105 poufne, a Ty skorzystasz z ochrony kupuj\u0105cego.<\/p>\n<p>&nbsp;<\/p>\n<h3><span style=\"font-weight: 400;\"><strong>Przelew natychmiastowy (Klarna)<\/strong><\/span><\/h3>\n<p>Dzi\u0119ki Przelew natychmiastowy (Klarna) mo\u017cesz zap\u0142aci\u0107 bezpo\u015brednio ze swojego konta bankowego, bez konieczno\u015bci dodatkowej rejestracji. Ta metoda p\u0142atno\u015bci dzia\u0142a za po\u015brednictwem Twojego bankowo\u015bci internetowej i jest wyj\u0105tkowo bezpieczna oraz szybka. Podczas rezerwacji zostaniesz przekierowany do zaszyfrowanego formularza p\u0142atno\u015bci, gdzie wpisujesz swoje dane bankowe i dokonujesz p\u0142atno\u015bci w czasie rzeczywistym. Kwota zostanie pobrana bezpo\u015brednio z Twojego konta, a potwierdzenie rezerwacji otrzymasz natychmiast.<\/p>\n<p>&nbsp;<\/p>\n<h3><strong>Apple Pay<\/strong><\/h3>\n<p>Je\u015bli korzystasz ze smartfona, Apple Pay pozwala na szybkie i wygodne p\u0142atno\u015bci. Te metody s\u0105 szczeg\u00f3lnie praktyczne, poniewa\u017c nie musisz wprowadza\u0107 dodatkowych danych \u2013 wystarczy potwierdzi\u0107 p\u0142atno\u015b\u0107 za pomoc\u0105 smartfona lub smartwatcha. Obie us\u0142ugi wykorzystuj\u0105 technologi\u0119 szyfrowania, kt\u00f3ra chroni Twoje dane i zapewnia bezpieczne przetwarzanie p\u0142atno\u015bci.<\/p>\n<p>&nbsp;<\/p>\n<h3>Przedp\u0142ata<\/h3>\n<p>W przypadku p\u0142atno\u015bci z g\u00f3ry przelewasz nale\u017cno\u015b\u0107 na nasze konto przed realizacj\u0105 us\u0142ugi. Ta metoda p\u0142atno\u015bci jest szczeg\u00f3lnie korzystna, je\u015bli chcesz zarezerwowa\u0107 us\u0142ug\u0119 z wyprzedzeniem. Po zako\u0144czeniu rezerwacji otrzymasz wszystkie niezb\u0119dne informacje, aby dokona\u0107 przelewu. Gdy kwota wp\u0142ynie na nasze konto, Twoja rezerwacja zostanie potwierdzona. Metoda ta wymaga kilku dni na przetworzenie, ale jest idealna dla tych, kt\u00f3rzy preferuj\u0105 bezpo\u015brednie przelewy bankowe.<\/p>\n<p>&nbsp;<\/p>\n<h3>P\u0142atno\u015b\u0107 na miejscu<\/h3>\n<p>W niekt\u00f3rych przypadkach oferujemy mo\u017cliwo\u015b\u0107 zap\u0142aty bezpo\u015brednio na miejscu. Mo\u017cesz zap\u0142aci\u0107 kart\u0105 kredytow\u0105, kart\u0105 EC lub got\u00f3wk\u0105. Ta opcja jest idealna, je\u015bli chcesz zarezerwowa\u0107 us\u0142ug\u0119 teraz, a zap\u0142aci\u0107 p\u00f3\u017aniej podczas zameldowania.<\/p>\n<p>&nbsp;<\/p>\n<h2><strong>Bezpiecze\u0144stwo p\u0142atno\u015bci<\/strong><\/h2>\n<p>Bez wzgl\u0119du na to, kt\u00f3r\u0105 metod\u0119 p\u0142atno\u015bci wybierzesz, bezpiecze\u0144stwo Twoich danych jest dla nas najwy\u017cszym priorytetem. Korzystamy z najnowszych technologii szyfrowania, aby chroni\u0107 Twoje dane osobowe i finansowe. Ponadto wsp\u00f3\u0142pracujemy wy\u0142\u0105cznie z zaufanymi dostawcami us\u0142ug p\u0142atniczych, kt\u00f3rzy zapewniaj\u0105 wysokie standardy bezpiecze\u0144stwa.<\/p>\n<p>Podsumowuj\u0105c, oferujemy szeroki wyb\u00f3r opcji p\u0142atno\u015bci, dzi\u0119ki czemu mo\u017cesz elastycznie wybra\u0107 t\u0119 metod\u0119, kt\u00f3ra najlepiej Ci odpowiada. Niezale\u017cnie od tego, czy zdecydujesz si\u0119 na natychmiastow\u0105 p\u0142atno\u015b\u0107 kart\u0105 kredytow\u0105 lub PayPal, czy wolisz przedp\u0142at\u0119 \u2013 mo\u017cesz by\u0107 pewien, \u017ce proces przebiegnie sprawnie i bezpiecznie.<\/p>\n<p>&nbsp;<\/p>\n<p>&nbsp;<\/p>","protected":false},"excerpt":{"rendered":"<p>Aby u\u0142atwi\u0107 i uprzyjemni\u0107 proces rezerwacji, oferujemy r\u00f3\u017cne metody p\u0142atno\u015bci. Mo\u017cesz wybra\u0107 t\u0119, kt\u00f3ra najlepiej odpowiada Twoim preferencjom i potrzebom. Niezale\u017cnie od tego, czy chcesz dokona\u0107 p\u0142atno\u015bci od razu, czy w bardziej elastyczny spos\u00f3b \u2013 mamy dla Ciebie odpowiednie rozwi\u0105zanie. Oto metody p\u0142atno\u015bci, kt\u00f3re oferujemy: &nbsp; Karta kredytowa P\u0142atno\u015b\u0107 kart\u0105 kredytow\u0105 nale\u017cy do najszybszych i [&hellip;]<\/p>\n","protected":false},"author":1,"featured_media":0,"parent":0,"menu_order":73,"comment_status":"closed","ping_status":"closed","template":"","meta":{"footnotes":""},"_links":{"self":[{"href":"https:\/\/www.dein-stellplatz.de\/pl\/wp-json\/wp\/v2\/pages\/18951"}],"collection":[{"href":"https:\/\/www.dein-stellplatz.de\/pl\/wp-json\/wp\/v2\/pages"}],"about":[{"href":"https:\/\/www.dein-stellplatz.de\/pl\/wp-json\/wp\/v2\/types\/page"}],"author":[{"embeddable":true,"href":"https:\/\/www.dein-stellplatz.de\/pl\/wp-json\/wp\/v2\/users\/1"}],"replies":[{"embeddable":true,"href":"https:\/\/www.dein-stellplatz.de\/pl\/wp-json\/wp\/v2\/comments?post=18951"}],"version-history":[{"count":4,"href":"https:\/\/www.dein-stellplatz.de\/pl\/wp-json\/wp\/v2\/pages\/18951\/revisions"}],"predecessor-version":[{"id":18956,"href":"https:\/\/www.dein-stellplatz.de\/pl\/wp-json\/wp\/v2\/pages\/18951\/revisions\/18956"}],"wp:attachment":[{"href":"https:\/\/www.dein-stellplatz.de\/pl\/wp-json\/wp\/v2\/media?parent=18951"}],"curies":[{"name":"wp","href":"https:\/\/api.w.org\/{rel}","templated":true}]}}