{"id":18944,"date":"2024-10-15T17:34:44","date_gmt":"2024-10-15T15:34:44","guid":{"rendered":"https:\/\/www.dein-stellplatz.de\/?page_id=18944"},"modified":"2025-03-31T22:57:14","modified_gmt":"2025-03-31T20:57:14","slug":"handwaesche-fuer-dein-fahrzeug","status":"publish","type":"page","link":"https:\/\/www.dein-stellplatz.de\/pl\/handwaesche-fuer-dein-fahrzeug\/","title":{"rendered":"Myjnia r\u0119czna dla pojazdu"},"content":{"rendered":"<p>Idealne mycie r\u0119czne pojazdu to co\u015b wi\u0119cej ni\u017c zwyk\u0142e czyszczenie &#8211; to delikatna, ale dok\u0142adna piel\u0119gnacja samochodu. Dzi\u0119ki tej metodzie pojazd nie jest czyszczony mechanicznie, ale r\u0119cznie z wielk\u0105 staranno\u015bci\u0105 i dba\u0142o\u015bci\u0105 o szczeg\u00f3\u0142y. Mycie r\u0119czne jest szczeg\u00f3lnie odpowiednie, je\u015bli cenisz delikatne traktowanie wra\u017cliwych powierzchni i chcesz unikn\u0105\u0107 ryzyka zarysowa\u0144, kt\u00f3re mog\u0105 wyst\u0105pi\u0107 w przypadku myjni automatycznych.<\/p>\n<p>Po pierwsze, pojazd jest dok\u0142adnie sp\u0142ukiwany wod\u0105 w celu usuni\u0119cia cz\u0105stek brudu, kurzu i gruboziarnistych zanieczyszcze\u0144, kt\u00f3re w przeciwnym razie mog\u0142yby spowodowa\u0107 zarysowania podczas mycia. Nast\u0119pnie stosowany jest wysokiej jako\u015bci \u015brodek czyszcz\u0105cy dostosowany do stanu lakieru. Do czyszczenia nawet trudno dost\u0119pnych miejsc u\u017cywane s\u0105 specjalne r\u0119kawice i g\u0105bki.<\/p>\n<p>&nbsp;<\/p>\n<h2>Owady<\/h2>\n<p>Szczeg\u00f3ln\u0105 uwag\u0119 zwraca si\u0119 na usuwanie pozosta\u0142o\u015bci owad\u00f3w podczas mycia r\u0119cznego. Cz\u0119sto przywieraj\u0105 one uporczywie do przedniej cz\u0119\u015bci pojazdu i mog\u0105 powodowa\u0107 d\u0142ugotrwa\u0142e uszkodzenia lakieru, je\u015bli nie zostan\u0105 usuni\u0119te. Ten problem jest r\u00f3wnie\u017c rozwi\u0105zywany delikatnie i skutecznie za pomoc\u0105 specjalnych \u015brodk\u00f3w czyszcz\u0105cych i technik.<\/p>\n<p>Po w\u0142a\u015bciwym czyszczeniu pojazd jest dok\u0142adnie sp\u0142ukiwany, a nast\u0119pnie starannie suszony r\u0119cznie, aby unikn\u0105\u0107 \u015blad\u00f3w wody. U\u017cywane s\u0105 do tego mi\u0119kkie r\u0119czniki z mikrofibry, kt\u00f3re s\u0105 delikatne dla lakieru i pozostawiaj\u0105 po\u0142ysk bez smug.<\/p>\n<p>Aby nada\u0107 pojazdowi nowy blask, mo\u017cesz by\u0107 pewien, \u017ce opony i felgi r\u00f3wnie\u017c zostan\u0105 poddane specjalnej piel\u0119gnacji. S\u0105 one dok\u0142adnie czyszczone i w razie potrzeby zabezpieczane dodatkowym \u015brodkiem ochronnym, aby nada\u0107 im intensywny po\u0142ysk.<\/p>\n<p>Depozyt kluczy jest wygodn\u0105 cz\u0119\u015bci\u0105 tej us\u0142ugi. Oznacza to, \u017ce nie musisz martwi\u0107 si\u0119 o organizacj\u0119 i mo\u017cesz mie\u0107 pewno\u015b\u0107, \u017ce Tw\u00f3j pojazd b\u0119dzie pod dobr\u0105 opiek\u0105 przez ca\u0142y czas trwania mycia. Na koniec otrzymasz sw\u00f3j pojazd l\u015bni\u0105cy i czysty &#8211; gotowy do nast\u0119pnej podr\u00f3\u017cy!<\/p>\n<p>Kr\u00f3tko m\u00f3wi\u0105c: idealna myjnia r\u0119czna zapewnia nie tylko dok\u0142adne czyszczenie, ale tak\u017ce ochron\u0119 i piel\u0119gnacj\u0119, na jak\u0105 zas\u0142uguje Tw\u00f3j pojazd.<\/p>\n<p>&nbsp;<\/p>\n<p>&nbsp;<\/p>","protected":false},"excerpt":{"rendered":"<p>Idealne mycie r\u0119czne pojazdu to co\u015b wi\u0119cej ni\u017c zwyk\u0142e czyszczenie &#8211; to delikatna, ale dok\u0142adna piel\u0119gnacja samochodu. Dzi\u0119ki tej metodzie pojazd nie jest czyszczony mechanicznie, ale r\u0119cznie z wielk\u0105 staranno\u015bci\u0105 i dba\u0142o\u015bci\u0105 o szczeg\u00f3\u0142y. Mycie r\u0119czne jest szczeg\u00f3lnie odpowiednie, je\u015bli cenisz delikatne traktowanie wra\u017cliwych powierzchni i chcesz unikn\u0105\u0107 ryzyka zarysowa\u0144, kt\u00f3re mog\u0105 wyst\u0105pi\u0107 w przypadku [&hellip;]<\/p>\n","protected":false},"author":1,"featured_media":0,"parent":0,"menu_order":103,"comment_status":"closed","ping_status":"closed","template":"","meta":{"footnotes":""},"_links":{"self":[{"href":"https:\/\/www.dein-stellplatz.de\/pl\/wp-json\/wp\/v2\/pages\/18944"}],"collection":[{"href":"https:\/\/www.dein-stellplatz.de\/pl\/wp-json\/wp\/v2\/pages"}],"about":[{"href":"https:\/\/www.dein-stellplatz.de\/pl\/wp-json\/wp\/v2\/types\/page"}],"author":[{"embeddable":true,"href":"https:\/\/www.dein-stellplatz.de\/pl\/wp-json\/wp\/v2\/users\/1"}],"replies":[{"embeddable":true,"href":"https:\/\/www.dein-stellplatz.de\/pl\/wp-json\/wp\/v2\/comments?post=18944"}],"version-history":[{"count":3,"href":"https:\/\/www.dein-stellplatz.de\/pl\/wp-json\/wp\/v2\/pages\/18944\/revisions"}],"predecessor-version":[{"id":18947,"href":"https:\/\/www.dein-stellplatz.de\/pl\/wp-json\/wp\/v2\/pages\/18944\/revisions\/18947"}],"wp:attachment":[{"href":"https:\/\/www.dein-stellplatz.de\/pl\/wp-json\/wp\/v2\/media?parent=18944"}],"curies":[{"name":"wp","href":"https:\/\/api.w.org\/{rel}","templated":true}]}}