{"id":18925,"date":"2024-10-15T17:04:17","date_gmt":"2024-10-15T15:04:17","guid":{"rendered":"https:\/\/www.dein-stellplatz.de\/?page_id=18925"},"modified":"2025-03-31T22:57:13","modified_gmt":"2025-03-31T20:57:13","slug":"wohnmobil-parken","status":"publish","type":"page","link":"https:\/\/www.dein-stellplatz.de\/pl\/wohnmobil-parken\/","title":{"rendered":"Parking dla kamper\u00f3w"},"content":{"rendered":"<p>Na Dein Stellplatz oferujemy r\u00f3wnie\u017c elastyczne i bezpieczne rozwi\u0105zania parkingowe dla w\u0142a\u015bcicieli kamper\u00f3w. Niezale\u017cnie od tego, czy chcesz sp\u0119dzi\u0107 noc w kamperze przed lotem, czy szukasz bezpiecznego miejsca parkingowego podczas podr\u00f3\u017cy do Berlina, mamy dla Ciebie odpowiednie opcje.<\/p>\n<p>&nbsp;<\/p>\n<h2><b>Nocleg przed lotem<\/b><span style=\"font-weight: 400;\"><br \/>\n<\/span><\/h2>\n<p><strong>Praktyczne i niedrogie:<\/strong> Wielu naszych klient\u00f3w docenia mo\u017cliwo\u015b\u0107 przyjazdu kamperem i sp\u0119dzenia nocy na jednym z naszych parking\u00f3w XXL przed wyjazdem na lotnisko nast\u0119pnego dnia. Ta opcja jest op\u0142acaln\u0105 alternatyw\u0105 dla hotelu na lotnisku i oferuje wygod\u0119 spania bezpo\u015brednio we w\u0142asnym poje\u017adzie.<\/p>\n<p>&nbsp;<\/p>\n<h3>Parkingi dla kamper\u00f3w<\/h3>\n<ul>\n<li style=\"font-weight: 400;\" aria-level=\"1\"><strong>Specjalnie dla wi\u0119kszych pojazd\u00f3w:<\/strong> Nasze miejsca parkingowe XXL s\u0105 idealne dla kamper\u00f3w, kt\u00f3re zazwyczaj s\u0105 d\u0142u\u017csze ni\u017c 6 metr\u00f3w. Poniewa\u017c kampery wymagaj\u0105 wi\u0119cej miejsca, pobieramy op\u0142at\u0119 za dwa miejsca parkingowe.<\/li>\n<li style=\"font-weight: 400;\" aria-level=\"1\"><strong>Bezpiecze\u0144stwo pojazdu:<\/strong> Go\u015bcie odwiedzaj\u0105cy Berlin, kt\u00f3rzy zaparkuj\u0105 u nas sw\u00f3j kamper, korzystaj\u0105 z bezpiecze\u0144stwa naszego parkingu. Podczas zwiedzania stolicy Tw\u00f3j samoch\u00f3d kempingowy jest u nas w bezpiecznych r\u0119kach.<\/li>\n<\/ul>\n<p>&nbsp;<\/p>\n<h3>Sta\u0142e miejsca parkingowe<\/h3>\n<p><strong>Opcje d\u0142ugoterminowe:<\/strong> Na naszym parkingu P4 na dawnym lotnisku Tegel oferujemy d\u0142ugoterminowe miejsca parkingowe dla kamper\u00f3w. Przy cenach zaczynaj\u0105cych si\u0119 od 129 \u20ac miesi\u0119cznie, w zale\u017cno\u015bci od wielko\u015bci pojazdu, miejsca te s\u0105 szczeg\u00f3lnie popularne. Wszystkie miejsca parkingowe s\u0105 obecnie wynaj\u0119te, ale z przyjemno\u015bci\u0105 przyjmujemy zapytania poczt\u0105 elektroniczn\u0105, aby poinformowa\u0107 o dost\u0119pno\u015bci.<\/p>\n<p>&nbsp;<\/p>\n<h3>Korzy\u015bci z Dein Stellplatz<\/h3>\n<ul>\n<li style=\"font-weight: 400;\" aria-level=\"1\"><strong>Elastyczno\u015b\u0107 i komfort:<\/strong> Nasza oferta jest dostosowana do Twoich potrzeb, niezale\u017cnie od tego, czy potrzebujesz miejsca tylko na jedn\u0105 noc, czy na d\u0142u\u017cszy okres i niezale\u017cnie od tego, czy Tw\u00f3j pojazd jest ma\u0142y czy du\u017cy.<\/li>\n<li style=\"font-weight: 400;\" aria-level=\"1\"><strong>Bezpiecze\u0144stwo i niezawodno\u015b\u0107:<\/strong> Tw\u00f3j samoch\u00f3d kempingowy jest w dobrych r\u0119kach na naszych monitorowanych i bezpiecznych parkingach.<\/li>\n<\/ul>\n<p>&nbsp;<\/p>","protected":false},"excerpt":{"rendered":"<p>Na Dein Stellplatz oferujemy r\u00f3wnie\u017c elastyczne i bezpieczne rozwi\u0105zania parkingowe dla w\u0142a\u015bcicieli kamper\u00f3w. Niezale\u017cnie od tego, czy chcesz sp\u0119dzi\u0107 noc w kamperze przed lotem, czy szukasz bezpiecznego miejsca parkingowego podczas podr\u00f3\u017cy do Berlina, mamy dla Ciebie odpowiednie opcje. &nbsp; Nocleg przed lotem Praktyczne i niedrogie: Wielu naszych klient\u00f3w docenia mo\u017cliwo\u015b\u0107 przyjazdu kamperem i sp\u0119dzenia nocy [&hellip;]<\/p>\n","protected":false},"author":1,"featured_media":0,"parent":0,"menu_order":71,"comment_status":"closed","ping_status":"closed","template":"","meta":{"footnotes":""},"_links":{"self":[{"href":"https:\/\/www.dein-stellplatz.de\/pl\/wp-json\/wp\/v2\/pages\/18925"}],"collection":[{"href":"https:\/\/www.dein-stellplatz.de\/pl\/wp-json\/wp\/v2\/pages"}],"about":[{"href":"https:\/\/www.dein-stellplatz.de\/pl\/wp-json\/wp\/v2\/types\/page"}],"author":[{"embeddable":true,"href":"https:\/\/www.dein-stellplatz.de\/pl\/wp-json\/wp\/v2\/users\/1"}],"replies":[{"embeddable":true,"href":"https:\/\/www.dein-stellplatz.de\/pl\/wp-json\/wp\/v2\/comments?post=18925"}],"version-history":[{"count":3,"href":"https:\/\/www.dein-stellplatz.de\/pl\/wp-json\/wp\/v2\/pages\/18925\/revisions"}],"predecessor-version":[{"id":18928,"href":"https:\/\/www.dein-stellplatz.de\/pl\/wp-json\/wp\/v2\/pages\/18925\/revisions\/18928"}],"wp:attachment":[{"href":"https:\/\/www.dein-stellplatz.de\/pl\/wp-json\/wp\/v2\/media?parent=18925"}],"curies":[{"name":"wp","href":"https:\/\/api.w.org\/{rel}","templated":true}]}}