{"id":18918,"date":"2024-10-15T16:58:57","date_gmt":"2024-10-15T14:58:57","guid":{"rendered":"https:\/\/www.dein-stellplatz.de\/?page_id=18918"},"modified":"2025-03-31T22:57:13","modified_gmt":"2025-03-31T20:57:13","slug":"werkstattservice","status":"publish","type":"page","link":"https:\/\/www.dein-stellplatz.de\/pl\/werkstattservice\/","title":{"rendered":"Serwis warsztatowy"},"content":{"rendered":"<p>Ka\u017cdy z nas zapewne zna nieprzyjemn\u0105 sytuacj\u0119, w kt\u00f3rej mo\u017ce doj\u015b\u0107 do nieoczekiwanych problem\u00f3w z w\u0142asnym pojazdem, czy to przed podr\u00f3\u017c\u0105, czy podczas nieobecno\u015bci. W\u0142a\u015bnie dlatego oferujemy nie tylko bezpieczny parking, ale tak\u017ce kompleksowe us\u0142ugi warsztatowe, aby zapewni\u0107, \u017ce Tw\u00f3j pojazd pozostanie w doskona\u0142ym stanie przez ca\u0142y czas.<\/p>\n<p>&nbsp;<\/p>\n<h2>Szybka pomoc w razie awarii<\/h2>\n<p><strong>Wymiana opon na miejscu:<\/strong> Niedawno byli\u015bmy w stanie pom\u00f3c klientowi, kt\u00f3ry w drodze do nas wbi\u0142 \u015brub\u0119 w opon\u0119. Naprawiamy takie przebicia bezpo\u015brednio na miejscu, aby\u015b m\u00f3g\u0142 kontynuowa\u0107 podr\u00f3\u017c bez dalszej zw\u0142oki.<\/p>\n<p>&nbsp;<\/p>\n<h3>Organizowanie us\u0142ug warsztatowych<\/h3>\n<ul>\n<li style=\"font-weight: 400;\" aria-level=\"1\"><strong>Przegl\u0105dy i naprawy:<\/strong> Je\u015bli w trakcie podr\u00f3\u017cy masz termin przegl\u0105du technicznego lub przegl\u0105du MOT, lub potrzebujesz innych napraw, jeste\u015bmy gotowi zorganizowa\u0107 je dla Ciebie. Zorganizujemy niezb\u0119dne prace warsztatowe i zapewnimy opiek\u0119 nad pojazdem podczas podr\u00f3\u017cy.<\/li>\n<li style=\"font-weight: 400;\" aria-level=\"1\"><strong>Naprawy powypadkowe:<\/strong> W jednym przypadku byli\u015bmy w stanie natychmiast pom\u00f3c klientowi, kt\u00f3ry mia\u0142 wypadek w drodze do nas. Mimo \u017ce pojazd nadal nadawa\u0142 si\u0119 do jazdy, zorganizowali\u015bmy jego odbi\u00f3r i napraw\u0119 w specjalistycznym warsztacie. Gdy klient wr\u00f3ci\u0142, pojazd by\u0142 ju\u017c naprawiony i czeka\u0142 na niego.<\/li>\n<\/ul>\n<p>&nbsp;<\/p>\n<h3>Nasza obietnica serwisowa<\/h3>\n<p><strong>Wszechstronny pakiet beztroski:<\/strong> Nasza us\u0142uga warsztatowa jest cz\u0119\u015bci\u0105 naszego zobowi\u0105zania do zapewnienia beztroskiej podr\u00f3\u017cy. Zadbamy o Tw\u00f3j pojazd jak o sw\u00f3j w\u0142asny i upewnimy si\u0119, \u017ce po powrocie b\u0119dzie w idealnym stanie.<\/p>\n<p><strong>Elastyczno\u015b\u0107 i wygoda:<\/strong> Naszym celem jest zapewnienie maksymalnej elastyczno\u015bci i wygody. Dzi\u0119ki naszej us\u0142udze warsztatowej mo\u017cesz podr\u00f3\u017cowa\u0107 spokojnie, wiedz\u0105c, \u017ce zajmiemy si\u0119 wszelkimi problemami z pojazdem.<\/p>\n<p>&nbsp;<\/p>","protected":false},"excerpt":{"rendered":"<p>Ka\u017cdy z nas zapewne zna nieprzyjemn\u0105 sytuacj\u0119, w kt\u00f3rej mo\u017ce doj\u015b\u0107 do nieoczekiwanych problem\u00f3w z w\u0142asnym pojazdem, czy to przed podr\u00f3\u017c\u0105, czy podczas nieobecno\u015bci. W\u0142a\u015bnie dlatego oferujemy nie tylko bezpieczny parking, ale tak\u017ce kompleksowe us\u0142ugi warsztatowe, aby zapewni\u0107, \u017ce Tw\u00f3j pojazd pozostanie w doskona\u0142ym stanie przez ca\u0142y czas. &nbsp; Szybka pomoc w razie awarii Wymiana [&hellip;]<\/p>\n","protected":false},"author":1,"featured_media":0,"parent":0,"menu_order":69,"comment_status":"closed","ping_status":"closed","template":"","meta":{"footnotes":""},"_links":{"self":[{"href":"https:\/\/www.dein-stellplatz.de\/pl\/wp-json\/wp\/v2\/pages\/18918"}],"collection":[{"href":"https:\/\/www.dein-stellplatz.de\/pl\/wp-json\/wp\/v2\/pages"}],"about":[{"href":"https:\/\/www.dein-stellplatz.de\/pl\/wp-json\/wp\/v2\/types\/page"}],"author":[{"embeddable":true,"href":"https:\/\/www.dein-stellplatz.de\/pl\/wp-json\/wp\/v2\/users\/1"}],"replies":[{"embeddable":true,"href":"https:\/\/www.dein-stellplatz.de\/pl\/wp-json\/wp\/v2\/comments?post=18918"}],"version-history":[{"count":2,"href":"https:\/\/www.dein-stellplatz.de\/pl\/wp-json\/wp\/v2\/pages\/18918\/revisions"}],"predecessor-version":[{"id":18920,"href":"https:\/\/www.dein-stellplatz.de\/pl\/wp-json\/wp\/v2\/pages\/18918\/revisions\/18920"}],"wp:attachment":[{"href":"https:\/\/www.dein-stellplatz.de\/pl\/wp-json\/wp\/v2\/media?parent=18918"}],"curies":[{"name":"wp","href":"https:\/\/api.w.org\/{rel}","templated":true}]}}