{"id":17353,"date":"2024-05-06T16:55:35","date_gmt":"2024-05-06T14:55:35","guid":{"rendered":"https:\/\/www.dein-stellplatz.de\/?page_id=17353"},"modified":"2025-03-31T22:57:13","modified_gmt":"2025-03-31T20:57:13","slug":"vorteile-bei-dein-stellplatz","status":"publish","type":"page","link":"https:\/\/www.dein-stellplatz.de\/pl\/vorteile-bei-dein-stellplatz\/","title":{"rendered":"Korzy\u015bci z Dein Stellplatz"},"content":{"rendered":"<p><\/p>\n<h2>Dlaczego warto parkowa\u0107 z nami?<\/h2>\n<p>Zawsze stawiamy na komfort i bezpiecze\u0144stwo Twojego pojazdu. Oferujemy nie tylko parking na lotnisku Berlin Brandenburg (BER), ale tak\u017ce kompleksowy pakiet us\u0142ug, kt\u00f3ry u\u0142atwia podr\u00f3\u017c od pocz\u0105tku do ko\u0144ca.<\/p>\n<p>Oto powody i korzy\u015bci, dla kt\u00f3rych parkowanie u nas jest najlepsz\u0105 decyzj\u0105 w podr\u00f3\u017cy:<\/p>\n<p>&nbsp;<\/p>\n<h3>Kompleksowe bezpiecze\u0144stwo<\/h3>\n<p><strong>Ca\u0142odobowy monitoring wideo:<\/strong> Tw\u00f3j samoch\u00f3d jest bezpieczny pod czujnym okiem najnowszej technologii monitoringu.<\/p>\n<p><strong>Spersonalizowana pomoc:<\/strong> Cz\u0142onek zespo\u0142u jest zawsze na miejscu, aby mie\u0107 oko na Tw\u00f3j pojazd i zapewni\u0107 wsparcie w razie potrzeby.<\/p>\n<p>&nbsp;<\/p>\n<h3>Elastyczno\u015b\u0107 i wygoda<\/h3>\n<p><strong>Szeroki wyb\u00f3r opcji parkowania:<\/strong> Wybieraj spo\u015br\u00f3d standardowych, komfortowych, XXL lub specjalnych miejsc parkingowych dla e-pojazd\u00f3w w zale\u017cno\u015bci od potrzeb.<\/p>\n<p><strong>Bezp\u0142atny transport:<\/strong> Skorzystaj z naszego autobusu wahad\u0142owego, aby szybko i wygodnie dosta\u0107 si\u0119 na lotnisko i z niego wr\u00f3ci\u0107.<\/p>\n<p><strong>Us\u0142uga parkingowego:<\/strong> Dla najwy\u017cszej wygody oferujemy r\u00f3wnie\u017c us\u0142ug\u0119 parkingowego, w ramach kt\u00f3rej zajmujemy si\u0119 wszystkim.<\/p>\n<p>&nbsp;<\/p>\n<h3>Nasza niezawodno\u015b\u0107<\/h3>\n<p><strong>Ponad 1,2 miliona zadowolonych klient\u00f3w:<\/strong> Zaufaj do\u015bwiadczeniu i pozytywnym opiniom wielu naszych klient\u00f3w.<\/p>\n<p><strong>Sta\u0142a dost\u0119pno\u015b\u0107:<\/strong> Nasza obs\u0142uga klienta jest dost\u0119pna za po\u015brednictwem r\u00f3\u017cnych kana\u0142\u00f3w, takich jak telefon, czat na \u017cywo i poczta e-mail.<\/p>\n<p>&nbsp;<\/p>\n<h3>Stosunek ceny do wydajno\u015bci<\/h3>\n<p><strong>Przejrzyste i uczciwe ceny:<\/strong> Nasze taryfy maj\u0105 przejrzyst\u0105 struktur\u0119, dzi\u0119ki czemu zawsze wiesz, czego si\u0119 spodziewa\u0107.<\/p>\n<p><strong>Specjalne warunki i zni\u017cki:<\/strong> Skorzystaj z naszych specjalnych ofert dla os\u00f3b cz\u0119sto podr\u00f3\u017cuj\u0105cych, cz\u0142onk\u00f3w ADAC i naszego programu korzy\u015bci dla subskrybent\u00f3w newslettera.<\/p>\n<p>&nbsp;<\/p>\n<h3>Zr\u00f3wnowa\u017cony rozw\u00f3j<\/h3>\n<p><strong>Nowoczesne autobusy wahad\u0142owe:<\/strong> Co dwa lata odnawiamy nasze autobusy wahad\u0142owe, aby zaoferowa\u0107 wygodny i przyjazny dla \u015brodowiska \u015brodek transportu.<\/p>\n<p>&nbsp;<\/p>\n<h3>Ekskluzywne partnerstwa<\/h3>\n<p><b>ICH-PARKE-BILLIGER:<\/b> Jako wy\u0142\u0105czny partner oferujemy dost\u0119p do atrakcyjnych ofert i rabat\u00f3w.<b><br \/>\n<\/b><\/p>\n<p>&nbsp;<\/p>\n<h3>Wszechstronna ochrona<\/h3>\n<p><strong>Wszechstronny pakiet ochrony:<\/strong> Dzi\u0119ki tej aktualizacji jeste\u015b optymalnie chroniony przed, w trakcie i po podr\u00f3\u017cy.<\/p>\n<p>&nbsp;<\/p>\n<h3>Wyj\u0105tkowe do\u015bwiadczenie w parku<\/h3>\n<p><strong>Spersonalizowana obs\u0142uga:<\/strong> Dostosowujemy nasze us\u0142ugi do Twoich osobistych potrzeb, aby zapewni\u0107 Ci bezstresowe parkowanie.<\/p>\n<p>&nbsp;<\/p>\n<h3>\u0141atwa rezerwacja<\/h3>\n<p><strong>Online, przez aplikacj\u0119 lub telefon:<\/strong> zarezerwuj miejsce parkingowe szybko i \u0142atwo w spos\u00f3b, kt\u00f3ry najbardziej Ci odpowiada.<\/p>\n<p>&nbsp;<\/p>\n<p>Z Dein Stellplatz wybierasz us\u0142ug\u0119 parkingow\u0105, kt\u00f3ra \u0142\u0105czy w sobie bezpiecze\u0144stwo, wygod\u0119 i niezawodno\u015b\u0107. Dbamy o to, aby\u015b m\u00f3g\u0142 w pe\u0142ni skoncentrowa\u0107 si\u0119 na przyjemnych chwilach podr\u00f3\u017cy. Odkryj korzy\u015bci dla siebie i rozpocznij swoj\u0105 podr\u00f3\u017c z nami &#8211; Dein Stellplatz, Tw\u00f3j pocz\u0105tek wakacji.<\/p>\n<p>&nbsp;<\/p>\n<p>&nbsp;<\/p>","protected":false},"excerpt":{"rendered":"<p>Dlaczego warto parkowa\u0107 z nami? Zawsze stawiamy na komfort i bezpiecze\u0144stwo Twojego pojazdu. Oferujemy nie tylko parking na lotnisku Berlin Brandenburg (BER), ale tak\u017ce kompleksowy pakiet us\u0142ug, kt\u00f3ry u\u0142atwia podr\u00f3\u017c od pocz\u0105tku do ko\u0144ca. Oto powody i korzy\u015bci, dla kt\u00f3rych parkowanie u nas jest najlepsz\u0105 decyzj\u0105 w podr\u00f3\u017cy: &nbsp; Kompleksowe bezpiecze\u0144stwo Ca\u0142odobowy monitoring wideo: Tw\u00f3j [&hellip;]<\/p>\n","protected":false},"author":1,"featured_media":0,"parent":0,"menu_order":67,"comment_status":"closed","ping_status":"closed","template":"","meta":{"footnotes":""},"_links":{"self":[{"href":"https:\/\/www.dein-stellplatz.de\/pl\/wp-json\/wp\/v2\/pages\/17353"}],"collection":[{"href":"https:\/\/www.dein-stellplatz.de\/pl\/wp-json\/wp\/v2\/pages"}],"about":[{"href":"https:\/\/www.dein-stellplatz.de\/pl\/wp-json\/wp\/v2\/types\/page"}],"author":[{"embeddable":true,"href":"https:\/\/www.dein-stellplatz.de\/pl\/wp-json\/wp\/v2\/users\/1"}],"replies":[{"embeddable":true,"href":"https:\/\/www.dein-stellplatz.de\/pl\/wp-json\/wp\/v2\/comments?post=17353"}],"version-history":[{"count":1,"href":"https:\/\/www.dein-stellplatz.de\/pl\/wp-json\/wp\/v2\/pages\/17353\/revisions"}],"predecessor-version":[{"id":17354,"href":"https:\/\/www.dein-stellplatz.de\/pl\/wp-json\/wp\/v2\/pages\/17353\/revisions\/17354"}],"wp:attachment":[{"href":"https:\/\/www.dein-stellplatz.de\/pl\/wp-json\/wp\/v2\/media?parent=17353"}],"curies":[{"name":"wp","href":"https:\/\/api.w.org\/{rel}","templated":true}]}}