{"id":17347,"date":"2024-05-06T16:24:13","date_gmt":"2024-05-06T14:24:13","guid":{"rendered":"https:\/\/www.dein-stellplatz.de\/?page_id=17347"},"modified":"2025-03-31T22:57:13","modified_gmt":"2025-03-31T20:57:13","slug":"verzoegerungen-und-flugausfaelle-was-tun","status":"publish","type":"page","link":"https:\/\/www.dein-stellplatz.de\/pl\/verzoegerungen-und-flugausfaelle-was-tun\/","title":{"rendered":"Op\u00f3\u017anienia i odwo\u0142ania lot\u00f3w: Co robi\u0107?"},"content":{"rendered":"<p>W Dein Stellplatz jeste\u015bmy przygotowani na elastyczne reagowanie na op\u00f3\u017anienia w podr\u00f3\u017cy powrotnej lub wszelkie odwo\u0142ania lot\u00f3w (na przyk\u0142ad z powodu strajk\u00f3w). Twoje zadowolenie i wygoda s\u0105 dla nas priorytetem, dlatego dostosowujemy nasze us\u0142ugi do okoliczno\u015bci.<\/p>\n<p>&nbsp;<\/p>\n<h2>Op\u00f3\u017anienia lot\u00f3w<\/h2>\n<p><strong>Aktywne monitorowanie:<\/strong> na bie\u017c\u0105co \u015bledzimy czas przylotu Twojego lotu, dzi\u0119ki czemu mo\u017cemy reagowa\u0107 na wszelkie op\u00f3\u017anienia.<\/p>\n<p><strong>Dostosowanie us\u0142ugi transferu:<\/strong> Nasza us\u0142uga transferu jest dostosowywana do rzeczywistego czasu l\u0105dowania Twojego lotu na lotnisku Berlin Brandenburg (BER). Mo\u017cesz mie\u0107 pewno\u015b\u0107, \u017ce b\u0119dziemy na miejscu zaraz po wyl\u0105dowaniu.<\/p>\n<p>&nbsp;<\/p>\n<h3>Odwo\u0142anie lotu<\/h3>\n<p><strong>Komunikacja jest kluczowa:<\/strong> je\u015bli dowiesz si\u0119 o odwo\u0142aniu lotu z wyprzedzeniem, poinformuj nas o tym jak najszybciej. Prze\u0142o\u017cymy w\u00f3wczas transfer, aby zapewni\u0107 sprawne przybycie na lotnisko lub powr\u00f3t na nasz parking.<\/p>\n<p>&nbsp;<\/p>\n<h3>Us\u0142uga nocna<\/h3>\n<p><strong>Us\u0142uga 24\/7:<\/strong> Nasze autobusy wahad\u0142owe dy\u017curuj\u0105 przez ca\u0142\u0105 dob\u0119, aby zawie\u017a\u0107 Ci\u0119 na lotnisko lub odebra\u0107 z niego w dowolnym momencie. Niezale\u017cnie od tego, czy lot odbywa si\u0119 we wczesnych godzinach porannych, czy p\u00f3\u017ano w nocy, nasz zesp\u00f3\u0142 jest gotowy, aby bezpiecznie i wygodnie zabra\u0107 Ci\u0119 do pojazdu.<\/p>\n<p>&nbsp;<\/p>\n<h3>Elastyczno\u015b\u0107 jest cz\u0119\u015bci\u0105 naszych us\u0142ug<\/h3>\n<p>Z Dein Stellplatz mo\u017cesz podr\u00f3\u017cowa\u0107 spokojnie, wiedz\u0105c, \u017ce jeste\u015bmy przygotowani na ka\u017cd\u0105 ewentualno\u015b\u0107. Nasze elastyczne i skoncentrowane na kliencie podej\u015bcie gwarantuje, \u017ce op\u00f3\u017anienia lub zmiany plan\u00f3w podr\u00f3\u017cy nie b\u0119d\u0105 powodem do niepokoju. Zaufaj, \u017ce zrobimy wszystko, co w naszej mocy, aby zapewni\u0107 Ci p\u0142ynny i bezstresowy transfer, bez wzgl\u0119du na por\u0119 dnia i nocy.<\/p>\n<p>&nbsp;<\/p>\n<p>&nbsp;<\/p>","protected":false},"excerpt":{"rendered":"<p>W Dein Stellplatz jeste\u015bmy przygotowani na elastyczne reagowanie na op\u00f3\u017anienia w podr\u00f3\u017cy powrotnej lub wszelkie odwo\u0142ania lot\u00f3w (na przyk\u0142ad z powodu strajk\u00f3w). Twoje zadowolenie i wygoda s\u0105 dla nas priorytetem, dlatego dostosowujemy nasze us\u0142ugi do okoliczno\u015bci. &nbsp; Op\u00f3\u017anienia lot\u00f3w Aktywne monitorowanie: na bie\u017c\u0105co \u015bledzimy czas przylotu Twojego lotu, dzi\u0119ki czemu mo\u017cemy reagowa\u0107 na wszelkie op\u00f3\u017anienia. [&hellip;]<\/p>\n","protected":false},"author":1,"featured_media":0,"parent":0,"menu_order":63,"comment_status":"closed","ping_status":"closed","template":"","meta":{"footnotes":""},"_links":{"self":[{"href":"https:\/\/www.dein-stellplatz.de\/pl\/wp-json\/wp\/v2\/pages\/17347"}],"collection":[{"href":"https:\/\/www.dein-stellplatz.de\/pl\/wp-json\/wp\/v2\/pages"}],"about":[{"href":"https:\/\/www.dein-stellplatz.de\/pl\/wp-json\/wp\/v2\/types\/page"}],"author":[{"embeddable":true,"href":"https:\/\/www.dein-stellplatz.de\/pl\/wp-json\/wp\/v2\/users\/1"}],"replies":[{"embeddable":true,"href":"https:\/\/www.dein-stellplatz.de\/pl\/wp-json\/wp\/v2\/comments?post=17347"}],"version-history":[{"count":1,"href":"https:\/\/www.dein-stellplatz.de\/pl\/wp-json\/wp\/v2\/pages\/17347\/revisions"}],"predecessor-version":[{"id":17348,"href":"https:\/\/www.dein-stellplatz.de\/pl\/wp-json\/wp\/v2\/pages\/17347\/revisions\/17348"}],"wp:attachment":[{"href":"https:\/\/www.dein-stellplatz.de\/pl\/wp-json\/wp\/v2\/media?parent=17347"}],"curies":[{"name":"wp","href":"https:\/\/api.w.org\/{rel}","templated":true}]}}