{"id":17345,"date":"2024-05-06T16:20:03","date_gmt":"2024-05-06T14:20:03","guid":{"rendered":"https:\/\/www.dein-stellplatz.de\/?page_id=17345"},"modified":"2025-03-31T22:57:13","modified_gmt":"2025-03-31T20:57:13","slug":"versicherungsschutz-bei-dein-stellplatz","status":"publish","type":"page","link":"https:\/\/www.dein-stellplatz.de\/pl\/versicherungsschutz-bei-dein-stellplatz\/","title":{"rendered":"Ochrona ubezpieczeniowa z Dein Stellplatz"},"content":{"rendered":"<p>W Dein Stellplatz bardzo powa\u017cnie traktujemy bezpiecze\u0144stwo i ochron\u0119 Twojego pojazdu. Chocia\u017c nie mo\u017cemy ubezpieczy\u0107 ka\u017cdego z nawet 2100 pojazd\u00f3w indywidualnie &#8211; g\u0142\u00f3wnie dlatego, \u017ce zgodnie z prawem pojazdy nie mog\u0105 by\u0107 ubezpieczone dwukrotnie &#8211; nadal zapewniamy kompleksow\u0105 ochron\u0119.<\/p>\n<p>&nbsp;<\/p>\n<h2><strong>Ubezpieczenie od odpowiedzialno\u015bci cywilnej<\/strong><\/h2>\n<p><strong>Kompleksowa ochrona:<\/strong> Nasze ubezpieczenie od odpowiedzialno\u015bci cywilnej obejmuje szkody, kt\u00f3re mog\u0105 zosta\u0107 spowodowane przez nas lub naszych pracownik\u00f3w. Ubezpieczenie to jest istotn\u0105 cz\u0119\u015bci\u0105 naszego zaanga\u017cowania w bezpiecze\u0144stwo i zadowolenie naszych klient\u00f3w.<\/p>\n<p><strong>\u015arodki bezpiecze\u0144stwa:<\/strong> Chocia\u017c posiadamy to ubezpieczenie, naszym celem jest, aby nigdy nie musie\u0107 z niego korzysta\u0107 (co do tej pory nigdy si\u0119 nie zdarzy\u0142o). Polegamy na rygorystycznych protoko\u0142ach bezpiecze\u0144stwa, regularnych szkoleniach naszych pracownik\u00f3w i najnowocze\u015bniejszych technologiach monitorowania, aby zminimalizowa\u0107 ryzyko szk\u00f3d.<\/p>\n<p>&nbsp;<\/p>\n<h3>Korzy\u015bci<\/h3>\n<p><strong>Spok\u00f3j ducha:<\/strong> Podczas pobytu na Dein Stellplatz mo\u017cesz mie\u0107 pewno\u015b\u0107, \u017ce Tw\u00f3j pojazd b\u0119dzie pod dobr\u0105 opiek\u0105. Je\u015bli jednak wyst\u0105pi\u0105 jakiekolwiek szkody, za kt\u00f3re ponosimy odpowiedzialno\u015b\u0107, nasze ubezpieczenie od odpowiedzialno\u015bci cywilnej zapewni odpowiednie rozliczenie.<\/p>\n<p><strong>Zaufanie i bezpiecze\u0144stwo:<\/strong> Nasi klienci ufaj\u0105 nam, \u017ce stosujemy najwy\u017csze standardy w ka\u017cdym aspekcie naszych us\u0142ug, w tym w zakresie ochrony ubezpieczeniowej. Traktujemy to zaufanie powa\u017cnie i nieustannie pracujemy nad jego uzasadnieniem i utrzymaniem.<\/p>\n<p>W Dein Stellplatz Tw\u00f3j pojazd jest pod ochron\u0105 do\u015bwiadczonych profesjonalist\u00f3w. Rozumiemy, \u017ce Tw\u00f3j samoch\u00f3d to co\u015b wi\u0119cej ni\u017c tylko \u015brodek transportu &#8211; to cenna w\u0142asno\u015b\u0107, kt\u00f3r\u0105 zawsze traktujemy z najwy\u017csz\u0105 staranno\u015bci\u0105.<\/p>\n<p>&nbsp;<\/p>\n<p>&nbsp;<\/p>","protected":false},"excerpt":{"rendered":"<p>W Dein Stellplatz bardzo powa\u017cnie traktujemy bezpiecze\u0144stwo i ochron\u0119 Twojego pojazdu. Chocia\u017c nie mo\u017cemy ubezpieczy\u0107 ka\u017cdego z nawet 2100 pojazd\u00f3w indywidualnie &#8211; g\u0142\u00f3wnie dlatego, \u017ce zgodnie z prawem pojazdy nie mog\u0105 by\u0107 ubezpieczone dwukrotnie &#8211; nadal zapewniamy kompleksow\u0105 ochron\u0119. &nbsp; Ubezpieczenie od odpowiedzialno\u015bci cywilnej Kompleksowa ochrona: Nasze ubezpieczenie od odpowiedzialno\u015bci cywilnej obejmuje szkody, kt\u00f3re mog\u0105 [&hellip;]<\/p>\n","protected":false},"author":1,"featured_media":0,"parent":0,"menu_order":62,"comment_status":"closed","ping_status":"closed","template":"","meta":{"footnotes":""},"_links":{"self":[{"href":"https:\/\/www.dein-stellplatz.de\/pl\/wp-json\/wp\/v2\/pages\/17345"}],"collection":[{"href":"https:\/\/www.dein-stellplatz.de\/pl\/wp-json\/wp\/v2\/pages"}],"about":[{"href":"https:\/\/www.dein-stellplatz.de\/pl\/wp-json\/wp\/v2\/types\/page"}],"author":[{"embeddable":true,"href":"https:\/\/www.dein-stellplatz.de\/pl\/wp-json\/wp\/v2\/users\/1"}],"replies":[{"embeddable":true,"href":"https:\/\/www.dein-stellplatz.de\/pl\/wp-json\/wp\/v2\/comments?post=17345"}],"version-history":[{"count":1,"href":"https:\/\/www.dein-stellplatz.de\/pl\/wp-json\/wp\/v2\/pages\/17345\/revisions"}],"predecessor-version":[{"id":17346,"href":"https:\/\/www.dein-stellplatz.de\/pl\/wp-json\/wp\/v2\/pages\/17345\/revisions\/17346"}],"wp:attachment":[{"href":"https:\/\/www.dein-stellplatz.de\/pl\/wp-json\/wp\/v2\/media?parent=17345"}],"curies":[{"name":"wp","href":"https:\/\/api.w.org\/{rel}","templated":true}]}}