{"id":17339,"date":"2024-05-06T15:51:29","date_gmt":"2024-05-06T13:51:29","guid":{"rendered":"https:\/\/www.dein-stellplatz.de\/?page_id=17339"},"modified":"2025-03-31T22:57:13","modified_gmt":"2025-03-31T20:57:13","slug":"vergessenes-im-auto-was-nun","status":"publish","type":"page","link":"https:\/\/www.dein-stellplatz.de\/pl\/vergessenes-im-auto-was-nun\/","title":{"rendered":"Zapomniane przedmioty w aucie &#8211; co teraz?"},"content":{"rendered":"<p>W zgie\u0142ku podr\u00f3\u017cy wa\u017cne przedmioty mog\u0105 czasami zosta\u0107 zapomniane w samochodzie. Takie przypadki s\u0105 dla nas bardzo cz\u0119ste. Czy to paszport, kt\u00f3ry jest niezb\u0119dny w podr\u00f3\u017cy, przytulanka dla dziecka, kt\u00f3ra wydaje si\u0119 niezb\u0119dna na wakacjach, czy kabel do \u0142adowania smartfona, bez kt\u00f3rego mo\u017cna odlecie\u0107. Takie sytuacje mog\u0105 by\u0107 stresuj\u0105ce, ale mamy rozwi\u0105zania, kt\u00f3re pomog\u0105 ci w takich chwilach.<\/p>\n<p>&nbsp;<\/p>\n<h2>Szybkie rozwi\u0105zanie dla zapomnianych przedmiot\u00f3w<\/h2>\n<p><strong>Powr\u00f3t na parking:<\/strong> Je\u015bli zdasz sobie spraw\u0119, \u017ce zapomnia\u0142e\u015b czego\u015b wa\u017cnego w samochodzie, mo\u017cemy pom\u00f3c Ci szybko wr\u00f3ci\u0107 na parking. Mo\u017cesz skorzysta\u0107 z najbli\u017cszego autobusu wahad\u0142owego, aby odebra\u0107 zapomnian\u0105 w\u0142asno\u015b\u0107.<\/p>\n<p><strong>Pakiet wszechstronnej ochrony:<\/strong> Klienci, kt\u00f3rzy zarezerwowali nasz pakiet wszechstronnej ochrony, mog\u0105 skorzysta\u0107 z dodatkowej podr\u00f3\u017cy bez dodatkowych koszt\u00f3w. Pakiet ten obejmuje drug\u0105 podr\u00f3\u017c na parking i z powrotem na lotnisko, je\u015bli zapomnia\u0142e\u015b czego\u015b wa\u017cnego.<\/p>\n<p><strong>Bez kompleksowego pakietu ochrony:<\/strong> Je\u015bli nie zarezerwowa\u0142e\u015b kompleksowego pakietu ochrony, za dodatkow\u0105 podr\u00f3\u017c pobierana jest op\u0142ata w wysoko\u015bci 10 \u20ac. Op\u0142ata ta pokrywa koszt dodatkowej podr\u00f3\u017cy na parking i z powrotem na lotnisko.<\/p>\n<p>&nbsp;<\/p>\n<h3>Przedmioty, o kt\u00f3rych cz\u0119sto si\u0119 zapomina<\/h3>\n<p>Aby unikn\u0105\u0107 takich sytuacji, zalecamy dok\u0142adne sprawdzenie baga\u017cu i samochodu przed wyjazdem. Oto nasza lista kontrolna przedmiot\u00f3w, o kt\u00f3rych cz\u0119sto si\u0119 zapomina:<\/p>\n<ul>\n<li style=\"font-weight: 400;\" aria-level=\"1\"><strong>Urz\u0105dzenia elektroniczne:<\/strong> smartfony, tablety lub laptopy, kt\u00f3re s\u0105 wa\u017cne do pracy lub rozrywki podczas podr\u00f3\u017cy.<\/li>\n<li style=\"font-weight: 400;\" aria-level=\"1\"><strong>Dokumenty podr\u00f3\u017cne:<\/strong> karty pok\u0142adowe, potwierdzenia rezerwacji lub prawa jazdy, kt\u00f3re s\u0105 potrzebne do podr\u00f3\u017cy lub wynajmu pojazdu.<\/li>\n<li style=\"font-weight: 400;\" aria-level=\"1\"><strong>Przedmioty osobiste:<\/strong> okulary, leki lub specjalne przedmioty podr\u00f3\u017cne, kt\u00f3re s\u0105 niezb\u0119dne dla dobrego samopoczucia podczas podr\u00f3\u017cy.<\/li>\n<\/ul>\n<p>&nbsp;<\/p>","protected":false},"excerpt":{"rendered":"<p>W zgie\u0142ku podr\u00f3\u017cy wa\u017cne przedmioty mog\u0105 czasami zosta\u0107 zapomniane w samochodzie. Takie przypadki s\u0105 dla nas bardzo cz\u0119ste. Czy to paszport, kt\u00f3ry jest niezb\u0119dny w podr\u00f3\u017cy, przytulanka dla dziecka, kt\u00f3ra wydaje si\u0119 niezb\u0119dna na wakacjach, czy kabel do \u0142adowania smartfona, bez kt\u00f3rego mo\u017cna odlecie\u0107. Takie sytuacje mog\u0105 by\u0107 stresuj\u0105ce, ale mamy rozwi\u0105zania, kt\u00f3re pomog\u0105 ci [&hellip;]<\/p>\n","protected":false},"author":1,"featured_media":0,"parent":0,"menu_order":60,"comment_status":"closed","ping_status":"closed","template":"","meta":{"footnotes":""},"_links":{"self":[{"href":"https:\/\/www.dein-stellplatz.de\/pl\/wp-json\/wp\/v2\/pages\/17339"}],"collection":[{"href":"https:\/\/www.dein-stellplatz.de\/pl\/wp-json\/wp\/v2\/pages"}],"about":[{"href":"https:\/\/www.dein-stellplatz.de\/pl\/wp-json\/wp\/v2\/types\/page"}],"author":[{"embeddable":true,"href":"https:\/\/www.dein-stellplatz.de\/pl\/wp-json\/wp\/v2\/users\/1"}],"replies":[{"embeddable":true,"href":"https:\/\/www.dein-stellplatz.de\/pl\/wp-json\/wp\/v2\/comments?post=17339"}],"version-history":[{"count":1,"href":"https:\/\/www.dein-stellplatz.de\/pl\/wp-json\/wp\/v2\/pages\/17339\/revisions"}],"predecessor-version":[{"id":17340,"href":"https:\/\/www.dein-stellplatz.de\/pl\/wp-json\/wp\/v2\/pages\/17339\/revisions\/17340"}],"wp:attachment":[{"href":"https:\/\/www.dein-stellplatz.de\/pl\/wp-json\/wp\/v2\/media?parent=17339"}],"curies":[{"name":"wp","href":"https:\/\/api.w.org\/{rel}","templated":true}]}}