{"id":17209,"date":"2024-04-24T12:22:11","date_gmt":"2024-04-24T10:22:11","guid":{"rendered":"https:\/\/www.dein-stellplatz.de\/?page_id=17209"},"modified":"2025-03-31T22:57:13","modified_gmt":"2025-03-31T20:57:13","slug":"verfuegbarkeit-der-parkplaetze","status":"publish","type":"page","link":"https:\/\/www.dein-stellplatz.de\/pl\/verfuegbarkeit-der-parkplaetze\/","title":{"rendered":"Dost\u0119pno\u015b\u0107 parking\u00f3w"},"content":{"rendered":"<p><\/p>\n<h2>Dost\u0119pno\u015b\u0107 parking\u00f3w na Dein Stellplatz<\/h2>\n<p>W Dein Stellplatz naszym celem jest zapewnienie bezproblemowego i przejrzystego sposobu sprawdzania dost\u0119pno\u015bci naszych parking\u00f3w w czasie rzeczywistym. W ten spos\u00f3b mo\u017cesz mie\u0107 pewno\u015b\u0107, \u017ce parking spe\u0142niaj\u0105cy Twoje wymagania jest dost\u0119pny na czas podr\u00f3\u017cy z lotniska Berlin Brandenburg (BER).<\/p>\n<p>&nbsp;<\/p>\n<h3>Jak sprawdzi\u0107 dost\u0119pno\u015b\u0107 naszych parking\u00f3w<\/h3>\n<ul>\n<li style=\"font-weight: 400;\" aria-level=\"1\"><strong>Skorzystaj ze strony internetowej lub aplikacji:<\/strong> Odwied\u017a nasz\u0105 stron\u0119 internetow\u0105 lub skorzystaj z aplikacji Dein Stellplatz, aby wybra\u0107 lotnisko Berlin Brandenburg (BER).<\/li>\n<li style=\"font-weight: 400;\" aria-level=\"1\"><strong>Wprowad\u017a daty podr\u00f3\u017cy:<\/strong> Wprowad\u017a daty przyjazdu i wyjazdu w masce wyszukiwania, aby sprawdzi\u0107 dost\u0119pno\u015b\u0107 w wybranym okresie.<\/li>\n<li style=\"font-weight: 400;\" aria-level=\"1\"><strong>Wy\u015bwietl ceny i opcje:<\/strong> Po wprowadzeniu dat zostanie wy\u015bwietlona cena. Kliknij \u201ePrzejd\u017a do rezerwacji\u201d, aby zobaczy\u0107 przegl\u0105d dost\u0119pnych opcji parkingowych i ich cen.<\/li>\n<\/ul>\n<p>&nbsp;<\/p>\n<h3>Wa\u017cne informacje<\/h3>\n<p><strong>Poda\u017c i popyt:<\/strong> Dost\u0119pno\u015b\u0107 naszych parking\u00f3w jest silnie uzale\u017cniona od poda\u017cy i popytu. Mo\u017ce si\u0119 zdarzy\u0107, \u017ce parkingi zostan\u0105 szybko w pe\u0142ni zarezerwowane, zw\u0142aszcza w szczycie sezonu wakacyjnego.<\/p>\n<p><strong>Zalecamy wczesn\u0105 rezerwacj\u0119:<\/strong> Zalecamy rezerwacj\u0119 parkingu z odpowiednim wyprzedzeniem &#8211; najlepiej zaraz po zarezerwowaniu podr\u00f3\u017cy. \u015aredni czas realizacji naszych rezerwacji wynosi oko\u0142o 30 dni, ale wcze\u015bniejsze planowanie pomaga unikn\u0105\u0107 w\u0105skich garde\u0142.<\/p>\n<p>&nbsp;<\/p>\n<h4>Twoja korzy\u015b\u0107<\/h4>\n<p>Dzi\u0119ki wcze\u015bniejszej rezerwacji miejsca parkingowego w Dein Stellplatz mo\u017cesz spokojnie rozpocz\u0105\u0107 podr\u00f3\u017c, nie martwi\u0105c si\u0119 o znalezienie miejsca parkingowego. Nasze przejrzyste ceny i \u0142atwa rezerwacja za po\u015brednictwem naszej strony internetowej lub aplikacji Dein Stellplatz pozwalaj\u0105 szybko i \u0142atwo zabezpieczy\u0107 idealne miejsce parkingowe.<\/p>\n<p>&nbsp;<\/p>\n<h4>Nasza rada<\/h4>\n<p>Skorzystaj z aplikacji Dein Stellplatz, aby uzyska\u0107 najwygodniejsz\u0105 rezerwacj\u0119. Nasza aplikacja nie tylko umo\u017cliwia sprawdzanie dost\u0119pno\u015bci i dokonywanie rezerwacji, ale tak\u017ce zapewnia aktualne powiadomienia push i dost\u0119p do ekskluzywnych ofert i us\u0142ug.<\/p>\n<p>&nbsp;<\/p>","protected":false},"excerpt":{"rendered":"<p>Dost\u0119pno\u015b\u0107 parking\u00f3w na Dein Stellplatz W Dein Stellplatz naszym celem jest zapewnienie bezproblemowego i przejrzystego sposobu sprawdzania dost\u0119pno\u015bci naszych parking\u00f3w w czasie rzeczywistym. W ten spos\u00f3b mo\u017cesz mie\u0107 pewno\u015b\u0107, \u017ce parking spe\u0142niaj\u0105cy Twoje wymagania jest dost\u0119pny na czas podr\u00f3\u017cy z lotniska Berlin Brandenburg (BER). &nbsp; Jak sprawdzi\u0107 dost\u0119pno\u015b\u0107 naszych parking\u00f3w Skorzystaj ze strony internetowej lub [&hellip;]<\/p>\n","protected":false},"author":1,"featured_media":0,"parent":0,"menu_order":59,"comment_status":"closed","ping_status":"closed","template":"","meta":{"footnotes":""},"_links":{"self":[{"href":"https:\/\/www.dein-stellplatz.de\/pl\/wp-json\/wp\/v2\/pages\/17209"}],"collection":[{"href":"https:\/\/www.dein-stellplatz.de\/pl\/wp-json\/wp\/v2\/pages"}],"about":[{"href":"https:\/\/www.dein-stellplatz.de\/pl\/wp-json\/wp\/v2\/types\/page"}],"author":[{"embeddable":true,"href":"https:\/\/www.dein-stellplatz.de\/pl\/wp-json\/wp\/v2\/users\/1"}],"replies":[{"embeddable":true,"href":"https:\/\/www.dein-stellplatz.de\/pl\/wp-json\/wp\/v2\/comments?post=17209"}],"version-history":[{"count":1,"href":"https:\/\/www.dein-stellplatz.de\/pl\/wp-json\/wp\/v2\/pages\/17209\/revisions"}],"predecessor-version":[{"id":17210,"href":"https:\/\/www.dein-stellplatz.de\/pl\/wp-json\/wp\/v2\/pages\/17209\/revisions\/17210"}],"wp:attachment":[{"href":"https:\/\/www.dein-stellplatz.de\/pl\/wp-json\/wp\/v2\/media?parent=17209"}],"curies":[{"name":"wp","href":"https:\/\/api.w.org\/{rel}","templated":true}]}}