{"id":17207,"date":"2024-04-24T12:15:59","date_gmt":"2024-04-24T10:15:59","guid":{"rendered":"https:\/\/www.dein-stellplatz.de\/?page_id=17207"},"modified":"2025-03-31T22:57:13","modified_gmt":"2025-03-31T20:57:13","slug":"valet-parking","status":"publish","type":"page","link":"https:\/\/www.dein-stellplatz.de\/pl\/valet-parking\/","title":{"rendered":"Valet-Parking"},"content":{"rendered":"<p><\/p>\n<h2>Wysokiej jako\u015bci us\u0142uga parkingowego na lotnisku Berlin Brandenburg<\/h2>\n<p>Do\u015bwiadcz wygodniejszego pocz\u0105tku podr\u00f3\u017cy dzi\u0119ki naszej us\u0142udze parkowania z obs\u0142ug\u0105 na lotnisku Berlin Brandenburg (BER). Nasza ekskluzywna us\u0142uga umo\u017cliwia podjechanie samochodem bezpo\u015brednio pod terminal, gdzie czeka na Ciebie przeszkolony pracownik Dein Stellplatz. Po szybkim przekazaniu zajmiemy si\u0119 Twoim pojazdem, podczas gdy Ty wejdziesz na lotnisko i zrelaksujesz si\u0119.<\/p>\n<p>&nbsp;<\/p>\n<h3>Co to jest us\u0142uga Valet Parking?<\/h3>\n<p>Valet parking oznacza maksymaln\u0105 wygod\u0119 podczas parkowania na lotnisku. W przeciwie\u0144stwie do tradycyjnego parkowania, w kt\u00f3rym samemu parkuje si\u0119 pojazd na parkingu, a nast\u0119pnie jedzie autobusem do terminalu, w przypadku parkowania z obs\u0142ug\u0105 po prostu oddaje si\u0119 samoch\u00f3d bezpo\u015brednio przy terminalu. Jeden z naszych pracownik\u00f3w bezpiecznie zaparkuje samoch\u00f3d na jednym z pobliskich parking\u00f3w. Po powrocie samoch\u00f3d b\u0119dzie czeka\u0142 na Ciebie przy terminalu &#8211; parkowanie mo\u017ce by\u0107 tak \u0142atwe, bezstresowe i wygodne.<\/p>\n<p>&nbsp;<\/p>\n<h4>Procedura parkowania przez obs\u0142ug\u0119<\/h4>\n<p><strong>W dniu przyjazdu:<\/strong> Wystarczy zarezerwowa\u0107 us\u0142ug\u0119 parkingowego przez Internet i poinformowa\u0107 nas o dok\u0142adnym miejscu spotkania na kr\u00f3tko przed przybyciem na lotnisko. Cz\u0142onek personelu spotka si\u0119 z Tob\u0105, wype\u0142ni protok\u00f3\u0142 przekazania, a nast\u0119pnie zaparkuje Tw\u00f3j samoch\u00f3d na bezpiecznym miejscu parkingowym.<\/p>\n<p><strong>Po powrocie:<\/strong> Po wyl\u0105dowaniu i odebraniu baga\u017cu skontaktuj si\u0119 z nami ponownie. Przyprowadzimy Tw\u00f3j samoch\u00f3d do uzgodnionego punktu spotkania w terminalu, gdzie odb\u0119dzie si\u0119 nowe, nieskomplikowane przekazanie.<\/p>\n<p>&nbsp;<\/p>\n<h3>Zalety us\u0142ugi valet parking<\/h3>\n<ul>\n<li style=\"font-weight: 400;\" aria-level=\"1\"><strong>Maksymalna oszcz\u0119dno\u015b\u0107 czasu:<\/strong> przejazd bezpo\u015brednio do terminalu bez objazd\u00f3w przez parking.<\/li>\n<li style=\"font-weight: 400;\" aria-level=\"1\"><strong>Maksymalna wygoda:<\/strong> brak konieczno\u015bci noszenia baga\u017cu i czekania na autobus.<\/li>\n<li style=\"font-weight: 400;\" aria-level=\"1\"><strong>Bezpiecze\u0144stwo:<\/strong> Tw\u00f3j samoch\u00f3d jest bezpiecznie zaparkowany i monitorowany przez nas.<\/li>\n<li style=\"font-weight: 400;\" aria-level=\"1\"><strong>Elastyczno\u015b\u0107:<\/strong> idealne rozwi\u0105zanie dla os\u00f3b podr\u00f3\u017cuj\u0105cych z du\u017cym baga\u017cem, rodzin lub os\u00f3b podr\u00f3\u017cuj\u0105cych s\u0142u\u017cbowo, kt\u00f3re ceni\u0105 sobie czas i wygod\u0119.<\/li>\n<\/ul>\n<p>&nbsp;<\/p>","protected":false},"excerpt":{"rendered":"<p>Wysokiej jako\u015bci us\u0142uga parkingowego na lotnisku Berlin Brandenburg Do\u015bwiadcz wygodniejszego pocz\u0105tku podr\u00f3\u017cy dzi\u0119ki naszej us\u0142udze parkowania z obs\u0142ug\u0105 na lotnisku Berlin Brandenburg (BER). Nasza ekskluzywna us\u0142uga umo\u017cliwia podjechanie samochodem bezpo\u015brednio pod terminal, gdzie czeka na Ciebie przeszkolony pracownik Dein Stellplatz. Po szybkim przekazaniu zajmiemy si\u0119 Twoim pojazdem, podczas gdy Ty wejdziesz na lotnisko i zrelaksujesz [&hellip;]<\/p>\n","protected":false},"author":1,"featured_media":0,"parent":0,"menu_order":80,"comment_status":"closed","ping_status":"closed","template":"","meta":{"footnotes":""},"_links":{"self":[{"href":"https:\/\/www.dein-stellplatz.de\/pl\/wp-json\/wp\/v2\/pages\/17207"}],"collection":[{"href":"https:\/\/www.dein-stellplatz.de\/pl\/wp-json\/wp\/v2\/pages"}],"about":[{"href":"https:\/\/www.dein-stellplatz.de\/pl\/wp-json\/wp\/v2\/types\/page"}],"author":[{"embeddable":true,"href":"https:\/\/www.dein-stellplatz.de\/pl\/wp-json\/wp\/v2\/users\/1"}],"replies":[{"embeddable":true,"href":"https:\/\/www.dein-stellplatz.de\/pl\/wp-json\/wp\/v2\/comments?post=17207"}],"version-history":[{"count":2,"href":"https:\/\/www.dein-stellplatz.de\/pl\/wp-json\/wp\/v2\/pages\/17207\/revisions"}],"predecessor-version":[{"id":18424,"href":"https:\/\/www.dein-stellplatz.de\/pl\/wp-json\/wp\/v2\/pages\/17207\/revisions\/18424"}],"wp:attachment":[{"href":"https:\/\/www.dein-stellplatz.de\/pl\/wp-json\/wp\/v2\/media?parent=17207"}],"curies":[{"name":"wp","href":"https:\/\/api.w.org\/{rel}","templated":true}]}}