{"id":17191,"date":"2024-04-24T11:47:16","date_gmt":"2024-04-24T09:47:16","guid":{"rendered":"https:\/\/www.dein-stellplatz.de\/?page_id=17191"},"modified":"2025-03-31T22:57:13","modified_gmt":"2025-03-31T20:57:13","slug":"umbuchung","status":"publish","type":"page","link":"https:\/\/www.dein-stellplatz.de\/pl\/umbuchung\/","title":{"rendered":"Zmiana rezerwacji"},"content":{"rendered":"<p><\/p>\n<h2>Wszystko, co musisz wiedzie\u0107 o opcjach zmiany rezerwacji w Dein Stellplatz<\/h2>\n<p>Elastyczno\u015b\u0107 jest wa\u017cnym aspektem planowania podr\u00f3\u017cy. Dlatego oferujemy mo\u017cliwo\u015b\u0107 \u0142atwej zmiany rezerwacji parkingu do 24 godzin przed planowanym przyjazdem. Ta opcja zapewnia elastyczno\u015b\u0107 potrzebn\u0105 do reagowania na nieprzewidziane zmiany w planach podr\u00f3\u017cy.<\/p>\n<p>&nbsp;<\/p>\n<h3>Standardowa polityka zmiany rezerwacji &#8211; do 24 godzin przed przyjazdem<\/h3>\n<p>Mo\u017cesz prze\u0142o\u017cy\u0107 rezerwacj\u0119 do 24 godzin przed planowanym przyjazdem bez dodatkowych koszt\u00f3w. Pozwala to na wprowadzenie zmian, je\u015bli daty lub godziny podr\u00f3\u017cy ulegn\u0105 zmianie.<\/p>\n<p>&nbsp;<\/p>\n<h3>Z kompleksowym pakietem ochrony do ostatniej chwili<\/h3>\n<p>Je\u015bli zarezerwowa\u0142e\u015b nasz wszechstronny pakiet ochrony, masz dodatkow\u0105 elastyczno\u015b\u0107. Mo\u017cesz prze\u0142o\u017cy\u0107 rezerwacj\u0119 do czasu planowanego przyjazdu &#8211; idealne rozwi\u0105zanie w sytuacjach, w kt\u00f3rych utkn\u0105\u0142e\u015b w korku lub Tw\u00f3j lot zosta\u0142 odwo\u0142any z kr\u00f3tkim wyprzedzeniem.<\/p>\n<p>&nbsp;<\/p>\n<h3>Jak dzia\u0142a zmiana rezerwacji?<\/h3>\n<p>Zmiana rezerwacji parkingu jest prosta i nieskomplikowana. Mo\u017cesz to zrobi\u0107 bezpo\u015brednio za po\u015brednictwem naszej strony internetowej, aplikacji Dein Stellplatz lub kontaktuj\u0105c si\u0119 z naszym zespo\u0142em obs\u0142ugi klienta. Nasz zesp\u00f3\u0142 jest gotowy pom\u00f3c w dostosowaniu rezerwacji i upewni\u0107 si\u0119, \u017ce wszystko p\u00f3jdzie g\u0142adko.<\/p>\n<p>&nbsp;<\/p>\n<h4>Dlaczego oferujemy tak\u0105 elastyczno\u015b\u0107?<\/h4>\n<p><strong>Zmiana plan\u00f3w podr\u00f3\u017cy:<\/strong> Zdajemy sobie spraw\u0119, \u017ce plany podr\u00f3\u017cy mog\u0105 ulec zmianie w kr\u00f3tkim czasie z r\u00f3\u017cnych powod\u00f3w. Nasze opcje zmiany rezerwacji zosta\u0142y zaprojektowane z my\u015bl\u0105 o takich przypadkach.<\/p>\n<p><strong>Bezstresowe przygotowanie do podr\u00f3\u017cy:<\/strong> Dzi\u0119ki opcji zmiany rezerwacji chcemy, aby\u015b m\u00f3g\u0142 przygotowa\u0107 si\u0119 do podr\u00f3\u017cy bez \u017cadnych zmartwie\u0144. Mo\u017cesz mie\u0107 pewno\u015b\u0107, \u017ce zmiany plan\u00f3w nie b\u0119d\u0105 stanowi\u0142y problemu.<\/p>\n<p>&nbsp;<\/p>\n<p>&nbsp;<\/p>","protected":false},"excerpt":{"rendered":"<p>Wszystko, co musisz wiedzie\u0107 o opcjach zmiany rezerwacji w Dein Stellplatz Elastyczno\u015b\u0107 jest wa\u017cnym aspektem planowania podr\u00f3\u017cy. Dlatego oferujemy mo\u017cliwo\u015b\u0107 \u0142atwej zmiany rezerwacji parkingu do 24 godzin przed planowanym przyjazdem. Ta opcja zapewnia elastyczno\u015b\u0107 potrzebn\u0105 do reagowania na nieprzewidziane zmiany w planach podr\u00f3\u017cy. &nbsp; Standardowa polityka zmiany rezerwacji &#8211; do 24 godzin przed przyjazdem Mo\u017cesz [&hellip;]<\/p>\n","protected":false},"author":1,"featured_media":0,"parent":0,"menu_order":58,"comment_status":"closed","ping_status":"closed","template":"","meta":{"footnotes":""},"_links":{"self":[{"href":"https:\/\/www.dein-stellplatz.de\/pl\/wp-json\/wp\/v2\/pages\/17191"}],"collection":[{"href":"https:\/\/www.dein-stellplatz.de\/pl\/wp-json\/wp\/v2\/pages"}],"about":[{"href":"https:\/\/www.dein-stellplatz.de\/pl\/wp-json\/wp\/v2\/types\/page"}],"author":[{"embeddable":true,"href":"https:\/\/www.dein-stellplatz.de\/pl\/wp-json\/wp\/v2\/users\/1"}],"replies":[{"embeddable":true,"href":"https:\/\/www.dein-stellplatz.de\/pl\/wp-json\/wp\/v2\/comments?post=17191"}],"version-history":[{"count":1,"href":"https:\/\/www.dein-stellplatz.de\/pl\/wp-json\/wp\/v2\/pages\/17191\/revisions"}],"predecessor-version":[{"id":17192,"href":"https:\/\/www.dein-stellplatz.de\/pl\/wp-json\/wp\/v2\/pages\/17191\/revisions\/17192"}],"wp:attachment":[{"href":"https:\/\/www.dein-stellplatz.de\/pl\/wp-json\/wp\/v2\/media?parent=17191"}],"curies":[{"name":"wp","href":"https:\/\/api.w.org\/{rel}","templated":true}]}}