{"id":17189,"date":"2024-04-24T11:26:25","date_gmt":"2024-04-24T09:26:25","guid":{"rendered":"https:\/\/www.dein-stellplatz.de\/?page_id=17189"},"modified":"2025-03-31T22:57:13","modified_gmt":"2025-03-31T20:57:13","slug":"transferzeit","status":"publish","type":"page","link":"https:\/\/www.dein-stellplatz.de\/pl\/transferzeit\/","title":{"rendered":"Czas transferu"},"content":{"rendered":"<p><\/p>\n<h2>Czas transferu na lotnisko Berlin Brandenburg (BER)<\/h2>\n<p>W Dein Stellplatz naszym priorytetem jest, aby Tw\u00f3j transfer na lotnisko Berlin Brandenburg (BER) by\u0142 szybki, wygodny i bezstresowy. Nasze sprawnie zorganizowane i regularnie kursuj\u0105ce autobusy wahad\u0142owe gwarantuj\u0105 kr\u00f3tki czas transferu, dzi\u0119ki czemu dotrzesz na lotnisko bez straty czasu.<\/p>\n<p>&nbsp;<\/p>\n<h3>Szybkie po\u0142\u0105czenie autobusowe<\/h3>\n<p>Czas przejazdu naszych autobus\u00f3w wahad\u0142owych z parkingu na lotnisko BER wynosi tylko oko\u0142o 5-7 minut. Ten kr\u00f3tki czas transferu gwarantuje, \u017ce po przybyciu na parking szybko dotrzesz do terminalu i b\u0119dziesz m\u00f3g\u0142 spokojnie kontynuowa\u0107 podr\u00f3\u017c.<\/p>\n<p>&nbsp;<\/p>\n<h3>Miejsce spotkania na parkingu autobusowym BER<\/h3>\n<p>U\u017cywamy parkingu autobusowego B jako centralnego punktu spotka\u0144 zar\u00f3wno w przypadku podr\u00f3\u017cy na lotnisko, jak i powrotu. Jest to okre\u015blone przez lotnisko BER i umo\u017cliwia szybk\u0105 i nieskomplikowan\u0105 obs\u0142ug\u0119 transferu.<\/p>\n<p>&nbsp;<\/p>\n<h3>Niezawodno\u015b\u0107 i komfort<\/h3>\n<p>Nasze autobusy wahad\u0142owe s\u0105 nowoczesne, klimatyzowane i oferuj\u0105 wystarczaj\u0105co du\u017co miejsca dla Ciebie i Twojego baga\u017cu. Regularne odjazdy co 20 minut gwarantuj\u0105, \u017ce Ty i inni podr\u00f3\u017cni zostaniecie przetransportowani na lotnisko i z powrotem sprawnie i bez d\u0142ugiego oczekiwania. Zabranie ze sob\u0105 niepor\u0119cznego baga\u017cu, takiego jak deski surfingowe, walizki rowerowe lub torby golfowe, nie stanowi problemu dzi\u0119ki naszym praktycznym przyczepom &#8211; po prostu prosimy o wskazanie tego podczas dokonywania rezerwacji, aby\u015bmy mogli odpowiednio zaplanowa\u0107 wymagan\u0105 przestrze\u0144.<\/p>\n<p>&nbsp;<\/p>","protected":false},"excerpt":{"rendered":"<p>Czas transferu na lotnisko Berlin Brandenburg (BER) W Dein Stellplatz naszym priorytetem jest, aby Tw\u00f3j transfer na lotnisko Berlin Brandenburg (BER) by\u0142 szybki, wygodny i bezstresowy. Nasze sprawnie zorganizowane i regularnie kursuj\u0105ce autobusy wahad\u0142owe gwarantuj\u0105 kr\u00f3tki czas transferu, dzi\u0119ki czemu dotrzesz na lotnisko bez straty czasu. &nbsp; Szybkie po\u0142\u0105czenie autobusowe Czas przejazdu naszych autobus\u00f3w wahad\u0142owych [&hellip;]<\/p>\n","protected":false},"author":1,"featured_media":0,"parent":0,"menu_order":57,"comment_status":"closed","ping_status":"closed","template":"","meta":{"footnotes":""},"_links":{"self":[{"href":"https:\/\/www.dein-stellplatz.de\/pl\/wp-json\/wp\/v2\/pages\/17189"}],"collection":[{"href":"https:\/\/www.dein-stellplatz.de\/pl\/wp-json\/wp\/v2\/pages"}],"about":[{"href":"https:\/\/www.dein-stellplatz.de\/pl\/wp-json\/wp\/v2\/types\/page"}],"author":[{"embeddable":true,"href":"https:\/\/www.dein-stellplatz.de\/pl\/wp-json\/wp\/v2\/users\/1"}],"replies":[{"embeddable":true,"href":"https:\/\/www.dein-stellplatz.de\/pl\/wp-json\/wp\/v2\/comments?post=17189"}],"version-history":[{"count":1,"href":"https:\/\/www.dein-stellplatz.de\/pl\/wp-json\/wp\/v2\/pages\/17189\/revisions"}],"predecessor-version":[{"id":17190,"href":"https:\/\/www.dein-stellplatz.de\/pl\/wp-json\/wp\/v2\/pages\/17189\/revisions\/17190"}],"wp:attachment":[{"href":"https:\/\/www.dein-stellplatz.de\/pl\/wp-json\/wp\/v2\/media?parent=17189"}],"curies":[{"name":"wp","href":"https:\/\/api.w.org\/{rel}","templated":true}]}}