{"id":17185,"date":"2024-04-24T11:17:40","date_gmt":"2024-04-24T09:17:40","guid":{"rendered":"https:\/\/www.dein-stellplatz.de\/?page_id=17185"},"modified":"2025-03-31T22:57:13","modified_gmt":"2025-03-31T20:57:13","slug":"tipps-fuer-das-parken-bei-dein-stellplatz","status":"publish","type":"page","link":"https:\/\/www.dein-stellplatz.de\/pl\/tipps-fuer-das-parken-bei-dein-stellplatz\/","title":{"rendered":"Wskaz\u00f3wki dotycz\u0105ce parkowania przy Dein Stellplatz"},"content":{"rendered":"<p>Aby uczyni\u0107 parkowanie i podr\u00f3\u017cowanie z Dein Stellplatz na lotnisku Berlin Brandenburg (BER) tak przyjemnym i bezproblemowym, jak to tylko mo\u017cliwe, przygotowali\u015bmy dla Ciebie list\u0119 pomocnych wskaz\u00f3wek:<\/p>\n<p>&nbsp;<\/p>\n<ol>\n<li style=\"font-weight: 400;\" aria-level=\"1\"><strong>Rezerwuj wcze\u015bnie:<\/strong> zapewnij sobie najlepsze ceny i gwarantowane miejsce parkingowe, dokonuj\u0105c wcze\u015bniejszej rezerwacji, zw\u0142aszcza w godzinach szczytu.<\/li>\n<li style=\"font-weight: 400;\" aria-level=\"1\"><strong>Skorzystaj z aplikacji Dein Stellplatz:<\/strong> Pobierz nasz\u0105 aplikacj\u0119, aby zarz\u0105dza\u0107 rezerwacjami, \u015bledzi\u0107 transport i korzysta\u0107 z ekskluzywnych ofert aplikacji.<\/li>\n<li style=\"font-weight: 400;\" aria-level=\"1\"><strong>Wybierz odpowiedni parking:<\/strong> Zdecyduj, kt\u00f3ra opcja parkowania najlepiej odpowiada Twoim potrzebom. Wybierz spo\u015br\u00f3d parking\u00f3w XXL dla wi\u0119kszych pojazd\u00f3w, stref komfortu i bezpiecze\u0144stwa dla dodatkowej ochrony lub specjalnych stref dla pojazd\u00f3w elektrycznych.<\/li>\n<li style=\"font-weight: 400;\" aria-level=\"1\"><strong>Skorzystaj z transportu wahad\u0142owego:<\/strong> Nasz bezp\u0142atny transport wahad\u0142owy zabierze Ci\u0119 na lotnisko i z powrotem szybko i wygodnie. Zwr\u00f3\u0107 uwag\u0119 na ustalone godziny odjazdu i odpowiednio zaplanuj czas buforowy.<\/li>\n<li style=\"font-weight: 400;\" aria-level=\"1\"><strong>Zarejestruj baga\u017c wielkogabarytowy:<\/strong> Zarejestruj baga\u017c specjalny lub niepor\u0119czny, taki jak deski surfingowe lub walizki rowerowe, z wyprzedzeniem, aby zapewni\u0107 sprawny transport.<\/li>\n<li style=\"font-weight: 400;\" aria-level=\"1\"><strong>Rozwa\u017c kompleksowy pakiet ochrony:<\/strong> Aby zwi\u0119kszy\u0107 bezpiecze\u0144stwo i elastyczno\u015b\u0107, mo\u017cesz zarezerwowa\u0107 nasz kompleksowy pakiet ochronny, kt\u00f3ry obejmuje bezp\u0142atne anulowanie rezerwacji do ostatniej chwili i pomoc w szybkim rozpocz\u0119ciu podr\u00f3\u017cy.<\/li>\n<li style=\"font-weight: 400;\" aria-level=\"1\"><strong>Sprawd\u017a szczeg\u00f3\u0142y lotu<\/strong>: Przed powrotem upewnij si\u0119, \u017ce dane lotu s\u0105 aktualne. Je\u015bli nast\u0105pi\u0105 jakiekolwiek zmiany, poinformuj nas o tym z odpowiednim wyprzedzeniem, aby\u015bmy mogli odpowiednio dostosowa\u0107 us\u0142ug\u0119 transferu.<\/li>\n<li style=\"font-weight: 400;\" aria-level=\"1\"><strong>Pozosta\u0144 w kontakcie:<\/strong> Po wyl\u0105dowaniu nie wy\u0142\u0105czaj telefonu kom\u00f3rkowego, aby\u015bmy mogli skontaktowa\u0107 si\u0119 z Tob\u0105 w razie potrzeby i aby\u015b m\u00f3g\u0142 skontaktowa\u0107 si\u0119 z kierowc\u0105 transferu w drodze powrotnej.<\/li>\n<li style=\"font-weight: 400;\" aria-level=\"1\"><strong>Zap\u0142a\u0107 na miejscu:<\/strong> Je\u015bli p\u0142acisz na miejscu, pami\u0119taj, \u017ce pobieramy op\u0142at\u0119 za t\u0119 us\u0142ug\u0119. Dlatego, je\u015bli to mo\u017cliwe, skorzystaj z p\u0142atno\u015bci przez aplikacj\u0119, aby zaoszcz\u0119dzi\u0107 na op\u0142atach.<\/li>\n<li><strong>Przeka\u017c nam swoj\u0105 opini\u0119:<\/strong> Twoja opinia jest dla nas wa\u017cna! Podziel si\u0119 z nami swoimi do\u015bwiadczeniami, aby\u015bmy mogli stale ulepsza\u0107 nasze us\u0142ugi.<\/li>\n<\/ol>\n<p>&nbsp;<\/p>\n<p>Dzi\u0119ki tym wskaz\u00f3wkom b\u0119dziesz dobrze przygotowany do parkowania i podr\u00f3\u017cowania z Dein Stellplatz. Z niecierpliwo\u015bci\u0105 czekamy na bezstresowy pocz\u0105tek podr\u00f3\u017cy!<\/p>\n<p>&nbsp;<\/p>\n<p>&nbsp;<\/p>","protected":false},"excerpt":{"rendered":"<p>Aby uczyni\u0107 parkowanie i podr\u00f3\u017cowanie z Dein Stellplatz na lotnisku Berlin Brandenburg (BER) tak przyjemnym i bezproblemowym, jak to tylko mo\u017cliwe, przygotowali\u015bmy dla Ciebie list\u0119 pomocnych wskaz\u00f3wek: &nbsp; Rezerwuj wcze\u015bnie: zapewnij sobie najlepsze ceny i gwarantowane miejsce parkingowe, dokonuj\u0105c wcze\u015bniejszej rezerwacji, zw\u0142aszcza w godzinach szczytu. Skorzystaj z aplikacji Dein Stellplatz: Pobierz nasz\u0105 aplikacj\u0119, aby zarz\u0105dza\u0107 [&hellip;]<\/p>\n","protected":false},"author":1,"featured_media":0,"parent":0,"menu_order":56,"comment_status":"closed","ping_status":"closed","template":"","meta":{"footnotes":""},"_links":{"self":[{"href":"https:\/\/www.dein-stellplatz.de\/pl\/wp-json\/wp\/v2\/pages\/17185"}],"collection":[{"href":"https:\/\/www.dein-stellplatz.de\/pl\/wp-json\/wp\/v2\/pages"}],"about":[{"href":"https:\/\/www.dein-stellplatz.de\/pl\/wp-json\/wp\/v2\/types\/page"}],"author":[{"embeddable":true,"href":"https:\/\/www.dein-stellplatz.de\/pl\/wp-json\/wp\/v2\/users\/1"}],"replies":[{"embeddable":true,"href":"https:\/\/www.dein-stellplatz.de\/pl\/wp-json\/wp\/v2\/comments?post=17185"}],"version-history":[{"count":3,"href":"https:\/\/www.dein-stellplatz.de\/pl\/wp-json\/wp\/v2\/pages\/17185\/revisions"}],"predecessor-version":[{"id":17705,"href":"https:\/\/www.dein-stellplatz.de\/pl\/wp-json\/wp\/v2\/pages\/17185\/revisions\/17705"}],"wp:attachment":[{"href":"https:\/\/www.dein-stellplatz.de\/pl\/wp-json\/wp\/v2\/media?parent=17185"}],"curies":[{"name":"wp","href":"https:\/\/api.w.org\/{rel}","templated":true}]}}