{"id":17183,"date":"2024-04-24T11:10:22","date_gmt":"2024-04-24T09:10:22","guid":{"rendered":"https:\/\/www.dein-stellplatz.de\/?page_id=17183"},"modified":"2025-03-31T22:57:13","modified_gmt":"2025-03-31T20:57:13","slug":"terminals-am-flughafen-berlin-brandenburg-ber","status":"publish","type":"page","link":"https:\/\/www.dein-stellplatz.de\/pl\/terminals-am-flughafen-berlin-brandenburg-ber\/","title":{"rendered":"Terminale na lotnisku Berlin Brandenburg (BER)"},"content":{"rendered":"<p>Lotnisko Berlin Brandenburg (BER) pe\u0142ni funkcj\u0119 centralnego w\u0119z\u0142a ruchu lotniczego w regionie i posiada dwa g\u0142\u00f3wne terminale &#8211; Terminal 1 i Terminal 2. Te nowoczesne terminale s\u0105 punktami kontaktowymi dla lot\u00f3w krajowych i mi\u0119dzynarodowych, wyposa\u017conymi w liczne udogodnienia dla podr\u00f3\u017cnych.<\/p>\n<p>&nbsp;<\/p>\n<p><b>Terminal 1<\/b><\/p>\n<p>Terminal 1, b\u0119d\u0105cy centralnym punktem lotniska BER, to g\u0142\u00f3wny obszar obs\u0142ugi, w kt\u00f3rym odbywa si\u0119 wi\u0119kszo\u015b\u0107 lot\u00f3w. Oferuje wiele udogodnie\u0144, w tym stanowiska odprawy, punkty kontroli bezpiecze\u0144stwa, sklepy, restauracje i poczekalnie.<\/p>\n<p><b>Terminal 2<\/b><\/p>\n<p>Terminal 2 s\u0142u\u017cy jako uzupe\u0142nienie Terminalu 1 i jest wykorzystywany g\u0142\u00f3wnie do zwi\u0119kszenia przepustowo\u015bci w godzinach szczytu. Ma podobne udogodnienia jak Terminal 1, ale jest mniejszy.<\/p>\n<p><b>Terminal 5<\/b><\/p>\n<p>Dawny Terminal 5, znajduj\u0105cy si\u0119 na starym lotnisku Sch\u00f6nefeld, nie jest ju\u017c u\u017cywany i nie obs\u0142uguje lot\u00f3w pasa\u017cerskich.<\/p>\n<p>&nbsp;<\/p>\n<h2>Transport wahad\u0142owy i parking autobusowy B<\/h2>\n<p>Nasz transport wahad\u0142owy zabierze Ci\u0119 na parking autobusowy B, kt\u00f3ry jest centralnym punktem spotka\u0144 wszystkich dostawc\u00f3w us\u0142ug parkingowych w BER. Z tego miejsca do Terminali 1 i 2 mo\u017cna dotrze\u0107 pieszo. Parking autokarowy B jest strategicznie zlokalizowany pomi\u0119dzy parkingami P6 i P4, bezpo\u015brednio nad Willy-Brandt-Platz i Hugo-Junkers-Ring. Wystarczy pod\u0105\u017ca\u0107 za znakami do parkingu dla autokar\u00f3w B, aby znale\u017a\u0107 us\u0142ug\u0119 transportu wahad\u0142owego. Dost\u0119pne s\u0105 w\u00f3zki u\u0142atwiaj\u0105ce transport baga\u017cu.<\/p>\n<p>&nbsp;<\/p>\n<h3>Dojazd do terminali<\/h3>\n<p>Do terminali 1 i 2 z parkingu autokarowego B mo\u017cna dotrze\u0107 pieszo w zaledwie kilka minut. Trasy s\u0105 wyra\u017anie oznakowane i oferuj\u0105 szybki dost\u0119p do stref odlot\u00f3w i przylot\u00f3w. Zapewnia to p\u0142ynne i bezstresowe rozpocz\u0119cie lub zako\u0144czenie podr\u00f3\u017cy.<\/p>\n<p>&nbsp;<\/p>","protected":false},"excerpt":{"rendered":"<p>Lotnisko Berlin Brandenburg (BER) pe\u0142ni funkcj\u0119 centralnego w\u0119z\u0142a ruchu lotniczego w regionie i posiada dwa g\u0142\u00f3wne terminale &#8211; Terminal 1 i Terminal 2. Te nowoczesne terminale s\u0105 punktami kontaktowymi dla lot\u00f3w krajowych i mi\u0119dzynarodowych, wyposa\u017conymi w liczne udogodnienia dla podr\u00f3\u017cnych. &nbsp; Terminal 1 Terminal 1, b\u0119d\u0105cy centralnym punktem lotniska BER, to g\u0142\u00f3wny obszar obs\u0142ugi, w [&hellip;]<\/p>\n","protected":false},"author":1,"featured_media":0,"parent":0,"menu_order":55,"comment_status":"closed","ping_status":"closed","template":"","meta":{"footnotes":""},"_links":{"self":[{"href":"https:\/\/www.dein-stellplatz.de\/pl\/wp-json\/wp\/v2\/pages\/17183"}],"collection":[{"href":"https:\/\/www.dein-stellplatz.de\/pl\/wp-json\/wp\/v2\/pages"}],"about":[{"href":"https:\/\/www.dein-stellplatz.de\/pl\/wp-json\/wp\/v2\/types\/page"}],"author":[{"embeddable":true,"href":"https:\/\/www.dein-stellplatz.de\/pl\/wp-json\/wp\/v2\/users\/1"}],"replies":[{"embeddable":true,"href":"https:\/\/www.dein-stellplatz.de\/pl\/wp-json\/wp\/v2\/comments?post=17183"}],"version-history":[{"count":1,"href":"https:\/\/www.dein-stellplatz.de\/pl\/wp-json\/wp\/v2\/pages\/17183\/revisions"}],"predecessor-version":[{"id":17184,"href":"https:\/\/www.dein-stellplatz.de\/pl\/wp-json\/wp\/v2\/pages\/17183\/revisions\/17184"}],"wp:attachment":[{"href":"https:\/\/www.dein-stellplatz.de\/pl\/wp-json\/wp\/v2\/media?parent=17183"}],"curies":[{"name":"wp","href":"https:\/\/api.w.org\/{rel}","templated":true}]}}