{"id":17169,"date":"2024-04-24T10:25:50","date_gmt":"2024-04-24T08:25:50","guid":{"rendered":"https:\/\/www.dein-stellplatz.de\/?page_id=17169"},"modified":"2025-03-31T22:57:13","modified_gmt":"2025-03-31T20:57:13","slug":"stornierung","status":"publish","type":"page","link":"https:\/\/www.dein-stellplatz.de\/pl\/stornierung\/","title":{"rendered":"Anulowanie"},"content":{"rendered":"<p><\/p>\n<h2>Anulowanie rezerwacji w Dein Stellplatz: elastyczne i przyjazne dla klienta<\/h2>\n<p>W Dein Stellplatz rozumiemy, \u017ce plany podr\u00f3\u017cy mog\u0105 czasem ulec zmianie. Dlatego oferujemy elastyczn\u0105 i przyjazn\u0105 dla klienta opcj\u0119 anulowania rezerwacji.<\/p>\n<p>&nbsp;<\/p>\n<h3>Bezp\u0142atne anulowanie rezerwacji do 24 godzin przed przyjazdem<\/h3>\n<p><strong>Elastyczno\u015b\u0107 do dnia poprzedzaj\u0105cego:<\/strong> Mo\u017cesz bezp\u0142atnie anulowa\u0107 rezerwacj\u0119 miejsca parkingowego do jednego dnia przed planowanym przyjazdem. Ta opcja daje ci swobod\u0119 zmiany plan\u00f3w podr\u00f3\u017cy a\u017c do ostatniej chwili bez ponoszenia op\u0142at za anulowanie.<\/p>\n<p>&nbsp;<\/p>\n<h3>Wszechstronny pakiet ochrony dla jeszcze wi\u0119kszej elastyczno\u015bci<\/h3>\n<p>Je\u015bli zarezerwowa\u0142e\u015b nasz wszechstronny pakiet ochrony, mo\u017cesz bezp\u0142atnie <strong>anulowa\u0107 rezerwacj\u0119 do ostatniej chwili<\/strong>. Jest to szczeg\u00f3lnie przydatne, je\u015bli na przyk\u0142ad utkn\u0105\u0142e\u015b w korku i nie mo\u017cesz dotrze\u0107 na lotnisko na czas lub je\u015bli Tw\u00f3j lot zosta\u0142 odwo\u0142any z kr\u00f3tkim wyprzedzeniem z powodu strajku. W takich przypadkach zwr\u00f3cimy ci pe\u0142n\u0105 op\u0142at\u0119 parkingow\u0105, aby\u015b nie ponosi\u0142 \u017cadnego ryzyka finansowego. Nasza polityka bezp\u0142atnego anulowania rezerwacji do ostatniej chwili podkre\u015bla nasze zaanga\u017cowanie w doskona\u0142\u0105 obs\u0142ug\u0119 klienta i maksymaln\u0105 satysfakcj\u0119.<\/p>\n<h3><span style=\"font-weight: 400;\"><br \/>\n<\/span>Jak anulowa\u0107 rezerwacj\u0119<\/h3>\n<p>Anulowanie rezerwacji parkingu jest bardzo proste. Wystarczy wys\u0142a\u0107 nam kr\u00f3tk\u0105 wiadomo\u015b\u0107 &#8211; telefonicznie, e-mailem lub za po\u015brednictwem naszej aplikacji &#8211; a my zajmiemy si\u0119 anulowaniem rezerwacji. Naszym celem jest uczynienie tego procesu tak \u0142atwym i bezstresowym, jak to tylko mo\u017cliwe.<\/p>\n<p>&nbsp;<\/p>\n<p>&nbsp;<\/p>","protected":false},"excerpt":{"rendered":"<p>Anulowanie rezerwacji w Dein Stellplatz: elastyczne i przyjazne dla klienta W Dein Stellplatz rozumiemy, \u017ce plany podr\u00f3\u017cy mog\u0105 czasem ulec zmianie. Dlatego oferujemy elastyczn\u0105 i przyjazn\u0105 dla klienta opcj\u0119 anulowania rezerwacji. &nbsp; Bezp\u0142atne anulowanie rezerwacji do 24 godzin przed przyjazdem Elastyczno\u015b\u0107 do dnia poprzedzaj\u0105cego: Mo\u017cesz bezp\u0142atnie anulowa\u0107 rezerwacj\u0119 miejsca parkingowego do jednego dnia przed planowanym [&hellip;]<\/p>\n","protected":false},"author":1,"featured_media":0,"parent":0,"menu_order":51,"comment_status":"closed","ping_status":"closed","template":"","meta":{"footnotes":""},"_links":{"self":[{"href":"https:\/\/www.dein-stellplatz.de\/pl\/wp-json\/wp\/v2\/pages\/17169"}],"collection":[{"href":"https:\/\/www.dein-stellplatz.de\/pl\/wp-json\/wp\/v2\/pages"}],"about":[{"href":"https:\/\/www.dein-stellplatz.de\/pl\/wp-json\/wp\/v2\/types\/page"}],"author":[{"embeddable":true,"href":"https:\/\/www.dein-stellplatz.de\/pl\/wp-json\/wp\/v2\/users\/1"}],"replies":[{"embeddable":true,"href":"https:\/\/www.dein-stellplatz.de\/pl\/wp-json\/wp\/v2\/comments?post=17169"}],"version-history":[{"count":1,"href":"https:\/\/www.dein-stellplatz.de\/pl\/wp-json\/wp\/v2\/pages\/17169\/revisions"}],"predecessor-version":[{"id":17171,"href":"https:\/\/www.dein-stellplatz.de\/pl\/wp-json\/wp\/v2\/pages\/17169\/revisions\/17171"}],"wp:attachment":[{"href":"https:\/\/www.dein-stellplatz.de\/pl\/wp-json\/wp\/v2\/media?parent=17169"}],"curies":[{"name":"wp","href":"https:\/\/api.w.org\/{rel}","templated":true}]}}