{"id":17164,"date":"2024-04-23T22:33:45","date_gmt":"2024-04-23T20:33:45","guid":{"rendered":"https:\/\/www.dein-stellplatz.de\/?page_id=17164"},"modified":"2025-03-31T22:57:15","modified_gmt":"2025-03-31T20:57:15","slug":"stellplaetze-bei-dein-stellplatz","status":"publish","type":"page","link":"https:\/\/www.dein-stellplatz.de\/pl\/stellplaetze-bei-dein-stellplatz\/","title":{"rendered":"Boiska na Dein Stellplatz"},"content":{"rendered":"<p><\/p>\n<h2>Bezpieczny parking w BER<\/h2>\n<p>W Dein Stellplatz oferujemy r\u00f3\u017cne opcje parkowania, aby zapewni\u0107 bezpiecze\u0144stwo pojazdu podczas podr\u00f3\u017cy. Dzi\u0119ki \u0142\u0105cznie 2100 miejscom parkingowym w naszych dw\u00f3ch lokalizacjach, P1 i P2, gwarantujemy elastyczne i wygodne rozwi\u0105zanie parkingowe w pobli\u017cu lotniska Berlin Brandenburg (BER).<\/p>\n<p>&nbsp;<\/p>\n<h3>Nasze lokalizacje:<\/h3>\n<p><strong>Parking P1:<\/strong> Z oko\u0142o <strong>1600 miejscami parkingowymi<\/strong>, parking ten znajduje si\u0119 przy Hufenweg 16, 12526 Berlin. Jest idealny dla podr\u00f3\u017cnych, kt\u00f3rzy ceni\u0105 sobie bezpiecze\u0144stwo, wygod\u0119 i szybki dost\u0119p do lotniska.<\/p>\n<p><strong>Parking P2:<\/strong> Ta lokalizacja oferuje oko\u0142o <strong>500 miejsc parkingowych<\/strong> i znajduje si\u0119 przy Gr\u00fcnauer Stra\u00dfe 5, 12529 Sch\u00f6nefeld. Jest to doskona\u0142y wyb\u00f3r dla podr\u00f3\u017cnych szukaj\u0105cych niedrogiej opcji parkowania bez konieczno\u015bci rezygnacji z us\u0142ug i bezpiecze\u0144stwa.<\/p>\n<p>&nbsp;<\/p>\n<h3>Dlaczego warto zarezerwowa\u0107 miejsce wcze\u015bniej:<\/h3>\n<p>Szczeg\u00f3lnie w okresach \u015bwi\u0105tecznych lub w godzinach szczytu mo\u017ce wyst\u0119powa\u0107 du\u017ce zapotrzebowanie na miejsca parkingowe. Wcze\u015bniejsza rezerwacja nie tylko zabezpiecza miejsce parkingowe, ale tak\u017ce pozwala skorzysta\u0107 z lepszych cen. Planowanie jest kluczem do bezstresowego rozpocz\u0119cia wakacji.<\/p>\n<p>&nbsp;<\/p>\n<h3>Typy boisk na ka\u017cd\u0105 potrzeb\u0119:<\/h3>\n<p>Oferujemy r\u00f3\u017cne rodzaje miejsc parkingowych, aby zaspokoi\u0107 r\u00f3\u017cne potrzeby i preferencje naszych klient\u00f3w:<\/p>\n<p><strong>Miejsca parkingowe XXL:<\/strong> W przypadku wi\u0119kszych pojazd\u00f3w, takich jak SUV-y lub samochody dostawcze, oferujemy bardzo du\u017ce miejsca parkingowe, kt\u00f3re pozostawiaj\u0105 wystarczaj\u0105co du\u017co miejsca na wsiadanie i wysiadanie.<\/p>\n<p><strong>Obszar komfortu i bezpiecze\u0144stwa:<\/strong> Nasze najlepiej sprzedaj\u0105ce si\u0119 miejsca parkingowe oferuj\u0105 dodatkowe bezpiecze\u0144stwo i komfort, w tym monitoring wideo HD i po\u0142o\u017cenie w bezpo\u015brednim s\u0105siedztwie autobusu wahad\u0142owego i strefy odprawy.<\/p>\n<p><strong>Obszar standardowy:<\/strong> Te miejsca parkingowe oferuj\u0105 najlepszy stosunek jako\u015bci do ceny i gwarantuj\u0105 bezpieczne i niezawodne miejsce parkingowe podczas nieobecno\u015bci.<\/p>\n<p><strong>Miejsca parkingowe dla pojazd\u00f3w elektrycznych:<\/strong> W\u0142a\u015bcicielom samochod\u00f3w elektrycznych oferujemy specjalne miejsca parkingowe z us\u0142ug\u0105 \u0142adowania, dzi\u0119ki czemu po powrocie pojazd b\u0119dzie w pe\u0142ni na\u0142adowany.<\/p>\n<p>&nbsp;<\/p>\n<p>&nbsp;<\/p>","protected":false},"excerpt":{"rendered":"<p>Bezpieczny parking w BER W Dein Stellplatz oferujemy r\u00f3\u017cne opcje parkowania, aby zapewni\u0107 bezpiecze\u0144stwo pojazdu podczas podr\u00f3\u017cy. Dzi\u0119ki \u0142\u0105cznie 2100 miejscom parkingowym w naszych dw\u00f3ch lokalizacjach, P1 i P2, gwarantujemy elastyczne i wygodne rozwi\u0105zanie parkingowe w pobli\u017cu lotniska Berlin Brandenburg (BER). &nbsp; Nasze lokalizacje: Parking P1: Z oko\u0142o 1600 miejscami parkingowymi, parking ten znajduje si\u0119 [&hellip;]<\/p>\n","protected":false},"author":1,"featured_media":0,"parent":0,"menu_order":175,"comment_status":"closed","ping_status":"closed","template":"","meta":{"footnotes":""},"_links":{"self":[{"href":"https:\/\/www.dein-stellplatz.de\/pl\/wp-json\/wp\/v2\/pages\/17164"}],"collection":[{"href":"https:\/\/www.dein-stellplatz.de\/pl\/wp-json\/wp\/v2\/pages"}],"about":[{"href":"https:\/\/www.dein-stellplatz.de\/pl\/wp-json\/wp\/v2\/types\/page"}],"author":[{"embeddable":true,"href":"https:\/\/www.dein-stellplatz.de\/pl\/wp-json\/wp\/v2\/users\/1"}],"replies":[{"embeddable":true,"href":"https:\/\/www.dein-stellplatz.de\/pl\/wp-json\/wp\/v2\/comments?post=17164"}],"version-history":[{"count":1,"href":"https:\/\/www.dein-stellplatz.de\/pl\/wp-json\/wp\/v2\/pages\/17164\/revisions"}],"predecessor-version":[{"id":17165,"href":"https:\/\/www.dein-stellplatz.de\/pl\/wp-json\/wp\/v2\/pages\/17164\/revisions\/17165"}],"wp:attachment":[{"href":"https:\/\/www.dein-stellplatz.de\/pl\/wp-json\/wp\/v2\/media?parent=17164"}],"curies":[{"name":"wp","href":"https:\/\/api.w.org\/{rel}","templated":true}]}}