{"id":17161,"date":"2024-04-23T22:25:58","date_gmt":"2024-04-23T20:25:58","guid":{"rendered":"https:\/\/www.dein-stellplatz.de\/?page_id=17161"},"modified":"2025-03-31T22:57:15","modified_gmt":"2025-03-31T20:57:15","slug":"starthilfe","status":"publish","type":"page","link":"https:\/\/www.dein-stellplatz.de\/pl\/starthilfe\/","title":{"rendered":"Szybki start"},"content":{"rendered":"<p>Podczas podr\u00f3\u017cy nie ma nic bardziej nieprzyjemnego i denerwuj\u0105cego ni\u017c samoch\u00f3d, kt\u00f3ry nie chce si\u0119 uruchomi\u0107. W\u0142a\u015bnie dlatego oferujemy naszym klientom szybk\u0105 i skuteczn\u0105 pomoc w szybkim uruchomieniu samochodu, aby\u015b m\u00f3g\u0142 bezzw\u0142ocznie rozpocz\u0105\u0107 podr\u00f3\u017c do domu.<\/p>\n<p>&nbsp;<\/p>\n<h2>Profesjonalne wsparcie:<\/h2>\n<p>Nasi pracownicy s\u0105 specjalnie przeszkoleni, aby zapewni\u0107 profesjonaln\u0105 pomoc w przypadku problem\u00f3w z uruchomieniem pojazdu. Wyposa\u017ceni w niezb\u0119dny sprz\u0119t zadbamy o to, by samoch\u00f3d by\u0142 szybko gotowy do ponownej jazdy. Nasza pomoc w zakresie szybkiego rozruchu jest dost\u0119pna za niewielk\u0105 op\u0142at\u0105 w wysoko\u015bci zaledwie 5 \u20ac.<\/p>\n<p>Podczas gdy my zajmujemy si\u0119 Twoim pojazdem, oferujemy innym podr\u00f3\u017cnym mo\u017cliwo\u015b\u0107 ogrzania si\u0119 w naszym punkcie obs\u0142ugi klienta. Zw\u0142aszcza w zimie lub przy z\u0142ej pogodzie jest to mile widziany komfort, kt\u00f3ry z przyjemno\u015bci\u0105 zapewniamy.<\/p>\n<p>&nbsp;<\/p>\n<h3>Bezp\u0142atna pomoc przy uruchomieniu pojazdu w ramach pakietu wszechstronnej ochrony:<\/h3>\n<p>Dla klient\u00f3w, kt\u00f3rzy zarezerwowali nasz wszechstronny pakiet ochrony, pomoc przy rozruchu jest wliczona w cen\u0119 bez dodatkowych koszt\u00f3w. Pakiet ten zapewnia bezpiecze\u0144stwo nie tylko w tym przypadku, ale tak\u017ce w wielu innych sytuacjach zwi\u0105zanych z rezerwacj\u0105 parkingu.<\/p>\n<p>&nbsp;<\/p>\n<h3>Przewaga nad parkingiem lotniskowym:<\/h3>\n<p>W przeciwie\u0144stwie do parking\u00f3w lotniskowych, gdzie cz\u0119sto wymagana jest pomoc z zewn\u0105trz, takich jak ADAC, oferujemy bezpo\u015brednie i natychmiastowe rozwi\u0105zanie. Oszcz\u0119dzasz cenny czas i mo\u017cesz unikn\u0105\u0107 niepotrzebnego oczekiwania na mrozie.<\/p>\n<p>&nbsp;<\/p>","protected":false},"excerpt":{"rendered":"<p>Podczas podr\u00f3\u017cy nie ma nic bardziej nieprzyjemnego i denerwuj\u0105cego ni\u017c samoch\u00f3d, kt\u00f3ry nie chce si\u0119 uruchomi\u0107. W\u0142a\u015bnie dlatego oferujemy naszym klientom szybk\u0105 i skuteczn\u0105 pomoc w szybkim uruchomieniu samochodu, aby\u015b m\u00f3g\u0142 bezzw\u0142ocznie rozpocz\u0105\u0107 podr\u00f3\u017c do domu. &nbsp; Profesjonalne wsparcie: Nasi pracownicy s\u0105 specjalnie przeszkoleni, aby zapewni\u0107 profesjonaln\u0105 pomoc w przypadku problem\u00f3w z uruchomieniem pojazdu. Wyposa\u017ceni [&hellip;]<\/p>\n","protected":false},"author":1,"featured_media":0,"parent":0,"menu_order":174,"comment_status":"closed","ping_status":"closed","template":"","meta":{"footnotes":""},"_links":{"self":[{"href":"https:\/\/www.dein-stellplatz.de\/pl\/wp-json\/wp\/v2\/pages\/17161"}],"collection":[{"href":"https:\/\/www.dein-stellplatz.de\/pl\/wp-json\/wp\/v2\/pages"}],"about":[{"href":"https:\/\/www.dein-stellplatz.de\/pl\/wp-json\/wp\/v2\/types\/page"}],"author":[{"embeddable":true,"href":"https:\/\/www.dein-stellplatz.de\/pl\/wp-json\/wp\/v2\/users\/1"}],"replies":[{"embeddable":true,"href":"https:\/\/www.dein-stellplatz.de\/pl\/wp-json\/wp\/v2\/comments?post=17161"}],"version-history":[{"count":1,"href":"https:\/\/www.dein-stellplatz.de\/pl\/wp-json\/wp\/v2\/pages\/17161\/revisions"}],"predecessor-version":[{"id":17162,"href":"https:\/\/www.dein-stellplatz.de\/pl\/wp-json\/wp\/v2\/pages\/17161\/revisions\/17162"}],"wp:attachment":[{"href":"https:\/\/www.dein-stellplatz.de\/pl\/wp-json\/wp\/v2\/media?parent=17161"}],"curies":[{"name":"wp","href":"https:\/\/api.w.org\/{rel}","templated":true}]}}