{"id":17158,"date":"2024-04-23T22:22:44","date_gmt":"2024-04-23T20:22:44","guid":{"rendered":"https:\/\/www.dein-stellplatz.de\/?page_id=17158"},"modified":"2025-03-31T22:57:15","modified_gmt":"2025-03-31T20:57:15","slug":"standorte-unserer-parkplaetze-am-ber","status":"publish","type":"page","link":"https:\/\/www.dein-stellplatz.de\/pl\/standorte-unserer-parkplaetze-am-ber\/","title":{"rendered":"Lokalizacje naszych parking\u00f3w w BER"},"content":{"rendered":"<p>Dein Stellplatz obs\u0142uguje dwa strategicznie zlokalizowane parkingi przy lotnisku Berlin Brandenburg (BER), oferuj\u0105c wygodne, bezpieczne i ekonomiczne rozwi\u0105zanie parkingowe. Niezale\u017cnie od tego, czy podr\u00f3\u017cujesz s\u0142u\u017cbowo, czy dla przyjemno\u015bci, nasze lokalizacje P1 i P2 s\u0105 idealnie dostosowane do Twoich potrzeb.<\/p>\n<p>&nbsp;<\/p>\n<h2><b>Parking P1 \u2013 Hufenweg 16, 12526 Berlin:<\/b><\/h2>\n<p><b>Adres: <\/b><span style=\"font-weight: 400;\">Hufenweg 16, 12526 Berlin<\/span><\/p>\n<p><b>Parking: <\/b><span style=\"font-weight: 400;\">Rund 1.600 Stellpl\u00e4tze<\/span><\/p>\n<p><strong>Cechy szczeg\u00f3lne:<\/strong> Najnowocze\u015bniejsze udogodnienia z rozpoznawaniem tablic rejestracyjnych, monitoringiem wideo w wysokiej rozdzielczo\u015bci i szerok\u0105 gam\u0105 opcji parkowania, w tym miejscami parkingowymi XXL dla wi\u0119kszych pojazd\u00f3w i specjalnymi obszarami dla pojazd\u00f3w elektrycznych.<\/p>\n<p><strong>Odleg\u0142o\u015b\u0107 autobusem wahad\u0142owym:<\/strong> Autobus wahad\u0142owy zabierze Ci\u0119 bezpo\u015brednio na lotnisko BER w zaledwie kilka minut. Dok\u0142adny czas transferu mo\u017ce si\u0119 r\u00f3\u017cni\u0107 w zale\u017cno\u015bci od warunk\u00f3w drogowych, ale zwykle wynosi oko\u0142o 5-7 minut.<\/p>\n<p>&nbsp;<\/p>\n<h2><b>Parking <\/b><b>P2 \u2013 Gr\u00fcnauer Stra\u00dfe 5, 12529 Sch\u00f6nefeld OT Waltersdorf:<\/b><\/h2>\n<p><b>Adres: <\/b><span style=\"font-weight: 400;\">Gr\u00fcnauer Stra\u00dfe 5, 12529 Sch\u00f6nefeld OT Waltersdorf<\/span><\/p>\n<p><b>Parking:<\/b><span style=\"font-weight: 400;\"> Rund 500 Stellpl\u00e4tze<\/span><\/p>\n<p><strong>Cechy szczeg\u00f3lne:<\/strong> Oferuje ekonomiczne rozwi\u0105zanie parkingowe o wysokim poziomie komfortu i bezpiecze\u0144stwa. Dost\u0119pne s\u0105 r\u00f3wnie\u017c miejsca parkingowe XXL i szybki transfer na lotnisko.<\/p>\n<p><strong>Odleg\u0142o\u015b\u0107 autobusem wahad\u0142owym:<\/strong> Podobnie jak w przypadku parkingu P1, autobus wahad\u0142owy zapewnia szybkie i wygodne po\u0142\u0105czenie z lotniskiem BER, a czas transferu wynosi oko\u0142o 5-7 minut.<\/p>\n<p>&nbsp;<\/p>\n<h3>Dojazd i transfer:<\/h3>\n<p>Do obu lokalizacji mo\u017cna \u0142atwo dojecha\u0107 autostrad\u0105 A113 lub A117 oraz g\u0142\u00f3wn\u0105 drog\u0105 B96a. Dok\u0142adne wskaz\u00f3wki dojazdu i planowanie trasy mo\u017cna \u0142atwo sprawdzi\u0107 na naszej stronie internetowej lub w aplikacji Dein Stellplatz. Nasz transfer jest wliczony w rezerwacj\u0119 parkingu i kursuje w regularnych odst\u0119pach czasu, dzi\u0119ki czemu Ty i Tw\u00f3j baga\u017c mo\u017cecie szybko i \u0142atwo dosta\u0107 si\u0119 na lotnisko i z niego wr\u00f3ci\u0107.<\/p>\n<p>&nbsp;<\/p>\n<h3><b>Wi\u0119cej informacji o parkingach:<\/b><\/h3>\n<p>Odkryj wszystkie szczeg\u00f3\u0142y dotycz\u0105ce naszych opcji parkingowych, w tym r\u00f3\u017cnych obszar\u00f3w parkingowych i dodatkowych us\u0142ug, kt\u00f3re oferujemy. Odwied\u017a nasz\u0105 stron\u0119 z <a href=\"https:\/\/www.dein-stellplatz.de\/pl\/parkoptionen-bei-dein-stellplatz-waehle-den-perfekten-parkbereich\/\"><span style=\"color: #ff0000;\">opcjami parking\u00f3w<\/span><\/a>.<\/p>\n<p>&nbsp;<\/p>\n<p>&nbsp;<\/p>","protected":false},"excerpt":{"rendered":"<p>Dein Stellplatz obs\u0142uguje dwa strategicznie zlokalizowane parkingi przy lotnisku Berlin Brandenburg (BER), oferuj\u0105c wygodne, bezpieczne i ekonomiczne rozwi\u0105zanie parkingowe. Niezale\u017cnie od tego, czy podr\u00f3\u017cujesz s\u0142u\u017cbowo, czy dla przyjemno\u015bci, nasze lokalizacje P1 i P2 s\u0105 idealnie dostosowane do Twoich potrzeb. &nbsp; Parking P1 \u2013 Hufenweg 16, 12526 Berlin: Adres: Hufenweg 16, 12526 Berlin Parking: Rund 1.600 [&hellip;]<\/p>\n","protected":false},"author":1,"featured_media":0,"parent":0,"menu_order":173,"comment_status":"closed","ping_status":"closed","template":"","meta":{"footnotes":""},"_links":{"self":[{"href":"https:\/\/www.dein-stellplatz.de\/pl\/wp-json\/wp\/v2\/pages\/17158"}],"collection":[{"href":"https:\/\/www.dein-stellplatz.de\/pl\/wp-json\/wp\/v2\/pages"}],"about":[{"href":"https:\/\/www.dein-stellplatz.de\/pl\/wp-json\/wp\/v2\/types\/page"}],"author":[{"embeddable":true,"href":"https:\/\/www.dein-stellplatz.de\/pl\/wp-json\/wp\/v2\/users\/1"}],"replies":[{"embeddable":true,"href":"https:\/\/www.dein-stellplatz.de\/pl\/wp-json\/wp\/v2\/comments?post=17158"}],"version-history":[{"count":1,"href":"https:\/\/www.dein-stellplatz.de\/pl\/wp-json\/wp\/v2\/pages\/17158\/revisions"}],"predecessor-version":[{"id":17159,"href":"https:\/\/www.dein-stellplatz.de\/pl\/wp-json\/wp\/v2\/pages\/17158\/revisions\/17159"}],"wp:attachment":[{"href":"https:\/\/www.dein-stellplatz.de\/pl\/wp-json\/wp\/v2\/media?parent=17158"}],"curies":[{"name":"wp","href":"https:\/\/api.w.org\/{rel}","templated":true}]}}