{"id":17155,"date":"2024-04-23T22:14:51","date_gmt":"2024-04-23T20:14:51","guid":{"rendered":"https:\/\/www.dein-stellplatz.de\/?page_id=17155"},"modified":"2025-03-31T22:57:15","modified_gmt":"2025-03-31T20:57:15","slug":"sicherheit-bei-dein-stellplatz","status":"publish","type":"page","link":"https:\/\/www.dein-stellplatz.de\/pl\/sicherheit-bei-dein-stellplatz\/","title":{"rendered":"Bezpiecze\u0144stwo na Dein Stellplatz"},"content":{"rendered":"<p><\/p>\n<h2>Tw\u00f3j samoch\u00f3d w najlepszych r\u0119kach<\/h2>\n<p>Wiemy, jak wa\u017cne jest bezpiecze\u0144stwo Twojego samochodu &#8211; dlatego jest ono naszym najwy\u017cszym priorytetem. Robimy wszystko, co w naszej mocy, aby zapewni\u0107 Twojemu pojazdowi najlepsz\u0105 mo\u017cliw\u0105 ochron\u0119 podczas Twojej nieobecno\u015bci. Nasze szeroko zakrojone \u015brodki bezpiecze\u0144stwa zapewniaj\u0105, \u017ce mo\u017cesz podr\u00f3\u017cowa\u0107 spokojnie, wiedz\u0105c, \u017ce Tw\u00f3j samoch\u00f3d jest bezpieczny i w dobrych r\u0119kach.<\/p>\n<p>&nbsp;<\/p>\n<h3>Nasze \u015brodki bezpiecze\u0144stwa obejmuj\u0105<\/h3>\n<p><strong>Monitoring wideo:<\/strong> wszystkie nasze parkingi s\u0105 wyposa\u017cone w nowoczesne kamery monitoringu, kt\u00f3re dzia\u0142aj\u0105 przez ca\u0142\u0105 dob\u0119. \u015arodek ten pozwala nam zapewni\u0107 ci\u0105g\u0142e monitorowanie i nagrywanie ca\u0142ego naszego parkingu, zapewniaj\u0105c dodatkow\u0105 warstw\u0119 bezpiecze\u0144stwa.<\/p>\n<p><strong>Osobisty nadz\u00f3r:<\/strong> opr\u00f3cz nadzoru technicznego, na naszych parkingach zawsze znajduje si\u0119 pracownik, kt\u00f3ry monitoruje parkingi i przeprowadza regularne patrole. To osobiste zaanga\u017cowanie zapewnia natychmiastow\u0105 reakcj\u0119 na wszelkie nieprawid\u0142owo\u015bci.<\/p>\n<p><strong>Ogrodzenie i o\u015bwietlenie:<\/strong> Nasze parkingi s\u0105 nie tylko ogrodzone i zamkni\u0119te, ale tak\u017ce dobrze o\u015bwietlone. \u015arodki te zapobiegaj\u0105 nieautoryzowanemu dost\u0119powi i zwi\u0119kszaj\u0105 widoczno\u015b\u0107 w nocy, poprawiaj\u0105c zar\u00f3wno bezpiecze\u0144stwo, jak i samopoczucie naszych klient\u00f3w.<\/p>\n<p>&nbsp;<\/p>\n<h3>Wi\u0119cej informacji na temat nadzoru kamer:<\/h3>\n<p>Aby uzyska\u0107 szczeg\u00f3\u0142owe informacje na temat naszych kamer do monitoringu, odwied\u017a <span style=\"color: #ff0000;\"><a style=\"color: #ff0000;\" href=\"https:\/\/www.dein-stellplatz.de\/pl\/kameraueberwachung\/\">sekcj\u0119 Monitoring kamer na naszej stronie internetowej<\/a><\/span>. Znajdziesz tam szczeg\u00f3\u0142owe informacje na temat naszego systemu nadzoru i tego, jak pomaga on chroni\u0107 Tw\u00f3j samoch\u00f3d.<\/p>\n<p>&nbsp;<\/p>\n<p>&nbsp;<\/p>","protected":false},"excerpt":{"rendered":"<p>Tw\u00f3j samoch\u00f3d w najlepszych r\u0119kach Wiemy, jak wa\u017cne jest bezpiecze\u0144stwo Twojego samochodu &#8211; dlatego jest ono naszym najwy\u017cszym priorytetem. Robimy wszystko, co w naszej mocy, aby zapewni\u0107 Twojemu pojazdowi najlepsz\u0105 mo\u017cliw\u0105 ochron\u0119 podczas Twojej nieobecno\u015bci. Nasze szeroko zakrojone \u015brodki bezpiecze\u0144stwa zapewniaj\u0105, \u017ce mo\u017cesz podr\u00f3\u017cowa\u0107 spokojnie, wiedz\u0105c, \u017ce Tw\u00f3j samoch\u00f3d jest bezpieczny i w dobrych r\u0119kach. [&hellip;]<\/p>\n","protected":false},"author":1,"featured_media":0,"parent":0,"menu_order":172,"comment_status":"closed","ping_status":"closed","template":"","meta":{"footnotes":""},"_links":{"self":[{"href":"https:\/\/www.dein-stellplatz.de\/pl\/wp-json\/wp\/v2\/pages\/17155"}],"collection":[{"href":"https:\/\/www.dein-stellplatz.de\/pl\/wp-json\/wp\/v2\/pages"}],"about":[{"href":"https:\/\/www.dein-stellplatz.de\/pl\/wp-json\/wp\/v2\/types\/page"}],"author":[{"embeddable":true,"href":"https:\/\/www.dein-stellplatz.de\/pl\/wp-json\/wp\/v2\/users\/1"}],"replies":[{"embeddable":true,"href":"https:\/\/www.dein-stellplatz.de\/pl\/wp-json\/wp\/v2\/comments?post=17155"}],"version-history":[{"count":1,"href":"https:\/\/www.dein-stellplatz.de\/pl\/wp-json\/wp\/v2\/pages\/17155\/revisions"}],"predecessor-version":[{"id":17156,"href":"https:\/\/www.dein-stellplatz.de\/pl\/wp-json\/wp\/v2\/pages\/17155\/revisions\/17156"}],"wp:attachment":[{"href":"https:\/\/www.dein-stellplatz.de\/pl\/wp-json\/wp\/v2\/media?parent=17155"}],"curies":[{"name":"wp","href":"https:\/\/api.w.org\/{rel}","templated":true}]}}