{"id":17149,"date":"2024-04-23T22:01:05","date_gmt":"2024-04-23T20:01:05","guid":{"rendered":"https:\/\/www.dein-stellplatz.de\/?page_id=17149"},"modified":"2025-03-31T22:57:15","modified_gmt":"2025-03-31T20:57:15","slug":"schluesselhinterlegung","status":"publish","type":"page","link":"https:\/\/www.dein-stellplatz.de\/pl\/schluesselhinterlegung\/","title":{"rendered":"Kluczowy depozyt"},"content":{"rendered":"<p><\/p>\n<h2>Depozyt kluczy w Dein Stellplatz: elastyczny i bezpieczny<\/h2>\n<p>W Dein Stellplatz wa\u017cne jest dla nas bezpiecze\u0144stwo Twojego pojazdu, ale tak\u017ce elastyczno\u015b\u0107 w pos\u0142ugiwaniu si\u0119 kluczykiem. Dlatego dajemy Ci wyb\u00f3r: zachowaj kluczyk podczas podr\u00f3\u017cy lub skorzystaj z naszej bezpiecznej us\u0142ugi depozytu kluczyk\u00f3w &#8211; tak jak chcesz!<\/p>\n<p>&nbsp;<\/p>\n<h3>Nie ma obowi\u0105zku oddawania kluczyk\u00f3w:<\/h3>\n<p>Masz swobod\u0119 samodzielnego zaparkowania samochodu i zabrania kluczyka ze sob\u0105. Ta opcja gwarantuje maksymaln\u0105 kontrol\u0119 i pewno\u015b\u0107, \u017ce pojazd pozostanie na swoim miejscu podczas Twojej nieobecno\u015bci.<\/p>\n<p>&nbsp;<\/p>\n<h3>Opcjonalny depozyt kluczyk\u00f3w dla dodatkowego bezpiecze\u0144stwa:<\/h3>\n<p><strong>Bezpieczne przechowywanie:<\/strong> je\u015bli zdecydujesz si\u0119 zdeponowa\u0107 kluczyk, oferujemy bezpieczne przechowywanie w naszym sejfie chronionym alarmem za niewielk\u0105 op\u0142at\u0105 w wysoko\u015bci zaledwie 4,90 \u20ac. Opcja ta skutecznie chroni klucz przed zgubieniem i kradzie\u017c\u0105.<\/p>\n<p><strong>Elastyczna decyzja:<\/strong> Depozyt kluczy mo\u017cna wybra\u0107 jako ulepszenie podczas rezerwacji online lub zdecydowa\u0107 si\u0119 na to spontanicznie na miejscu. Oferujemy elastyczno\u015b\u0107, kt\u00f3ra pasuje do Twojej sytuacji.<\/p>\n<p>&nbsp;<\/p>\n<h3>Zalety depozytu kluczy:<\/h3>\n<p><strong>Ochrona przed utrat\u0105:<\/strong> Podczas podr\u00f3\u017cy \u0142atwo jest zgubi\u0107 lub ukra\u015b\u0107 klucze. Nasza us\u0142uga depozytu kluczy znacznie zmniejsza to ryzyko i oszcz\u0119dza potencjalnego stresu i k\u0142opot\u00f3w.<\/p>\n<p><strong>Spok\u00f3j i bezpiecze\u0144stwo:<\/strong> Decyzja o pozostawieniu klucza u nas daje ci pewno\u015b\u0107, \u017ce jest on bezpiecznie przechowywany. Mo\u017cesz wi\u0119c cieszy\u0107 si\u0119 podr\u00f3\u017c\u0105 bez martwienia si\u0119 o bezpiecze\u0144stwo klucza.<\/p>\n<p>&nbsp;<\/p>","protected":false},"excerpt":{"rendered":"<p>Depozyt kluczy w Dein Stellplatz: elastyczny i bezpieczny W Dein Stellplatz wa\u017cne jest dla nas bezpiecze\u0144stwo Twojego pojazdu, ale tak\u017ce elastyczno\u015b\u0107 w pos\u0142ugiwaniu si\u0119 kluczykiem. Dlatego dajemy Ci wyb\u00f3r: zachowaj kluczyk podczas podr\u00f3\u017cy lub skorzystaj z naszej bezpiecznej us\u0142ugi depozytu kluczyk\u00f3w &#8211; tak jak chcesz! &nbsp; Nie ma obowi\u0105zku oddawania kluczyk\u00f3w: Masz swobod\u0119 samodzielnego zaparkowania [&hellip;]<\/p>\n","protected":false},"author":1,"featured_media":0,"parent":0,"menu_order":171,"comment_status":"closed","ping_status":"closed","template":"","meta":{"footnotes":""},"_links":{"self":[{"href":"https:\/\/www.dein-stellplatz.de\/pl\/wp-json\/wp\/v2\/pages\/17149"}],"collection":[{"href":"https:\/\/www.dein-stellplatz.de\/pl\/wp-json\/wp\/v2\/pages"}],"about":[{"href":"https:\/\/www.dein-stellplatz.de\/pl\/wp-json\/wp\/v2\/types\/page"}],"author":[{"embeddable":true,"href":"https:\/\/www.dein-stellplatz.de\/pl\/wp-json\/wp\/v2\/users\/1"}],"replies":[{"embeddable":true,"href":"https:\/\/www.dein-stellplatz.de\/pl\/wp-json\/wp\/v2\/comments?post=17149"}],"version-history":[{"count":2,"href":"https:\/\/www.dein-stellplatz.de\/pl\/wp-json\/wp\/v2\/pages\/17149\/revisions"}],"predecessor-version":[{"id":17151,"href":"https:\/\/www.dein-stellplatz.de\/pl\/wp-json\/wp\/v2\/pages\/17149\/revisions\/17151"}],"wp:attachment":[{"href":"https:\/\/www.dein-stellplatz.de\/pl\/wp-json\/wp\/v2\/media?parent=17149"}],"curies":[{"name":"wp","href":"https:\/\/api.w.org\/{rel}","templated":true}]}}