{"id":17143,"date":"2024-04-23T21:50:33","date_gmt":"2024-04-23T19:50:33","guid":{"rendered":"https:\/\/www.dein-stellplatz.de\/?page_id=17143"},"modified":"2025-03-31T22:57:15","modified_gmt":"2025-03-31T20:57:15","slug":"rechnung","status":"publish","type":"page","link":"https:\/\/www.dein-stellplatz.de\/pl\/rechnung\/","title":{"rendered":"Faktura"},"content":{"rendered":"<p><\/p>\n<h2>Faktura i paragon w Dein Stellplatz<\/h2>\n<p>&nbsp;<\/p>\n<p>Oferujemy praktyczne i przyjazne dla \u015brodowiska rozwi\u0105zanie do \u0142atwego zarz\u0105dzania rezerwacj\u0105 parkingu i powi\u0105zanymi dokumentami. Z tego powodu nie wystawiamy fizycznych paragon\u00f3w na miejscu. Zamiast tego oferujemy nowoczesne i wygodne rozwi\u0105zanie umo\u017cliwiaj\u0105ce otrzymanie faktury za rezerwacj\u0119 parkingu w formie cyfrowej.<\/p>\n<p>&nbsp;<\/p>\n<h3>Jak otrzyma\u0107 faktur\u0119<\/h3>\n<p>&nbsp;<\/p>\n<p><strong>W aplikacji:<\/strong> Po zarezerwowaniu miejsca parkingowego mo\u017cesz w dowolnym momencie uzyska\u0107 dost\u0119p do faktury za po\u015brednictwem naszej aplikacji. Faktura jest dost\u0119pna do wy\u015bwietlenia i pobrania, dzi\u0119ki czemu mo\u017cna j\u0105 zapisa\u0107 bezpo\u015brednio na smartfonie lub wydrukowa\u0107 w razie potrzeby.<\/p>\n<p>&nbsp;<\/p>\n<p><strong>W loginie klienta na stronie internetowej:<\/strong> Alternatywnie mo\u017cesz r\u00f3wnie\u017c zalogowa\u0107 si\u0119 do swojego loginu klienta na naszej stronie internetowej, aby wy\u015bwietli\u0107 i pobra\u0107 faktur\u0119. W ten spos\u00f3b paragon jest dost\u0119pny przez ca\u0142\u0105 dob\u0119, a strona internetowa zapewnia \u0142atwy dost\u0119p do dokument\u00f3w rezerwacji.<\/p>\n<p>&nbsp;<\/p>\n<h3>Zalety faktury cyfrowej<\/h3>\n<p>&nbsp;<\/p>\n<ul>\n<li style=\"font-weight: 400;\" aria-level=\"1\"><strong>Przyjazne dla \u015brodowiska:<\/strong> Eliminuj\u0105c papierowe paragony, pomagamy chroni\u0107 \u015brodowisko.<\/li>\n<li style=\"font-weight: 400;\" aria-level=\"1\"><strong>Dost\u0119pna w ka\u017cdej chwili:<\/strong> Masz dost\u0119p do swojej faktury zawsze i wsz\u0119dzie, o ile masz po\u0142\u0105czenie z Internetem.<\/li>\n<li style=\"font-weight: 400;\" aria-level=\"1\"><strong>\u0141atwo\u015b\u0107 zarz\u0105dzania:<\/strong> Faktury cyfrowe s\u0105 \u0142atwiejsze do zapisania, zarz\u0105dzania i wydrukowania w razie potrzeby.<\/li>\n<\/ul>\n<p>&nbsp;<\/p>","protected":false},"excerpt":{"rendered":"<p>Faktura i paragon w Dein Stellplatz &nbsp; Oferujemy praktyczne i przyjazne dla \u015brodowiska rozwi\u0105zanie do \u0142atwego zarz\u0105dzania rezerwacj\u0105 parkingu i powi\u0105zanymi dokumentami. Z tego powodu nie wystawiamy fizycznych paragon\u00f3w na miejscu. Zamiast tego oferujemy nowoczesne i wygodne rozwi\u0105zanie umo\u017cliwiaj\u0105ce otrzymanie faktury za rezerwacj\u0119 parkingu w formie cyfrowej. &nbsp; Jak otrzyma\u0107 faktur\u0119 &nbsp; W aplikacji: Po [&hellip;]<\/p>\n","protected":false},"author":1,"featured_media":0,"parent":0,"menu_order":165,"comment_status":"closed","ping_status":"closed","template":"","meta":{"footnotes":""},"_links":{"self":[{"href":"https:\/\/www.dein-stellplatz.de\/pl\/wp-json\/wp\/v2\/pages\/17143"}],"collection":[{"href":"https:\/\/www.dein-stellplatz.de\/pl\/wp-json\/wp\/v2\/pages"}],"about":[{"href":"https:\/\/www.dein-stellplatz.de\/pl\/wp-json\/wp\/v2\/types\/page"}],"author":[{"embeddable":true,"href":"https:\/\/www.dein-stellplatz.de\/pl\/wp-json\/wp\/v2\/users\/1"}],"replies":[{"embeddable":true,"href":"https:\/\/www.dein-stellplatz.de\/pl\/wp-json\/wp\/v2\/comments?post=17143"}],"version-history":[{"count":1,"href":"https:\/\/www.dein-stellplatz.de\/pl\/wp-json\/wp\/v2\/pages\/17143\/revisions"}],"predecessor-version":[{"id":17144,"href":"https:\/\/www.dein-stellplatz.de\/pl\/wp-json\/wp\/v2\/pages\/17143\/revisions\/17144"}],"wp:attachment":[{"href":"https:\/\/www.dein-stellplatz.de\/pl\/wp-json\/wp\/v2\/media?parent=17143"}],"curies":[{"name":"wp","href":"https:\/\/api.w.org\/{rel}","templated":true}]}}