{"id":17138,"date":"2024-04-23T21:46:25","date_gmt":"2024-04-23T19:46:25","guid":{"rendered":"https:\/\/www.dein-stellplatz.de\/?page_id=17138"},"modified":"2025-03-31T22:57:15","modified_gmt":"2025-03-31T20:57:15","slug":"rundum-schutz-paket-2","status":"publish","type":"page","link":"https:\/\/www.dein-stellplatz.de\/pl\/rundum-schutz-paket-2\/","title":{"rendered":"Wszechstronny pakiet ochronny"},"content":{"rendered":"<p><\/p>\n<h2>Beztroskie parkowanie przez ca\u0142y czas z Dein Stellplatz<\/h2>\n<p>Wszechstronny pakiet ochronny to ubezpieczenie zapewniaj\u0105ce beztroskie parkowanie i podr\u00f3\u017cowanie. Za jedyne 4,90 \u20ac oferujemy kompleksow\u0105 siatk\u0119 bezpiecze\u0144stwa, kt\u00f3ra zosta\u0142a specjalnie zaprojektowana, aby chroni\u0107 Ci\u0119 przed nieprzewidzianymi zdarzeniami i dodatkowymi kosztami. Opracowany na podstawie naszego wieloletniego do\u015bwiadczenia jako wiod\u0105cego dostawcy parking\u00f3w na lotnisku Berlin Brandenburg (BER), pakiet ten obejmuje szereg us\u0142ug, dzi\u0119ki kt\u00f3rym planowanie podr\u00f3\u017cy jest bardziej elastyczne i relaksuj\u0105ce.<\/p>\n<p>&nbsp;<\/p>\n<h3>Korzy\u015bci w skr\u00f3cie:<\/h3>\n<p><strong>Elastyczne przed\u0142u\u017cenie parkingu:<\/strong><br \/>\nJe\u015bli Tw\u00f3j lot powrotny jest op\u00f3\u017aniony z powodu warunk\u00f3w pogodowych lub strajk\u00f3w, Twoje miejsce parkingowe jest zabezpieczone do 24 godzin po planowanym l\u0105dowaniu bez dodatkowych koszt\u00f3w.<\/p>\n<p><strong>Zwrot koszt\u00f3w za wcze\u015bniejszy powr\u00f3t:<\/strong><br \/>\nJe\u015bli zako\u0144czysz podr\u00f3\u017c wcze\u015bniej, zwr\u00f3cimy Ci koszt niewykorzystanego czasu parkowania.<\/p>\n<p><strong>Pomoc dotycz\u0105ca opon, startu i awarii:<\/strong><br \/>\nW razie problem\u00f3w, takich jak przebita opona lub roz\u0142adowany akumulator, s\u0142u\u017cymy pomoc\u0105, aby\u015b m\u00f3g\u0142 bez przeszk\u00f3d rozpocz\u0105\u0107 podr\u00f3\u017c do domu.<\/p>\n<p><strong>Zwrot koszt\u00f3w w przypadku odwo\u0142ania lotu:<\/strong><br \/>\nJe\u015bli Tw\u00f3j lot zostanie odwo\u0142any po wykorzystaniu miejsca parkingowego, zwr\u00f3cimy Ci op\u0142aty parkingowe za niewykorzystany okres.<\/p>\n<p><strong>Bezp\u0142atne anulowanie:<\/strong><br \/>\nMo\u017cesz bezp\u0142atnie anulowa\u0107 rezerwacj\u0119 do ostatniej chwili, przy czym potr\u0105cona zostanie jedynie op\u0142ata za pakiet wszechstronnej ochrony.<\/p>\n<p><strong>Proste zmiany rezerwacji:<\/strong><br \/>\nZmiany rezerwacji lub czasu parkowania s\u0105 mo\u017cliwe w dowolnym momencie, dzi\u0119ki czemu zachowujesz elastyczno\u015b\u0107 nawet w przypadku zmiany lotu z kr\u00f3tkim wyprzedzeniem.<\/p>\n<p>&nbsp;<\/p>\n<h3>Jak korzysta\u0107 z pakietu wszechstronnej ochrony:<\/h3>\n<p>Wystarczy wybra\u0107 pakiet wszechstronnej ochrony podczas rezerwacji miejsca parkingowego. Je\u015bli jeste\u015b uprawniony do jednej z us\u0142ug, skontaktuj si\u0119 z nami, podaj\u0105c numer rezerwacji na info@dein-stellplatz.de, a my natychmiast zajmiemy si\u0119 tym procesem.<\/p>\n<p>Wszechstronny pakiet ochrony Dein Stellplatz to ubezpieczenie zapewniaj\u0105ce p\u0142ynn\u0105 podr\u00f3\u017c. Wybierz t\u0119 dodatkow\u0105 us\u0142ug\u0119, aby skorzysta\u0107 z szerokich korzy\u015bci i rozpocz\u0105\u0107 podr\u00f3\u017c z dodatkowym bezpiecze\u0144stwem i elastyczno\u015bci\u0105.<\/p>\n<p>Aby uzyska\u0107 wi\u0119cej informacji i zarezerwowa\u0107 pakiet wszechstronnej ochrony, odwied\u017a nasz\u0105 stron\u0119 internetow\u0105: <span style=\"color: #ff0000;\"><a style=\"color: #ff0000;\" href=\"https:\/\/www.dein-stellplatz.de\/pl\/rundum-schutz-paket\/\">https:\/\/www.dein-stellplatz.de\/rundum-schutz-paket\/<\/a><\/span><\/p>\n<p>&nbsp;<\/p>","protected":false},"excerpt":{"rendered":"<p>Beztroskie parkowanie przez ca\u0142y czas z Dein Stellplatz Wszechstronny pakiet ochronny to ubezpieczenie zapewniaj\u0105ce beztroskie parkowanie i podr\u00f3\u017cowanie. Za jedyne 4,90 \u20ac oferujemy kompleksow\u0105 siatk\u0119 bezpiecze\u0144stwa, kt\u00f3ra zosta\u0142a specjalnie zaprojektowana, aby chroni\u0107 Ci\u0119 przed nieprzewidzianymi zdarzeniami i dodatkowymi kosztami. Opracowany na podstawie naszego wieloletniego do\u015bwiadczenia jako wiod\u0105cego dostawcy parking\u00f3w na lotnisku Berlin Brandenburg (BER), pakiet [&hellip;]<\/p>\n","protected":false},"author":1,"featured_media":0,"parent":0,"menu_order":168,"comment_status":"closed","ping_status":"closed","template":"","meta":{"footnotes":""},"_links":{"self":[{"href":"https:\/\/www.dein-stellplatz.de\/pl\/wp-json\/wp\/v2\/pages\/17138"}],"collection":[{"href":"https:\/\/www.dein-stellplatz.de\/pl\/wp-json\/wp\/v2\/pages"}],"about":[{"href":"https:\/\/www.dein-stellplatz.de\/pl\/wp-json\/wp\/v2\/types\/page"}],"author":[{"embeddable":true,"href":"https:\/\/www.dein-stellplatz.de\/pl\/wp-json\/wp\/v2\/users\/1"}],"replies":[{"embeddable":true,"href":"https:\/\/www.dein-stellplatz.de\/pl\/wp-json\/wp\/v2\/comments?post=17138"}],"version-history":[{"count":3,"href":"https:\/\/www.dein-stellplatz.de\/pl\/wp-json\/wp\/v2\/pages\/17138\/revisions"}],"predecessor-version":[{"id":17142,"href":"https:\/\/www.dein-stellplatz.de\/pl\/wp-json\/wp\/v2\/pages\/17138\/revisions\/17142"}],"wp:attachment":[{"href":"https:\/\/www.dein-stellplatz.de\/pl\/wp-json\/wp\/v2\/media?parent=17138"}],"curies":[{"name":"wp","href":"https:\/\/api.w.org\/{rel}","templated":true}]}}