{"id":17135,"date":"2024-04-23T21:39:12","date_gmt":"2024-04-23T19:39:12","guid":{"rendered":"https:\/\/www.dein-stellplatz.de\/?page_id=17135"},"modified":"2025-03-31T22:57:15","modified_gmt":"2025-03-31T20:57:15","slug":"rabatte","status":"publish","type":"page","link":"https:\/\/www.dein-stellplatz.de\/pl\/rabatte\/","title":{"rendered":"Rabaty"},"content":{"rendered":"<p>W Dein Stellplatz oferujemy r\u00f3\u017cne kupony i promocje, kt\u00f3re pomog\u0105 Ci zaoszcz\u0119dzi\u0107 na nast\u0119pnej transakcji parkingowej na lotnisku Berlin Brandenburg (BER). Aby skorzysta\u0107 z tych ekscytuj\u0105cych ofert, zalecamy zapisanie si\u0119 do naszego newslettera i skorzystanie z naszej por\u0119cznej aplikacji Dein Stellplatz.<\/p>\n<p>&nbsp;<\/p>\n<h2>Newsletter z ekskluzywnymi promocjami<\/h2>\n<p><strong>Regularne oferty:<\/strong> Zapisuj\u0105c si\u0119 do naszego newslettera, b\u0119dziesz regularnie otrzymywa\u0107 informacje o aktualnych promocjach i ekskluzywnych ofertach specjalnie dla naszych subskrybent\u00f3w newslettera.<\/p>\n<p><strong>B\u0105d\u017a na bie\u017c\u0105co:<\/strong> Newsletter to najlepszy spos\u00f3b, aby upewni\u0107 si\u0119, \u017ce nie przegapisz \u017cadnej z naszych specjalnych promocji.<\/p>\n<p>&nbsp;<\/p>\n<h3>Korzy\u015bci dla lojalnych klient\u00f3w<\/h3>\n<p><strong>Sta\u0142y kod rabatowy:<\/strong> Jako wyraz naszego uznania dla lojalnych obecnych klient\u00f3w, otrzymaj\u0105 oni sta\u0142y kod rabatowy po dokonaniu pierwszej rezerwacji. Kod ten oferuje obecnie 5 \u20ac zni\u017cki na przysz\u0142e rezerwacje.<\/p>\n<p><strong>Oferty specjalne dla u\u017cytkownik\u00f3w aplikacji:<\/strong> Nowi u\u017cytkownicy naszej aplikacji otrzymuj\u0105 10% zni\u017cki na pierwsz\u0105 rezerwacj\u0119 za po\u015brednictwem aplikacji. To \u015bwietny spos\u00f3b na wypr\u00f3bowanie naszej aplikacji i jednoczesne zaoszcz\u0119dzenie na parkowaniu w BER. Oferta jest wa\u017cna do 31.05.2024.<\/p>\n<p>&nbsp;<\/p>\n<h3>Inne opcje zni\u017cek<\/h3>\n<p><strong>Zni\u017cka ADAC:<\/strong> Jako cz\u0142onek ADAC mo\u017cesz skorzysta\u0107 ze zni\u017cki w wysoko\u015bci 3 \u20ac na ka\u017cd\u0105 rezerwacj\u0119. Ta zni\u017cka jest jednym z wielu sposob\u00f3w, w jaki doceniamy cz\u0142onk\u00f3w ADAC.<\/p>\n<p><strong>Zni\u017cka dla klient\u00f3w METRO:<\/strong> Jako partner METRO advantage oferujemy klientom METRO specjalne zni\u017cki. Te ekskluzywne oferty s\u0105 wyrazem naszego uznania dla klient\u00f3w METRO i naszego d\u0105\u017cenia do oferowania im specjalnych korzy\u015bci.<\/p>\n<p>Niezale\u017cnie od tego, czy jeste\u015b lojalnym obecnym klientem, wypr\u00f3bowujesz nasz\u0105 aplikacj\u0119, czy jeste\u015b cz\u0142onkiem partner\u00f3w takich jak ADAC lub METRO, zawsze mamy dla Ciebie atrakcyjne oferty. Zapisz si\u0119 do naszego newslettera, aby nie przegapi\u0107 \u017cadnej z naszych ekscytuj\u0105cych promocji i cieszy\u0107 si\u0119 korzy\u015bciami p\u0142yn\u0105cymi z rezerwacji w Dein Stellplatz.<\/p>\n<p>&nbsp;<\/p>","protected":false},"excerpt":{"rendered":"<p>W Dein Stellplatz oferujemy r\u00f3\u017cne kupony i promocje, kt\u00f3re pomog\u0105 Ci zaoszcz\u0119dzi\u0107 na nast\u0119pnej transakcji parkingowej na lotnisku Berlin Brandenburg (BER). Aby skorzysta\u0107 z tych ekscytuj\u0105cych ofert, zalecamy zapisanie si\u0119 do naszego newslettera i skorzystanie z naszej por\u0119cznej aplikacji Dein Stellplatz. &nbsp; Newsletter z ekskluzywnymi promocjami Regularne oferty: Zapisuj\u0105c si\u0119 do naszego newslettera, b\u0119dziesz regularnie [&hellip;]<\/p>\n","protected":false},"author":1,"featured_media":0,"parent":0,"menu_order":164,"comment_status":"closed","ping_status":"closed","template":"","meta":{"footnotes":""},"_links":{"self":[{"href":"https:\/\/www.dein-stellplatz.de\/pl\/wp-json\/wp\/v2\/pages\/17135"}],"collection":[{"href":"https:\/\/www.dein-stellplatz.de\/pl\/wp-json\/wp\/v2\/pages"}],"about":[{"href":"https:\/\/www.dein-stellplatz.de\/pl\/wp-json\/wp\/v2\/types\/page"}],"author":[{"embeddable":true,"href":"https:\/\/www.dein-stellplatz.de\/pl\/wp-json\/wp\/v2\/users\/1"}],"replies":[{"embeddable":true,"href":"https:\/\/www.dein-stellplatz.de\/pl\/wp-json\/wp\/v2\/comments?post=17135"}],"version-history":[{"count":4,"href":"https:\/\/www.dein-stellplatz.de\/pl\/wp-json\/wp\/v2\/pages\/17135\/revisions"}],"predecessor-version":[{"id":17704,"href":"https:\/\/www.dein-stellplatz.de\/pl\/wp-json\/wp\/v2\/pages\/17135\/revisions\/17704"}],"wp:attachment":[{"href":"https:\/\/www.dein-stellplatz.de\/pl\/wp-json\/wp\/v2\/media?parent=17135"}],"curies":[{"name":"wp","href":"https:\/\/api.w.org\/{rel}","templated":true}]}}