{"id":17132,"date":"2024-04-23T21:37:04","date_gmt":"2024-04-23T19:37:04","guid":{"rendered":"https:\/\/www.dein-stellplatz.de\/?page_id=17132"},"modified":"2025-03-31T22:57:15","modified_gmt":"2025-03-31T20:57:15","slug":"rueckfahrt","status":"publish","type":"page","link":"https:\/\/www.dein-stellplatz.de\/pl\/rueckfahrt\/","title":{"rendered":"Podr\u00f3\u017c powrotna"},"content":{"rendered":"<p><\/p>\n<h2>Z Dein Stellplatz: \u0142atwy i wygodny odlot<\/h2>\n<p>Po zako\u0144czeniu pobytu lub wakacji Dein Stellplatz zapewnia, \u017ce podr\u00f3\u017c powrotna z lotniska Berlin Brandenburg (BER) jest r\u00f3wnie p\u0142ynna i bezstresowa, jak przylot. Odbierzemy Ci\u0119 dok\u0142adnie w miejscu, w kt\u00f3rym zosta\u0142e\u015b wysadzony po przylocie i bezpiecznie zawieziemy z powrotem na parking.<\/p>\n<p>&nbsp;<\/p>\n<h3><strong>Miejsce spotkania w drodze powrotnej:<\/strong> Terminal 1+2, parking autobusowy B<\/h3>\n<p><strong>Zg\u0142o\u015b gotowo\u015b\u0107 do odbioru:<\/strong> Skorzystaj z naszej aplikacji, aby zg\u0142osi\u0107 gotowo\u015b\u0107 do odbioru lub zadzwo\u0144 bezpo\u015brednio do kierowcy pod numer +49 157 713 21 861. Zapewni to szybki i sprawny odbi\u00f3r przez nasz transport wahad\u0142owy.<\/p>\n<p>&nbsp;<\/p>\n<h3>Informacje o transporcie wahad\u0142owym:<\/h3>\n<p>Nasze nowoczesne, klimatyzowane autobusy wahad\u0142owe s\u0105 dost\u0119pne dla Ciebie i innych podr\u00f3\u017cnych co 20 minut od 02:20 do ostatniego lotu w danym dniu. Us\u0142uga jest dost\u0119pna dla wszystkich os\u00f3b zarejestrowanych w rezerwacji. Dodatkowi pasa\u017cerowie mog\u0105 zosta\u0107 przewiezieni za dodatkow\u0105 op\u0142at\u0105 w wysoko\u015bci 5 \u20ac za osob\u0119 i tras\u0119.<\/p>\n<p>&nbsp;<\/p>\n<h3>Wa\u017cne informacje dotycz\u0105ce podr\u00f3\u017cy powrotnej:<\/h3>\n<p><strong>Na bie\u017c\u0105co aktualizuj informacje o locie:<\/strong> Upewnij si\u0119, \u017ce godzina lotu i numer lotu dla podr\u00f3\u017cy powrotnej s\u0105 aktualne. W przypadku jakichkolwiek zmian prosimy o poinformowanie nas o tym e-mailem, aby\u015bmy mogli odpowiednio dostosowa\u0107 odbi\u00f3r.<\/p>\n<p><strong>Zmiany z kr\u00f3tkim wyprzedzeniem:<\/strong> W przypadku odwo\u0142ania lotu lub zmiany rezerwacji prosimy o natychmiastowy kontakt z kierowc\u0105 transferu pod podanym numerem telefonu kom\u00f3rkowego.<\/p>\n<p>Miejsce parkingowe zapewnia \u0142atwy, wygodny i bezpieczny powr\u00f3t na miejsce po zako\u0144czeniu podr\u00f3\u017cy. Dzi\u0119ki naszej niezawodnej us\u0142udze transferu i jasnym instrukcjom dotycz\u0105cym podr\u00f3\u017cy powrotnej mo\u017cesz wr\u00f3ci\u0107 do domu zrelaksowany.<\/p>\n<p>&nbsp;<\/p>","protected":false},"excerpt":{"rendered":"<p>Z Dein Stellplatz: \u0142atwy i wygodny odlot Po zako\u0144czeniu pobytu lub wakacji Dein Stellplatz zapewnia, \u017ce podr\u00f3\u017c powrotna z lotniska Berlin Brandenburg (BER) jest r\u00f3wnie p\u0142ynna i bezstresowa, jak przylot. Odbierzemy Ci\u0119 dok\u0142adnie w miejscu, w kt\u00f3rym zosta\u0142e\u015b wysadzony po przylocie i bezpiecznie zawieziemy z powrotem na parking. &nbsp; Miejsce spotkania w drodze powrotnej: Terminal [&hellip;]<\/p>\n","protected":false},"author":1,"featured_media":0,"parent":0,"menu_order":167,"comment_status":"closed","ping_status":"closed","template":"","meta":{"footnotes":""},"_links":{"self":[{"href":"https:\/\/www.dein-stellplatz.de\/pl\/wp-json\/wp\/v2\/pages\/17132"}],"collection":[{"href":"https:\/\/www.dein-stellplatz.de\/pl\/wp-json\/wp\/v2\/pages"}],"about":[{"href":"https:\/\/www.dein-stellplatz.de\/pl\/wp-json\/wp\/v2\/types\/page"}],"author":[{"embeddable":true,"href":"https:\/\/www.dein-stellplatz.de\/pl\/wp-json\/wp\/v2\/users\/1"}],"replies":[{"embeddable":true,"href":"https:\/\/www.dein-stellplatz.de\/pl\/wp-json\/wp\/v2\/comments?post=17132"}],"version-history":[{"count":1,"href":"https:\/\/www.dein-stellplatz.de\/pl\/wp-json\/wp\/v2\/pages\/17132\/revisions"}],"predecessor-version":[{"id":17133,"href":"https:\/\/www.dein-stellplatz.de\/pl\/wp-json\/wp\/v2\/pages\/17132\/revisions\/17133"}],"wp:attachment":[{"href":"https:\/\/www.dein-stellplatz.de\/pl\/wp-json\/wp\/v2\/media?parent=17132"}],"curies":[{"name":"wp","href":"https:\/\/api.w.org\/{rel}","templated":true}]}}