{"id":17101,"date":"2024-04-22T16:15:07","date_gmt":"2024-04-22T14:15:07","guid":{"rendered":"https:\/\/www.dein-stellplatz.de\/?page_id=17101"},"modified":"2025-03-31T22:57:13","modified_gmt":"2025-03-31T20:57:13","slug":"quick-check-in","status":"publish","type":"page","link":"https:\/\/www.dein-stellplatz.de\/pl\/quick-check-in\/","title":{"rendered":"Quick-Check-in"},"content":{"rendered":"<p>Szybka odprawa to najszybszy i najwygodniejszy spos\u00f3b na rozpocz\u0119cie procesu parkowania. Dzi\u0119ki naszej innowacyjnej aplikacji mo\u017cesz efektywnie zaplanowa\u0107 proces parkowania przed przybyciem na nasz parking i kontynuowa\u0107 podr\u00f3\u017c na lotnisko Berlin Brandenburg (BER) w jak najkr\u00f3tszym czasie.<\/p>\n<p>&nbsp;<\/p>\n<h2>Jak dzia\u0142a szybka odprawa<\/h2>\n<p>&nbsp;<\/p>\n<p><strong>Wcze\u015bniejsze informacje o parkingu:<\/strong> Jako u\u017cytkownik naszej aplikacji otrzymasz z wyprzedzeniem wiadomo\u015b\u0107 push z dok\u0142adnym rz\u0119dem parkingu, na kt\u00f3rym powiniene\u015b zaparkowa\u0107. Ta wcze\u015bniejsza informacja oszcz\u0119dza konieczno\u015bci szukania miejsca parkingowego i znacznie przyspiesza proces parkowania.<\/p>\n<p><strong>\u0141atwy przyjazd:<\/strong> Po przybyciu na parking wystarczy wy\u0142adowa\u0107 baga\u017c w strefie odprawy i zaparkowa\u0107 pojazd w wyznaczonym rz\u0119dzie. Nast\u0119pnie mo\u017cesz od razu wskoczy\u0107 do naszego autobusu wahad\u0142owego, kt\u00f3ry zabierze Ci\u0119 prosto na lotnisko.<\/p>\n<p><strong>Opcjonalna wizyta przy stanowisku odprawy:<\/strong> Pomimo opcji szybkiej odprawy, wielu klient\u00f3w korzysta z okazji, aby z\u0142o\u017cy\u0107 szybk\u0105 wizyt\u0119 w naszym okienku. Kr\u00f3tka rozmowa z naszym przyjaznym personelem zapewnia dodatkowe bezpiecze\u0144stwo i mo\u017cliwo\u015b\u0107 wyja\u015bnienia wszelkich ostatnich pyta\u0144 lub uzyskania informacji osobi\u015bcie.<\/p>\n<p>&nbsp;<\/p>\n<h3>Zalety szybkiej odprawy<\/h3>\n<p>&nbsp;<\/p>\n<p><strong>Oszcz\u0119dno\u015b\u0107 czasu:<\/strong> szybka odprawa pozwala zaoszcz\u0119dzi\u0107 cenny czas, zw\u0142aszcza je\u015bli si\u0119 spieszysz lub po prostu chcesz sprawnie rozpocz\u0105\u0107 podr\u00f3\u017c.<\/p>\n<p><strong>Wygoda:<\/strong> Bezpo\u015brednie przydzielenie miejsca parkingowego za po\u015brednictwem aplikacji i szybkie przej\u015bcie do us\u0142ugi transferu sprawiaj\u0105, \u017ce parkowanie jest bezstresowe.<\/p>\n<p><strong>Spersonalizowana obs\u0142uga:<\/strong> Mimo \u017ce szybka odprawa jest procesem zautomatyzowanym, nasz przyjazny personel jest zawsze pod r\u0119k\u0105, aby odpowiedzie\u0107 na wszelkie pytania.<\/p>\n<p>&nbsp;<\/p>","protected":false},"excerpt":{"rendered":"<p>Szybka odprawa to najszybszy i najwygodniejszy spos\u00f3b na rozpocz\u0119cie procesu parkowania. Dzi\u0119ki naszej innowacyjnej aplikacji mo\u017cesz efektywnie zaplanowa\u0107 proces parkowania przed przybyciem na nasz parking i kontynuowa\u0107 podr\u00f3\u017c na lotnisko Berlin Brandenburg (BER) w jak najkr\u00f3tszym czasie. &nbsp; Jak dzia\u0142a szybka odprawa &nbsp; Wcze\u015bniejsze informacje o parkingu: Jako u\u017cytkownik naszej aplikacji otrzymasz z wyprzedzeniem wiadomo\u015b\u0107 [&hellip;]<\/p>\n","protected":false},"author":1,"featured_media":0,"parent":0,"menu_order":76,"comment_status":"closed","ping_status":"closed","template":"","meta":{"footnotes":""},"_links":{"self":[{"href":"https:\/\/www.dein-stellplatz.de\/pl\/wp-json\/wp\/v2\/pages\/17101"}],"collection":[{"href":"https:\/\/www.dein-stellplatz.de\/pl\/wp-json\/wp\/v2\/pages"}],"about":[{"href":"https:\/\/www.dein-stellplatz.de\/pl\/wp-json\/wp\/v2\/types\/page"}],"author":[{"embeddable":true,"href":"https:\/\/www.dein-stellplatz.de\/pl\/wp-json\/wp\/v2\/users\/1"}],"replies":[{"embeddable":true,"href":"https:\/\/www.dein-stellplatz.de\/pl\/wp-json\/wp\/v2\/comments?post=17101"}],"version-history":[{"count":4,"href":"https:\/\/www.dein-stellplatz.de\/pl\/wp-json\/wp\/v2\/pages\/17101\/revisions"}],"predecessor-version":[{"id":17107,"href":"https:\/\/www.dein-stellplatz.de\/pl\/wp-json\/wp\/v2\/pages\/17101\/revisions\/17107"}],"wp:attachment":[{"href":"https:\/\/www.dein-stellplatz.de\/pl\/wp-json\/wp\/v2\/media?parent=17101"}],"curies":[{"name":"wp","href":"https:\/\/api.w.org\/{rel}","templated":true}]}}