{"id":17090,"date":"2024-04-22T16:06:38","date_gmt":"2024-04-22T14:06:38","guid":{"rendered":"https:\/\/www.dein-stellplatz.de\/?page_id=17090"},"modified":"2025-03-31T22:57:15","modified_gmt":"2025-03-31T20:57:15","slug":"qualitaet-bei-dein-stellplatz","status":"publish","type":"page","link":"https:\/\/www.dein-stellplatz.de\/pl\/qualitaet-bei-dein-stellplatz\/","title":{"rendered":"Jako\u015b\u0107 na Dein Stellplatz"},"content":{"rendered":"<p><\/p>\n<h2>Nasza obietnica dla Ciebie<\/h2>\n<p>W Dein Stellplatz jako\u015b\u0107 jest nie tylko naszym celem, ale tak\u017ce podstaw\u0105 naszych us\u0142ug. Z dum\u0105 prowadzimy jeden z najnowocze\u015bniejszych parking\u00f3w poza lotniskiem w Niemczech, oferuj\u0105c innowacyjne technologie, pierwszorz\u0119dn\u0105 obs\u0142ug\u0119 klienta i szerok\u0105 gam\u0119 opcji parkingowych. Naszym celem jest zapewnienie niezr\u00f3wnanych wra\u017ce\u0144 z parkowania pod wzgl\u0119dem wygody, bezpiecze\u0144stwa i obs\u0142ugi.<\/p>\n<p>&nbsp;<\/p>\n<h3>Nasze cechy jako\u015bciowe<\/h3>\n<p>&nbsp;<\/p>\n<p><strong>Najnowocze\u015bniejsza technologia:<\/strong> Nasz parking jest wyposa\u017cony w najnowsz\u0105 technologi\u0119, w tym system szlaban\u00f3w z rozpoznawaniem tablic rejestracyjnych i wjazd, kt\u00f3ry skanuje samoch\u00f3d za pomoc\u0105 kamery podczas wjazdu na parking. Systemy te zapewniaj\u0105 p\u0142ynny i bezpieczny proces parkowania.<\/p>\n<p>&nbsp;<\/p>\n<p><strong>Wysokiej jako\u015bci autobusy wahad\u0142owe:<\/strong> Do transfer\u00f3w na lotnisko Berlin Brandenburg (BER) u\u017cywamy najnowocze\u015bniejszych autobus\u00f3w wahad\u0142owych, kt\u00f3re s\u0105 nie tylko wygodne, ale tak\u017ce przyjazne dla \u015brodowiska. Gwarantuj\u0105 one przyjemn\u0105 i niezawodn\u0105 podr\u00f3\u017c na lotnisko i z powrotem.<\/p>\n<p>&nbsp;<\/p>\n<p><strong>Przeszkolony personel:<\/strong> Nasz zesp\u00f3\u0142 sk\u0142ada si\u0119 z dobrze wyszkolonego i przyjaznego personelu, kt\u00f3ry jest zawsze gotowy odpowiedzie\u0107 na Twoje pytania i udzieli\u0107 Ci porady i pomocy. Profesjonalizm i zaanga\u017cowanie naszych pracownik\u00f3w jest kluczowym czynnikiem wyr\u00f3\u017cniaj\u0105cym nas spo\u015br\u00f3d innych dostawc\u00f3w parking\u00f3w pod wzgl\u0119dem jako\u015bci i oferowania niezr\u00f3wnanych us\u0142ug.<\/p>\n<p>&nbsp;<\/p>\n<p><strong>Prosta i elastyczna rezerwacja:<\/strong> Oferujemy intuicyjn\u0105 platform\u0119 rezerwacji online i przyjazn\u0105 dla u\u017cytkownika aplikacj\u0119, kt\u00f3re pozwalaj\u0105 szybko i \u0142atwo zarezerwowa\u0107 miejsce parkingowe. Elastyczno\u015b\u0107 w zakresie zmian i anulowania rezerwacji jest oczywisto\u015bci\u0105.<\/p>\n<p>&nbsp;<\/p>\n<p><strong>Szeroki wyb\u00f3r opcji parkingowych:<\/strong> Od miejsc parkingowych w rozmiarze XXL i parking\u00f3w z obs\u0142ug\u0105 po specjalne strefy dla pojazd\u00f3w elektrycznych &#8211; u nas znajdziesz r\u00f3\u017cnorodne opcje parkingowe dostosowane do Twoich indywidualnych potrzeb.<\/p>\n<p>&nbsp;<\/p>\n<p><strong>Bezpiecze\u0144stwo i nadz\u00f3r:<\/strong> Bezpiecze\u0144stwo Twojego pojazdu jest naszym najwy\u017cszym priorytetem. Nasze parkingi maj\u0105 kompleksowy monitoring wideo i s\u0105 regularnie sprawdzane przez naszych pracownik\u00f3w ochrony.<\/p>\n<p>&nbsp;<\/p>","protected":false},"excerpt":{"rendered":"<p>Nasza obietnica dla Ciebie W Dein Stellplatz jako\u015b\u0107 jest nie tylko naszym celem, ale tak\u017ce podstaw\u0105 naszych us\u0142ug. Z dum\u0105 prowadzimy jeden z najnowocze\u015bniejszych parking\u00f3w poza lotniskiem w Niemczech, oferuj\u0105c innowacyjne technologie, pierwszorz\u0119dn\u0105 obs\u0142ug\u0119 klienta i szerok\u0105 gam\u0119 opcji parkingowych. Naszym celem jest zapewnienie niezr\u00f3wnanych wra\u017ce\u0144 z parkowania pod wzgl\u0119dem wygody, bezpiecze\u0144stwa i obs\u0142ugi. &nbsp; [&hellip;]<\/p>\n","protected":false},"author":1,"featured_media":0,"parent":0,"menu_order":162,"comment_status":"closed","ping_status":"closed","template":"","meta":{"footnotes":""},"_links":{"self":[{"href":"https:\/\/www.dein-stellplatz.de\/pl\/wp-json\/wp\/v2\/pages\/17090"}],"collection":[{"href":"https:\/\/www.dein-stellplatz.de\/pl\/wp-json\/wp\/v2\/pages"}],"about":[{"href":"https:\/\/www.dein-stellplatz.de\/pl\/wp-json\/wp\/v2\/types\/page"}],"author":[{"embeddable":true,"href":"https:\/\/www.dein-stellplatz.de\/pl\/wp-json\/wp\/v2\/users\/1"}],"replies":[{"embeddable":true,"href":"https:\/\/www.dein-stellplatz.de\/pl\/wp-json\/wp\/v2\/comments?post=17090"}],"version-history":[{"count":6,"href":"https:\/\/www.dein-stellplatz.de\/pl\/wp-json\/wp\/v2\/pages\/17090\/revisions"}],"predecessor-version":[{"id":17096,"href":"https:\/\/www.dein-stellplatz.de\/pl\/wp-json\/wp\/v2\/pages\/17090\/revisions\/17096"}],"wp:attachment":[{"href":"https:\/\/www.dein-stellplatz.de\/pl\/wp-json\/wp\/v2\/media?parent=17090"}],"curies":[{"name":"wp","href":"https:\/\/api.w.org\/{rel}","templated":true}]}}