{"id":17086,"date":"2024-04-22T16:04:00","date_gmt":"2024-04-22T14:04:00","guid":{"rendered":"https:\/\/www.dein-stellplatz.de\/?page_id=17086"},"modified":"2025-03-31T22:57:15","modified_gmt":"2025-03-31T20:57:15","slug":"parkplatz-app","status":"publish","type":"page","link":"https:\/\/www.dein-stellplatz.de\/pl\/parkplatz-app\/","title":{"rendered":"Aplikacja parkingowa"},"content":{"rendered":"<p>Nasza aplikacja &#8222;Dein Stellplatz&#8221; sprawia, \u017ce parkowanie na lotnisku Berlin Brandenburg (BER) jest jeszcze wygodniejsze i oferuje wiele korzy\u015bci i funkcji, kt\u00f3re sprawi\u0105, \u017ce podr\u00f3\u017c b\u0119dzie jeszcze przyjemniejsza.<\/p>\n<p>&nbsp;<\/p>\n<h2>Szybka i \u0142atwa rezerwacja<\/h2>\n<p>Mo\u017cesz zarezerwowa\u0107 miejsce parkingowe na lotnisku BER za pomoc\u0105 zaledwie kilku klikni\u0119\u0107 w aplikacji. Proces rezerwacji jest uproszczony, dzi\u0119ki czemu mo\u017cna szybko i \u0142atwo zarezerwowa\u0107 \u017c\u0105dane miejsce parkingowe. Potwierdzenie rezerwacji otrzymasz bezpo\u015brednio w aplikacji oraz e-mailem.<\/p>\n<p>&nbsp;<\/p>\n<h3>Nawigacja do parkingu<\/h3>\n<p>Aplikacja nawiguje bezpo\u015brednio do zarezerwowanego parkingu. Wystarczy otworzy\u0107 aplikacj\u0119, uruchomi\u0107 tras\u0119 do parkingu i post\u0119powa\u0107 zgodnie z instrukcjami. Kod QR do parkingu jest r\u00f3wnie\u017c zawarty w aplikacji &#8211; to nie mo\u017ce by\u0107 prostsze!<\/p>\n<p>&nbsp;<\/p>\n<h3>ShuttleTracker i funkcja gotowo\u015bci do odbioru<\/h3>\n<p>Specjaln\u0105 funkcj\u0105 jest &#8222;ShuttleTracker&#8221;, kt\u00f3ry pokazuje, gdzie przez ca\u0142y czas znajduje si\u0119 Tw\u00f3j autobus. Dzi\u0119ki funkcji &#8222;Gotowy do odbioru&#8221; nasz zesp\u00f3\u0142 serwisowy mo\u017ce wygodnie odebra\u0107 Ci\u0119 z lotniska. Oznacza to, \u017ce zawsze dok\u0142adnie wiesz, kiedy i gdzie mo\u017cesz spodziewa\u0107 si\u0119 swojego autobusu.<\/p>\n<p>&nbsp;<\/p>\n<h3>Ekskluzywne kupony i zni\u017cki<\/h3>\n<p>U\u017cytkownicy aplikacji mog\u0105 r\u00f3wnie\u017c korzysta\u0107 z ekskluzywnych kupon\u00f3w i zni\u017cek. Przed ka\u017cd\u0105 rezerwacj\u0105 warto sprawdzi\u0107 aktualne promocje w zak\u0142adce &#8222;Moje kupony&#8221; i aktywowa\u0107 je.<\/p>\n<p>&nbsp;<\/p>\n<h3>Wszystko na pierwszy rzut oka<\/h3>\n<p>Aplikacja u\u0142atwia zarz\u0105dzanie rezerwacjami. Mo\u017cesz zmieni\u0107 lub anulowa\u0107 rezerwacj\u0119, pobra\u0107 faktur\u0119 lub zap\u0142aci\u0107 za miejsce parkingowe &#8211; wszystko wygodnie za pomoc\u0105 smartfona.<\/p>\n<p>&nbsp;<\/p>\n<h3>Zawsze na bie\u017c\u0105co<\/h3>\n<p>Nasza aplikacja parkingowa zawsze informuje Ci\u0119 na bie\u017c\u0105co dzi\u0119ki powiadomieniom push. Wszystkie wa\u017cne informacje o rezerwacji i jej post\u0119pach otrzymujesz bezpo\u015brednio na sw\u00f3j smartfon.<\/p>\n<p>Aplikacja &#8222;Dein Stellplatz&#8221; jest dost\u0119pna bezp\u0142atnie w sklepach z aplikacjami od pa\u017adziernika 2022 r. i zosta\u0142a opracowana specjalnie dla klient\u00f3w, aby u\u0142atwi\u0107 rezerwacj\u0119 i obs\u0142ug\u0119 parking\u00f3w. Pobierz aplikacj\u0119 ju\u017c teraz i ciesz si\u0119 korzy\u015bciami p\u0142yn\u0105cymi z bezstresowej rezerwacji parkingu na lotnisku BER.<\/p>\n<p>&nbsp;<\/p>\n<h3>Pobierz teraz za darmo:<\/h3>\n<p><img decoding=\"async\" class=\"hideonmobile alignnone\" src=\"https:\/\/www.dein-stellplatz.de\/wp-content\/uploads\/2023\/04\/Dein-Stellplatz-Parkplatz-Flughafen-Berlin-APP-QR-Code.png\" alt=\"Dein Stellplatz - QR Code f\u00fcr die Dein Stellplatz APP\" width=\"113\" height=\"113\" \/>\u00a0<a href=\"https:\/\/apps.apple.com\/de\/app\/dein-stellplatz\/id6443694921?ign-itscg=30200&amp;ign-itsct=apps_box_link\" target=\"_blank\" rel=\"noopener\"><img decoding=\"async\" class=\"alignnone\" src=\"https:\/\/www.dein-stellplatz.de\/wp-content\/uploads\/2022\/11\/Dein-Stellplatz-Parkplatz-Flughafen-BER-Button-App-Store-e1668086090236.png\" alt=\"Dein Stellplatz - Dein Stellplatz APP gratis Download im App Store\" width=\"136\" height=\"77\" \/><\/a>\u00a0<a href=\"https:\/\/play.google.com\/store\/apps\/details?id=de.deinstellplatz.app&amp;pli=1\" target=\"_blank\" rel=\"noopener\"><img decoding=\"async\" class=\"alignnone\" src=\"https:\/\/www.dein-stellplatz.de\/wp-content\/uploads\/2022\/11\/Dein-Stellplatz-Parkplatz-Flughafen-BER-Button-Play-Store-e1668086439954.png\" alt=\"Dein Stellplatz - Dein Stellplatz APP gratis Download im Play Store\" width=\"136\" height=\"77\" \/><\/a><\/p>","protected":false},"excerpt":{"rendered":"<p>Nasza aplikacja &#8222;Dein Stellplatz&#8221; sprawia, \u017ce parkowanie na lotnisku Berlin Brandenburg (BER) jest jeszcze wygodniejsze i oferuje wiele korzy\u015bci i funkcji, kt\u00f3re sprawi\u0105, \u017ce podr\u00f3\u017c b\u0119dzie jeszcze przyjemniejsza. &nbsp; Szybka i \u0142atwa rezerwacja Mo\u017cesz zarezerwowa\u0107 miejsce parkingowe na lotnisku BER za pomoc\u0105 zaledwie kilku klikni\u0119\u0107 w aplikacji. Proces rezerwacji jest uproszczony, dzi\u0119ki czemu mo\u017cna szybko [&hellip;]<\/p>\n","protected":false},"author":1,"featured_media":0,"parent":0,"menu_order":159,"comment_status":"closed","ping_status":"closed","template":"","meta":{"footnotes":""},"_links":{"self":[{"href":"https:\/\/www.dein-stellplatz.de\/pl\/wp-json\/wp\/v2\/pages\/17086"}],"collection":[{"href":"https:\/\/www.dein-stellplatz.de\/pl\/wp-json\/wp\/v2\/pages"}],"about":[{"href":"https:\/\/www.dein-stellplatz.de\/pl\/wp-json\/wp\/v2\/types\/page"}],"author":[{"embeddable":true,"href":"https:\/\/www.dein-stellplatz.de\/pl\/wp-json\/wp\/v2\/users\/1"}],"replies":[{"embeddable":true,"href":"https:\/\/www.dein-stellplatz.de\/pl\/wp-json\/wp\/v2\/comments?post=17086"}],"version-history":[{"count":2,"href":"https:\/\/www.dein-stellplatz.de\/pl\/wp-json\/wp\/v2\/pages\/17086\/revisions"}],"predecessor-version":[{"id":18171,"href":"https:\/\/www.dein-stellplatz.de\/pl\/wp-json\/wp\/v2\/pages\/17086\/revisions\/18171"}],"wp:attachment":[{"href":"https:\/\/www.dein-stellplatz.de\/pl\/wp-json\/wp\/v2\/media?parent=17086"}],"curies":[{"name":"wp","href":"https:\/\/api.w.org\/{rel}","templated":true}]}}