{"id":1689,"date":"2018-02-16T19:59:22","date_gmt":"2018-02-16T18:59:22","guid":{"rendered":"https:\/\/www.dein-stellplatz.de\/impressum-2\/"},"modified":"2026-01-18T19:21:15","modified_gmt":"2026-01-18T18:21:15","slug":"zusatzleistungen","status":"publish","type":"page","link":"https:\/\/www.dein-stellplatz.de\/pl\/zusatzleistungen\/","title":{"rendered":"Nasze dodatkowe us\u0142ugi"},"content":{"rendered":"<p><\/p>\n<h3><span style=\"color: #003366;\"><strong>WI\u0118CEJ NI\u017b TYLKO MIEJSCE PARKINGOWE NA LOTNISKU BERLIN BRANDENBURG\u00a0<\/strong><\/span><\/h3>\n<p><span style=\"color: #003366;\">Oferujemy wi\u0119cej ni\u017c tylko miejsca parkingowe na lotnisku <a style=\"color: #003366;\" href=\"https:\/\/www.dein-stellplatz.de\/pl\/parken\/berlin-brandenburg-ber\/\">Berlin Brandenburg<\/a> &#8211; podczas twojej podr\u00f3\u017cy zajmiemy si\u0119 r\u00f3wnie\u017c twoim samochodem!<\/span><\/p>\n<p><span style=\"color: #003366;\"><img decoding=\"async\" src=\"https:\/\/www.dein-stellplatz.de\/wp-content\/uploads\/2016\/10\/08_service.jpg\" \/><\/span><\/p>\n<h3><span style=\"color: #003366;\">CENA PROMOCYJNA PRZY LOTNISKU BERLIN BRANDENBURG BER:\u00a0 \u00a0 \u00a0 \u00a0 \u00a0 \u00a0 \u00a0 \u00a0 \u00a0od 129,90 EURO<\/span><\/h3>\n<h3><span style=\"color: #003366;\"><strong>CZYSZCZENIE SAMOCHODU WEWN\u0104TRZ<\/strong><\/span><\/h3>\n<p><span style=\"color: #003366;\">Mycie i piel\u0119gnacja wn\u0119trza zawiera nast\u0119puj\u0105ce us\u0142ugi:<\/span><\/p>\n<p><span style=\"color: #003366;\">odkurzanie ca\u0142ego wn\u0119trza \u0142\u0105cznie ze schowkami, kratkami wentylacyjnymi, baga\u017cnikiem<\/span><br \/>\n<span style=\"color: #003366;\">piel\u0119gnacja deski rozdzielczej<\/span><br \/>\n<span style=\"color: #003366;\">mycie szyb\u00a0 wewn\u0105trz, czyszczenie cz\u0119\u015bci plastikowych, prog\u00f3w oraz popelniczki<\/span><\/p>\n<h3><span style=\"color: #003366;\"><strong>CZYSZCZENIE SAMOCHODU NA ZEWN\u0104TRZ<\/strong><\/span><\/h3>\n<p><span style=\"color: #003366;\">Mycie i piel\u0119gnacja na zewn\u0119trz zawiera nast\u0119puj\u0105ce us\u0142ugi:<\/span><\/p>\n<p><span style=\"color: #003366;\">mycie z zewn\u0105tz r\u0119czne<\/span><br \/>\n<span style=\"color: #003366;\">mycie felg<\/span><br \/>\n<span style=\"color: #003366;\">mycie szyb na zewn\u0105rz<\/span><br \/>\n<span style=\"color: #003366;\">mycie i piel\u0119gnacja cz\u0119\u015bci plastikowych i gumowych<\/span><br \/>\n<span style=\"color: #003366;\">mycie prog\u00f3w<\/span><br \/>\n<span style=\"color: #003366;\">usuwanie insekt\u00f3w<\/span><\/p>\n<h3><span style=\"color: #003366;\"><strong>KOMPLETNE CZYSZCZENIE SAMOCHODU<\/strong><\/span><\/h3>\n<p><span style=\"color: #003366;\">Kompletne czyszczenie samochodu zawiera czyszczenie wewn\u0105trz i na zewn\u0105trz opisane powy\u017cej<\/span><\/p>\n<p><span style=\"color: #003366;\">mo\u017cna dodatkowo skorzysta\u0107 z dodatkowych us\u0142ug:<\/span><br \/>\n<span style=\"color: #003366;\">mycie szamponem dywanik\u00f3w i tapicerki (alternatywnie mycie i piel\u0119gnacja sk\u00f3ry)<\/span><br \/>\n<span style=\"color: #003366;\">mycie dachu od wewntrz<\/span><br \/>\n<span style=\"color: #003366;\">piel\u0119gnacja sk\u00f3ry z czyszczeniem<\/span><br \/>\n<span style=\"color: #003366;\">mycie dywanik\u00f3w<\/span><br \/>\n<span style=\"color: #003366;\">mycie tapicerki<\/span><br \/>\n<span style=\"color: #003366;\">piel\u0119gnacja ozonowa<\/span><br \/>\n<span style=\"color: #003366;\">usuwanie sier\u015bci<\/span><br \/>\n<span style=\"color: #003366;\">mycie na zewn\u0105trz z polerowaniem r\u0119cznym<\/span><br \/>\n<span style=\"color: #003366;\">intensywne mycie felg<\/span><br \/>\n<span style=\"color: #003366;\">maszynowowe polerowanie lakieru (polerowanie lakieru i na na\u0142o\u017cenie wosku)<\/span><br \/>\n<span style=\"color: #003366;\">polerownie z u\u017cyciem wosku szwajcarskiego<\/span><br \/>\n<span style=\"color: #003366;\">usuni\u0119cie \u017cywicy<\/span><br \/>\n<span style=\"color: #003366;\">usuni\u0119cie smo\u0142y<\/span><br \/>\n<span style=\"color: #003366;\">woskowanie felg<\/span><br \/>\n<span style=\"color: #003366;\">czyszczenie pokrywy dochowej kabrioletu<\/span><\/p>\n<p><span style=\"color: #003366;\">Ceny us\u0142ug dodatkowych zale\u017c\u0105 od wielko\u015bci samochodu. Prosimy zg\u0142asza\u0107 si\u0119 do nas z pytaniami!<\/span><\/p>\n<h3><span style=\"color: #003366;\"><strong>US\u0141UGI WARSZTOWE<\/strong><\/span><\/h3>\n<p><span style=\"color: #003366;\">Je\u015bli nie mo\u017cesz oby\u0107 si\u0119 bez samochodu, mo\u017cemy przeprowadzi\u0107 us\u0142ugi sewisowe i naprawy podczas twojej nieobecno\u015bci. Mo\u017cemy r\u00f3wnie\u017c zaj\u0105\u0107 si\u0119 zmian\u0105 opon podczas twojego urlopu. Polecamy wiarygodnych partner\u00f3w!<\/span><\/p>\n<h3><span style=\"color: #003366;\"><strong>XXL PARKING<\/strong><\/span><\/h3>\n<p><span style=\"color: #003366;\">Je\u015bli zarezerwujesz miejsce parkingowe XXL, otrzymasz du\u017ce miejsce parkingowe, odpowiednio oddalone od s\u0105siad\u00f3w.<\/span><\/p>\n<h3><span style=\"color: #003366;\"><strong>DODATKOWO ZABEZPIECZONY PARKING<\/strong><\/span><\/h3>\n<p><span style=\"color: #003366;\">Nasze dodatkowo zabezpieczone parkingi znajduj\u0105 w bezpo\u015brednio przy ochronie parkingu i s\u0105 monitorowane 24h.<\/span><\/p>\n<h3><span style=\"color: #003366;\"><strong>DEPOZYT KLUCZA<\/strong><\/span><\/h3>\n<p><span style=\"color: #003366;\">Depozyt klucza NIE JEST u nas OBOWI\u0104ZKOWY! Je\u015bli jednak \u017cyczysz sobie, mo\u017cesz zostawi\u0107 kluczyk do samochodu u nas podczas podr\u00f3\u017cy.\u00a0 B\u0119dzie przechowywany w sejfie zabezpieczonym alarmem , wi\u0119c jego kradzie\u017c lub zgubienie podczas twojej podr\u00f3\u017cy jest niemo\u017cliwa.<\/span><\/p>\n<h3><strong><span style=\"color: #003366;\">KOMFORTOWE MIEJSCE PARKINGOWE<\/span><\/strong><\/h3>\n<p>Tw\u00f3j samoch\u00f3d jest zaparkowany w pierwszych rz\u0119dach do odprawy i autobus\u00f3w wahad\u0142owych. Oszcz\u0119d\u017a sobie niepotrzebnych odleg\u0142o\u015bci na piechot\u0119!<\/p>\n<h3><span style=\"color: #003366;\"><strong>PRIORITY SHUTTLE<\/strong><\/span><\/h3>\n<p>Chcesz miec\u00a0preferowany przew\u00f3z? Z Priority Shuttle jedzies pierwszy.<\/p>","protected":false},"excerpt":{"rendered":"<p>WI\u0118CEJ NI\u017b TYLKO MIEJSCE PARKINGOWE NA LOTNISKU BERLIN BRANDENBURG\u00a0 Oferujemy wi\u0119cej ni\u017c tylko miejsca parkingowe na lotnisku Berlin Brandenburg &#8211; podczas twojej podr\u00f3\u017cy zajmiemy si\u0119 r\u00f3wnie\u017c twoim samochodem! CENA PROMOCYJNA PRZY LOTNISKU BERLIN BRANDENBURG BER:\u00a0 \u00a0 \u00a0 \u00a0 \u00a0 \u00a0 \u00a0 \u00a0 \u00a0od 129,90 EURO CZYSZCZENIE SAMOCHODU WEWN\u0104TRZ Mycie i piel\u0119gnacja wn\u0119trza zawiera nast\u0119puj\u0105ce us\u0142ugi: [&hellip;]<\/p>\n","protected":false},"author":1,"featured_media":0,"parent":0,"menu_order":231,"comment_status":"closed","ping_status":"closed","template":"","meta":{"footnotes":""},"_links":{"self":[{"href":"https:\/\/www.dein-stellplatz.de\/pl\/wp-json\/wp\/v2\/pages\/1689"}],"collection":[{"href":"https:\/\/www.dein-stellplatz.de\/pl\/wp-json\/wp\/v2\/pages"}],"about":[{"href":"https:\/\/www.dein-stellplatz.de\/pl\/wp-json\/wp\/v2\/types\/page"}],"author":[{"embeddable":true,"href":"https:\/\/www.dein-stellplatz.de\/pl\/wp-json\/wp\/v2\/users\/1"}],"replies":[{"embeddable":true,"href":"https:\/\/www.dein-stellplatz.de\/pl\/wp-json\/wp\/v2\/comments?post=1689"}],"version-history":[{"count":96,"href":"https:\/\/www.dein-stellplatz.de\/pl\/wp-json\/wp\/v2\/pages\/1689\/revisions"}],"predecessor-version":[{"id":22468,"href":"https:\/\/www.dein-stellplatz.de\/pl\/wp-json\/wp\/v2\/pages\/1689\/revisions\/22468"}],"wp:attachment":[{"href":"https:\/\/www.dein-stellplatz.de\/pl\/wp-json\/wp\/v2\/media?parent=1689"}],"curies":[{"name":"wp","href":"https:\/\/api.w.org\/{rel}","templated":true}]}}