{"id":1623,"date":"2018-02-05T11:13:00","date_gmt":"2018-02-05T10:13:00","guid":{"rendered":"https:\/\/www.dein-stellplatz.de\/flughafen-berlin-schoenefeld-sxf-2\/"},"modified":"2025-03-31T22:57:16","modified_gmt":"2025-03-31T20:57:16","slug":"flughafen-berlin-brandenburg-ber","status":"publish","type":"page","link":"https:\/\/www.dein-stellplatz.de\/pl\/flughafen-berlin-brandenburg-ber\/","title":{"rendered":"Parkowanie przy lotnisku BER"},"content":{"rendered":"<p><span style=\"color: #003366;\">Odleg\u0142o\u015b\u0107 do BER portu lotniczego nie stanowi problemu. Nasza profesjonalna obs\u0142uga pozwala na komfortowy przyjazd i wyjazd. Wi\u0119ksza odleg\u0142o\u015b\u0107 do lotniska BER oznacza r\u00f3wnie\u017c, \u017ce parkowanie mo\u017ce by\u0107 ta\u0144sze. Bez po\u015bwi\u0119cania komfortu. Przy okazji, najbardziej zarezerwowane miejsca parkingowe nie znajduj\u0105 si\u0119 w bezpo\u015brednim s\u0105siedztwie lotnisk. Por\u00f3wnanie miejsc parkingowych szybko pokaza\u0142oby, \u017ce w takim przypadku tanie nie znaczy z\u0142e.<\/span><\/p>\n<p><span style=\"color: #003366;\">Nawet je\u015bli parking lub parking wielopoziomowy znajduje si\u0119 troch\u0119 dalej od lotniska Berlin-Brandenburgia, z gwarantowanym miejscem parkingowym, przyjazn\u0105 i szybk\u0105 odpraw\u0105 oraz profesjonaln\u0105 us\u0142ug\u0105 transportu wahad\u0142owego, Twoje wakacje s\u0105 pewne. Mo\u017cesz polecie\u0107 zrelaksowany na wakacje, je\u015bli wiesz, \u017ce Tw\u00f3j samoch\u00f3d jest zaparkowany bezpiecznie, a us\u0142uga jest doskona\u0142a. Je\u015bli musisz czeka\u0107, jest to nieprzyjemne, dlatego oczekujesz szybkiej obs\u0142ugi z przyjemn\u0105 i relaksuj\u0105c\u0105 atmosfer\u0105, nawet je\u015bli jeste\u015b dalej od lotniska BER.<\/span><\/p>\n<p><span style=\"color: #003366;\">Je\u015bli jeste\u015b ju\u017c w Berlinie, mo\u017cliwa jest r\u00f3wnie\u017c wycieczka do zabytk\u00f3w miasta. Czy to spacer wzd\u0142u\u017c muru berli\u0144skiego, widok Bramy Brandenburskiej, czy te\u017c siedzenie na \u0142\u0105ce przed Reichstagiem: Berlin jest zawsze wart odwiedzenia! Nie mo\u017cna r\u00f3wnie\u017c przegapi\u0107 efektu wystawy w Pergamonmuseum.<\/span><\/p>\n<p><span style=\"color: #003366;\"><strong>Bezpieczne miejsce parkingowe lub suche miejsce parkingowe na parkingu wielopoziomowym uwalnia g\u0142ow\u0119 od zmartwie\u0144. Wystarczy zarezerwowa\u0107 miejsce parkingowe w pobli\u017cu berli\u0144skiego lotniska BER!<\/strong><\/span><\/p>\n<p>&nbsp;<\/p>\n<h3><span style=\"color: #003366;\"><strong>Lotnisko Berlin-Brandenburg BER<\/strong><\/span><\/h3>\n<p><span style=\"color: #003366;\">Mi\u0119dzynarodowy port lotniczy Berlin Brandenburg, obecnie w budowie, znajduje si\u0119 oko\u0142o 22 km od centrum Berlina. BER ma zacz\u0105\u0107 dzia\u0142a\u0107 w pa\u017adzierniku 2020 roku &#8211; je\u015bli B\u00f3g zechce! W pierwszym roku dzia\u0142alno\u015bci spodziewanych jest oko\u0142o 30 milion\u00f3w pasa\u017cer\u00f3w.<\/span><\/p>\n<p>&nbsp;<\/p>\n<h3><span style=\"color: #003366;\"><strong>Kontakt Lotnisko Berlin Brandenburg<\/strong><\/span><\/h3>\n<p><span style=\"color: #003366;\">Flughafenname:<\/span><br \/>\n<span style=\"color: #003366;\">&#8222;Willy Brandt&#8221;<\/span><br \/>\n<span style=\"color: #003366;\">12521 Berlin<\/span><br \/>\n<span style=\"color: #003366;\">Telefon: 030 60911150<\/span><br \/>\n<span style=\"color: #003366;\">Flughafencode: BER<\/span><\/p>\n<p>&nbsp;<\/p>\n<h3><span style=\"color: #003366;\"><strong>Biuro rzeczy znalezionych lotniska Berlin-Brandenburg BER<\/strong><\/span><\/h3>\n<p><span style=\"color: #003366;\">Je\u015bli zdarzy\u0142o Ci si\u0119 zgubi\u0107 jak\u0105\u015b rzecz podczas wyjazdu, mo\u017cesz skontaktowa\u0107 si\u0119 z serwisem dla odwiedzaj\u0105cych od poniedzia\u0142ku do pi\u0105tku w godzinach od 10:00 do 15:00 pod numerem telefonu 030 609177770. Poza godzinami pracy serwisu odwiedzaj\u0105cych, kontakt jest mo\u017cliwy pod numerem 030 60911150.<\/span><\/p>\n<p>&nbsp;<\/p>\n<h3><span style=\"color: #003366;\"><strong>Samochodem na lotnisko BER<\/strong><\/span><\/h3>\n<p><span style=\"color: #003366;\">Lotnisko Berlin Brandenburg ma w\u0142asny zjazd z autostrady, A 113. Przez autostrad\u0119 B96a, z czterema pasami ruchu, r\u00f3wnie\u017c dotrzesz do BER.<\/span><\/p>\n<p>&nbsp;<\/p>\n<h3><span style=\"color: #003366;\"><strong>Dojazd publicznymi \u015brodkami transportu na lotnisko Berlin BER<\/strong><\/span><\/h3>\n<h3><span style=\"color: #003366;\"><strong>Dojazd kolej\u0105<\/strong><\/span><\/h3>\n<p><span style=\"color: #003366;\">Na sze\u015bcioperonowym dworcu, bezpo\u015brednio pod terminlem, planowane s\u0105 nast\u0119puj\u0105ce po\u0142\u0105czenia kolejowe: RE7, RB14, RB19, RB22, S9 oraz S45. Tak\u017ce kolej dalekobie\u017cna ma zosta\u0107 pod\u0142\u0105czona.<\/span><\/p>\n<p>&nbsp;<\/p>\n<h3><span style=\"color: #003366;\"><strong>Dojazd autobusem<\/strong><\/span><\/h3>\n<p><span style=\"color: #003366;\">Planowane linie autobusowe:\u00a0BSV, X7, 163, 164, 171, 263, 734, 735, 736, 738, 741, 742, N7, N60<\/span><\/p>\n<p>&nbsp;<\/p>\n<h3><span style=\"color: #003366;\"><strong>Gastronomia na lotnisku Berlin Brandenburg\u00a0<\/strong><\/span><\/h3>\n<p><span style=\"color: #003366;\">Nie musisz na urlop lecie\u0107 z pustym \u017co\u0142\u0105dkiem. Planowany jest szeroki wyb\u00f3r oferty gastronomicznej.<\/span><\/p>\n<p>&nbsp;<\/p>\n<h3><span style=\"color: #003366;\"><strong>Zakupy na lotnisku Berlin-Brandenburg<\/strong><\/span><\/h3>\n<p><span style=\"color: #003366;\">Na poziomie E1 wra\u017cenia zwi\u0105zane z mo\u017cliwo\u015bciami oddania si\u0119 przyjemno\u015bci zrobienia zakup\u00f3w wprawi\u0105 Ci\u0119 w os\u0142upienie.<\/span><\/p>\n<p>&nbsp;<\/p>\n<h3><span style=\"color: #003366;\"><strong>Taras dla odwiedzaj\u0105cych na lotnisku BER<\/strong><\/span><\/h3>\n<p><span style=\"color: #003366;\">Taras dla odwiedzaj\u0105cych zaplanowany jest na poziomie E4. Tutaj mo\u017cesz podziwia\u0107 startuj\u0105ce i l\u0105duj\u0105ce statki powietrzne.<\/span><\/p>\n<p>&nbsp;<\/p>\n<h3><span style=\"color: #003366;\"><strong>Oferta specjalna na lotnisku Berlin Brandenburg<\/strong><\/span><\/h3>\n<h3><span style=\"color: #003366;\"><strong>Oprowadzanie po lotnisku<\/strong><\/span><\/h3>\n<p><span style=\"color: #003366;\">Na ternie 960 hektar\u00f3w mo\u017cesz odby\u0107 2 godzinn\u0105 wycieczk\u0119. Podczas kt\u00f3rej dowiesz si\u0119 wiele na temat nowego lotniska BER, jak r\u00f3wnie\u017c rozwoju floty lotniczej w regionie. Od poniedzia\u0142ku do pi\u0105tku w godz. od 10:00 do 15:00 mo\u017cesz zarezerwowa\u0107 na wypraw\u0119 po lotnisku pod numerem telefonu 030 609177770. Mo\u017cesz r\u00f3wnie\u017c wys\u0142\u0105\u0107 zapytanie na maila besucherdienst@berlin-airport.de.<\/span><\/p>\n<p><span style=\"color: #003366;\"><img decoding=\"async\" src=\"https:\/\/www.dein-stellplatz.de\/wp-content\/uploads\/2017\/04\/Parken_Flughafen_Schoenefeld2.jpg\" \/><\/span><\/p>","protected":false},"excerpt":{"rendered":"<p>Odleg\u0142o\u015b\u0107 do BER portu lotniczego nie stanowi problemu. Nasza profesjonalna obs\u0142uga pozwala na komfortowy przyjazd i wyjazd. Wi\u0119ksza odleg\u0142o\u015b\u0107 do lotniska BER oznacza r\u00f3wnie\u017c, \u017ce parkowanie mo\u017ce by\u0107 ta\u0144sze. Bez po\u015bwi\u0119cania komfortu. Przy okazji, najbardziej zarezerwowane miejsca parkingowe nie znajduj\u0105 si\u0119 w bezpo\u015brednim s\u0105siedztwie lotnisk. Por\u00f3wnanie miejsc parkingowych szybko pokaza\u0142oby, \u017ce w takim przypadku tanie [&hellip;]<\/p>\n","protected":false},"author":1,"featured_media":0,"parent":0,"menu_order":219,"comment_status":"closed","ping_status":"closed","template":"","meta":{"footnotes":""},"_links":{"self":[{"href":"https:\/\/www.dein-stellplatz.de\/pl\/wp-json\/wp\/v2\/pages\/1623"}],"collection":[{"href":"https:\/\/www.dein-stellplatz.de\/pl\/wp-json\/wp\/v2\/pages"}],"about":[{"href":"https:\/\/www.dein-stellplatz.de\/pl\/wp-json\/wp\/v2\/types\/page"}],"author":[{"embeddable":true,"href":"https:\/\/www.dein-stellplatz.de\/pl\/wp-json\/wp\/v2\/users\/1"}],"replies":[{"embeddable":true,"href":"https:\/\/www.dein-stellplatz.de\/pl\/wp-json\/wp\/v2\/comments?post=1623"}],"version-history":[{"count":33,"href":"https:\/\/www.dein-stellplatz.de\/pl\/wp-json\/wp\/v2\/pages\/1623\/revisions"}],"predecessor-version":[{"id":15557,"href":"https:\/\/www.dein-stellplatz.de\/pl\/wp-json\/wp\/v2\/pages\/1623\/revisions\/15557"}],"wp:attachment":[{"href":"https:\/\/www.dein-stellplatz.de\/pl\/wp-json\/wp\/v2\/media?parent=1623"}],"curies":[{"name":"wp","href":"https:\/\/api.w.org\/{rel}","templated":true}]}}