{"id":1615,"date":"2018-02-04T10:39:21","date_gmt":"2018-02-04T09:39:21","guid":{"rendered":"https:\/\/www.dein-stellplatz.de\/valet-parking-flughafen-schoenefeld-2\/"},"modified":"2025-03-31T22:57:16","modified_gmt":"2025-03-31T20:57:16","slug":"valet-parking-flughafen-berlin-brandenburg-ber","status":"publish","type":"page","link":"https:\/\/www.dein-stellplatz.de\/pl\/valet-parking-flughafen-berlin-brandenburg-ber\/","title":{"rendered":"Nasz ekskluzywny Valet-parking-serwis na lotnisku Berlin Brandenburg"},"content":{"rendered":"<h3><span style=\"color: #003366;\"><strong>ZAREZERWUJ MIEJSCE PARKINGOWE NA LOTNISKU BERLIN-BRANDENBURG I SKORZYSTAJ Z NASZEGO SERWISU PARKINGOWEGO. <\/strong><\/span><\/h3>\r\n<p><span style=\"font-weight: 400; color: #003366;\">Rozpocznij i startuj swoj\u0105 podr\u00f3\u017c wygodnie. Wystarczy dojecha\u0107 samochodem do terminalu lotniska Berlin\u00a0<span style=\"font-weight: 400;\">Brandenburg<\/span>. Nasz Pracownik b\u0119dzie tam na ciebie czeka\u0142. Po szybkim utworzeniu protoko\u0142u przekazania, oddajesz swoje klucze. Po tym idziesz do odprawy biletowo- Samoch\u00f3d zostanie dla ciebie zabrany na zarezerwowane miejsce parkingowe i tam zaparkowany. <\/span><\/p>\r\n<p><span style=\"font-weight: 400; color: #003366;\">Przy okazji: parking znajduje si\u0119 w bezpo\u015brednim s\u0105siedztwie, ok. 5 minut drogi od lotniska Berlin\u00a0<span style=\"font-weight: 400;\">Brandenburg<\/span>\u00a0BER.<\/span><\/p>\r\n<p>&nbsp;<\/p>\r\n<h3><span style=\"color: #003366;\"><strong>VALET PARKING &#8211; CO TO DOK\u0141ADNIE JEST?<\/strong><\/span><\/h3>\r\n<table class=\"responsivetable\">\r\n<tbody>\r\n<tr data-wp-editing=\"1\">\r\n<td>\r\n<p><img decoding=\"async\" class=\"Dein Stellplatz - Przekazanie samochodu klientowi alignleft\" title=\"Dein Stellplatz - Przekazanie samochodu klientowi\" src=\"https:\/\/www.dein-stellplatz.de\/wp-content\/uploads\/2023\/06\/Dein-Stellplatz-Persoenlicher-Service-am-Flughafen-BER.jpg\" alt=\"Dein Stellplatz - Przekazanie samochodu klientowi\" width=\"400\" height=\"260\" \/><\/p>\r\n<\/td>\r\n<td>\r\n<p class=\"mobilenopadding\" style=\"text-align: left; padding-left: 40px;\"><span style=\"font-weight: 400; color: #003366;\"><strong>VALET Parking<\/strong> jest nasz\u0105 najbardziej ekskluzywn\u0105 us\u0142ug\u0105 parkingow\u0105. R\u00f3\u017cnica w stosunku do naszego standardowego parkingu (w zestawie Shuttle Transfer do i tez z Lotniska) polega na tym, \u017ce nie musisz samemu jecha\u0107 na parking przed twojim lotem. Zamiast tego, wystarczy po prostu pojecha\u0107 samochodem na lotnisko. Oddajesz samoch\u00f3d i kluczyki jednemu z naszych pracownik\u00f3w. On Natychmiast zaparkuje Tw\u00f3j samoch\u00f3d na naszym parkingu &#8211; i przywiezie go z powrotem na lotnisko po powrocie i odbierze Ci\u0119. Parking na lotnisku Berlin Brandenburg nie mo\u017ce by\u0107 bardziej komfortowy i bezstresowy!<\/span><\/p>\r\n<p class=\"mobilenopadding\" style=\"text-align: left; padding-left: 40px;\"><span style=\"font-weight: 400; color: #003366;\">Skoncentruj si\u0119 na swojej podr\u00f3\u017cy i zostawisz wszystko inne pracownikowi Valet Park Service.<\/span><\/p>\r\n<p class=\"mobilenopadding\" style=\"text-align: left; padding-left: 40px;\"><span style=\"font-weight: 400; color: #003366;\">Dobrze wiedzie\u0107: Pomys\u0142 us\u0142ugi Valet Parking powsta\u0142 w USA i jest jedn\u0105 z us\u0142ug, kt\u00f3re od dawna oferowane s\u0105 tam na lotniskach, w hotelach, restauracjach i na festiwalach.<\/span><\/p>\r\n\u00a0<\/td>\r\n<\/tr>\r\n<\/tbody>\r\n<\/table>\r\n<p>&nbsp;<\/p>\r\n<h3><span style=\"color: #003366;\"><strong>PROCEDURA NA POCZ\u0104TKU PODR\u00d3\u017bY<\/strong><\/span><\/h3>\r\n<ul>\r\n<li><span style=\"font-weight: 400; color: #003366;\"><a style=\"color: #003366;\" href=\"https:\/\/www.dein-stellplatz.de\/pl\/\">Tutaj mo\u017cna zarezerwowa\u0107<\/a> us\u0142ug\u0119 Valet parkowania na lotnisku BER.<\/span><\/li>\r\n<li><span style=\"font-weight: 400; color: #003366;\">Zadzwo\u0144 do nas 15 minut przed przyjazdem na lotnisko, aby um\u00f3wi\u0107 si\u0119 na miejsce spotkania.<\/span><\/li>\r\n<li><span style=\"font-weight: 400; color: #003366;\">Maksymalna oszcz\u0119dno\u015b\u0107 czasu &#8211; wystarczy jecha\u0107 bezpo\u015brednio do terminala odlot\u00f3w na lotnisku w Berlinie.<\/span><\/li>\r\n<li><span style=\"font-weight: 400; color: #003366;\">Powita ci\u0119 przeszkolony pracownik.<\/span><\/li>\r\n<li><span style=\"font-weight: 400; color: #003366;\">Wsp\u00f3lnie z Pa\u0144stwem przygotujemy protok\u00f3\u0142 przekazania ze zdj\u0119ciami samochodu, przebiegu i zawarto\u015bci zbiornika.<\/span><\/li>\r\n<\/ul>\r\n<p>&nbsp;<\/p>\r\n<h3><span style=\"color: #003366;\"><strong>PROCEDURA PRZY LOTU POWROTNEGO<\/strong><\/span><\/h3>\r\n<ul>\r\n<li><span style=\"font-weight: 400; color: #003366;\">Po bezpiecznym wyl\u0105dowaniu na lotnisku Berlin-<span style=\"font-weight: 400;\">Brandenburg BER<\/span>, przywieziemy Pa\u0144stwa samoch\u00f3d do terminalu.<\/span><\/li>\r\n<li><span style=\"color: #003366;\"><span style=\"font-weight: 400;\"><span style=\"font-weight: 400;\">Zadzwo\u0144 do nas natychmiast po wyl\u0105dowaniu na lotnisku\u00a0<strong>z rejonu odbioru baga\u017cu<\/strong><\/span><\/span><span style=\"font-weight: 400;\">\u00a0pod numerem, kt\u00f3ry znajdziesz na bilecie odbioru.<\/span><\/span><\/li>\r\n<li><span style=\"font-weight: 400; color: #003366;\">Nasz Pracownik b\u0119dzie na ciebie czeka\u0142 przy wyj\u015bciu z terminalu.<\/span><\/li>\r\n<li><span style=\"font-weight: 400; color: #003366;\">Tez Po powrocie samochodu zostanie sporz\u0105dzony protok\u00f3\u0142 przekazania dla Twojego bezpiecze\u0144stwa. Klucze zostan\u0105 wtedy przekazane.<\/span><\/li>\r\n<li><span style=\"font-weight: 400; color: #003366;\">Teraz jedyne, co musisz zrobi\u0107, to wsiada\u0107 do samochodu i jecha\u0107 do domu bez stresu.<\/span><\/li>\r\n<\/ul>\r\n<p>&nbsp;<\/p>\r\n<h3 style=\"text-align: left;\"><span style=\"color: #003366;\"><strong>CZY TWOJE PYTANIE NIE ZOSTA\u0141O ROZWI\u0104ZANE?<\/strong><\/span><\/h3>\r\n<p style=\"text-align: left;\"><span style=\"font-weight: 400; color: #003366;\">Wy\u015blij nam e-mail na adres info@dein-stellplatz.de lub skorzystaj z formularza kontaktowego. Je\u015bli Twoje pytanie dotyczy istniej\u0105cej rezerwacji, podaj nam sw\u00f3j numer rezerwacji. <\/span><\/p>\r\n<p style=\"text-align: left;\"><span style=\"font-weight: 400; color: #003366;\">Przetworzymy Twoje zapytanie tak szybko, jak mo\u017cliwe.<\/span><\/p>\r\n<p>&nbsp;<\/p>","protected":false},"excerpt":{"rendered":"<p>ZAREZERWUJ MIEJSCE PARKINGOWE NA LOTNISKU BERLIN-BRANDENBURG I SKORZYSTAJ Z NASZEGO SERWISU PARKINGOWEGO. Rozpocznij i startuj swoj\u0105 podr\u00f3\u017c wygodnie. Wystarczy dojecha\u0107 samochodem do terminalu lotniska Berlin\u00a0Brandenburg. Nasz Pracownik b\u0119dzie tam na ciebie czeka\u0142. Po szybkim utworzeniu protoko\u0142u przekazania, oddajesz swoje klucze. Po tym idziesz do odprawy biletowo- Samoch\u00f3d zostanie dla ciebie zabrany na zarezerwowane miejsce parkingowe [&hellip;]<\/p>\n","protected":false},"author":1,"featured_media":10640,"parent":0,"menu_order":225,"comment_status":"closed","ping_status":"closed","template":"kontakt.php","meta":{"footnotes":""},"_links":{"self":[{"href":"https:\/\/www.dein-stellplatz.de\/pl\/wp-json\/wp\/v2\/pages\/1615"}],"collection":[{"href":"https:\/\/www.dein-stellplatz.de\/pl\/wp-json\/wp\/v2\/pages"}],"about":[{"href":"https:\/\/www.dein-stellplatz.de\/pl\/wp-json\/wp\/v2\/types\/page"}],"author":[{"embeddable":true,"href":"https:\/\/www.dein-stellplatz.de\/pl\/wp-json\/wp\/v2\/users\/1"}],"replies":[{"embeddable":true,"href":"https:\/\/www.dein-stellplatz.de\/pl\/wp-json\/wp\/v2\/comments?post=1615"}],"version-history":[{"count":136,"href":"https:\/\/www.dein-stellplatz.de\/pl\/wp-json\/wp\/v2\/pages\/1615\/revisions"}],"predecessor-version":[{"id":15472,"href":"https:\/\/www.dein-stellplatz.de\/pl\/wp-json\/wp\/v2\/pages\/1615\/revisions\/15472"}],"wp:featuredmedia":[{"embeddable":true,"href":"https:\/\/www.dein-stellplatz.de\/pl\/wp-json\/wp\/v2\/media\/10640"}],"wp:attachment":[{"href":"https:\/\/www.dein-stellplatz.de\/pl\/wp-json\/wp\/v2\/media?parent=1615"}],"curies":[{"name":"wp","href":"https:\/\/api.w.org\/{rel}","templated":true}]}}