{"id":16017,"date":"2024-03-06T12:20:40","date_gmt":"2024-03-06T11:20:40","guid":{"rendered":"https:\/\/www.dein-stellplatz.de\/kundenkonto-loeschen\/"},"modified":"2025-03-31T22:57:16","modified_gmt":"2025-03-31T20:57:16","slug":"kundenkonto-loeschen","status":"publish","type":"page","link":"https:\/\/www.dein-stellplatz.de\/pl\/kundenkonto-loeschen\/","title":{"rendered":"Usuwanie konta klienta"},"content":{"rendered":"<p>Gdy u\u017cytkownik dokona pierwszej rezerwacji, automatycznie utworzymy dla niego konto klienta, aby m\u00f3g\u0142 przegl\u0105da\u0107 swoje rezerwacje i zarz\u0105dza\u0107 nimi. Je\u015bli nie potrzebujesz ju\u017c tego konta klienta, mo\u017cesz je usun\u0105\u0107 w nast\u0119puj\u0105cy spos\u00f3b:<\/p>\n<p>&nbsp;<\/p>\n<p><strong>W naszej aplikacji:<\/strong><\/p>\n<p>Przejd\u017a do menu i wybierz &#8222;M\u00f3j profil&#8221;. Nast\u0119pnie kliknij Ustawienia. Przewi\u0144 w d\u00f3\u0142 i kliknij przycisk &#8222;Usu\u0144 konto&#8221;. Konto klienta ze wszystkimi danymi osobowymi i danymi rezerwacji zostanie nieodwracalnie usuni\u0119te.<\/p>\n<p>&nbsp;<\/p>\n<p><strong>W naszym internetowym logowaniu klienta:<\/strong><\/p>\n<p>Zaloguj si\u0119 na swoje konto klienta i wybierz &#8222;Moje dane&#8221; w menu. Tutaj masz mo\u017cliwo\u015b\u0107 usuni\u0119cia swojego konta z Dein Stellplatz. Pami\u0119taj, \u017ce nie b\u0119dziesz ju\u017c mie\u0107 dost\u0119pu do poprzednich rezerwacji, voucher\u00f3w i ofert. Je\u015bli jeste\u015b pewien, potwierd\u017a usuni\u0119cie konta poni\u017cej. Kliknij &#8222;Usu\u0144 konto&#8221;, aby nieodwo\u0142alnie usun\u0105\u0107 swoje konto klienta. Je\u015bli nadal masz co najmniej jedn\u0105 oczekuj\u0105c\u0105 rezerwacj\u0119, Twoje konto klienta nie mo\u017ce zosta\u0107 usuni\u0119te. Wynika to z faktu, \u017ce potrzebujemy Twoich danych do przetworzenia oczekuj\u0105cej rezerwacji.<\/p>\n<p>Je\u015bli masz jakiekolwiek pytania lub potrzebujesz pomocy, skontaktuj si\u0119 z naszym zespo\u0142em pomocy technicznej.<\/p>","protected":false},"excerpt":{"rendered":"<p>Gdy u\u017cytkownik dokona pierwszej rezerwacji, automatycznie utworzymy dla niego konto klienta, aby m\u00f3g\u0142 przegl\u0105da\u0107 swoje rezerwacje i zarz\u0105dza\u0107 nimi. Je\u015bli nie potrzebujesz ju\u017c tego konta klienta, mo\u017cesz je usun\u0105\u0107 w nast\u0119puj\u0105cy spos\u00f3b: &nbsp; W naszej aplikacji: Przejd\u017a do menu i wybierz &#8222;M\u00f3j profil&#8221;. Nast\u0119pnie kliknij Ustawienia. Przewi\u0144 w d\u00f3\u0142 i kliknij przycisk &#8222;Usu\u0144 konto&#8221;. Konto [&hellip;]<\/p>\n","protected":false},"author":1,"featured_media":0,"parent":0,"menu_order":232,"comment_status":"closed","ping_status":"closed","template":"","meta":{"footnotes":""},"_links":{"self":[{"href":"https:\/\/www.dein-stellplatz.de\/pl\/wp-json\/wp\/v2\/pages\/16017"}],"collection":[{"href":"https:\/\/www.dein-stellplatz.de\/pl\/wp-json\/wp\/v2\/pages"}],"about":[{"href":"https:\/\/www.dein-stellplatz.de\/pl\/wp-json\/wp\/v2\/types\/page"}],"author":[{"embeddable":true,"href":"https:\/\/www.dein-stellplatz.de\/pl\/wp-json\/wp\/v2\/users\/1"}],"replies":[{"embeddable":true,"href":"https:\/\/www.dein-stellplatz.de\/pl\/wp-json\/wp\/v2\/comments?post=16017"}],"version-history":[{"count":0,"href":"https:\/\/www.dein-stellplatz.de\/pl\/wp-json\/wp\/v2\/pages\/16017\/revisions"}],"wp:attachment":[{"href":"https:\/\/www.dein-stellplatz.de\/pl\/wp-json\/wp\/v2\/media?parent=16017"}],"curies":[{"name":"wp","href":"https:\/\/api.w.org\/{rel}","templated":true}]}}