{"id":16013,"date":"2024-03-01T12:08:37","date_gmt":"2024-03-01T11:08:37","guid":{"rendered":"https:\/\/www.dein-stellplatz.de\/parkhaeuser-am-flughafen-vs-aussenstellplaetze-bei-dein-stellplatz\/"},"modified":"2025-03-31T22:57:15","modified_gmt":"2025-03-31T20:57:15","slug":"parkhaeuser-am-flughafen-vs-aussenstellplaetze-bei-dein-stellplatz","status":"publish","type":"page","link":"https:\/\/www.dein-stellplatz.de\/pl\/parkhaeuser-am-flughafen-vs-aussenstellplaetze-bei-dein-stellplatz\/","title":{"rendered":"Parkingi na lotnisku vs. zewn\u0119trzne miejsca parkingowe na Dein Stellplatz"},"content":{"rendered":"<p>Podczas gdy wielopoziomowe parkingi na lotnisku Berlin Brandenburg (BER) oferuj\u0105 zadaszone opcje parkowania, Dein Stellplatz koncentruje si\u0119 wy\u0142\u0105cznie na zewn\u0119trznych miejscach parkingowych. Decyzja ta opiera si\u0119 na naszej filozofii oferowania nie tylko op\u0142acalnych, ale tak\u017ce bardziej spersonalizowanych i bezpiecznych opcji parkowania.<\/p>\n<p>&nbsp;<\/p>\n<h2>Dlaczego warto wybra\u0107 zewn\u0119trzne miejsca parkingowe w Dein Stellplatz?<\/h2>\n<h3>Przewaga kosztowa:<\/h3>\n<p>W por\u00f3wnaniu z dro\u017cszymi parkingami przy lotnisku, nasze zewn\u0119trzne miejsca parkingowe oferuj\u0105 niedrog\u0105 alternatyw\u0119 bez uszczerbku dla bezpiecze\u0144stwa i wygody.<\/p>\n<h3>Spersonalizowana obs\u0142uga:<\/h3>\n<p>W przeciwie\u0144stwie do anonimowo\u015bci parking\u00f3w wielopoziomowych, Dein Stellplatz przywi\u0105zuje du\u017c\u0105 wag\u0119 do osobistej obs\u0142ugi. Ka\u017cdy pojazd jest przez nas ogl\u0105dany i dogl\u0105dany, co gwarantuje indywidualne traktowanie.<\/p>\n<h3>Proaktywne \u015brodki bezpiecze\u0144stwa:<\/h3>\n<p>Chocia\u017c monitoring wideo jest powszechny na parkingach, Dein Stellplatz idzie o krok dalej. W przypadku odblokowania pojazdu lub pozostawienia otwartego okna nasi pracownicy ochrony podejm\u0105 natychmiastowe dzia\u0142ania w celu ochrony mienia. W razie potrzeby pozostawione otwarte okno zostanie zaklejone ta\u015bm\u0105, a przypadkowo odblokowane pojazdy b\u0119d\u0105 szczeg\u00f3lnie uwa\u017cnie monitorowane. Je\u015bli klient zostawi\u0142 u nas kluczyk, oczywi\u015bcie upewnimy si\u0119, \u017ce pojazd jest bezpiecznie zamkni\u0119ty.<\/p>\n<h3>Regularne kontrole:<\/h3>\n<p>Nasi wyszkoleni pracownicy ochrony przeprowadzaj\u0105 regularne patrole, aby zapewni\u0107 bezpiecze\u0144stwo wszystkich zaparkowanych pojazd\u00f3w. Ta dodatkowa warstwa zabezpiecze\u0144 zapewnia ochron\u0119 wykraczaj\u0105c\u0105 poza zwyk\u0142y nadz\u00f3r wideo.<\/p>\n<p>&nbsp;<\/p>\n<h3>Podsumowanie<\/h3>\n<p>Wyb\u00f3r mi\u0119dzy wielopoziomowym parkingiem przy lotnisku a zewn\u0119trznym miejscem parkingowym na Dein Stellplatz zale\u017cy od osobistych preferencji. Je\u015bli cenisz sobie niedrogie parkowanie, spersonalizowan\u0105 obs\u0142ug\u0119 i proaktywne \u015brodki bezpiecze\u0144stwa, zewn\u0119trzne miejsca parkingowe Dein Stellplatz s\u0105 dla Ciebie idealnym wyborem.<\/p>\n<p>&nbsp;<\/p>","protected":false},"excerpt":{"rendered":"<p>Podczas gdy wielopoziomowe parkingi na lotnisku Berlin Brandenburg (BER) oferuj\u0105 zadaszone opcje parkowania, Dein Stellplatz koncentruje si\u0119 wy\u0142\u0105cznie na zewn\u0119trznych miejscach parkingowych. Decyzja ta opiera si\u0119 na naszej filozofii oferowania nie tylko op\u0142acalnych, ale tak\u017ce bardziej spersonalizowanych i bezpiecznych opcji parkowania. &nbsp; Dlaczego warto wybra\u0107 zewn\u0119trzne miejsca parkingowe w Dein Stellplatz? Przewaga kosztowa: W por\u00f3wnaniu [&hellip;]<\/p>\n","protected":false},"author":1,"featured_media":0,"parent":0,"menu_order":157,"comment_status":"closed","ping_status":"closed","template":"","meta":{"footnotes":""},"_links":{"self":[{"href":"https:\/\/www.dein-stellplatz.de\/pl\/wp-json\/wp\/v2\/pages\/16013"}],"collection":[{"href":"https:\/\/www.dein-stellplatz.de\/pl\/wp-json\/wp\/v2\/pages"}],"about":[{"href":"https:\/\/www.dein-stellplatz.de\/pl\/wp-json\/wp\/v2\/types\/page"}],"author":[{"embeddable":true,"href":"https:\/\/www.dein-stellplatz.de\/pl\/wp-json\/wp\/v2\/users\/1"}],"replies":[{"embeddable":true,"href":"https:\/\/www.dein-stellplatz.de\/pl\/wp-json\/wp\/v2\/comments?post=16013"}],"version-history":[{"count":1,"href":"https:\/\/www.dein-stellplatz.de\/pl\/wp-json\/wp\/v2\/pages\/16013\/revisions"}],"predecessor-version":[{"id":18401,"href":"https:\/\/www.dein-stellplatz.de\/pl\/wp-json\/wp\/v2\/pages\/16013\/revisions\/18401"}],"wp:attachment":[{"href":"https:\/\/www.dein-stellplatz.de\/pl\/wp-json\/wp\/v2\/media?parent=16013"}],"curies":[{"name":"wp","href":"https:\/\/api.w.org\/{rel}","templated":true}]}}