{"id":16009,"date":"2024-01-28T00:50:06","date_gmt":"2024-01-27T23:50:06","guid":{"rendered":"https:\/\/www.dein-stellplatz.de\/oeffnungszeiten-bei-dein-stellplatz\/"},"modified":"2025-03-31T22:57:15","modified_gmt":"2025-03-31T20:57:15","slug":"oeffnungszeiten-bei-dein-stellplatz","status":"publish","type":"page","link":"https:\/\/www.dein-stellplatz.de\/pl\/oeffnungszeiten-bei-dein-stellplatz\/","title":{"rendered":"Godziny otwarcia w Dein Stellplatz"},"content":{"rendered":"<p>W Dein Stellplatz jeste\u015bmy dumni z tego, \u017ce oferujemy naszym klientom prawdziw\u0105 dost\u0119pno\u015b\u0107 24\/7. Nasze parkingi s\u0105 otwarte przez ca\u0142y rok, o ka\u017cdej porze dnia i nocy. Te ca\u0142odobowe godziny otwarcia gwarantuj\u0105 maksymaln\u0105 elastyczno\u015b\u0107 i wygod\u0119 podczas planowania podr\u00f3\u017cy.<\/p>\n<p>&nbsp;<\/p>\n<h2>Do Twojej dyspozycji 24\/7 przez ca\u0142\u0105 dob\u0119<\/h2>\n<p><strong>Bez ogranicze\u0144:<\/strong> Nasze parkingi s\u0105 zawsze otwarte &#8211; 365 dni w roku. Niezale\u017cnie od tego, czy jest to \u015bwi\u0119to pa\u0144stwowe, weekend czy sezon wakacyjny, zawsze jeste\u015bmy do Twojej dyspozycji.<\/p>\n<p><strong>Elastyczno\u015b\u0107 przyjazdu i wyjazdu:<\/strong> Mo\u017cesz przyjecha\u0107 lub wyjecha\u0107 w dowolnym momencie. Jest to szczeg\u00f3lnie korzystne dla os\u00f3b podr\u00f3\u017cuj\u0105cych z wczesnymi lotami lub p\u00f3\u017anymi przylotami.<\/p>\n<p>&nbsp;<\/p>\n<h3>Niezawodno\u015b\u0107 i bezpiecze\u0144stwo<\/h3>\n<p><strong>Sta\u0142a obecno\u015b\u0107:<\/strong> Nasza sta\u0142a dost\u0119pno\u015b\u0107 oznacza r\u00f3wnie\u017c, \u017ce na miejscu zawsze jest kto\u015b, kto zaspokoi Twoje potrzeby i zapewni bezpiecze\u0144stwo Twojego pojazdu.<\/p>\n<p><strong>Bez obaw o godziny otwarcia:<\/strong> Dzi\u0119ki naszym godzinom otwarcia 24\/7 nie musisz martwi\u0107 si\u0119 o przestrzeganie okre\u015blonych godzin. Mo\u017cesz korzysta\u0107 z naszego parkingu zgodnie z w\u0142asnym harmonogramem.<\/p>\n<p>&nbsp;<\/p>\n<h3>Idealny dla wszystkich plan\u00f3w podr\u00f3\u017cy<\/h3>\n<p>Niezale\u017cnie od tego, czy wybierasz si\u0119 w podr\u00f3\u017c s\u0142u\u017cbow\u0105, lecisz na wakacje, czy wracasz p\u00f3\u017ano w nocy, nasze ci\u0105g\u0142e godziny otwarcia zapewniaj\u0105 elastyczno\u015b\u0107, kt\u00f3rej potrzebujesz. W Dein Stellplatz mo\u017cesz na nas polega\u0107, \u017ce zawsze b\u0119dziemy do Twojej dyspozycji, aby Twoja podr\u00f3\u017c przebieg\u0142a tak p\u0142ynnie i bezstresowo, jak to tylko mo\u017cliwe.<\/p>\n<p>&nbsp;<\/p>","protected":false},"excerpt":{"rendered":"<p>W Dein Stellplatz jeste\u015bmy dumni z tego, \u017ce oferujemy naszym klientom prawdziw\u0105 dost\u0119pno\u015b\u0107 24\/7. Nasze parkingi s\u0105 otwarte przez ca\u0142y rok, o ka\u017cdej porze dnia i nocy. Te ca\u0142odobowe godziny otwarcia gwarantuj\u0105 maksymaln\u0105 elastyczno\u015b\u0107 i wygod\u0119 podczas planowania podr\u00f3\u017cy. &nbsp; Do Twojej dyspozycji 24\/7 przez ca\u0142\u0105 dob\u0119 Bez ogranicze\u0144: Nasze parkingi s\u0105 zawsze otwarte &#8211; [&hellip;]<\/p>\n","protected":false},"author":1,"featured_media":0,"parent":0,"menu_order":153,"comment_status":"closed","ping_status":"closed","template":"","meta":{"footnotes":""},"_links":{"self":[{"href":"https:\/\/www.dein-stellplatz.de\/pl\/wp-json\/wp\/v2\/pages\/16009"}],"collection":[{"href":"https:\/\/www.dein-stellplatz.de\/pl\/wp-json\/wp\/v2\/pages"}],"about":[{"href":"https:\/\/www.dein-stellplatz.de\/pl\/wp-json\/wp\/v2\/types\/page"}],"author":[{"embeddable":true,"href":"https:\/\/www.dein-stellplatz.de\/pl\/wp-json\/wp\/v2\/users\/1"}],"replies":[{"embeddable":true,"href":"https:\/\/www.dein-stellplatz.de\/pl\/wp-json\/wp\/v2\/comments?post=16009"}],"version-history":[{"count":1,"href":"https:\/\/www.dein-stellplatz.de\/pl\/wp-json\/wp\/v2\/pages\/16009\/revisions"}],"predecessor-version":[{"id":18397,"href":"https:\/\/www.dein-stellplatz.de\/pl\/wp-json\/wp\/v2\/pages\/16009\/revisions\/18397"}],"wp:attachment":[{"href":"https:\/\/www.dein-stellplatz.de\/pl\/wp-json\/wp\/v2\/media?parent=16009"}],"curies":[{"name":"wp","href":"https:\/\/api.w.org\/{rel}","templated":true}]}}