{"id":16008,"date":"2024-01-28T00:48:47","date_gmt":"2024-01-27T23:48:47","guid":{"rendered":"https:\/\/www.dein-stellplatz.de\/nothilfe-bei-dein-stellplatz\/"},"modified":"2025-03-31T22:57:15","modified_gmt":"2025-03-31T20:57:15","slug":"nothilfe-bei-dein-stellplatz","status":"publish","type":"page","link":"https:\/\/www.dein-stellplatz.de\/pl\/nothilfe-bei-dein-stellplatz\/","title":{"rendered":"Pomoc w nag\u0142ych wypadkach z Dein Stellplatz"},"content":{"rendered":"<p>W Dein Stellplatz wiemy, \u017ce mog\u0105 wyst\u0105pi\u0107 nieoczekiwane sytuacje, takie jak awarie pojazd\u00f3w lub nag\u0142e wypadki. Nasi dyrektorzy zarz\u0105dzaj\u0105cy i nasz oddany zesp\u00f3\u0142 s\u0105 gotowi wspiera\u0107 naszych klient\u00f3w najlepiej jak potrafi\u0105.<\/p>\n<p>&nbsp;<\/p>\n<h2>Osobiste wsparcie<\/h2>\n<p>Fabian Grosser i Daniela Mursa, dyrektorzy zarz\u0105dzaj\u0105cy Dein Stellplatz, cz\u0119sto pracuj\u0105 osobi\u015bcie na miejscu i oferuj\u0105 bezpo\u015brednie wsparcie. Ich osobiste zaanga\u017cowanie pokazuje, jak powa\u017cnie traktujemy wsparcie naszych klient\u00f3w.<\/p>\n<p><strong>Rozwi\u0105zywanie problem\u00f3w:<\/strong> Niezale\u017cnie od tego, czy chodzi o zaci\u0119ty hamulec r\u0119czny w zimie, czy inne problemy z rozruchem, nasz zesp\u00f3\u0142 jest gotowy zaoferowa\u0107 praktyczne rozwi\u0105zania.<\/p>\n<p>&nbsp;<\/p>\n<h3>Pomoc \u015bwiadczona przez naszych pracownik\u00f3w<\/h3>\n<p><strong>Uruchamianie z wyskoku:<\/strong> Nasi pracownicy s\u0105 przeszkoleni w udzielaniu pomocy z wyskoku, je\u015bli pojazd nie chce si\u0119 uruchomi\u0107. W przypadku bardziej z\u0142o\u017conych awarii i problem\u00f3w z pojazdem polegamy na wsparciu specjalist\u00f3w.<\/p>\n<p><strong>Wsp\u00f3\u0142praca z warsztatami:<\/strong> Je\u015bli konieczna jest bardziej rozleg\u0142a naprawa, mo\u017cemy skontaktowa\u0107 si\u0119 z pobliskim warsztatem w celu uzyskania profesjonalnej pomocy.<\/p>\n<p><strong>Wsparcie dla cz\u0142onk\u00f3w ADAC:<\/strong> Je\u015bli jeste\u015b cz\u0142onkiem ADAC i potrzebujesz jego us\u0142ug, pomo\u017cemy Ci skontaktowa\u0107 si\u0119 z ADAC.<\/p>\n<p>W mi\u0119dzyczasie mo\u017cesz ogrza\u0107 si\u0119 przy naszym stanowisku odprawy i napi\u0107 si\u0119. Bezp\u0142atna woda jest zawsze dost\u0119pna dla naszych klient\u00f3w.<\/p>\n<p>&nbsp;<\/p>\n<h3>Nasze zaanga\u017cowanie w bezpiecze\u0144stwo<\/h3>\n<p>W Dein Stellplatz staramy si\u0119 oferowa\u0107 nie tylko doskona\u0142e udogodnienia parkingowe, ale tak\u017ce kompleksowe wsparcie w nag\u0142ych wypadkach. Naszym celem jest wsparcie w ka\u017cdej sytuacji i zapewnienie, \u017ce czujesz si\u0119 pod dobr\u0105 opiek\u0105 nawet w przypadku nieoczekiwanych problem\u00f3w.<\/p>\n<p>&nbsp;<\/p>","protected":false},"excerpt":{"rendered":"<p>W Dein Stellplatz wiemy, \u017ce mog\u0105 wyst\u0105pi\u0107 nieoczekiwane sytuacje, takie jak awarie pojazd\u00f3w lub nag\u0142e wypadki. Nasi dyrektorzy zarz\u0105dzaj\u0105cy i nasz oddany zesp\u00f3\u0142 s\u0105 gotowi wspiera\u0107 naszych klient\u00f3w najlepiej jak potrafi\u0105. &nbsp; Osobiste wsparcie Fabian Grosser i Daniela Mursa, dyrektorzy zarz\u0105dzaj\u0105cy Dein Stellplatz, cz\u0119sto pracuj\u0105 osobi\u015bcie na miejscu i oferuj\u0105 bezpo\u015brednie wsparcie. Ich osobiste zaanga\u017cowanie [&hellip;]<\/p>\n","protected":false},"author":1,"featured_media":0,"parent":0,"menu_order":152,"comment_status":"closed","ping_status":"closed","template":"","meta":{"footnotes":""},"_links":{"self":[{"href":"https:\/\/www.dein-stellplatz.de\/pl\/wp-json\/wp\/v2\/pages\/16008"}],"collection":[{"href":"https:\/\/www.dein-stellplatz.de\/pl\/wp-json\/wp\/v2\/pages"}],"about":[{"href":"https:\/\/www.dein-stellplatz.de\/pl\/wp-json\/wp\/v2\/types\/page"}],"author":[{"embeddable":true,"href":"https:\/\/www.dein-stellplatz.de\/pl\/wp-json\/wp\/v2\/users\/1"}],"replies":[{"embeddable":true,"href":"https:\/\/www.dein-stellplatz.de\/pl\/wp-json\/wp\/v2\/comments?post=16008"}],"version-history":[{"count":1,"href":"https:\/\/www.dein-stellplatz.de\/pl\/wp-json\/wp\/v2\/pages\/16008\/revisions"}],"predecessor-version":[{"id":18396,"href":"https:\/\/www.dein-stellplatz.de\/pl\/wp-json\/wp\/v2\/pages\/16008\/revisions\/18396"}],"wp:attachment":[{"href":"https:\/\/www.dein-stellplatz.de\/pl\/wp-json\/wp\/v2\/media?parent=16008"}],"curies":[{"name":"wp","href":"https:\/\/api.w.org\/{rel}","templated":true}]}}